

{"id":3892,"date":"2024-03-04T14:10:07","date_gmt":"2024-03-04T17:10:07","guid":{"rendered":"https:\/\/siteshom.goias.gov.br\/esporte\/?page_id=3892"},"modified":"2025-10-13T11:31:17","modified_gmt":"2025-10-13T14:31:17","slug":"mapa-do-site","status":"publish","type":"page","link":"https:\/\/goias.gov.br\/esporte\/mapa-do-site\/","title":{"rendered":"Mapa do site"},"content":{"rendered":"<div id=\"custom-sitemap\" class=\"sitemap-container\"><div class='sitemap-group'><h3>A<\/h3><ul><li><a href='https:\/\/goias.gov.br\/esporte\/autodromo\/' target='_blank'>AUT\u00d3DROMO<\/a><\/li><li><a href='https:\/\/goias.gov.br\/esporte\/apoio-ao-atleta\/' target='_blank'>APOIO AO ATLETA<\/a><\/li><li><a href='https:\/\/goias.gov.br\/esporte\/adesao-a-ata\/' target='_blank'>ADES\u00c3O \u00c0 ATA<\/a><\/li><li><a href='https:\/\/goias.gov.br\/esporte\/aviso-de-chamamento-publico-complexo-serra-dourada\/' target='_blank'>AVISO DE CHAMAMENTO P\u00daBLICO \u2013 COMPLEXO SERRA DOURADA<\/a><\/li><li><a href='https:\/\/goias.gov.br\/esporte\/acesso-a-informacao\/' target='_blank'>ACESSO \u00c0 INFORMA\u00c7\u00c3O<\/a><\/li><li><a href='https:\/\/portal.al.go.leg.br\/' target='_blank'>ASSEMBLEIA LEGISLATIVA DO ESTADO DE GOI\u00c1S<\/a><\/li><li><a href='https:\/\/goias.gov.br\/esporte\/agenda-de-autoridades\/' target='_blank'>AGENDA DE AUTORIDADES<\/a><\/li><li><a href='\/esporte\/agenda-de-autoridades\/' target='_blank'>AGENDA DE AUTORIDADES<\/a><\/li><li><a href='https:\/\/goias.gov.br\/esporte\/termos-de-colaboracao-termos-de-fomento-acordos-de-cooperacao\/' target='_blank'>ACORDOS SEM TRANSFER\u00caNCIA DE RECURSOS<\/a><\/li><li><a href='https:\/\/goias.gov.br\/esporte\/autoridade-de-monitoramento-da-aplicacao-da-lei\/' target='_blank'>AUTORIDADE DE MONITORAMENTO DA APLICA\u00c7\u00c3O DA LAI<\/a><\/li><li><a href='https:\/\/goias.gov.br\/esporte\/audiencias-publicas\/' target='_blank'>AUDI\u00caNCIAS P\u00daBLICAS<\/a><\/li><\/ul><\/div><div class='sitemap-group'><h3>B<\/h3><ul><li><a href='https:\/\/goias.gov.br\/esporte\/wp-content\/uploads\/sites\/53\/2025\/05\/Bens_Moveis.pdf' target='_blank'>BENS M\u00d3VEIS<\/a><\/li><li><a href='https:\/\/www.transparencia.go.gov.br\/wp-content\/uploads\/sites\/2\/painel\/lai.php?painel=bens_imoveis&orgao=seel' target='_blank'>BENS IM\u00d3VEIS<\/a><\/li><li><a href='https:\/\/goias.gov.br\/economia\/prestacao-de-contas-de-governo\/' target='_blank'>BALAN\u00c7O GERAL DO ESTADO<\/a><\/li><\/ul><\/div><div class='sitemap-group'><h3>C<\/h3><ul><li><a href='https:\/\/www.go.gov.br\/servicos\/servicos-por-orgao\/secretaria-de-estado-do-esporte-e-lazer' target='_blank'>CARTA DE SERVI\u00c7OS<\/a><\/li><li><a href='https:\/\/goias.gov.br\/esporte\/centro-de-excelencia\/' target='_blank'>CENTRO DE EXCEL\u00caNCIA<\/a><\/li><li><a href='https:\/\/goias.gov.br\/esporte\/copa-quilombola-post\/' target='_blank'>COPA QUILOMBOLA<\/a><\/li><li><a href='https:\/\/goias.gov.br\/esporte\/credenciamento\/' target='_blank'>CREDENCIAMENTO<\/a><\/li><li><a href='https:\/\/goias.gov.br\/esporte\/chamamento-publico\/' target='_blank'>CHAMAMENTO P\u00daBLICO<\/a><\/li><li><a href='https:\/\/goias.gov.br\/esporte\/concorrencia\/' target='_blank'>CONCORR\u00caNCIA<\/a><\/li><li><a href='https:\/\/goias.gov.br\/esporte\/concorrencia-publica\/' target='_blank'>CONCORR\u00caNCIA PRESENCIAL<\/a><\/li><li><a href='https:\/\/goias.gov.br\/esporte\/contratos\/' target='_blank'>CONTRATOS<\/a><\/li><li><a href='https:\/\/goias.gov.br\/esporte\/convenios\/' target='_blank'>CONV\u00caNIOS<\/a><\/li><li><a href='https:\/\/goias.gov.br\/esporte\/complexo-serra-dourada\/' target='_blank'>COMPLEXO SERRA DOURADA<\/a><\/li><li><a href='https:\/\/legisla.casacivil.go.gov.br\/pesquisa_legislacao\/103904\/decreto-9837' target='_blank'>C\u00d3DIGO DE \u00c9TICA<\/a><\/li><li><a href='https:\/\/goias.gov.br\/controladoria' target='_blank'>CONTROLADORIA-GERAL DO ESTADO DE GOI\u00c1S<\/a><\/li><li><a href='https:\/\/goias.gov.br\/governo\/cadastro-de-autoridade\/' target='_blank'>CADASTRO DE AUTORIDADES<\/a><\/li><li><a href='https:\/\/goias.gov.br\/esporte\/competencias\/' target='_blank'>COMPET\u00caNCIAS<\/a><\/li><li><a href='https:\/\/goias.gov.br\/esporte\/cargos-e-seus-ocupantes\/' target='_blank'>CARGOS E SEUS OCUPANTES<\/a><\/li><li><a href='https:\/\/goias.gov.br\/esporte\/conselhos\/' target='_blank'>CONSELHOS<\/a><\/li><li><a href='https:\/\/goias.gov.br\/esporte\/convenios-com-outras-entidades\/' target='_blank'>CONV\u00caNIOS RECEBIDOS<\/a><\/li><li><a href='https:\/\/goias.gov.br\/esporte\/convenios-concedidos\/' target='_blank'>CONV\u00caNIOS CONCEDIDOS<\/a><\/li><li><a href='http:\/\/www.comprasnet.go.gov.br\/' target='_blank'>COMPRASNET<\/a><\/li><li><a href='https:\/\/goias.gov.br\/esporte\/contratos-emergenciais\/' target='_blank'>CONTRATOS EMERGENCIAIS<\/a><\/li><li><a href='https:\/\/goias.gov.br\/esporte\/wp-content\/uploads\/sites\/53\/2025\/07\/SEI_77014116_Declaracao_5locacaodeimoveis.pdf' target='_blank'>CONTRATOS DE LOCA\u00c7\u00c3O DE IM\u00d3VEIS<\/a><\/li><li><a href='https:\/\/goias.gov.br\/esporte\/classificacao-das-informacoes-sigilosas\/' target='_blank'>CLASSIFICA\u00c7\u00c3O DAS INFORMA\u00c7\u00d5ES SIGILOSAS<\/a><\/li><li><a href='https:\/\/goias.gov.br\/esporte\/consultas-publicas\/' target='_blank'>CONSULTAS P\u00daBLICAS<\/a><\/li><\/ul><\/div><div class='sitemap-group'><h3>D<\/h3><ul><li><a href='https:\/\/goias.gov.br\/esporte\/dispensa-de-licitacoes\/' target='_blank'>DISPENSA DE LICITA\u00c7\u00d5ES<\/a><\/li><li><a href='https:\/\/dadosabertos.go.gov.br\/' target='_blank'>DADOS ABERTOS<\/a><\/li><li><a href='https:\/\/www.go.gov.br\/servicos-digitais\/cge\/nova-ouvidoria\/nova-manifestacao\/tela-negativo?orgao=39' target='_blank'>DENUNCIAS CONTRA CORRUP\u00c7\u00c3O<\/a><\/li><li><a href='http:\/\/diariooficial.abc.go.gov.br\/' target='_blank'>DI\u00c1RIO OFICIAL<\/a><\/li><li><a href='https:\/\/dadosabertos.go.gov.br\/' target='_blank'>DADOS ABERTOS GOI\u00c1S<\/a><\/li><li><a href='https:\/\/goias.gov.br\/esporte\/doacoes\/' target='_blank'>DOA\u00c7\u00d5ES<\/a><\/li><li><a href='http:\/\/www.transparencia.go.gov.br\/lai.php?painel=diarias&orgao=seel' target='_blank'>DI\u00c1RIAS<\/a><\/li><\/ul><\/div><div class='sitemap-group'><h3>E<\/h3><ul><li><a href='https:\/\/goias.gov.br\/esporte\/estadio-olimpico-pedro-ludovico-teixeira\/' target='_blank'>EST\u00c1DIO OL\u00cdMPICO<\/a><\/li><li><a href='https:\/\/goias.gov.br\/esporte\/estadio-serra-dourada\/' target='_blank'>EST\u00c1DIO SERRA DOURADA<\/a><\/li><li><a href='https:\/\/www.go.gov.br\/servicos-digitais\/cge\/nova-ouvidoria\/pedido-informacao-publica?orgao=39&tipo_manifestacao=7' target='_blank'>E-SIC<\/a><\/li><li><a href='https:\/\/www.go.gov.br\/servicos-digitais\/cge\/nova-ouvidoria\/pedido-informacao-publica?orgao=39&tipo_manifestacao=7' target='_blank'>E-SIC - SERVI\u00c7O ELETR\u00d4NICO DE INFORMA\u00c7\u00c3O AO CIDAD\u00c3O<\/a><\/li><li><a href='https:\/\/www.go.gov.br\/' target='_blank'>EXPRESSO GOI\u00c1S<\/a><\/li><li><a href='https:\/\/portal.go.gov.br\/' target='_blank'>EXPRESSO APLICA\u00c7\u00d5ES<\/a><\/li><li><a href='https:\/\/www.go.gov.br\/' target='_blank'>EXPRESSO SERVIDOR<\/a><\/li><li><a href='https:\/\/goias.gov.br\/escoladegoverno\/' target='_blank'>ESCOLA DE GOVERNO<\/a><\/li><li><a href='https:\/\/goias.gov.br\/administracao\/seeldadosgerais\/' target='_blank'>ESTRUTURA ORGANIZACIONAL<\/a><\/li><li><a href='https:\/\/goias.gov.br\/esporte\/telefones-enderecos-e-horarios-de-atendimento\/' target='_blank'>ENDERE\u00c7OS, TELEFONES, E-MAILS\u00a0E HOR\u00c1RIOS DE ATENDIMENTO<\/a><\/li><li><a href='http:\/\/www.transparencia.go.gov.br\/lai.php?painel=empenhos&orgao=seel' target='_blank'>EMPENHOS E PAGAMENTOS<\/a><\/li><li><a href='https:\/\/goias.gov.br\/esporte\/emendas-parlamentas-estaduais\/' target='_blank'>EMENDAS PARLAMENTARES ESTADUAIS<\/a><\/li><li><a href='https:\/\/app.powerbi.com\/view?r=eyJrIjoiNWU4NmVlMjktZGVjMi00Mjc2LThiZDAtOTQ1ZDliM2Y4Y2QxIiwidCI6IjY3ZmQ0MzFjLWIyYWQtNDg2Ny04MWJjLWQ3NTYyMjBiNTZkNCJ9' target='_blank'>EMENDAS PARLAMENTARES FEDERAIS<\/a><\/li><li><a href='https:\/\/www.go.gov.br\/servicos-digitais\/cge\/nova-ouvidoria\/nova-manifestacao?orgao=39' target='_blank'>E-SIC\u00a0ELETR\u00d4NICO<\/a><\/li><li><a href='https:\/\/goias.gov.br\/esporte\/encarregado-pelo-tratamento-dos-dados-pessoais\/' target='_blank'>ENCARREGADO PELO TRATAMENTO DOS DADOS PESSOAIS<\/a><\/li><\/ul><\/div><div class='sitemap-group'><h3>F<\/h3><ul><li><a href='https:\/\/goias.gov.br\/esporte\/fale-conosco\/' target='_blank'>FALE CONOSCO<\/a><\/li><li><a href='http:\/\/www.transparencia.go.gov.br\/lai.php?painel=folha_de_pagamento_salarios_de_servidores_ativos&orgao=seel' target='_blank'>FOLHA DE PAGAMENTO<\/a><\/li><\/ul><\/div><div class='sitemap-group'><h3>G<\/h3><ul><li><a href='https:\/\/goias.gov.br\/esporte\/ginasio-valerio-luiz-de-oliveira\/' target='_blank'>GIN\u00c1SIO VAL\u00c9RIO LUIZ DE OLIVEIRA<\/a><\/li><li><a href='https:\/\/www.gov.br\/' target='_blank'>GOVERNO FEDERAL<\/a><\/li><li><a href='https:\/\/transparencia.go.gov.br\/' target='_blank'>GOI\u00c1S TRANSPAR\u00caNCIA<\/a><\/li><\/ul><\/div><div class='sitemap-group'><h3>I<\/h3><ul><li><a href='https:\/\/goias.gov.br\/esporte\/institucional\/' target='_blank'>INSTITUCIONAL<\/a><\/li><li><a href='https:\/\/goias.gov.br\/esporte\/iniciacao-esportiva\/' target='_blank'>INICIA\u00c7\u00c3O ESPORTIVA<\/a><\/li><li><a href='https:\/\/goias.gov.br\/esporte\/inexigibilidade\/' target='_blank'>INEXIGIBILIDADE<\/a><\/li><li><a href='https:\/\/goias.gov.br\/esporte\/iniciacao-esportiva-faq\/' target='_blank'>INICIA\u00c7\u00c3O ESPORTIVA\u00a0<\/a><\/li><li><a href='https:\/\/www.transparencia.go.gov.br\/wp-content\/uploads\/sites\/2\/painel\/lai.php?painel=pda&orgao=seel' target='_blank'>INVENT\u00c1RIO DE DADOS<\/a><\/li><\/ul><\/div><div class='sitemap-group'><h3>J<\/h3><ul><li><a href='https:\/\/goias.gov.br\/esporte\/jogos-abertos-de-goias\/' target='_blank'>JOGOS ABERTOS<\/a><\/li><li><a href='https:\/\/goias.gov.br\/esporte\/jogos-paralimpicos-de-goias\/' target='_blank'>JOGOS PARAL\u00cdMPICOS DE GOI\u00c1S<\/a><\/li><li><a href='https:\/\/goias.gov.br\/esporte\/jogos-dos-servidores-do-estado-de-goias\/' target='_blank'>JOGOS DOS SERVIDORES DO ESTADO DE GOI\u00c1S<\/a><\/li><li><a href='https:\/\/goias.gov.br\/esporte\/julgamento-de-contas-pelo-tce-go\/' target='_blank'>JULGAMENTO DE CONTAS PELO TCE-GO<\/a><\/li><\/ul><\/div><div class='sitemap-group'><h3>L<\/h3><ul><li><a href='https:\/\/goias.gov.br\/esporte\/leis-de-patrocinio\/' target='_blank'>LEIS DE PATROC\u00cdNIO<\/a><\/li><li><a href='https:\/\/goias.gov.br\/esporte\/lei-geral-de-protecao-de-dados\/' target='_blank'>LGPD<\/a><\/li><li><a href='https:\/\/goias.gov.br\/esporte\/legislacao-especifica\/' target='_blank'>LEGISLA\u00c7\u00c3O APLIC\u00c1VEL  LEGISLA\u00c7\u00c3O APLIC\u00c1VEL <\/a><\/li><li><a href='https:\/\/www.go.gov.br\/servicos\/servicos-por-orgao\/secretaria-de-estado-do-esporte-e-lazer' target='_blank'>LEGISLA\u00c7\u00c3O APLIC\u00c1VEL  \u00a0<\/a><\/li><li><a href='https:\/\/www.transparencia.go.gov.br\/wp-content\/uploads\/sites\/2\/painel\/lai.php?painel=folha_de_pagamento_salarios_de_estagiarios_ativos&orgao=(seel' target='_blank'>LISTA DE ESTAGI\u00c1RIOS<\/a><\/li><li><a href='http:\/\/www.transparencia.go.gov.br\/lai.php?painel=licitacoes_licitacoes_concluidas&orgao=seel' target='_blank'>LICITA\u00c7\u00d5ES - COMPRASNET<\/a><\/li><li><a href='https:\/\/www.transparencia.go.gov.br\/wp-content\/uploads\/sites\/2\/painel\/lai.php?painel=licitacoes_concluidas_sislog&orgao=seel' target='_blank'>LICITA\u00c7\u00d5ES - SISLOG<\/a><\/li><li><a href='https:\/\/transparencia.go.gov.br\/fornecedores-impedidos\/' target='_blank'>LICITANTES SANCIONADOS ADMINISTRATIVAMENTE<\/a><\/li><li><a href='https:\/\/transparencia.go.gov.br\/orcamento-e-planejamento-pecas\/' target='_blank'>LDO\/LOA<\/a><\/li><li><a href='https:\/\/legisla.casacivil.go.gov.br\/pesquisa_legislacao\/90142\/lei-18025' target='_blank'>LEI DE ACESSO \u00c0 INFORMA\u00c7\u00c3O ESTADUAL<\/a><\/li><\/ul><\/div><div class='sitemap-group'><h3>M<\/h3><ul><li><a href='https:\/\/www.mpgo.mp.br\/portal\/' target='_blank'>MINIST\u00c9RIO P\u00daBLICO DO ESTADO DE GOI\u00c1S<\/a><\/li><li><a href='https:\/\/goias.gov.br\/esporte\/wp-content\/uploads\/sites\/53\/2025\/10\/Descricao-Analitica-da-Execucao-das-Iniciativas-dos-Programas-Exercicio-2024-2.pdf' target='_blank'>MONITORAMENTO DE PROGRAMAS, PROJETOS, A\u00c7\u00d5ES E ATIVIDADES<\/a><\/li><\/ul><\/div><div class='sitemap-group'><h3>O<\/h3><ul><li><a href='https:\/\/www.go.gov.br\/servicos-digitais\/cge\/nova-ouvidoria?orgao=39' target='_blank'>OUVIDORIA<\/a><\/li><li><a href='https:\/\/www.go.gov.br\/servicos-digitais\/cge\/nova-ouvidoria?orgao=39' target='_blank'>OUVIDORIA SETORIAL (EXPRESSO)<\/a><\/li><li><a href='https:\/\/goias.gov.br\/esporte\/ouvidoria-setorial\/' target='_blank'>OUVIDORIA SETORIAL (PRESENCIAL)<\/a><\/li><li><a href='http:\/\/www.transparencia.go.gov.br\/lai.php?painel=ordem_cronologica_despesas&orgao=seel' target='_blank'>ORDEM CRONOL\u00d3GICA DE PAGAMENTOS<\/a><\/li><li><a href='https:\/\/app.powerbi.com\/view?r=eyJrIjoiYTA5NTk4ZDUtM2FjYi00MDA4LTgzNGQtNjRjYWJmMTEyODdiIiwidCI6IjY3ZmQ0MzFjLWIyYWQtNDg2Ny04MWJjLWQ3NTYyMjBiNTZkNCJ9&pageName=ReportSectiond755217298c2706b71dc' target='_blank'>OBRAS<\/a><\/li><li><a href='https:\/\/app.powerbi.com\/view?r=eyJrIjoiYTA5NTk4ZDUtM2FjYi00MDA4LTgzNGQtNjRjYWJmMTEyODdiIiwidCI6IjY3ZmQ0MzFjLWIyYWQtNDg2Ny04MWJjLWQ3NTYyMjBiNTZkNCJ9&pageName=ReportSection8f435ccde7de8820eb54' target='_blank'>OBRAS PARALISADAS<\/a><\/li><li><a href='https:\/\/goias.gov.br\/esporte\/obras-audiencias-consultas-publicas\/' target='_blank'>OBRAS - AUDI\u00caNCIAS\/CONSULTAS P\u00daBLICAS<\/a><\/li><li><a href='https:\/\/goias.gov.br\/esporte\/atendimento-presencial-ouvidoria\/' target='_blank'>OUVIDORIA - ATENDIMENTO PRESENCIAL<\/a><\/li><\/ul><\/div><div class='sitemap-group'><h3>P<\/h3><ul><li><a href='https:\/\/goias.gov.br\/esporte\/parque-marcos-veiga-jardim\/' target='_blank'>PARQUE MARCOS VEIGA JARDIM<\/a><\/li><li><a href='https:\/\/goias.gov.br\/esporte\/pro-esporte\/' target='_blank'>PR\u00d3-GOI\u00c1S ESPORTE<\/a><\/li><li><a href='https:\/\/goias.gov.br\/esporte\/pro-atleta\/' target='_blank'>PR\u00d3-ATLETA<\/a><\/li><li><a href='https:\/\/goias.gov.br\/esporte\/construindo-campeoes\/' target='_blank'>PROJETO CONSTRUINDO CAMPE\u00d5ES<\/a><\/li><li><a href='https:\/\/goias.gov.br\/esporte\/paradesporto\/' target='_blank'>PARADESPORTO<\/a><\/li><li><a href='https:\/\/goias.gov.br\/esporte\/portarias\/' target='_blank'>PORTARIAS<\/a><\/li><li><a href='https:\/\/goias.gov.br\/esporte\/pregao-eletronico\/' target='_blank'>PREG\u00c3O ELETR\u00d4NICO<\/a><\/li><li><a href='https:\/\/goias.gov.br\/esporte\/processo-seletivo\/' target='_blank'>PROCESSO SELETIVO<\/a><\/li><li><a href='https:\/\/transparencia.go.gov.br\/' target='_blank'>PORTAL DA TRANSPAR\u00caNCIA<\/a><\/li><li><a href='https:\/\/goias.gov.br\/controladoria\/programa-de-compliance-publico-do-governo-de-goias\/' target='_blank'>PCP<\/a><\/li><li><a href='https:\/\/goias.gov.br\/procuradoria\/' target='_blank'>PROCURADORIA-GERAL DO ESTADO DE GOI\u00c1S<\/a><\/li><li><a href='https:\/\/goias.gov.br\/esporte\/programa-de-compliance-publico\/' target='_blank'>PROGRAMA DE COMPLIANCE P\u00daBLICO - PCP<\/a><\/li><li><a href='http:\/\/www.transparencia.go.gov.br\/lai.php?painel=folha_de_pagamento_salarios_de_servidores_inativos&orgao=seel' target='_blank'>PENSIONISTAS \/ APOSENTADOS (INATIVOS)<\/a><\/li><li><a href='https:\/\/sislog.go.gov.br\/Pca' target='_blank'>PCA - PLANO DE CONTRATA\u00c7\u00d5ES ANUAL<\/a><\/li><li><a href='https:\/\/www.gov.br\/pncp\/pt-br\/acesso-a-informacao\/painel-pncp-em-numeros\/pncp-em-numeros-contratacoes\/pncp-em-numeros-municipio' target='_blank'>PNCP<\/a><\/li><li><a href='https:\/\/goias.gov.br\/esporte\/parcerias-com-oscs\/' target='_blank'>PARCERIAS COM OSC\u00b4S<\/a><\/li><li><a href='https:\/\/goias.gov.br\/esporte\/plano-estrategico-institucional\/' target='_blank'>PLANO ESTRAT\u00c9GICO INSTITUCIONAL<\/a><\/li><li><a href='https:\/\/ppa.go.gov.br\/' target='_blank'>PLANO PLURIANUAL (PPA)<\/a><\/li><li><a href='http:\/\/www.planalto.gov.br\/ccivil_03\/_ato2015-2018\/2018\/lei\/l13709.htm' target='_blank'>POL\u00cdTICA DE PRIVACIDADE E PROTE\u00c7\u00c3O DE DADOS<\/a><\/li><li><a href='https:\/\/app.powerbi.com\/view?r=eyJrIjoiNmRhN2MzZmYtMWZkMi00ODdmLWJhNGQtYTJkODcwNDJlMTU4IiwidCI6IjY3ZmQ0MzFjLWIyYWQtNDg2Ny04MWJjLWQ3NTYyMjBiNTZkNCJ9' target='_blank'>PESQUISAS DE SATISFA\u00c7\u00c3O<\/a><\/li><li><a href='http:\/\/www.transparencia.go.gov.br\/portaldatransparencia\/' target='_blank'>PORTAL GOI\u00c1S TRANSPARENTE<\/a><\/li><li><a href='https:\/\/goias.gov.br\/esporte\/projetos-de-participacao-social\/' target='_blank'>PROJETOS DE PARTICIPA\u00c7\u00c3O SOCIAL <\/a><\/li><li><a href='https:\/\/goias.gov.br\/esporte\/projetos-de-inovacao-no-servico-publico\/' target='_blank'>PROJETOS DE INOVA\u00c7\u00c3O NO SERVI\u00c7O P\u00daBLICO<\/a><\/li><\/ul><\/div><div class='sitemap-group'><h3>Q<\/h3><ul><li><a href='http:\/\/www.transparencia.go.gov.br\/lai.php?painel=folha_de_pagamento_cargos_por_orgaos&orgao=seel' target='_blank'>QUANTITATIVO DE CARGOS<\/a><\/li><\/ul><\/div><div class='sitemap-group'><h3>R<\/h3><ul><li><a href='https:\/\/goias.gov.br\/esporte\/registro-de-precos\/' target='_blank'>REGISTRO DE PRE\u00c7OS<\/a><\/li><li><a href='https:\/\/radardatransparencia.atricon.org.br\/' target='_blank'>RADAR DA TRANSPAR\u00caNCIA<\/a><\/li><li><a href='https:\/\/goias.gov.br\/esporte\/rua-de-lazer-faq\/' target='_blank'>RUA DE LAZER<\/a><\/li><li><a href='http:\/\/www.transparencia.go.gov.br\/lai.php?painel=receitas_estaduais&orgao=seel' target='_blank'>RECEITA ESTADUAL RECEITA ESTADUAL<\/a><\/li><li><a href='http:\/\/www.transparencia.go.gov.br\/lai.php?painel=receitas_estaduais&orgao=seel' target='_blank'>RECEITA ESTADUAL SEEL<\/a><\/li><li><a href='https:\/\/goias.gov.br\/esporte\/relacao-de-terceirizados\/' target='_blank'>RELA\u00c7\u00c3O DE TERCEIRIZADOS<\/a><\/li><li><a href='https:\/\/www.transparencia.go.gov.br\/wp-content\/uploads\/sites\/2\/painel\/lai.php?painel=contratos_fiscais_e_gestores&orgao=(seel' target='_blank'>RELA\u00c7\u00c3O DOS FISCAIS DOS\u00a0CONTRATOS<\/a><\/li><li><a href='https:\/\/goias.gov.br\/esporte\/wp-content\/uploads\/sites\/53\/2025\/07\/RelacaodeVeiculosassinado.pdf' target='_blank'>RELA\u00c7\u00c3O DE VE\u00cdCULOS<\/a><\/li><li><a href='https:\/\/goias.gov.br\/esporte\/relatorio-de-gestao-seel\/' target='_blank'>RELAT\u00d3RIO DE GEST\u00c3O OU ATIVIDADES<\/a><\/li><li><a href='https:\/\/transparencia.go.gov.br\/gestao-fiscal-e-governamental-rgf\/' target='_blank'>RGF<\/a><\/li><li><a href='https:\/\/transparencia.go.gov.br\/rreo\/' target='_blank'>RREO<\/a><\/li><li><a href='https:\/\/www.ouvidoriageral.go.gov.br\/api\/relatorio_gestao.php?tipo=7&orgao=39' target='_blank'>RELAT\u00d3RIO\u00a0DE PEDIDOS DE ACESSO \u00c0 INFORMA\u00c7\u00c3O<\/a><\/li><li><a href='https:\/\/goias.gov.br\/esporte\/wp-content\/uploads\/sites\/53\/2025\/06\/63-Relatorio-de-Gestao-Semestral-SEEL.pdf' target='_blank'>RELAT\u00d3RIO DE GEST\u00c3O DE OUVIDORIA<\/a><\/li><\/ul><\/div><div class='sitemap-group'><h3>S<\/h3><ul><li><a href='https:\/\/goias.gov.br\/esporte\/solicitacao-de-transporte\/' target='_blank'>SOLICITA\u00c7\u00c3O DE TRANSPORTE<\/a><\/li><li><a href='https:\/\/goias.gov.br\/esporte\/sesmt\/' target='_blank'>SESMT<\/a><\/li><li><a href='https:\/\/goias.gov.br\/administracao\/siga-eng\/' target='_blank'>SIGA<\/a><\/li><li><a href='https:\/\/www.go.gov.br\/unidadesvaptvupt' target='_blank'>SIC - SERVI\u00c7O DE INFORMA\u00c7\u00c3O AO CIDAD\u00c3O<\/a><\/li><li><a href='https:\/\/sei.go.gov.br\/sei\/modulos\/goias\/login-sei\/MdGoiasLoginSEI.php?acao=md_goias_login_SEI&sigla_orgao_sistema=GOVERNADORIA&sigla_sistema=SEI&infra_url=L3NlaS8=' target='_blank'>SEI GOVERNADORIA<\/a><\/li><li><a href='http:\/\/www.transparencia.go.gov.br\/lai.php?painel=empenhos&orgao=seel' target='_blank'>SEEL<\/a><\/li><li><a href='https:\/\/sislog.go.gov.br\/' target='_blank'>SISLOG<\/a><\/li><li><a href='https:\/\/vaptvupt.go.gov.br\/unidades' target='_blank'>SIC F\u00cdSICO -\u00a0UNIDADES DO VAPT VUPT<\/a><\/li><\/ul><\/div><div class='sitemap-group'><h3>T<\/h3><ul><li><a href='https:\/\/goias.gov.br\/esporte\/termos-de-compromisso\/' target='_blank'>TERMOS DE COMPROMISSO<\/a><\/li><li><a href='https:\/\/goias.gov.br\/esporte\/tomada-de-precos\/' target='_blank'>TOMADA DE PRE\u00c7OS<\/a><\/li><li><a href='https:\/\/goias.gov.br\/esporte\/termos-de-concessoes\/' target='_blank'>TERMOS DE CONCESS\u00d5ES<\/a><\/li><li><a href='https:\/\/www.tjgo.jus.br\/' target='_blank'>TRIBUNAL DE JUSTI\u00c7A DO ESTADO DE GOI\u00c1S<\/a><\/li><\/ul><\/div><div class='sitemap-group'><h3>V<\/h3><ul><li><a href='https:\/\/goias.gov.br\/esporte\/viva-mais-goias\/' target='_blank'>VIVA MAIS GOI\u00c1S<\/a><\/li><\/ul><\/div><\/div>\n\n\n\n<p><\/p>\n","protected":false},"excerpt":{"rendered":"","protected":false},"author":1,"featured_media":0,"parent":0,"menu_order":0,"comment_status":"closed","ping_status":"closed","template":"","meta":{"footnotes":""},"class_list":["post-3892","page","type-page","status-publish","hentry"],"rttpg_featured_image_url":null,"rttpg_author":{"display_name":"wagner.viana","author_link":"https:\/\/goias.gov.br\/esporte\/author\/wagner-viana\/"},"rttpg_comment":0,"rttpg_category":null,"rttpg_excerpt":null,"_links":{"self":[{"href":"https:\/\/goias.gov.br\/esporte\/wp-json\/wp\/v2\/pages\/3892","targetHints":{"allow":["GET"]}}],"collection":[{"href":"https:\/\/goias.gov.br\/esporte\/wp-json\/wp\/v2\/pages"}],"about":[{"href":"https:\/\/goias.gov.br\/esporte\/wp-json\/wp\/v2\/types\/page"}],"author":[{"embeddable":true,"href":"https:\/\/goias.gov.br\/esporte\/wp-json\/wp\/v2\/users\/1"}],"replies":[{"embeddable":true,"href":"https:\/\/goias.gov.br\/esporte\/wp-json\/wp\/v2\/comments?post=3892"}],"version-history":[{"count":2,"href":"https:\/\/goias.gov.br\/esporte\/wp-json\/wp\/v2\/pages\/3892\/revisions"}],"predecessor-version":[{"id":55744,"href":"https:\/\/goias.gov.br\/esporte\/wp-json\/wp\/v2\/pages\/3892\/revisions\/55744"}],"wp:attachment":[{"href":"https:\/\/goias.gov.br\/esporte\/wp-json\/wp\/v2\/media?parent=3892"}],"curies":[{"name":"wp","href":"https:\/\/api.w.org\/{rel}","templated":true}]}}