

{"id":15583,"date":"2024-10-04T13:36:54","date_gmt":"2024-10-04T16:36:54","guid":{"rendered":"https:\/\/goias.gov.br\/esporte\/?page_id=15583"},"modified":"2024-11-04T09:08:11","modified_gmt":"2024-11-04T12:08:11","slug":"ouvidoria-setorial","status":"publish","type":"page","link":"https:\/\/goias.gov.br\/esporte\/ouvidoria-setorial\/","title":{"rendered":"Ouvidoria Setorial"},"content":{"rendered":"\n<h4 class=\"wp-block-heading\"><span style=\"color: #008000;\">Atendimento Presencial<\/span><\/h4>\n\n\n\n<p><strong>Ouvidora Setorial:<\/strong> Elisa Gon\u00e7alves dos Santos<\/p>\n<p><strong>Ouvidoras adjuntas<\/strong>: Ilanna Dandara Souza Lima e Z\u00e9lia de Oliveira do Nascimento<\/p>\n\n\n\n<p>Endere\u00e7o: Av. Fued Jos\u00e9 Sebba, n\u00ba 1.170<br \/>Jardim Goi\u00e1s, Est\u00e1dio Serra Dourada-Ala Norte, Goi\u00e2nia-GO, CEP: 74.805-100<br \/>Hor\u00e1rio de Atendimento: 08h \u00e0s 12h e das 14h \u00e0s 18h<br \/>E-mail: <a href=\"mailto:ouvidoria.seel@goias.gov.br\">ouvidoria.seel@goias.gov.br<\/a><br \/>Telefone: (62) 3201-6087 \/ (62) 3201-6079<br \/>Unidade SEI: 17927<\/p>\n","protected":false},"excerpt":{"rendered":"<p>Atendimento Presencial Ouvidora Setorial: Elisa Gon\u00e7alves dos Santos Ouvidoras adjuntas: Ilanna Dandara Souza Lima e Z\u00e9lia de Oliveira do Nascimento Endere\u00e7o: Av. Fued Jos\u00e9 Sebba, n\u00ba 1.170Jardim Goi\u00e1s, Est\u00e1dio Serra Dourada-Ala Norte, Goi\u00e2nia-GO, CEP: 74.805-100Hor\u00e1rio de Atendimento: 08h \u00e0s 12h e das 14h \u00e0s 18hE-mail: ouvidoria.seel@goias.gov.brTelefone: (62) 3201-6087 \/ (62) 3201-6079Unidade SEI: 17927<\/p>\n","protected":false},"author":62,"featured_media":0,"parent":0,"menu_order":0,"comment_status":"closed","ping_status":"closed","template":"","meta":{"footnotes":""},"class_list":["post-15583","page","type-page","status-publish","hentry"],"rttpg_featured_image_url":null,"rttpg_author":{"display_name":"italoreis","author_link":"https:\/\/goias.gov.br\/esporte\/author\/italoreis\/"},"rttpg_comment":0,"rttpg_category":null,"rttpg_excerpt":"Atendimento Presencial Ouvidora Setorial: Elisa Gon\u00e7alves dos Santos Ouvidoras adjuntas: Ilanna Dandara Souza Lima e Z\u00e9lia de Oliveira do Nascimento Endere\u00e7o: Av. Fued Jos\u00e9 Sebba, n\u00ba 1.170Jardim Goi\u00e1s, Est\u00e1dio Serra Dourada-Ala Norte, Goi\u00e2nia-GO, CEP: 74.805-100Hor\u00e1rio de Atendimento: 08h \u00e0s 12h e das 14h \u00e0s 18hE-mail: ouvidoria.seel@goias.gov.brTelefone: (62) 3201-6087 \/ (62) 3201-6079Unidade SEI: 17927","_links":{"self":[{"href":"https:\/\/goias.gov.br\/esporte\/wp-json\/wp\/v2\/pages\/15583","targetHints":{"allow":["GET"]}}],"collection":[{"href":"https:\/\/goias.gov.br\/esporte\/wp-json\/wp\/v2\/pages"}],"about":[{"href":"https:\/\/goias.gov.br\/esporte\/wp-json\/wp\/v2\/types\/page"}],"author":[{"embeddable":true,"href":"https:\/\/goias.gov.br\/esporte\/wp-json\/wp\/v2\/users\/62"}],"replies":[{"embeddable":true,"href":"https:\/\/goias.gov.br\/esporte\/wp-json\/wp\/v2\/comments?post=15583"}],"version-history":[{"count":2,"href":"https:\/\/goias.gov.br\/esporte\/wp-json\/wp\/v2\/pages\/15583\/revisions"}],"predecessor-version":[{"id":20030,"href":"https:\/\/goias.gov.br\/esporte\/wp-json\/wp\/v2\/pages\/15583\/revisions\/20030"}],"wp:attachment":[{"href":"https:\/\/goias.gov.br\/esporte\/wp-json\/wp\/v2\/media?parent=15583"}],"curies":[{"name":"wp","href":"https:\/\/api.w.org\/{rel}","templated":true}]}}