
{"id":200909,"date":"2024-12-06T08:11:17","date_gmt":"2024-12-06T11:11:17","guid":{"rendered":"https:\/\/goias.gov.br\/escoladesaude\/?page_id=200909"},"modified":"2026-02-09T14:34:59","modified_gmt":"2026-02-09T17:34:59","slug":"creche-cantinho-feliz","status":"publish","type":"page","link":"https:\/\/goias.gov.br\/escoladesaude\/creche-cantinho-feliz\/","title":{"rendered":"Creche Cantinho Feliz"},"content":{"rendered":"\t\t<div data-elementor-type=\"wp-page\" data-elementor-id=\"200909\" class=\"elementor elementor-200909\">\n\t\t\t\t<div class=\"elementor-element elementor-element-b96bc96 e-flex e-con-boxed e-con e-parent\" data-id=\"b96bc96\" data-element_type=\"container\" data-e-type=\"container\">\n\t\t\t\t\t<div class=\"e-con-inner\">\n\t\t\t\t<div class=\"elementor-element elementor-element-8df4d3f elementor-widget elementor-widget-image\" data-id=\"8df4d3f\" data-element_type=\"widget\" data-e-type=\"widget\" data-widget_type=\"image.default\">\n\t\t\t\t\t\t\t\t\t\t\t\t\t\t\t<img decoding=\"async\" src=\"https:\/\/goias.gov.br\/saude\/wp-content\/uploads\/sites\/34\/2019\/11\/ccf-601.jpg\" title=\"\" alt=\"\" loading=\"lazy\" \/>\t\t\t\t\t\t\t\t\t\t\t\t\t\t\t<\/div>\n\t\t\t\t\t<\/div>\n\t\t\t\t<\/div>\n\t\t<div class=\"elementor-element elementor-element-4790705 e-flex e-con-boxed e-con e-parent\" data-id=\"4790705\" data-element_type=\"container\" data-e-type=\"container\">\n\t\t\t\t\t<div class=\"e-con-inner\">\n\t\t<div class=\"elementor-element elementor-element-b14ae20 e-con-full e-flex e-con e-child\" data-id=\"b14ae20\" data-element_type=\"container\" data-e-type=\"container\">\n\t\t\t\t<div class=\"elementor-element elementor-element-b900869 elementor-widget elementor-widget-text-editor\" data-id=\"b900869\" data-element_type=\"widget\" data-e-type=\"widget\" data-widget_type=\"text-editor.default\">\n\t\t\t\t\t\t\t\t\t<h4 class=\"sppb-addon-title\">Recep\u00e7\u00e3o<\/h4><p class=\"sppb-addon-title\"><strong>Telefone:<\/strong> (62) 3201-4162<\/p><h4 class=\"sppb-addon-title\">Diretoria<\/h4><p><strong>Dire\u00e7\u00e3o Geral:<\/strong> Soraia Guimar\u00e3es<br \/>(62) 3201-4159 \/ <a href=\"soraia.guimaraes@goias.gov.br\">soraia.guimaraes@goias.gov.br<\/a><\/p><p><strong>Dire\u00e7\u00e3o Administrativa:<\/strong> Susenilda Bizinoto Fassa Silva<br \/><a href=\"susenilda.silva@goias.gov.br\">susenilda.silva@goias.gov.br<\/a><\/p><h4>Localiza\u00e7\u00e3o<\/h4><p><a href=\"https:\/\/maps.app.goo.gl\/AEZSFzpew1jmdM3a6\" target=\"_blank\" rel=\"noopener\"><span class=\"section-info-text\"><span class=\"widget-pane-link\">Av. 24 de Outubro, n\u00ba 440, Setor dos Funcion\u00e1rios &#8211; Goi\u00e2nia \u2013 Goi\u00e1s <br \/>CEP: 74.543-100<\/span><\/span><\/a><\/p>\t\t\t\t\t\t\t\t<\/div>\n\t\t\t\t<\/div>\n\t\t<div class=\"elementor-element elementor-element-eececd4 e-con-full e-flex e-con e-child\" data-id=\"eececd4\" data-element_type=\"container\" data-e-type=\"container\">\n\t\t\t\t<div class=\"elementor-element elementor-element-e979449 elementor-widget elementor-widget-text-editor\" data-id=\"e979449\" data-element_type=\"widget\" data-e-type=\"widget\" data-widget_type=\"text-editor.default\">\n\t\t\t\t\t\t\t\t\t<p style=\"text-align: justify;\">A Creche Cantinho Feliz (CCF) \u00e9 uma unidade vinculada \u00e0 Superintend\u00eancia de Escola de Sa\u00fade de Goi\u00e1s da Secretaria de Estado da Sa\u00fade de Goi\u00e1s (Sesg\/SES-GO). A CCF \u00e9 destinada exclusivamente ao atendimento de filhos de servidores da Secretaria de Estado da Sa\u00fade, na faixa et\u00e1ria de 04 meses a 2 anos e 11 meses de idade.<\/p><p style=\"text-align: justify;\">Fruto da mobiliza\u00e7\u00e3o de servidoras, o objetivo inicial visava prestar assist\u00eancia integral aos filhos de servidores do SUDS (Sistema Unificado e Descentralizado de Sa\u00fade) durante o per\u00edodo de trabalho dos pais.<\/p><p style=\"text-align: justify;\">Ao longo de 11 (onze) anos funcionou em espa\u00e7o anexo \u00e0s depend\u00eancias do Hospital Materno Infantil e, em maio de 1998, mudou-se para uma sede provis\u00f3ria. Finalmente, em julho de 1999, conquistou sede pr\u00f3pria, localizada na Avenida 24 de outubro, n\u00ba 440, Setor dos Funcion\u00e1rios, onde est\u00e1 at\u00e9 os dias atuais.<\/p><p style=\"text-align: justify;\">Encontra-se credenciada e com autoriza\u00e7\u00e3o de funcionamento emitida pelo Conselho Estadual de Educa\u00e7\u00e3o (Resolu\u00e7\u00e3o CEE\/CEB N\u00ba 654\/2018).\u00a0<\/p>\t\t\t\t\t\t\t\t<\/div>\n\t\t\t\t<\/div>\n\t\t\t\t\t<\/div>\n\t\t\t\t<\/div>\n\t\t<div class=\"elementor-element elementor-element-c8ae98c e-flex e-con-boxed e-con e-parent\" data-id=\"c8ae98c\" data-element_type=\"container\" data-e-type=\"container\">\n\t\t\t\t\t<div class=\"e-con-inner\">\n\t\t\t\t<div class=\"elementor-element elementor-element-d86533d elementor-widget elementor-widget-text-editor\" data-id=\"d86533d\" data-element_type=\"widget\" data-e-type=\"widget\" data-widget_type=\"text-editor.default\">\n\t\t\t\t\t\t\t\t\t<h2 style=\"text-align: left;\">INFORMA\u00c7\u00d5ES<\/h2>\t\t\t\t\t\t\t\t<\/div>\n\t\t\t\t<div class=\"elementor-element elementor-element-4c860a6 elementor-widget elementor-widget-n-accordion\" data-id=\"4c860a6\" data-element_type=\"widget\" data-e-type=\"widget\" data-settings=\"{&quot;default_state&quot;:&quot;all_collapsed&quot;,&quot;max_items_expended&quot;:&quot;one&quot;,&quot;n_accordion_animation_duration&quot;:{&quot;unit&quot;:&quot;ms&quot;,&quot;size&quot;:400,&quot;sizes&quot;:[]}}\" data-widget_type=\"nested-accordion.default\">\n\t\t\t\t\t\t\t<div class=\"e-n-accordion\" aria-label=\"Accordion. Open links with Enter or Space, close with Escape, and navigate with Arrow Keys\">\n\t\t\t\t\t\t<details id=\"e-n-accordion-item-8020\" class=\"e-n-accordion-item\" >\n\t\t\t\t<summary class=\"e-n-accordion-item-title\" data-accordion-index=\"1\" tabindex=\"0\" aria-expanded=\"false\" aria-controls=\"e-n-accordion-item-8020\" >\n\t\t\t\t\t<span class='e-n-accordion-item-title-header'><div class=\"e-n-accordion-item-title-text\"> Regimento Interno e Projeto Pol\u00edtico-Pedag\u00f3gico da Creche Cantinho Feliz <\/div><\/span>\n\t\t\t\t\t\t\t<span class='e-n-accordion-item-title-icon'>\n\t\t\t<span class='e-opened' ><svg aria-hidden=\"true\" class=\"e-font-icon-svg e-fas-chevron-down\" viewBox=\"0 0 448 512\" xmlns=\"http:\/\/www.w3.org\/2000\/svg\"><path d=\"M207.029 381.476L12.686 187.132c-9.373-9.373-9.373-24.569 0-33.941l22.667-22.667c9.357-9.357 24.522-9.375 33.901-.04L224 284.505l154.745-154.021c9.379-9.335 24.544-9.317 33.901.04l22.667 22.667c9.373 9.373 9.373 24.569 0 33.941L240.971 381.476c-9.373 9.372-24.569 9.372-33.942 0z\"><\/path><\/svg><\/span>\n\t\t\t<span class='e-closed'><svg aria-hidden=\"true\" class=\"e-font-icon-svg e-fas-chevron-right\" viewBox=\"0 0 320 512\" xmlns=\"http:\/\/www.w3.org\/2000\/svg\"><path d=\"M285.476 272.971L91.132 467.314c-9.373 9.373-24.569 9.373-33.941 0l-22.667-22.667c-9.357-9.357-9.375-24.522-.04-33.901L188.505 256 34.484 101.255c-9.335-9.379-9.317-24.544.04-33.901l22.667-22.667c9.373-9.373 24.569-9.373 33.941 0L285.475 239.03c9.373 9.372 9.373 24.568.001 33.941z\"><\/path><\/svg><\/span>\n\t\t<\/span>\n\n\t\t\t\t\t\t<\/summary>\n\t\t\t\t<div role=\"region\" aria-labelledby=\"e-n-accordion-item-8020\" class=\"elementor-element elementor-element-ba787c8 e-con-full e-flex e-con e-child\" data-id=\"ba787c8\" data-element_type=\"container\" data-e-type=\"container\">\n\t\t\t\t<div class=\"elementor-element elementor-element-667bcfe elementor-widget elementor-widget-text-editor\" data-id=\"667bcfe\" data-element_type=\"widget\" data-e-type=\"widget\" data-widget_type=\"text-editor.default\">\n\t\t\t\t\t\t\t\t\t<ul><li><a href=\"https:\/\/goias.gov.br\/escoladesaude\/wp-content\/uploads\/sites\/59\/2025\/07\/regimento_ccf_portaria_3644_2024.pdf\" target=\"_blank\" rel=\"noopener\">Portaria n.\u00ba 3644, de 05\/dezembro\/2024<\/a> &#8211; Aprova o Regimento Interno da Creche Cantinho Feliz<\/li><li><a href=\"https:\/\/goias.gov.br\/escoladesaude\/wp-content\/uploads\/sites\/59\/2025\/08\/ppp_cc_feliz.pdf\" target=\"_blank\" rel=\"noopener\">Projeto Pol\u00edtico Pedag\u00f3gico &#8211; 2025-2027<\/a><\/li><\/ul>\t\t\t\t\t\t\t\t<\/div>\n\t\t\t\t<\/div>\n\t\t\t\t\t<\/details>\n\t\t\t\t\t\t<details id=\"e-n-accordion-item-8021\" class=\"e-n-accordion-item\" >\n\t\t\t\t<summary class=\"e-n-accordion-item-title\" data-accordion-index=\"2\" tabindex=\"-1\" aria-expanded=\"false\" aria-controls=\"e-n-accordion-item-8021\" >\n\t\t\t\t\t<span class='e-n-accordion-item-title-header'><div class=\"e-n-accordion-item-title-text\"> Ingresso <\/div><\/span>\n\t\t\t\t\t\t\t<span class='e-n-accordion-item-title-icon'>\n\t\t\t<span class='e-opened' ><svg aria-hidden=\"true\" class=\"e-font-icon-svg e-fas-chevron-down\" viewBox=\"0 0 448 512\" xmlns=\"http:\/\/www.w3.org\/2000\/svg\"><path d=\"M207.029 381.476L12.686 187.132c-9.373-9.373-9.373-24.569 0-33.941l22.667-22.667c9.357-9.357 24.522-9.375 33.901-.04L224 284.505l154.745-154.021c9.379-9.335 24.544-9.317 33.901.04l22.667 22.667c9.373 9.373 9.373 24.569 0 33.941L240.971 381.476c-9.373 9.372-24.569 9.372-33.942 0z\"><\/path><\/svg><\/span>\n\t\t\t<span class='e-closed'><svg aria-hidden=\"true\" class=\"e-font-icon-svg e-fas-chevron-right\" viewBox=\"0 0 320 512\" xmlns=\"http:\/\/www.w3.org\/2000\/svg\"><path d=\"M285.476 272.971L91.132 467.314c-9.373 9.373-24.569 9.373-33.941 0l-22.667-22.667c-9.357-9.357-9.375-24.522-.04-33.901L188.505 256 34.484 101.255c-9.335-9.379-9.317-24.544.04-33.901l22.667-22.667c9.373-9.373 24.569-9.373 33.941 0L285.475 239.03c9.373 9.372 9.373 24.568.001 33.941z\"><\/path><\/svg><\/span>\n\t\t<\/span>\n\n\t\t\t\t\t\t<\/summary>\n\t\t\t\t<div role=\"region\" aria-labelledby=\"e-n-accordion-item-8021\" class=\"elementor-element elementor-element-b3fca20 e-con-full e-flex e-con e-child\" data-id=\"b3fca20\" data-element_type=\"container\" data-e-type=\"container\">\n\t\t\t\t<div class=\"elementor-element elementor-element-bdea892 elementor-widget elementor-widget-text-editor\" data-id=\"bdea892\" data-element_type=\"widget\" data-e-type=\"widget\" data-widget_type=\"text-editor.default\">\n\t\t\t\t\t\t\t\t\t<p>O processo de ingresso na CCF acontece por lista de espera, inscri\u00e7\u00e3o. matr\u00edcula e rematr\u00edcula. O Servidor da SES deve procurar a creche pessoalmente para realizar a inscri\u00e7\u00e3o da crian\u00e7a, lembrando que estas podem ser feitas em qualquer per\u00edodo do ano.<\/p><p>A crian\u00e7a frequenta a Creche de acordo com o hor\u00e1rio de trabalho dos progenitores com v\u00ednculo na SES-GO de 6 ou 8 horas, sendo que em atendimento as normas e diretrizes da educa\u00e7\u00e3o, a crian\u00e7a s\u00f3 poder\u00e1 frequentar 8 horas, se os dois pais tiverem escala de trabalho de 8 horas, visando a integridade emocional e ps\u00edquica da crian\u00e7a que necessita desses momentos em fam\u00edlia.<\/p><p>A Creche Cantinho Feliz preza pela intera\u00e7\u00e3o entre creche e a fam\u00edlia, proporcionando ao longo do ano, v\u00e1rios dias para esse conv\u00edvio, proporcionando a toda fam\u00edlia, crian\u00e7as e servidores momentos de descontra\u00e7\u00e3o e alegria.<\/p>\t\t\t\t\t\t\t\t<\/div>\n\t\t\t\t<\/div>\n\t\t\t\t\t<\/details>\n\t\t\t\t\t\t<details id=\"e-n-accordion-item-8022\" class=\"e-n-accordion-item\" >\n\t\t\t\t<summary class=\"e-n-accordion-item-title\" data-accordion-index=\"3\" tabindex=\"-1\" aria-expanded=\"false\" aria-controls=\"e-n-accordion-item-8022\" >\n\t\t\t\t\t<span class='e-n-accordion-item-title-header'><div class=\"e-n-accordion-item-title-text\"> Agrupamentos <\/div><\/span>\n\t\t\t\t\t\t\t<span class='e-n-accordion-item-title-icon'>\n\t\t\t<span class='e-opened' ><svg aria-hidden=\"true\" class=\"e-font-icon-svg e-fas-chevron-down\" viewBox=\"0 0 448 512\" xmlns=\"http:\/\/www.w3.org\/2000\/svg\"><path d=\"M207.029 381.476L12.686 187.132c-9.373-9.373-9.373-24.569 0-33.941l22.667-22.667c9.357-9.357 24.522-9.375 33.901-.04L224 284.505l154.745-154.021c9.379-9.335 24.544-9.317 33.901.04l22.667 22.667c9.373 9.373 9.373 24.569 0 33.941L240.971 381.476c-9.373 9.372-24.569 9.372-33.942 0z\"><\/path><\/svg><\/span>\n\t\t\t<span class='e-closed'><svg aria-hidden=\"true\" class=\"e-font-icon-svg e-fas-chevron-right\" viewBox=\"0 0 320 512\" xmlns=\"http:\/\/www.w3.org\/2000\/svg\"><path d=\"M285.476 272.971L91.132 467.314c-9.373 9.373-24.569 9.373-33.941 0l-22.667-22.667c-9.357-9.357-9.375-24.522-.04-33.901L188.505 256 34.484 101.255c-9.335-9.379-9.317-24.544.04-33.901l22.667-22.667c9.373-9.373 24.569-9.373 33.941 0L285.475 239.03c9.373 9.372 9.373 24.568.001 33.941z\"><\/path><\/svg><\/span>\n\t\t<\/span>\n\n\t\t\t\t\t\t<\/summary>\n\t\t\t\t<div role=\"region\" aria-labelledby=\"e-n-accordion-item-8022\" class=\"elementor-element elementor-element-f9c43a1 e-con-full e-flex e-con e-child\" data-id=\"f9c43a1\" data-element_type=\"container\" data-e-type=\"container\">\n\t\t\t\t<div class=\"elementor-element elementor-element-da6f9d3 elementor-widget elementor-widget-text-editor\" data-id=\"da6f9d3\" data-element_type=\"widget\" data-e-type=\"widget\" data-widget_type=\"text-editor.default\">\n\t\t\t\t\t\t\t\t\t<ul><li>Ber\u00e7\u00e1rio: 04 meses \u00e0 11 meses de idade (atendimento de 10 crian\u00e7as por turno);<\/li><li>Turma A: 01 \u00e0 1ano e 11 meses de idade (atendimento \u00e0 13 crian\u00e7as por per\u00edodo);<\/li><li>Turma B: 2 anos \u00e0 2 anos e 11 meses de idade (atendimento \u00e0 13 crian\u00e7as por per\u00edodo).<\/li><\/ul>\t\t\t\t\t\t\t\t<\/div>\n\t\t\t\t<\/div>\n\t\t\t\t\t<\/details>\n\t\t\t\t\t\t<details id=\"e-n-accordion-item-8023\" class=\"e-n-accordion-item\" >\n\t\t\t\t<summary class=\"e-n-accordion-item-title\" data-accordion-index=\"4\" tabindex=\"-1\" aria-expanded=\"false\" aria-controls=\"e-n-accordion-item-8023\" >\n\t\t\t\t\t<span class='e-n-accordion-item-title-header'><div class=\"e-n-accordion-item-title-text\"> Hor\u00e1rios de Funcionamento <\/div><\/span>\n\t\t\t\t\t\t\t<span class='e-n-accordion-item-title-icon'>\n\t\t\t<span class='e-opened' ><svg aria-hidden=\"true\" class=\"e-font-icon-svg e-fas-chevron-down\" viewBox=\"0 0 448 512\" xmlns=\"http:\/\/www.w3.org\/2000\/svg\"><path d=\"M207.029 381.476L12.686 187.132c-9.373-9.373-9.373-24.569 0-33.941l22.667-22.667c9.357-9.357 24.522-9.375 33.901-.04L224 284.505l154.745-154.021c9.379-9.335 24.544-9.317 33.901.04l22.667 22.667c9.373 9.373 9.373 24.569 0 33.941L240.971 381.476c-9.373 9.372-24.569 9.372-33.942 0z\"><\/path><\/svg><\/span>\n\t\t\t<span class='e-closed'><svg aria-hidden=\"true\" class=\"e-font-icon-svg e-fas-chevron-right\" viewBox=\"0 0 320 512\" xmlns=\"http:\/\/www.w3.org\/2000\/svg\"><path d=\"M285.476 272.971L91.132 467.314c-9.373 9.373-24.569 9.373-33.941 0l-22.667-22.667c-9.357-9.357-9.375-24.522-.04-33.901L188.505 256 34.484 101.255c-9.335-9.379-9.317-24.544.04-33.901l22.667-22.667c9.373-9.373 24.569-9.373 33.941 0L285.475 239.03c9.373 9.372 9.373 24.568.001 33.941z\"><\/path><\/svg><\/span>\n\t\t<\/span>\n\n\t\t\t\t\t\t<\/summary>\n\t\t\t\t<div role=\"region\" aria-labelledby=\"e-n-accordion-item-8023\" class=\"elementor-element elementor-element-5409916 e-flex e-con-boxed e-con e-child\" data-id=\"5409916\" data-element_type=\"container\" data-e-type=\"container\">\n\t\t\t\t\t<div class=\"e-con-inner\">\n\t\t\t\t<div class=\"elementor-element elementor-element-8a5f0a1 elementor-widget elementor-widget-text-editor\" data-id=\"8a5f0a1\" data-element_type=\"widget\" data-e-type=\"widget\" data-widget_type=\"text-editor.default\">\n\t\t\t\t\t\t\t\t\t<p><strong>Per\u00edodo Matutino:<\/strong> entrada das 7h \u00e0s 7h30; sa\u00edda das 13h \u00e0s 13h30.<br \/><strong>Per\u00edodo Vespertino:<\/strong> entrada das 13h \u00e0s 13h30; sa\u00edda das 17h \u00e0s 17h30.<br \/><strong>Per\u00edodo Integral:<\/strong> entrada das 7h \u00e0s 7h30; sa\u00edda das 17h \u00e0s 17h30.<\/p>\t\t\t\t\t\t\t\t<\/div>\n\t\t\t\t\t<\/div>\n\t\t\t\t<\/div>\n\t\t\t\t\t<\/details>\n\t\t\t\t\t\t<details id=\"e-n-accordion-item-8024\" class=\"e-n-accordion-item\" >\n\t\t\t\t<summary class=\"e-n-accordion-item-title\" data-accordion-index=\"5\" tabindex=\"-1\" aria-expanded=\"false\" aria-controls=\"e-n-accordion-item-8024\" >\n\t\t\t\t\t<span class='e-n-accordion-item-title-header'><div class=\"e-n-accordion-item-title-text\"> Oferta <\/div><\/span>\n\t\t\t\t\t\t\t<span class='e-n-accordion-item-title-icon'>\n\t\t\t<span class='e-opened' ><svg aria-hidden=\"true\" class=\"e-font-icon-svg e-fas-chevron-down\" viewBox=\"0 0 448 512\" xmlns=\"http:\/\/www.w3.org\/2000\/svg\"><path d=\"M207.029 381.476L12.686 187.132c-9.373-9.373-9.373-24.569 0-33.941l22.667-22.667c9.357-9.357 24.522-9.375 33.901-.04L224 284.505l154.745-154.021c9.379-9.335 24.544-9.317 33.901.04l22.667 22.667c9.373 9.373 9.373 24.569 0 33.941L240.971 381.476c-9.373 9.372-24.569 9.372-33.942 0z\"><\/path><\/svg><\/span>\n\t\t\t<span class='e-closed'><svg aria-hidden=\"true\" class=\"e-font-icon-svg e-fas-chevron-right\" viewBox=\"0 0 320 512\" xmlns=\"http:\/\/www.w3.org\/2000\/svg\"><path d=\"M285.476 272.971L91.132 467.314c-9.373 9.373-24.569 9.373-33.941 0l-22.667-22.667c-9.357-9.357-9.375-24.522-.04-33.901L188.505 256 34.484 101.255c-9.335-9.379-9.317-24.544.04-33.901l22.667-22.667c9.373-9.373 24.569-9.373 33.941 0L285.475 239.03c9.373 9.372 9.373 24.568.001 33.941z\"><\/path><\/svg><\/span>\n\t\t<\/span>\n\n\t\t\t\t\t\t<\/summary>\n\t\t\t\t<div role=\"region\" aria-labelledby=\"e-n-accordion-item-8024\" class=\"elementor-element elementor-element-79a6317 e-flex e-con-boxed e-con e-child\" data-id=\"79a6317\" data-element_type=\"container\" data-e-type=\"container\">\n\t\t\t\t\t<div class=\"e-con-inner\">\n\t\t\t\t<div class=\"elementor-element elementor-element-62bba31 elementor-widget elementor-widget-text-editor\" data-id=\"62bba31\" data-element_type=\"widget\" data-e-type=\"widget\" data-widget_type=\"text-editor.default\">\n\t\t\t\t\t\t\t\t\t<p>A unidade oferta para as crian\u00e7as, caf\u00e9 da manh\u00e3\/cola\u00e7\u00e3o, almo\u00e7o, lanche da tarde e jantar, conforme o per\u00edodo de perman\u00eancia no local. As refei\u00e7\u00f5es s\u00e3o preparadas na pr\u00f3pria Creche, por uma empresa contratada pela SES\/GO, sob a supervis\u00e3o da equipe de nutri\u00e7\u00e3o da unidade. O card\u00e1pio \u00e9 definido para o atendimento integral das necessidades nutricionais da faixa et\u00e1ria atendida. Existe um card\u00e1pio fixo para 5 (cinco) semanas para o ber\u00e7\u00e1rio e para as crian\u00e7as das turmas B e C, ap\u00f3s as 5 (cinco) semanas ele se inicia novamente (conforme anexo).<\/p><p>Al\u00e9m disso, ao longo do ano as refei\u00e7\u00f5es das crian\u00e7as podem sofrer altera\u00e7\u00f5es pontuais de acordo com as datas comemorativas e as atividades pedag\u00f3gicas realizadas.<\/p><p><strong>Obs.:<\/strong> As crian\u00e7as que durante a anamnese os pais sinalizaram alguma restri\u00e7\u00e3o alimentar, s\u00e3o acompanhadas pela nutricionista, atendendo a essas restri\u00e7\u00f5es em suas dietas espec\u00edficas.<\/p>\t\t\t\t\t\t\t\t<\/div>\n\t\t\t\t\t<\/div>\n\t\t\t\t<\/div>\n\t\t\t\t\t<\/details>\n\t\t\t\t\t\t<details id=\"e-n-accordion-item-8025\" class=\"e-n-accordion-item\" >\n\t\t\t\t<summary class=\"e-n-accordion-item-title\" data-accordion-index=\"6\" tabindex=\"-1\" aria-expanded=\"false\" aria-controls=\"e-n-accordion-item-8025\" >\n\t\t\t\t\t<span class='e-n-accordion-item-title-header'><div class=\"e-n-accordion-item-title-text\"> Atividades Desenvolvidas <\/div><\/span>\n\t\t\t\t\t\t\t<span class='e-n-accordion-item-title-icon'>\n\t\t\t<span class='e-opened' ><svg aria-hidden=\"true\" class=\"e-font-icon-svg e-fas-chevron-down\" viewBox=\"0 0 448 512\" xmlns=\"http:\/\/www.w3.org\/2000\/svg\"><path d=\"M207.029 381.476L12.686 187.132c-9.373-9.373-9.373-24.569 0-33.941l22.667-22.667c9.357-9.357 24.522-9.375 33.901-.04L224 284.505l154.745-154.021c9.379-9.335 24.544-9.317 33.901.04l22.667 22.667c9.373 9.373 9.373 24.569 0 33.941L240.971 381.476c-9.373 9.372-24.569 9.372-33.942 0z\"><\/path><\/svg><\/span>\n\t\t\t<span class='e-closed'><svg aria-hidden=\"true\" class=\"e-font-icon-svg e-fas-chevron-right\" viewBox=\"0 0 320 512\" xmlns=\"http:\/\/www.w3.org\/2000\/svg\"><path d=\"M285.476 272.971L91.132 467.314c-9.373 9.373-24.569 9.373-33.941 0l-22.667-22.667c-9.357-9.357-9.375-24.522-.04-33.901L188.505 256 34.484 101.255c-9.335-9.379-9.317-24.544.04-33.901l22.667-22.667c9.373-9.373 24.569-9.373 33.941 0L285.475 239.03c9.373 9.372 9.373 24.568.001 33.941z\"><\/path><\/svg><\/span>\n\t\t<\/span>\n\n\t\t\t\t\t\t<\/summary>\n\t\t\t\t<div role=\"region\" aria-labelledby=\"e-n-accordion-item-8025\" class=\"elementor-element elementor-element-f80e33d e-flex e-con-boxed e-con e-child\" data-id=\"f80e33d\" data-element_type=\"container\" data-e-type=\"container\">\n\t\t\t\t\t<div class=\"e-con-inner\">\n\t\t\t\t<div class=\"elementor-element elementor-element-a7e38d1 elementor-widget elementor-widget-text-editor\" data-id=\"a7e38d1\" data-element_type=\"widget\" data-e-type=\"widget\" data-widget_type=\"text-editor.default\">\n\t\t\t\t\t\t\t\t\t<p>Acolhimento, entrevista social e anamneses com toda equipe multiprofissional, a fim de conhecer a fam\u00edlia e a crian\u00e7a.<\/p><p>A Creche n\u00e3o promove qualquer tipo de terapias, atendimentos e etc. mas, caso a Equipe Multi perceba a necessidade, esses profissionais fazem encaminhamentos, orientando a busca pelas terapias individuais, terapias em grupo, terapias familiares, avalia\u00e7\u00f5es psicol\u00f3gicas e neuropsicol\u00f3gicas. A unidade tamb\u00e9m promove cursos de capacita\u00e7\u00e3o para os servidores da Unidade e Palestras aos servidores e quando houver necessidade aos pais e ou respons\u00e1veis sobre da Educa\u00e7\u00e3o Infantil e suas faixas et\u00e1rias.<\/p>\t\t\t\t\t\t\t\t<\/div>\n\t\t\t\t\t<\/div>\n\t\t\t\t<\/div>\n\t\t\t\t\t<\/details>\n\t\t\t\t\t\t<details id=\"e-n-accordion-item-8026\" class=\"e-n-accordion-item\" >\n\t\t\t\t<summary class=\"e-n-accordion-item-title\" data-accordion-index=\"7\" tabindex=\"-1\" aria-expanded=\"false\" aria-controls=\"e-n-accordion-item-8026\" >\n\t\t\t\t\t<span class='e-n-accordion-item-title-header'><div class=\"e-n-accordion-item-title-text\"> Cartilhas <\/div><\/span>\n\t\t\t\t\t\t\t<span class='e-n-accordion-item-title-icon'>\n\t\t\t<span class='e-opened' ><svg aria-hidden=\"true\" class=\"e-font-icon-svg e-fas-chevron-down\" viewBox=\"0 0 448 512\" xmlns=\"http:\/\/www.w3.org\/2000\/svg\"><path d=\"M207.029 381.476L12.686 187.132c-9.373-9.373-9.373-24.569 0-33.941l22.667-22.667c9.357-9.357 24.522-9.375 33.901-.04L224 284.505l154.745-154.021c9.379-9.335 24.544-9.317 33.901.04l22.667 22.667c9.373 9.373 9.373 24.569 0 33.941L240.971 381.476c-9.373 9.372-24.569 9.372-33.942 0z\"><\/path><\/svg><\/span>\n\t\t\t<span class='e-closed'><svg aria-hidden=\"true\" class=\"e-font-icon-svg e-fas-chevron-right\" viewBox=\"0 0 320 512\" xmlns=\"http:\/\/www.w3.org\/2000\/svg\"><path d=\"M285.476 272.971L91.132 467.314c-9.373 9.373-24.569 9.373-33.941 0l-22.667-22.667c-9.357-9.357-9.375-24.522-.04-33.901L188.505 256 34.484 101.255c-9.335-9.379-9.317-24.544.04-33.901l22.667-22.667c9.373-9.373 24.569-9.373 33.941 0L285.475 239.03c9.373 9.372 9.373 24.568.001 33.941z\"><\/path><\/svg><\/span>\n\t\t<\/span>\n\n\t\t\t\t\t\t<\/summary>\n\t\t\t\t<div role=\"region\" aria-labelledby=\"e-n-accordion-item-8026\" class=\"elementor-element elementor-element-98c5d9c e-flex e-con-boxed e-con e-child\" data-id=\"98c5d9c\" data-element_type=\"container\" data-e-type=\"container\">\n\t\t\t\t\t<div class=\"e-con-inner\">\n\t\t\t\t<div class=\"elementor-element elementor-element-06b3322 elementor-widget elementor-widget-text-editor\" data-id=\"06b3322\" data-element_type=\"widget\" data-e-type=\"widget\" data-widget_type=\"text-editor.default\">\n\t\t\t\t\t\t\t\t\t<p><a href=\"https:\/\/form.saude.go.gov.br\/images\/cantinho_feliz\/cartilha_creche_cantinho_feliz.pdf\" target=\"_blank\" rel=\"noopener\">Cartilha &#8211; Guia para o Cuidado Familiar<\/a><\/p>\t\t\t\t\t\t\t\t<\/div>\n\t\t\t\t\t<\/div>\n\t\t\t\t<\/div>\n\t\t\t\t\t<\/details>\n\t\t\t\t\t<\/div>\n\t\t\t\t\t\t<\/div>\n\t\t\t\t\t<\/div>\n\t\t\t\t<\/div>\n\t\t\t\t<\/div>\n\t\t","protected":false},"excerpt":{"rendered":"<p>Recep\u00e7\u00e3o Telefone: (62) 3201-4162 Diretoria Dire\u00e7\u00e3o Geral: Soraia Guimar\u00e3es(62) 3201-4159 \/ soraia.guimaraes@goias.gov.br Dire\u00e7\u00e3o Administrativa: Susenilda Bizinoto Fassa Silvasusenilda.silva@goias.gov.br Localiza\u00e7\u00e3o Av. 24 de Outubro, n\u00ba 440, Setor dos Funcion\u00e1rios &#8211; Goi\u00e2nia \u2013 Goi\u00e1s CEP: 74.543-100 A Creche Cantinho Feliz (CCF) \u00e9 uma unidade vinculada \u00e0 Superintend\u00eancia de Escola de Sa\u00fade de Goi\u00e1s da Secretaria de Estado [&hellip;]<\/p>\n","protected":false},"author":584,"featured_media":0,"parent":0,"menu_order":0,"comment_status":"closed","ping_status":"closed","template":"","meta":{"footnotes":"","_links_to":"","_links_to_target":""},"class_list":["post-200909","page","type-page","status-publish","hentry"],"rttpg_featured_image_url":null,"rttpg_author":{"display_name":"angelicaabadia","author_link":"https:\/\/goias.gov.br\/escoladesaude\/author\/angelicaabadia\/"},"rttpg_comment":0,"rttpg_category":null,"rttpg_excerpt":"Recep\u00e7\u00e3o Telefone: (62) 3201-4162 Diretoria Dire\u00e7\u00e3o Geral: Soraia Guimar\u00e3es(62) 3201-4159 \/ soraia.guimaraes@goias.gov.br Dire\u00e7\u00e3o Administrativa: Susenilda Bizinoto Fassa Silvasusenilda.silva@goias.gov.br Localiza\u00e7\u00e3o Av. 24 de Outubro, n\u00ba 440, Setor dos Funcion\u00e1rios &#8211; Goi\u00e2nia \u2013 Goi\u00e1s CEP: 74.543-100 A Creche Cantinho Feliz (CCF) \u00e9 uma unidade vinculada \u00e0 Superintend\u00eancia de Escola de Sa\u00fade de Goi\u00e1s da Secretaria de Estado&hellip;","_links":{"self":[{"href":"https:\/\/goias.gov.br\/escoladesaude\/wp-json\/wp\/v2\/pages\/200909","targetHints":{"allow":["GET"]}}],"collection":[{"href":"https:\/\/goias.gov.br\/escoladesaude\/wp-json\/wp\/v2\/pages"}],"about":[{"href":"https:\/\/goias.gov.br\/escoladesaude\/wp-json\/wp\/v2\/types\/page"}],"author":[{"embeddable":true,"href":"https:\/\/goias.gov.br\/escoladesaude\/wp-json\/wp\/v2\/users\/584"}],"replies":[{"embeddable":true,"href":"https:\/\/goias.gov.br\/escoladesaude\/wp-json\/wp\/v2\/comments?post=200909"}],"version-history":[{"count":2,"href":"https:\/\/goias.gov.br\/escoladesaude\/wp-json\/wp\/v2\/pages\/200909\/revisions"}],"predecessor-version":[{"id":203144,"href":"https:\/\/goias.gov.br\/escoladesaude\/wp-json\/wp\/v2\/pages\/200909\/revisions\/203144"}],"wp:attachment":[{"href":"https:\/\/goias.gov.br\/escoladesaude\/wp-json\/wp\/v2\/media?parent=200909"}],"curies":[{"name":"wp","href":"https:\/\/api.w.org\/{rel}","templated":true}]}}