
{"id":200890,"date":"2024-11-21T10:15:11","date_gmt":"2024-11-21T13:15:11","guid":{"rendered":"https:\/\/goias.gov.br\/escoladesaude\/?page_id=200890"},"modified":"2026-02-09T16:43:54","modified_gmt":"2026-02-09T19:43:54","slug":"sobre-a-escola","status":"publish","type":"page","link":"https:\/\/goias.gov.br\/escoladesaude\/sobre-a-escola\/","title":{"rendered":"Sobre a Escola"},"content":{"rendered":"\t\t<div data-elementor-type=\"wp-page\" data-elementor-id=\"200890\" class=\"elementor elementor-200890\">\n\t\t\t\t<div class=\"elementor-element elementor-element-a8c7cae e-flex e-con-boxed e-con e-parent\" data-id=\"a8c7cae\" data-element_type=\"container\" data-e-type=\"container\">\n\t\t\t\t\t<div class=\"e-con-inner\">\n\t\t\t\t<div class=\"elementor-element elementor-element-309c51c elementor-widget elementor-widget-text-editor\" data-id=\"309c51c\" data-element_type=\"widget\" data-e-type=\"widget\" data-widget_type=\"text-editor.default\">\n\t\t\t\t\t\t\t\t\t<p align=\"\\&quot;justify\\&quot;\">A Superintend\u00eancia da Escola de Sa\u00fade de Goi\u00e1s (SESG) comp\u00f5e a estrutura da Secretaria de Estado da Sa\u00fade (SES-GO). Est\u00e1 diretamente ligada \u00e0 Subsecretaria de Inova\u00e7\u00e3o, Planejamento, Educa\u00e7\u00e3o e Infraestrutura. Atua como um eixo estrat\u00e9gico na promo\u00e7\u00e3o de educa\u00e7\u00e3o permanente em sa\u00fade, com o objetivo de fortalecer continuamente o Sistema \u00danico de Sa\u00fade (SUS) no estado de Goi\u00e1s. Tem como principais pilares gerenciais, a prioriza\u00e7\u00e3o e a celeridade das atividades, a gest\u00e3o por processos e a lideran\u00e7a comunicacional, que promovem efici\u00eancia na execu\u00e7\u00e3o das a\u00e7\u00f5es educacionais.<\/p><p align=\"\\&quot;justify\\&quot;\">A SESG \u00e9 comprometida com a qualifica\u00e7\u00e3o cont\u00ednua dos profissionais de sa\u00fade que atuam nas cinco macrorregi\u00f5es do estado. Por meio de a\u00e7\u00f5es educacionais alinhadas \u00e0s necessidades de cada regi\u00e3o, a SESG busca fortalecer a equidade no acesso ao conhecimento e nas pr\u00e1ticas de sa\u00fade, garantindo que as especificidades locais sejam contempladas em todos os processos formativos.<\/p><p align=\"\\&quot;justify\\&quot;\">Este compromisso com a regionaliza\u00e7\u00e3o reflete a nossa miss\u00e3o de promover a transforma\u00e7\u00e3o do SUS por meio da educa\u00e7\u00e3o, sempre com foco na melhoria cont\u00ednua dos sistemas de sa\u00fade e na sustentabilidade dos servi\u00e7os.<\/p><p align=\"\\&quot;justify\\&quot;\">Dentre as diversas frentes de trabalho, destaca-se a Educa\u00e7\u00e3o Permanente e Continuada em Sa\u00fade, a Pesquisa Cient\u00edfica em Sa\u00fade, as Resid\u00eancias M\u00e9dica, Uni e Multiprofissional, os Est\u00e1gios Curriculares, o Desenvolvimento de Pessoas e, os Contratos e Conv\u00eanios referentes \u00e0 unidade em quest\u00e3o, distribu\u00eddas nas suas cinco ger\u00eancias:<\/p>\t\t\t\t\t\t\t\t<\/div>\n\t\t\t\t<div class=\"elementor-element elementor-element-b3f9ca6 elementor-widget elementor-widget-n-accordion\" data-id=\"b3f9ca6\" data-element_type=\"widget\" data-e-type=\"widget\" data-settings=\"{&quot;default_state&quot;:&quot;expanded&quot;,&quot;max_items_expended&quot;:&quot;one&quot;,&quot;n_accordion_animation_duration&quot;:{&quot;unit&quot;:&quot;ms&quot;,&quot;size&quot;:400,&quot;sizes&quot;:[]}}\" data-widget_type=\"nested-accordion.default\">\n\t\t\t\t\t\t\t<div class=\"e-n-accordion\" aria-label=\"Accordion. Open links with Enter or Space, close with Escape, and navigate with Arrow Keys\">\n\t\t\t\t\t\t<details id=\"e-n-accordion-item-1880\" class=\"e-n-accordion-item\" open>\n\t\t\t\t<summary class=\"e-n-accordion-item-title\" data-accordion-index=\"1\" tabindex=\"0\" aria-expanded=\"true\" aria-controls=\"e-n-accordion-item-1880\" >\n\t\t\t\t\t<span class='e-n-accordion-item-title-header'><div class=\"e-n-accordion-item-title-text\"> Ger\u00eancia de Projetos Educacionais em Sa\u00fade <\/div><\/span>\n\t\t\t\t\t\t\t<span class='e-n-accordion-item-title-icon'>\n\t\t\t<span class='e-opened' ><svg aria-hidden=\"true\" class=\"e-font-icon-svg e-fas-chevron-down\" viewBox=\"0 0 448 512\" xmlns=\"http:\/\/www.w3.org\/2000\/svg\"><path d=\"M207.029 381.476L12.686 187.132c-9.373-9.373-9.373-24.569 0-33.941l22.667-22.667c9.357-9.357 24.522-9.375 33.901-.04L224 284.505l154.745-154.021c9.379-9.335 24.544-9.317 33.901.04l22.667 22.667c9.373 9.373 9.373 24.569 0 33.941L240.971 381.476c-9.373 9.372-24.569 9.372-33.942 0z\"><\/path><\/svg><\/span>\n\t\t\t<span class='e-closed'><svg aria-hidden=\"true\" class=\"e-font-icon-svg e-fas-chevron-right\" viewBox=\"0 0 320 512\" xmlns=\"http:\/\/www.w3.org\/2000\/svg\"><path d=\"M285.476 272.971L91.132 467.314c-9.373 9.373-24.569 9.373-33.941 0l-22.667-22.667c-9.357-9.357-9.375-24.522-.04-33.901L188.505 256 34.484 101.255c-9.335-9.379-9.317-24.544.04-33.901l22.667-22.667c9.373-9.373 24.569-9.373 33.941 0L285.475 239.03c9.373 9.372 9.373 24.568.001 33.941z\"><\/path><\/svg><\/span>\n\t\t<\/span>\n\n\t\t\t\t\t\t<\/summary>\n\t\t\t\t<div role=\"region\" aria-labelledby=\"e-n-accordion-item-1880\" class=\"elementor-element elementor-element-c08d787 e-con-full e-flex e-con e-child\" data-id=\"c08d787\" data-element_type=\"container\" data-e-type=\"container\">\n\t\t\t\t<div class=\"elementor-element elementor-element-92c2e2f elementor-widget elementor-widget-text-editor\" data-id=\"92c2e2f\" data-element_type=\"widget\" data-e-type=\"widget\" data-widget_type=\"text-editor.default\">\n\t\t\t\t\t\t\t\t\t<p><span style=\"font-size: small;\"><span style=\"font-family: Opensans, serif;\">Cabe gerenciar as a\u00e7\u00f5es de Planejamento de Educa\u00e7\u00e3o em Sa\u00fade no \u00e2mbito da SES-GO, formulando e executando as atividades e a\u00e7\u00f5es educacionais de forma integrada e unificada, visando qualificar a for\u00e7a de trabalho do SUS. As a\u00e7\u00f5es educacionais s\u00e3o executadas em diversas modalidades: Presencial, Semipresencial, Educa\u00e7\u00e3o a Dist\u00e2ncia e Autoinstrucional, sendo com ou sem tutoria. <\/span><\/span><\/p>\t\t\t\t\t\t\t\t<\/div>\n\t\t\t\t<\/div>\n\t\t\t\t\t<\/details>\n\t\t\t\t\t\t<details id=\"e-n-accordion-item-1881\" class=\"e-n-accordion-item\" >\n\t\t\t\t<summary class=\"e-n-accordion-item-title\" data-accordion-index=\"2\" tabindex=\"-1\" aria-expanded=\"false\" aria-controls=\"e-n-accordion-item-1881\" >\n\t\t\t\t\t<span class='e-n-accordion-item-title-header'><div class=\"e-n-accordion-item-title-text\"> Ger\u00eancia de Desenvolvimento e Ensino em Sa\u00fade <\/div><\/span>\n\t\t\t\t\t\t\t<span class='e-n-accordion-item-title-icon'>\n\t\t\t<span class='e-opened' ><svg aria-hidden=\"true\" class=\"e-font-icon-svg e-fas-chevron-down\" viewBox=\"0 0 448 512\" xmlns=\"http:\/\/www.w3.org\/2000\/svg\"><path d=\"M207.029 381.476L12.686 187.132c-9.373-9.373-9.373-24.569 0-33.941l22.667-22.667c9.357-9.357 24.522-9.375 33.901-.04L224 284.505l154.745-154.021c9.379-9.335 24.544-9.317 33.901.04l22.667 22.667c9.373 9.373 9.373 24.569 0 33.941L240.971 381.476c-9.373 9.372-24.569 9.372-33.942 0z\"><\/path><\/svg><\/span>\n\t\t\t<span class='e-closed'><svg aria-hidden=\"true\" class=\"e-font-icon-svg e-fas-chevron-right\" viewBox=\"0 0 320 512\" xmlns=\"http:\/\/www.w3.org\/2000\/svg\"><path d=\"M285.476 272.971L91.132 467.314c-9.373 9.373-24.569 9.373-33.941 0l-22.667-22.667c-9.357-9.357-9.375-24.522-.04-33.901L188.505 256 34.484 101.255c-9.335-9.379-9.317-24.544.04-33.901l22.667-22.667c9.373-9.373 24.569-9.373 33.941 0L285.475 239.03c9.373 9.372 9.373 24.568.001 33.941z\"><\/path><\/svg><\/span>\n\t\t<\/span>\n\n\t\t\t\t\t\t<\/summary>\n\t\t\t\t<div role=\"region\" aria-labelledby=\"e-n-accordion-item-1881\" class=\"elementor-element elementor-element-005ee55 e-con-full e-flex e-con e-child\" data-id=\"005ee55\" data-element_type=\"container\" data-e-type=\"container\">\n\t\t\t\t<div class=\"elementor-element elementor-element-cb01ce0 elementor-widget elementor-widget-text-editor\" data-id=\"cb01ce0\" data-element_type=\"widget\" data-e-type=\"widget\" data-widget_type=\"text-editor.default\">\n\t\t\t\t\t\t\t\t\t<p><span style=\"font-size: small;\"><span style=\"font-family: Opensans, serif;\">Conduz o treinamento em servi\u00e7o no \u00e2mbito da SES-GO e desenvolve estrat\u00e9gias voltadas para o estabelecimento de novas rela\u00e7\u00f5es de compromisso e responsabilidade das Institui\u00e7\u00f5es de Ensino com a SES-GO, que se expressem em novas formas de ensinar e praticar sa\u00fade por meio da interse\u00e7\u00e3o entre o servi\u00e7o e a educa\u00e7\u00e3o na sa\u00fade. Assim, monitora os campos de est\u00e1gios nas nossas Unidades e encaminha os estagi\u00e1rios e, tamb\u00e9m, assessora tecnicamente os Programas de Resid\u00eancia em Sa\u00fade (M\u00e9dica, Uni e Multiprofissional) das Unidades da SES-GO.<\/span><\/span><\/p>\t\t\t\t\t\t\t\t<\/div>\n\t\t\t\t<\/div>\n\t\t\t\t\t<\/details>\n\t\t\t\t\t\t<details id=\"e-n-accordion-item-1882\" class=\"e-n-accordion-item\" >\n\t\t\t\t<summary class=\"e-n-accordion-item-title\" data-accordion-index=\"3\" tabindex=\"-1\" aria-expanded=\"false\" aria-controls=\"e-n-accordion-item-1882\" >\n\t\t\t\t\t<span class='e-n-accordion-item-title-header'><div class=\"e-n-accordion-item-title-text\"> Ger\u00eancia de Pesquisa e Inova\u00e7\u00e3o <\/div><\/span>\n\t\t\t\t\t\t\t<span class='e-n-accordion-item-title-icon'>\n\t\t\t<span class='e-opened' ><svg aria-hidden=\"true\" class=\"e-font-icon-svg e-fas-chevron-down\" viewBox=\"0 0 448 512\" xmlns=\"http:\/\/www.w3.org\/2000\/svg\"><path d=\"M207.029 381.476L12.686 187.132c-9.373-9.373-9.373-24.569 0-33.941l22.667-22.667c9.357-9.357 24.522-9.375 33.901-.04L224 284.505l154.745-154.021c9.379-9.335 24.544-9.317 33.901.04l22.667 22.667c9.373 9.373 9.373 24.569 0 33.941L240.971 381.476c-9.373 9.372-24.569 9.372-33.942 0z\"><\/path><\/svg><\/span>\n\t\t\t<span class='e-closed'><svg aria-hidden=\"true\" class=\"e-font-icon-svg e-fas-chevron-right\" viewBox=\"0 0 320 512\" xmlns=\"http:\/\/www.w3.org\/2000\/svg\"><path d=\"M285.476 272.971L91.132 467.314c-9.373 9.373-24.569 9.373-33.941 0l-22.667-22.667c-9.357-9.357-9.375-24.522-.04-33.901L188.505 256 34.484 101.255c-9.335-9.379-9.317-24.544.04-33.901l22.667-22.667c9.373-9.373 24.569-9.373 33.941 0L285.475 239.03c9.373 9.372 9.373 24.568.001 33.941z\"><\/path><\/svg><\/span>\n\t\t<\/span>\n\n\t\t\t\t\t\t<\/summary>\n\t\t\t\t<div role=\"region\" aria-labelledby=\"e-n-accordion-item-1882\" class=\"elementor-element elementor-element-7ec3eb5 e-con-full e-flex e-con e-child\" data-id=\"7ec3eb5\" data-element_type=\"container\" data-e-type=\"container\">\n\t\t\t\t<div class=\"elementor-element elementor-element-453542e elementor-widget elementor-widget-text-editor\" data-id=\"453542e\" data-element_type=\"widget\" data-e-type=\"widget\" data-widget_type=\"text-editor.default\">\n\t\t\t\t\t\t\t\t\t<p><span style=\"font-size: small;\"><span style=\"font-family: Opensans, serif;\">Se responsabiliza principalmente por apoiar e monitorar os projetos de pesquisas realizados na SES-GO, garantindo a qualidade cient\u00edfica e \u00e9tica visando atender \u00e0s necessidades de sa\u00fade da popula\u00e7\u00e3o de Goi\u00e1s e, ainda, desenvolver e fomentar a\u00e7\u00f5es de avalia\u00e7\u00e3o de tecnologia em sa\u00fade no Estado de Goi\u00e1s, em cumprimento \u00e0 Pol\u00edtica Nacional de Ci\u00eancia, Tecnologia e Inova\u00e7\u00e3o em Sa\u00fade no SUS e de acesso dos trabalhadores e atores sociais \u00e0 informa\u00e7\u00e3o cient\u00edfica. Diante disso, tem trabalhado para subsidiar a gest\u00e3o com evid\u00eancias cient\u00edficas para avalia\u00e7\u00e3o de tecnologias em sa\u00fade oriundas das \u00e1reas t\u00e9cnicas da SES, fomentar a divulga\u00e7\u00e3o da informa\u00e7\u00e3o cient\u00edfica, notadamente, por meio da Revista de Sa\u00fade P\u00fablica \u201cC\u00e2ndido Santiago\u201d RESAP e executar a Jornada Cient\u00edfica da SES-GO.<\/span><\/span><\/p>\t\t\t\t\t\t\t\t<\/div>\n\t\t\t\t<\/div>\n\t\t\t\t\t<\/details>\n\t\t\t\t\t\t<details id=\"e-n-accordion-item-1883\" class=\"e-n-accordion-item\" >\n\t\t\t\t<summary class=\"e-n-accordion-item-title\" data-accordion-index=\"4\" tabindex=\"-1\" aria-expanded=\"false\" aria-controls=\"e-n-accordion-item-1883\" >\n\t\t\t\t\t<span class='e-n-accordion-item-title-header'><div class=\"e-n-accordion-item-title-text\"> Ger\u00eancia de Desenvolvimento de Pessoas <\/div><\/span>\n\t\t\t\t\t\t\t<span class='e-n-accordion-item-title-icon'>\n\t\t\t<span class='e-opened' ><svg aria-hidden=\"true\" class=\"e-font-icon-svg e-fas-chevron-down\" viewBox=\"0 0 448 512\" xmlns=\"http:\/\/www.w3.org\/2000\/svg\"><path d=\"M207.029 381.476L12.686 187.132c-9.373-9.373-9.373-24.569 0-33.941l22.667-22.667c9.357-9.357 24.522-9.375 33.901-.04L224 284.505l154.745-154.021c9.379-9.335 24.544-9.317 33.901.04l22.667 22.667c9.373 9.373 9.373 24.569 0 33.941L240.971 381.476c-9.373 9.372-24.569 9.372-33.942 0z\"><\/path><\/svg><\/span>\n\t\t\t<span class='e-closed'><svg aria-hidden=\"true\" class=\"e-font-icon-svg e-fas-chevron-right\" viewBox=\"0 0 320 512\" xmlns=\"http:\/\/www.w3.org\/2000\/svg\"><path d=\"M285.476 272.971L91.132 467.314c-9.373 9.373-24.569 9.373-33.941 0l-22.667-22.667c-9.357-9.357-9.375-24.522-.04-33.901L188.505 256 34.484 101.255c-9.335-9.379-9.317-24.544.04-33.901l22.667-22.667c9.373-9.373 24.569-9.373 33.941 0L285.475 239.03c9.373 9.372 9.373 24.568.001 33.941z\"><\/path><\/svg><\/span>\n\t\t<\/span>\n\n\t\t\t\t\t\t<\/summary>\n\t\t\t\t<div role=\"region\" aria-labelledby=\"e-n-accordion-item-1883\" class=\"elementor-element elementor-element-ea5d36c e-flex e-con-boxed e-con e-child\" data-id=\"ea5d36c\" data-element_type=\"container\" data-e-type=\"container\">\n\t\t\t\t\t<div class=\"e-con-inner\">\n\t\t\t\t<div class=\"elementor-element elementor-element-b6d545d elementor-widget elementor-widget-text-editor\" data-id=\"b6d545d\" data-element_type=\"widget\" data-e-type=\"widget\" data-widget_type=\"text-editor.default\">\n\t\t\t\t\t\t\t\t\t<p><span style=\"font-size: small;\"><span style=\"font-family: Opensans, serif;\">Tem como principais atividades a elabora\u00e7\u00e3o de estrat\u00e9gias de desenvolvimento de pessoas alinhada aos objetivos organizacionais da SES-GO, a promo\u00e7\u00e3o do crescimento profissional dos servidores por meio do aperfei\u00e7oamento de acordo com a evolu\u00e7\u00e3o das carreiras e diretrizes de desenvolvimento profissional do Estado de Goi\u00e1s, a implementa\u00e7\u00e3o da gest\u00e3o de talentos por meio da gest\u00e3o de compet\u00eancia, gest\u00e3o do conhecimento, o planejamento das necessidades de treinamento e desenvolvimento coordenando programas de desenvolvimento e aperfei\u00e7oamento profissional para equipes nas \u00e1reas da SES-GO, dentre outras.<\/span><\/span><\/p>\t\t\t\t\t\t\t\t<\/div>\n\t\t\t\t\t<\/div>\n\t\t\t\t<\/div>\n\t\t\t\t\t<\/details>\n\t\t\t\t\t\t<details id=\"e-n-accordion-item-1884\" class=\"e-n-accordion-item\" >\n\t\t\t\t<summary class=\"e-n-accordion-item-title\" data-accordion-index=\"5\" tabindex=\"-1\" aria-expanded=\"false\" aria-controls=\"e-n-accordion-item-1884\" >\n\t\t\t\t\t<span class='e-n-accordion-item-title-header'><div class=\"e-n-accordion-item-title-text\"> Ger\u00eancia de Suporte Administrativo <\/div><\/span>\n\t\t\t\t\t\t\t<span class='e-n-accordion-item-title-icon'>\n\t\t\t<span class='e-opened' ><svg aria-hidden=\"true\" class=\"e-font-icon-svg e-fas-chevron-down\" viewBox=\"0 0 448 512\" xmlns=\"http:\/\/www.w3.org\/2000\/svg\"><path d=\"M207.029 381.476L12.686 187.132c-9.373-9.373-9.373-24.569 0-33.941l22.667-22.667c9.357-9.357 24.522-9.375 33.901-.04L224 284.505l154.745-154.021c9.379-9.335 24.544-9.317 33.901.04l22.667 22.667c9.373 9.373 9.373 24.569 0 33.941L240.971 381.476c-9.373 9.372-24.569 9.372-33.942 0z\"><\/path><\/svg><\/span>\n\t\t\t<span class='e-closed'><svg aria-hidden=\"true\" class=\"e-font-icon-svg e-fas-chevron-right\" viewBox=\"0 0 320 512\" xmlns=\"http:\/\/www.w3.org\/2000\/svg\"><path d=\"M285.476 272.971L91.132 467.314c-9.373 9.373-24.569 9.373-33.941 0l-22.667-22.667c-9.357-9.357-9.375-24.522-.04-33.901L188.505 256 34.484 101.255c-9.335-9.379-9.317-24.544.04-33.901l22.667-22.667c9.373-9.373 24.569-9.373 33.941 0L285.475 239.03c9.373 9.372 9.373 24.568.001 33.941z\"><\/path><\/svg><\/span>\n\t\t<\/span>\n\n\t\t\t\t\t\t<\/summary>\n\t\t\t\t<div role=\"region\" aria-labelledby=\"e-n-accordion-item-1884\" class=\"elementor-element elementor-element-ca16c5e e-flex e-con-boxed e-con e-child\" data-id=\"ca16c5e\" data-element_type=\"container\" data-e-type=\"container\">\n\t\t\t\t\t<div class=\"e-con-inner\">\n\t\t\t\t<div class=\"elementor-element elementor-element-acc8c6e elementor-widget elementor-widget-text-editor\" data-id=\"acc8c6e\" data-element_type=\"widget\" data-e-type=\"widget\" data-widget_type=\"text-editor.default\">\n\t\t\t\t\t\t\t\t\t<p><span style=\"font-size: small;\"><span style=\"font-family: Opensans, serif;\">Cabe a identifica\u00e7\u00e3o das<\/span> <span style=\"font-family: Opensans, serif;\">demandas, em conjunto com as demais Superintend\u00eancias e a atua\u00e7\u00e3o t\u00e9cnica junto \u00e0s mesmas para estabelecer parcerias no planejamento dos processos de trabalho. \u00c9 respons\u00e1vel pelo gerenciamento das a\u00e7\u00f5es de gest\u00e3o acad\u00eamica, log\u00edstica, manuten\u00e7\u00e3o, econ\u00f4micas e financeiras, e de suporte \u00e0s tecnologias da informa\u00e7\u00e3o e comunica\u00e7\u00e3o no \u00e2mbito da SESG. <\/span><\/span><\/p>\t\t\t\t\t\t\t\t<\/div>\n\t\t\t\t\t<\/div>\n\t\t\t\t<\/div>\n\t\t\t\t\t<\/details>\n\t\t\t\t\t\t<details id=\"e-n-accordion-item-1885\" class=\"e-n-accordion-item\" >\n\t\t\t\t<summary class=\"e-n-accordion-item-title\" data-accordion-index=\"6\" tabindex=\"-1\" aria-expanded=\"false\" aria-controls=\"e-n-accordion-item-1885\" >\n\t\t\t\t\t<span class='e-n-accordion-item-title-header'><div class=\"e-n-accordion-item-title-text\"> Creche Cantinho Feliz <\/div><\/span>\n\t\t\t\t\t\t\t<span class='e-n-accordion-item-title-icon'>\n\t\t\t<span class='e-opened' ><svg aria-hidden=\"true\" class=\"e-font-icon-svg e-fas-chevron-down\" viewBox=\"0 0 448 512\" xmlns=\"http:\/\/www.w3.org\/2000\/svg\"><path d=\"M207.029 381.476L12.686 187.132c-9.373-9.373-9.373-24.569 0-33.941l22.667-22.667c9.357-9.357 24.522-9.375 33.901-.04L224 284.505l154.745-154.021c9.379-9.335 24.544-9.317 33.901.04l22.667 22.667c9.373 9.373 9.373 24.569 0 33.941L240.971 381.476c-9.373 9.372-24.569 9.372-33.942 0z\"><\/path><\/svg><\/span>\n\t\t\t<span class='e-closed'><svg aria-hidden=\"true\" class=\"e-font-icon-svg e-fas-chevron-right\" viewBox=\"0 0 320 512\" xmlns=\"http:\/\/www.w3.org\/2000\/svg\"><path d=\"M285.476 272.971L91.132 467.314c-9.373 9.373-24.569 9.373-33.941 0l-22.667-22.667c-9.357-9.357-9.375-24.522-.04-33.901L188.505 256 34.484 101.255c-9.335-9.379-9.317-24.544.04-33.901l22.667-22.667c9.373-9.373 24.569-9.373 33.941 0L285.475 239.03c9.373 9.372 9.373 24.568.001 33.941z\"><\/path><\/svg><\/span>\n\t\t<\/span>\n\n\t\t\t\t\t\t<\/summary>\n\t\t\t\t<div role=\"region\" aria-labelledby=\"e-n-accordion-item-1885\" class=\"elementor-element elementor-element-537e8a9 e-flex e-con-boxed e-con e-child\" data-id=\"537e8a9\" data-element_type=\"container\" data-e-type=\"container\">\n\t\t\t\t\t<div class=\"e-con-inner\">\n\t\t\t\t<div class=\"elementor-element elementor-element-74e7797 elementor-widget elementor-widget-text-editor\" data-id=\"74e7797\" data-element_type=\"widget\" data-e-type=\"widget\" data-widget_type=\"text-editor.default\">\n\t\t\t\t\t\t\t\t\t<p><span style=\"font-size: 10pt;\">Diretoria Geral: Soraia Guimar\u00e3es<\/span><br \/><span style=\"font-size: 10pt;\">Diretoria Administrativa: Susenilda Bizinoto Fassa Silva<\/span><\/p><p><span style=\"font-size: 10pt;\">Hist\u00f3ria:<\/span><br \/><span style=\"font-size: 10pt;\">Fruto da mobiliza\u00e7\u00e3o de servidoras, o objetivo inicial visava prestar assist\u00eancia integral aos filhos de servidores do SUDS (Sistema Unificado e Descentralizado de Sa\u00fade) durante o per\u00edodo de trabalho dos pais. Ao longo de 11 (onze) anos funcionou em espa\u00e7o anexo \u00e0s depend\u00eancias do Hospital Materno Infantil e, em maio de 1998, mudou-se para uma sede provis\u00f3ria. Finalmente, em julho de 1999, conquistou sede pr\u00f3pria, localizada na Avenida 24 de outubro, n\u00ba 440, Setor dos Funcion\u00e1rios, onde est\u00e1 at\u00e9 os dias atuais. A Creche Cantinho Feliz (CCF) \u00e9 destinada exclusivamente ao atendimento de filhos de Servidores da Secretaria de Estado da Sa\u00fade\/SES-GO, na faixa et\u00e1ria de 04 meses a 2 anos e 11 meses de idade. Encontra-se credenciada e com autoriza\u00e7\u00e3o de funcionamento emitida pelo Conselho Estadual de Educa\u00e7\u00e3o (Resolu\u00e7\u00e3o CEE\/CEB N\u00ba 654\/2018).<\/span><\/p><p><span style=\"font-size: 10pt;\"><a href=\"https:\/\/goias.gov.br\/escoladesaude\/creche-cantinho-feliz\/\">Saiba mais<\/a><\/span><\/p>\t\t\t\t\t\t\t\t<\/div>\n\t\t\t\t\t<\/div>\n\t\t\t\t<\/div>\n\t\t\t\t\t<\/details>\n\t\t\t\t\t<\/div>\n\t\t\t\t\t\t<\/div>\n\t\t\t\t\t<\/div>\n\t\t\t\t<\/div>\n\t\t\t\t<\/div>\n\t\t","protected":false},"excerpt":{"rendered":"<p>A Superintend\u00eancia da Escola de Sa\u00fade de Goi\u00e1s (SESG) comp\u00f5e a estrutura da Secretaria de Estado da Sa\u00fade (SES-GO). Est\u00e1 diretamente ligada \u00e0 Subsecretaria de Inova\u00e7\u00e3o, Planejamento, Educa\u00e7\u00e3o e Infraestrutura. Atua como um eixo estrat\u00e9gico na promo\u00e7\u00e3o de educa\u00e7\u00e3o permanente em sa\u00fade, com o objetivo de fortalecer continuamente o Sistema \u00danico de Sa\u00fade (SUS) no [&hellip;]<\/p>\n","protected":false},"author":584,"featured_media":0,"parent":0,"menu_order":0,"comment_status":"closed","ping_status":"closed","template":"","meta":{"footnotes":"","_links_to":"","_links_to_target":""},"class_list":["post-200890","page","type-page","status-publish","hentry"],"rttpg_featured_image_url":null,"rttpg_author":{"display_name":"angelicaabadia","author_link":"https:\/\/goias.gov.br\/escoladesaude\/author\/angelicaabadia\/"},"rttpg_comment":0,"rttpg_category":null,"rttpg_excerpt":"A Superintend\u00eancia da Escola de Sa\u00fade de Goi\u00e1s (SESG) comp\u00f5e a estrutura da Secretaria de Estado da Sa\u00fade (SES-GO). Est\u00e1 diretamente ligada \u00e0 Subsecretaria de Inova\u00e7\u00e3o, Planejamento, Educa\u00e7\u00e3o e Infraestrutura. Atua como um eixo estrat\u00e9gico na promo\u00e7\u00e3o de educa\u00e7\u00e3o permanente em sa\u00fade, com o objetivo de fortalecer continuamente o Sistema \u00danico de Sa\u00fade (SUS) no&hellip;","_links":{"self":[{"href":"https:\/\/goias.gov.br\/escoladesaude\/wp-json\/wp\/v2\/pages\/200890","targetHints":{"allow":["GET"]}}],"collection":[{"href":"https:\/\/goias.gov.br\/escoladesaude\/wp-json\/wp\/v2\/pages"}],"about":[{"href":"https:\/\/goias.gov.br\/escoladesaude\/wp-json\/wp\/v2\/types\/page"}],"author":[{"embeddable":true,"href":"https:\/\/goias.gov.br\/escoladesaude\/wp-json\/wp\/v2\/users\/584"}],"replies":[{"embeddable":true,"href":"https:\/\/goias.gov.br\/escoladesaude\/wp-json\/wp\/v2\/comments?post=200890"}],"version-history":[{"count":2,"href":"https:\/\/goias.gov.br\/escoladesaude\/wp-json\/wp\/v2\/pages\/200890\/revisions"}],"predecessor-version":[{"id":203190,"href":"https:\/\/goias.gov.br\/escoladesaude\/wp-json\/wp\/v2\/pages\/200890\/revisions\/203190"}],"wp:attachment":[{"href":"https:\/\/goias.gov.br\/escoladesaude\/wp-json\/wp\/v2\/media?parent=200890"}],"curies":[{"name":"wp","href":"https:\/\/api.w.org\/{rel}","templated":true}]}}