
{"id":200314,"date":"2024-06-26T15:16:23","date_gmt":"2024-06-26T18:16:23","guid":{"rendered":"https:\/\/siteshom.goias.gov.br\/escoladesaude\/?page_id=200314"},"modified":"2026-02-09T16:05:05","modified_gmt":"2026-02-09T19:05:05","slug":"biblioteca","status":"publish","type":"page","link":"https:\/\/goias.gov.br\/escoladesaude\/escola-de-saude\/biblioteca\/","title":{"rendered":"Biblioteca Prof.\u00aa Ena Galv\u00e3o"},"content":{"rendered":"\t\t<div data-elementor-type=\"wp-page\" data-elementor-id=\"200314\" class=\"elementor elementor-200314\">\n\t\t\t\t<div class=\"elementor-element elementor-element-7f671e9 e-flex e-con-boxed e-con e-parent\" data-id=\"7f671e9\" data-element_type=\"container\" data-e-type=\"container\">\n\t\t\t\t\t<div class=\"e-con-inner\">\n\t\t\t\t<div class=\"elementor-element elementor-element-19f25f4 elementor-widget elementor-widget-text-editor\" data-id=\"19f25f4\" data-element_type=\"widget\" data-e-type=\"widget\" data-widget_type=\"text-editor.default\">\n\t\t\t\t\t\t\t\t\t<div style=\"text-align: justify;\"><p>A biblioteca Prof.\u00aa Ena Galv\u00e3o \u00e9 especializada em Sa\u00fade e Educa\u00e7\u00e3o e conta com um acervo de cerca de 5.000 exemplares. Atende ao p\u00fablico interno (t\u00e9cnicos, docentes e discentes) e externo, sendo que este \u00faltima usufrui de todos os servi\u00e7os da unidade, com exce\u00e7\u00e3o de empr\u00e9stimo.<\/p><p>Disp\u00f5e de computadores com acesso \u00e0s bibliotecas virtuais e rede wifi para acesso a partir de equipamento pr\u00f3prio do usu\u00e1rio.<\/p><\/div><div style=\"text-align: justify;\"><ul><li><a id=\"\" title=\"\" href=\"\/saude\/wp-content\/uploads\/sites\/34\/2023\/12\/Regimento_Interno_Biblioteca_Prof__Ena_Galvao.pdf\" target=\"_blank\" rel=\"noopener noreferrer\" data-cke-saved-href=\"files\/escola-saude\/biblioteca\/Regimento_Interno_Biblioteca_Prof__Ena_Galvao.pdf\">Regimento Interno da Biblioteca<\/a><\/li><li><a id=\"\" href=\"\/saude\/wp-content\/uploads\/sites\/34\/2023\/12\/ROTEIRO_PARA_ENTRADA_DE_TRABALHOS.pdf\" target=\"_blank\" rel=\"noopener noreferrer\" data-cke-saved-href=\"files\/escola-saude\/biblioteca\/ROTEIRO_PARA_ENTRADA_DE_TRABALHOS.pdf\">Roteiro para Entrada de TCC no Reposit\u00f3rio Institucional<\/a><\/li><li><a href=\"\/saude\/wp-content\/uploads\/sites\/34\/2023\/12\/ROTEIRO_PARA_ENTRADA_PROTOCOLO_CLINICO_DT_NT.pdf\" target=\"_blank\" rel=\"noopener noreferrer\">Roteiro para Entrada de Protocolo Cl\u00ednico, Diretrizes Terap\u00eauticas e Notas T\u00e9cnicas no Reposit\u00f3rio Institucional<\/a><\/li><li><a id=\"\" title=\"\" href=\"\/saude\/wp-content\/uploads\/sites\/34\/2023\/12\/Carta_Coordenadores.pdf\" target=\"_blank\" rel=\"noopener noreferrer\" data-cke-saved-href=\"files\/escola-saude\/biblioteca\/Carta_Coordenadores.pdf\">Carta aos Coordenadores, Orientadores, Tutores e Preceptores<\/a><\/li><\/ul><\/div><div style=\"text-align: justify;\"><strong>Hor\u00e1rio de funcionamento:<\/strong> segunda \u00e0 sexta, das 8h \u00e0s 18h<br \/><strong>E-mail: <a href=\"mailto:biblioteca.escoladesaude@goias.gov.br\">biblioteca.escoladesaude@goias.gov.br<\/a><\/strong><br \/><strong>Telefone:<\/strong> (62) 3201-3734<\/div>\t\t\t\t\t\t\t\t<\/div>\n\t\t\t\t\t<\/div>\n\t\t\t\t<\/div>\n\t\t<div class=\"elementor-element elementor-element-4319360 e-flex e-con-boxed e-con e-parent\" data-id=\"4319360\" data-element_type=\"container\" data-e-type=\"container\">\n\t\t\t\t\t<div class=\"e-con-inner\">\n\t\t\t\t<div class=\"elementor-element elementor-element-ca7dcb4 elementor-widget elementor-widget-n-accordion\" data-id=\"ca7dcb4\" data-element_type=\"widget\" data-e-type=\"widget\" data-settings=\"{&quot;default_state&quot;:&quot;all_collapsed&quot;,&quot;max_items_expended&quot;:&quot;one&quot;,&quot;n_accordion_animation_duration&quot;:{&quot;unit&quot;:&quot;ms&quot;,&quot;size&quot;:400,&quot;sizes&quot;:[]}}\" data-widget_type=\"nested-accordion.default\">\n\t\t\t\t\t\t\t<div class=\"e-n-accordion\" aria-label=\"Accordion. Open links with Enter or Space, close with Escape, and navigate with Arrow Keys\">\n\t\t\t\t\t\t<details id=\"e-n-accordion-item-2120\" class=\"e-n-accordion-item\" >\n\t\t\t\t<summary class=\"e-n-accordion-item-title\" data-accordion-index=\"1\" tabindex=\"0\" aria-expanded=\"false\" aria-controls=\"e-n-accordion-item-2120\" >\n\t\t\t\t\t<span class='e-n-accordion-item-title-header'><div class=\"e-n-accordion-item-title-text\"> Publica\u00e7\u00f5es da SES-GO <\/div><\/span>\n\t\t\t\t\t\t\t<span class='e-n-accordion-item-title-icon'>\n\t\t\t<span class='e-opened' ><svg aria-hidden=\"true\" class=\"e-font-icon-svg e-fas-chevron-down\" viewBox=\"0 0 448 512\" xmlns=\"http:\/\/www.w3.org\/2000\/svg\"><path d=\"M207.029 381.476L12.686 187.132c-9.373-9.373-9.373-24.569 0-33.941l22.667-22.667c9.357-9.357 24.522-9.375 33.901-.04L224 284.505l154.745-154.021c9.379-9.335 24.544-9.317 33.901.04l22.667 22.667c9.373 9.373 9.373 24.569 0 33.941L240.971 381.476c-9.373 9.372-24.569 9.372-33.942 0z\"><\/path><\/svg><\/span>\n\t\t\t<span class='e-closed'><svg aria-hidden=\"true\" class=\"e-font-icon-svg e-fas-chevron-right\" viewBox=\"0 0 320 512\" xmlns=\"http:\/\/www.w3.org\/2000\/svg\"><path d=\"M285.476 272.971L91.132 467.314c-9.373 9.373-24.569 9.373-33.941 0l-22.667-22.667c-9.357-9.357-9.375-24.522-.04-33.901L188.505 256 34.484 101.255c-9.335-9.379-9.317-24.544.04-33.901l22.667-22.667c9.373-9.373 24.569-9.373 33.941 0L285.475 239.03c9.373 9.372 9.373 24.568.001 33.941z\"><\/path><\/svg><\/span>\n\t\t<\/span>\n\n\t\t\t\t\t\t<\/summary>\n\t\t\t\t<div role=\"region\" aria-labelledby=\"e-n-accordion-item-2120\" class=\"elementor-element elementor-element-e6966c3 e-con-full e-flex e-con e-child\" data-id=\"e6966c3\" data-element_type=\"container\" data-e-type=\"container\">\n\t\t\t\t<div class=\"elementor-element elementor-element-fc7c074 elementor-widget elementor-widget-text-editor\" data-id=\"fc7c074\" data-element_type=\"widget\" data-e-type=\"widget\" data-widget_type=\"text-editor.default\">\n\t\t\t\t\t\t\t\t\t<ul><li><strong><a href=\"https:\/\/goias.gov.br\/escoladesaude\/categoria\/escola-de-saude-de-goias\/de-olho-na-pesquisa\/\" target=\"_blank\" rel=\"noopener noreferrer\">De Olho na Pesquisa<\/a><\/strong><\/li><li><strong><a href=\"https:\/\/pesquisa.bvsalud.org\/conass\/?lang=pt&amp;home_url=https%3A%2F%2Fpesquisa.bvsalud.org%2Fconass%2F&amp;home_text=BVS+CONASS&amp;filter%5Bcollection_conass%5D%5B%5D=SES-GO&amp;inputval=Pesquisar&amp;q\" target=\"_blank\" rel=\"noopener noreferrer\">Publica\u00e7\u00f5es SES\/BVS\/CONASS<\/a><\/strong><\/li><li><strong><a href=\"https:\/\/www.revista.esap.go.gov.br\/\">Revista Cient\u00edfica RESAP<\/a><\/strong><\/li><\/ul>\t\t\t\t\t\t\t\t<\/div>\n\t\t\t\t<\/div>\n\t\t\t\t\t<\/details>\n\t\t\t\t\t\t<details id=\"e-n-accordion-item-2121\" class=\"e-n-accordion-item\" >\n\t\t\t\t<summary class=\"e-n-accordion-item-title\" data-accordion-index=\"2\" tabindex=\"-1\" aria-expanded=\"false\" aria-controls=\"e-n-accordion-item-2121\" >\n\t\t\t\t\t<span class='e-n-accordion-item-title-header'><div class=\"e-n-accordion-item-title-text\"> Acesso \u00e0 Bases de Dados <\/div><\/span>\n\t\t\t\t\t\t\t<span class='e-n-accordion-item-title-icon'>\n\t\t\t<span class='e-opened' ><svg aria-hidden=\"true\" class=\"e-font-icon-svg e-fas-chevron-down\" viewBox=\"0 0 448 512\" xmlns=\"http:\/\/www.w3.org\/2000\/svg\"><path d=\"M207.029 381.476L12.686 187.132c-9.373-9.373-9.373-24.569 0-33.941l22.667-22.667c9.357-9.357 24.522-9.375 33.901-.04L224 284.505l154.745-154.021c9.379-9.335 24.544-9.317 33.901.04l22.667 22.667c9.373 9.373 9.373 24.569 0 33.941L240.971 381.476c-9.373 9.372-24.569 9.372-33.942 0z\"><\/path><\/svg><\/span>\n\t\t\t<span class='e-closed'><svg aria-hidden=\"true\" class=\"e-font-icon-svg e-fas-chevron-right\" viewBox=\"0 0 320 512\" xmlns=\"http:\/\/www.w3.org\/2000\/svg\"><path d=\"M285.476 272.971L91.132 467.314c-9.373 9.373-24.569 9.373-33.941 0l-22.667-22.667c-9.357-9.357-9.375-24.522-.04-33.901L188.505 256 34.484 101.255c-9.335-9.379-9.317-24.544.04-33.901l22.667-22.667c9.373-9.373 24.569-9.373 33.941 0L285.475 239.03c9.373 9.372 9.373 24.568.001 33.941z\"><\/path><\/svg><\/span>\n\t\t<\/span>\n\n\t\t\t\t\t\t<\/summary>\n\t\t\t\t<div role=\"region\" aria-labelledby=\"e-n-accordion-item-2121\" class=\"elementor-element elementor-element-689704d e-con-full e-flex e-con e-child\" data-id=\"689704d\" data-element_type=\"container\" data-e-type=\"container\">\n\t\t\t\t<div class=\"elementor-element elementor-element-29cd2a8 elementor-widget elementor-widget-text-editor\" data-id=\"29cd2a8\" data-element_type=\"widget\" data-e-type=\"widget\" data-widget_type=\"text-editor.default\">\n\t\t\t\t\t\t\t\t\t<ul><li><strong><a href=\"http:\/\/repositorio.saude.go.gov.br\/\" target=\"_blank\" rel=\"noopener\">Reposit\u00f3rio SESG<\/a><\/strong><\/li><li><strong><a href=\"https:\/\/brasil.bvs.br\/\">BVS &#8211; Biblioteca Virtual em Sa\u00fade<\/a><\/strong><\/li><li><strong><a href=\"https:\/\/brazil.cochrane.org\/\">Cochrane<\/a><\/strong><\/li><li><strong><a href=\"https:\/\/lilacs.bvsalud.org\/\">LILACS<\/a><\/strong><\/li><li><strong><a href=\"https:\/\/www.psbe.ufrn.br\/\">Portal SBE<\/a><\/strong><\/li><li><strong><a href=\"https:\/\/www.ncbi.nlm.nih.gov\/pubmed\/\">PubMed<\/a><\/strong><\/li><\/ul>\t\t\t\t\t\t\t\t<\/div>\n\t\t\t\t<\/div>\n\t\t\t\t\t<\/details>\n\t\t\t\t\t\t<details id=\"e-n-accordion-item-2122\" class=\"e-n-accordion-item\" >\n\t\t\t\t<summary class=\"e-n-accordion-item-title\" data-accordion-index=\"3\" tabindex=\"-1\" aria-expanded=\"false\" aria-controls=\"e-n-accordion-item-2122\" >\n\t\t\t\t\t<span class='e-n-accordion-item-title-header'><div class=\"e-n-accordion-item-title-text\"> Novidades (cartilhas, guias e manuais) <\/div><\/span>\n\t\t\t\t\t\t\t<span class='e-n-accordion-item-title-icon'>\n\t\t\t<span class='e-opened' ><svg aria-hidden=\"true\" class=\"e-font-icon-svg e-fas-chevron-down\" viewBox=\"0 0 448 512\" xmlns=\"http:\/\/www.w3.org\/2000\/svg\"><path d=\"M207.029 381.476L12.686 187.132c-9.373-9.373-9.373-24.569 0-33.941l22.667-22.667c9.357-9.357 24.522-9.375 33.901-.04L224 284.505l154.745-154.021c9.379-9.335 24.544-9.317 33.901.04l22.667 22.667c9.373 9.373 9.373 24.569 0 33.941L240.971 381.476c-9.373 9.372-24.569 9.372-33.942 0z\"><\/path><\/svg><\/span>\n\t\t\t<span class='e-closed'><svg aria-hidden=\"true\" class=\"e-font-icon-svg e-fas-chevron-right\" viewBox=\"0 0 320 512\" xmlns=\"http:\/\/www.w3.org\/2000\/svg\"><path d=\"M285.476 272.971L91.132 467.314c-9.373 9.373-24.569 9.373-33.941 0l-22.667-22.667c-9.357-9.357-9.375-24.522-.04-33.901L188.505 256 34.484 101.255c-9.335-9.379-9.317-24.544.04-33.901l22.667-22.667c9.373-9.373 24.569-9.373 33.941 0L285.475 239.03c9.373 9.372 9.373 24.568.001 33.941z\"><\/path><\/svg><\/span>\n\t\t<\/span>\n\n\t\t\t\t\t\t<\/summary>\n\t\t\t\t<div role=\"region\" aria-labelledby=\"e-n-accordion-item-2122\" class=\"elementor-element elementor-element-b18d89e e-con-full e-flex e-con e-child\" data-id=\"b18d89e\" data-element_type=\"container\" data-e-type=\"container\">\n\t\t\t\t<div class=\"elementor-element elementor-element-f02486e elementor-widget elementor-widget-text-editor\" data-id=\"f02486e\" data-element_type=\"widget\" data-e-type=\"widget\" data-widget_type=\"text-editor.default\">\n\t\t\t\t\t\t\t\t\t<ul><li><strong><a href=\"\/saude\/wp-content\/uploads\/sites\/34\/2023\/12\/cartilha-1.pdf\" target=\"_blank\" rel=\"noopener noreferrer\">Cartilha do Programa Reabilita Goi\u00e1s<\/a><\/strong><\/li><li><strong><a href=\"\/saude\/wp-content\/uploads\/sites\/34\/2023\/12\/guia_vigilancia_saude_volume_unico_3ed.pdf\" target=\"_blank\" rel=\"noopener noreferrer\">Guia de Vigil\u00e2ncia em Sa\u00fade<\/a><\/strong><\/li><li><strong><a href=\"https:\/\/www.conass.org.br\/biblioteca\/pdf\/LEIASS-2.pdf\" target=\"_blank\" rel=\"noopener noreferrer\">Compreendendo o Sistema de Sa\u00fade para uma Melhor Gest\u00e3o<\/a><\/strong><\/li><\/ul>\t\t\t\t\t\t\t\t<\/div>\n\t\t\t\t<\/div>\n\t\t\t\t\t<\/details>\n\t\t\t\t\t<\/div>\n\t\t\t\t\t\t<\/div>\n\t\t\t\t\t<\/div>\n\t\t\t\t<\/div>\n\t\t\t\t<\/div>\n\t\t","protected":false},"excerpt":{"rendered":"<p>A biblioteca Prof.\u00aa Ena Galv\u00e3o \u00e9 especializada em Sa\u00fade e Educa\u00e7\u00e3o e conta com um acervo de cerca de 5.000 exemplares. Atende ao p\u00fablico interno (t\u00e9cnicos, docentes e discentes) e externo, sendo que este \u00faltima usufrui de todos os servi\u00e7os da unidade, com exce\u00e7\u00e3o de empr\u00e9stimo. Disp\u00f5e de computadores com acesso \u00e0s bibliotecas virtuais e [&hellip;]<\/p>\n","protected":false},"author":1,"featured_media":0,"parent":41,"menu_order":0,"comment_status":"closed","ping_status":"closed","template":"","meta":{"footnotes":"","_links_to":"","_links_to_target":""},"class_list":["post-200314","page","type-page","status-publish","hentry"],"rttpg_featured_image_url":null,"rttpg_author":{"display_name":"wagner.viana","author_link":"https:\/\/goias.gov.br\/escoladesaude\/author\/wagner-viana\/"},"rttpg_comment":0,"rttpg_category":null,"rttpg_excerpt":"A biblioteca Prof.\u00aa Ena Galv\u00e3o \u00e9 especializada em Sa\u00fade e Educa\u00e7\u00e3o e conta com um acervo de cerca de 5.000 exemplares. Atende ao p\u00fablico interno (t\u00e9cnicos, docentes e discentes) e externo, sendo que este \u00faltima usufrui de todos os servi\u00e7os da unidade, com exce\u00e7\u00e3o de empr\u00e9stimo. Disp\u00f5e de computadores com acesso \u00e0s bibliotecas virtuais e&hellip;","_links":{"self":[{"href":"https:\/\/goias.gov.br\/escoladesaude\/wp-json\/wp\/v2\/pages\/200314","targetHints":{"allow":["GET"]}}],"collection":[{"href":"https:\/\/goias.gov.br\/escoladesaude\/wp-json\/wp\/v2\/pages"}],"about":[{"href":"https:\/\/goias.gov.br\/escoladesaude\/wp-json\/wp\/v2\/types\/page"}],"author":[{"embeddable":true,"href":"https:\/\/goias.gov.br\/escoladesaude\/wp-json\/wp\/v2\/users\/1"}],"replies":[{"embeddable":true,"href":"https:\/\/goias.gov.br\/escoladesaude\/wp-json\/wp\/v2\/comments?post=200314"}],"version-history":[{"count":2,"href":"https:\/\/goias.gov.br\/escoladesaude\/wp-json\/wp\/v2\/pages\/200314\/revisions"}],"predecessor-version":[{"id":203156,"href":"https:\/\/goias.gov.br\/escoladesaude\/wp-json\/wp\/v2\/pages\/200314\/revisions\/203156"}],"up":[{"embeddable":true,"href":"https:\/\/goias.gov.br\/escoladesaude\/wp-json\/wp\/v2\/pages\/41"}],"wp:attachment":[{"href":"https:\/\/goias.gov.br\/escoladesaude\/wp-json\/wp\/v2\/media?parent=200314"}],"curies":[{"name":"wp","href":"https:\/\/api.w.org\/{rel}","templated":true}]}}