
{"id":7109,"date":"2023-10-10T10:54:30","date_gmt":"2023-10-10T13:54:30","guid":{"rendered":"https:\/\/siteshom.goias.gov.br\/escoladegoverno\/?page_id=7109"},"modified":"2026-03-09T11:22:34","modified_gmt":"2026-03-09T14:22:34","slug":"fale-conosco","status":"publish","type":"page","link":"https:\/\/goias.gov.br\/escoladegoverno\/fale-conosco\/","title":{"rendered":"Fale Conosco"},"content":{"rendered":"\t\t<div data-elementor-type=\"wp-page\" data-elementor-id=\"7109\" class=\"elementor elementor-7109\">\n\t\t\t\t<div class=\"elementor-element elementor-element-302e983 e-flex e-con-boxed e-con e-parent\" data-id=\"302e983\" data-element_type=\"container\" data-e-type=\"container\">\n\t\t\t\t\t<div class=\"e-con-inner\">\n\t\t<div class=\"elementor-element elementor-element-af5bffd e-con-full e-flex e-con e-child\" data-id=\"af5bffd\" data-element_type=\"container\" data-e-type=\"container\">\n\t\t\t\t<div class=\"elementor-element elementor-element-d627709 elementor-widget elementor-widget-shortcode\" data-id=\"d627709\" data-element_type=\"widget\" data-e-type=\"widget\" data-widget_type=\"shortcode.default\">\n\t\t\t\t\t\t\t<div class=\"elementor-shortcode\">\n<div class=\"wpcf7 no-js\" id=\"wpcf7-f7108-o1\" lang=\"pt-BR\" dir=\"ltr\" data-wpcf7-id=\"7108\">\n<div class=\"screen-reader-response\"><p role=\"status\" aria-live=\"polite\" aria-atomic=\"true\"><\/p> <ul><\/ul><\/div>\n<form action=\"\/escoladegoverno\/wp-json\/wp\/v2\/pages\/7109#wpcf7-f7108-o1\" method=\"post\" class=\"wpcf7-form init\" aria-label=\"Formul\u00e1rios de contato\" novalidate=\"novalidate\" data-status=\"init\">\n<fieldset class=\"hidden-fields-container\"><input type=\"hidden\" name=\"_wpcf7\" value=\"7108\" \/><input type=\"hidden\" name=\"_wpcf7_version\" value=\"6.1.5\" \/><input type=\"hidden\" name=\"_wpcf7_locale\" value=\"pt_BR\" \/><input type=\"hidden\" name=\"_wpcf7_unit_tag\" value=\"wpcf7-f7108-o1\" \/><input type=\"hidden\" name=\"_wpcf7_container_post\" value=\"0\" \/><input type=\"hidden\" name=\"_wpcf7_posted_data_hash\" value=\"\" \/>\n<\/fieldset>\n<p><label> Nome<br \/>\n<span class=\"wpcf7-form-control-wrap\" data-name=\"your-name\"><input size=\"40\" maxlength=\"400\" class=\"wpcf7-form-control wpcf7-text wpcf7-validates-as-required\" aria-required=\"true\" aria-invalid=\"false\" value=\"\" type=\"text\" name=\"your-name\" \/><\/span> <\/label>\n<\/p>\n<p><label> E-mail<br \/>\n<span class=\"wpcf7-form-control-wrap\" data-name=\"your-email\"><input size=\"40\" maxlength=\"400\" class=\"wpcf7-form-control wpcf7-email wpcf7-validates-as-required wpcf7-text wpcf7-validates-as-email\" aria-required=\"true\" aria-invalid=\"false\" value=\"\" type=\"email\" name=\"your-email\" \/><\/span> <\/label>\n<\/p>\n<p><label> Assunto<br \/>\n<span class=\"wpcf7-form-control-wrap\" data-name=\"your-subject\"><input size=\"40\" maxlength=\"400\" class=\"wpcf7-form-control wpcf7-text wpcf7-validates-as-required\" aria-required=\"true\" aria-invalid=\"false\" value=\"\" type=\"text\" name=\"your-subject\" \/><\/span> <\/label>\n<\/p>\n<p><label> Mensagem<br \/>\n<span class=\"wpcf7-form-control-wrap\" data-name=\"your-message\"><textarea cols=\"40\" rows=\"10\" maxlength=\"2000\" class=\"wpcf7-form-control wpcf7-textarea wpcf7-validates-as-required\" aria-required=\"true\" aria-invalid=\"false\" name=\"your-message\"><\/textarea><\/span> <\/label>\n<\/p>\n<p><input class=\"wpcf7-form-control wpcf7-submit has-spinner\" type=\"submit\" value=\"Enviar\" \/>\n<\/p><div class=\"wpcf7-response-output\" aria-hidden=\"true\"><\/div>\n<\/form>\n<\/div>\n<\/div>\n\t\t\t\t\t\t<\/div>\n\t\t\t\t<\/div>\n\t\t<div class=\"elementor-element elementor-element-7d530f2 e-con-full e-flex e-con e-child\" data-id=\"7d530f2\" data-element_type=\"container\" data-e-type=\"container\">\n\t\t\t\t<div class=\"elementor-element elementor-element-56c6169 elementor-widget elementor-widget-shortcode\" data-id=\"56c6169\" data-element_type=\"widget\" data-e-type=\"widget\" data-widget_type=\"shortcode.default\">\n\t\t\t\t\t\t\t<div class=\"elementor-shortcode\"><div data-post-id=\"13\" class=\"insert-page insert-page-13 \"><p><em>Diretoria Executiva da Escola de Governo<\/em><br \/>\nRua C-135, n\u00ba 425, Qd. 291, Lt. 3 \u2013 Setor Jardim Am\u00e9rica<br \/>\nCEP: 74.275-040 &#8211; Goi\u00e2nia &#8211; Goi\u00e1s<\/p>\n<p class=\"nomarginbottom\">E-mail Institucional: <a href=\"mailto:escoladegoverno@goias.gov.br\">escoladegoverno@goias.gov.br<\/a><\/p>\n<p class=\"nomarginbottom\">E-mail para atendimento ao aluno:\u00a0<a href=\"mailto:secretaria.escoladegoverno@goias.gov.br\">secretaria.escoladegoverno@goias.gov.br<\/a><\/p>\n<p><strong>Telefones:<\/strong><\/p>\n<p>Secretaria Escolar: (62) 3201-9267 \/ 3201-1699 (WhatsApp)<br \/>\nGer\u00eancia de Desenvolvimento Profissional:\u00a0(62) 3201-9259 \/ 3201-9266<br \/>\nGer\u00eancia do Ensino Superior e Projetos Pedag\u00f3gicos: (62) 3251-2550<br \/>\nGer\u00eancia do Laborat\u00f3rio de Inova\u00e7\u00e3o e Desenvolvimento de Pessoas \u2013 Pequi Lab: (62) 3201-4525<br \/>\nBiblioteca Escolar: (62) 3201-9265<\/p>\n<div><iframe style=\"border: 0px currentColor;\" src=\"https:\/\/www.google.com\/maps\/embed?pb=!1m18!1m12!1m3!1d3821.3282871286865!2d-49.28528968455217!3d-16.710463850604224!2m3!1f0!2f0!3f0!3m2!1i1024!2i768!4f13.1!3m3!1m2!1s0x935ef12d3f14faa5%3A0xec5766dd79df8419!2sEscola+de+Governo+Henrique+Santillo!5e0!3m2!1spt-PT!2sbr!4v1535117872992\" width=\"100%\" height=\"350\" frameborder=\"0\" allowfullscreen=\"allowfullscreen\"><\/iframe><\/div>\n<\/div><\/div>\n\t\t\t\t\t\t<\/div>\n\t\t\t\t<\/div>\n\t\t\t\t\t<\/div>\n\t\t\t\t<\/div>\n\t\t\t\t<\/div>\n\t\t","protected":false},"excerpt":{"rendered":"","protected":false},"author":7,"featured_media":0,"parent":0,"menu_order":0,"comment_status":"closed","ping_status":"closed","template":"","meta":{"footnotes":""},"class_list":["post-7109","page","type-page","status-publish","hentry"],"rttpg_featured_image_url":null,"rttpg_author":{"display_name":"gustavogoncalves","author_link":"https:\/\/goias.gov.br\/escoladegoverno\/author\/gustavogoncalves\/"},"rttpg_comment":0,"rttpg_category":"","rttpg_excerpt":null,"_links":{"self":[{"href":"https:\/\/goias.gov.br\/escoladegoverno\/wp-json\/wp\/v2\/pages\/7109","targetHints":{"allow":["GET"]}}],"collection":[{"href":"https:\/\/goias.gov.br\/escoladegoverno\/wp-json\/wp\/v2\/pages"}],"about":[{"href":"https:\/\/goias.gov.br\/escoladegoverno\/wp-json\/wp\/v2\/types\/page"}],"author":[{"embeddable":true,"href":"https:\/\/goias.gov.br\/escoladegoverno\/wp-json\/wp\/v2\/users\/7"}],"replies":[{"embeddable":true,"href":"https:\/\/goias.gov.br\/escoladegoverno\/wp-json\/wp\/v2\/comments?post=7109"}],"version-history":[{"count":2,"href":"https:\/\/goias.gov.br\/escoladegoverno\/wp-json\/wp\/v2\/pages\/7109\/revisions"}],"predecessor-version":[{"id":16149,"href":"https:\/\/goias.gov.br\/escoladegoverno\/wp-json\/wp\/v2\/pages\/7109\/revisions\/16149"}],"wp:attachment":[{"href":"https:\/\/goias.gov.br\/escoladegoverno\/wp-json\/wp\/v2\/media?parent=7109"}],"curies":[{"name":"wp","href":"https:\/\/api.w.org\/{rel}","templated":true}]}}