
{"id":15892,"date":"2026-02-12T17:24:14","date_gmt":"2026-02-12T20:24:14","guid":{"rendered":"https:\/\/goias.gov.br\/escoladegoverno\/?page_id=15892"},"modified":"2026-04-06T17:20:15","modified_gmt":"2026-04-06T20:20:15","slug":"editais-pos-stricto-sensu","status":"publish","type":"page","link":"https:\/\/goias.gov.br\/escoladegoverno\/editais-pos-stricto-sensu\/","title":{"rendered":"Editais P\u00f3s Stricto Sensu"},"content":{"rendered":"\t\t<div data-elementor-type=\"wp-page\" data-elementor-id=\"15892\" class=\"elementor elementor-15892\">\n\t\t\t\t<div class=\"elementor-element elementor-element-806f00c e-flex e-con-boxed e-con e-parent\" data-id=\"806f00c\" data-element_type=\"container\" data-e-type=\"container\">\n\t\t\t\t\t<div class=\"e-con-inner\">\n\t\t\t\t<div class=\"elementor-element elementor-element-4816c89 elementor-widget elementor-widget-text-editor\" data-id=\"4816c89\" data-element_type=\"widget\" data-e-type=\"widget\" data-widget_type=\"text-editor.default\">\n\t\t\t\t\t\t\t\t\t<div class=\"flex max-w-full flex-col grow\">\n<div class=\"min-h-8 text-message relative flex w-full flex-col items-end gap-2 text-start break-words whitespace-normal [.text-message+&amp;]:mt-1\" dir=\"auto\" data-message-author-role=\"assistant\" data-message-id=\"56330bb1-889f-469b-8ad7-ee052fd8e0c8\" data-message-model-slug=\"gpt-5-2\">\n<div class=\"flex w-full flex-col gap-1 empty:hidden first:pt-[1px]\">\n<div class=\"markdown prose dark:prose-invert w-full wrap-break-word dark markdown-new-styling\">\n<p data-start=\"0\" data-end=\"204\">Os Editais de <strong>P\u00f3s-Gradua\u00e7\u00e3o <i>Stricto Sensu<\/i><\/strong>, de responsabilidade da Ger\u00eancia de Ensino Superior e Projetos Pedag\u00f3gicos da Escola de Governo, visam incentivar a qualifica\u00e7\u00e3o avan\u00e7ada dos servidores p\u00fablicos.<\/p>\n<div class=\"flex flex-col text-sm pb-25\">\n<article class=\"text-token-text-primary w-full focus:outline-none [--shadow-height:45px] has-data-writing-block:pointer-events-none has-data-writing-block:-mt-(--shadow-height) has-data-writing-block:pt-(--shadow-height) [&amp;:has([data-writing-block])&gt;*]:pointer-events-auto scroll-mt-[calc(var(--header-height)+min(200px,max(70px,20svh)))]\" dir=\"auto\" tabindex=\"-1\" data-turn-id=\"fc72466f-98ba-419f-9962-cb7602d0ad12\" data-testid=\"conversation-turn-6\" data-scroll-anchor=\"true\" data-turn=\"assistant\">\n<div class=\"text-base my-auto mx-auto pb-10 [--thread-content-margin:--spacing(4)] @w-sm\/main:[--thread-content-margin:--spacing(6)] @w-lg\/main:[--thread-content-margin:--spacing(16)] px-(--thread-content-margin)\">\n<div class=\"[--thread-content-max-width:40rem] @w-lg\/main:[--thread-content-max-width:48rem] mx-auto max-w-(--thread-content-max-width) flex-1 group\/turn-messages focus-visible:outline-hidden relative flex w-full min-w-0 flex-col agent-turn\" tabindex=\"-1\">\n<div class=\"flex max-w-full flex-col grow\">\n<div class=\"min-h-8 text-message relative flex w-full flex-col items-end gap-2 text-start break-words whitespace-normal [.text-message+&amp;]:mt-1\" dir=\"auto\" data-message-author-role=\"assistant\" data-message-id=\"f456e657-aa80-4b11-8053-aa8bf1d43ffd\" data-message-model-slug=\"gpt-5-2\">\n<div class=\"flex w-full flex-col gap-1 empty:hidden first:pt-[1px]\">\n<div class=\"markdown prose dark:prose-invert w-full wrap-break-word dark markdown-new-styling\">\n<p data-start=\"0\" data-end=\"102\" data-is-last-node=\"\" data-is-only-node=\"\">Nesta p\u00e1gina, est\u00e3o dispon\u00edveis os <strong>editais abertos<\/strong> e a previs\u00e3o dos <strong>pr\u00f3ximos editais<\/strong> de p\u00f3s-gradua\u00e7\u00e3o.<\/p>\n<\/div>\n<\/div>\n<\/div>\n<\/div>\n<\/div>\n<\/div>\n<\/article>\n<\/div>\n<\/div>\n<\/div>\n<\/div>\n<\/div>\t\t\t\t\t\t\t\t<\/div>\n\t\t\t\t\t<\/div>\n\t\t\t\t<\/div>\n\t\t<div class=\"elementor-element elementor-element-9f3795c e-con-full e-flex e-con e-parent\" data-id=\"9f3795c\" data-element_type=\"container\" data-e-type=\"container\">\n\t\t\t\t<div class=\"elementor-element elementor-element-981bd22 elementor-widget elementor-widget-heading\" data-id=\"981bd22\" data-element_type=\"widget\" data-e-type=\"widget\" data-widget_type=\"heading.default\">\n\t\t\t\t\t<h2 class=\"elementor-heading-title elementor-size-default\">Editais Abertos<\/h2>\t\t\t\t<\/div>\n\t\t\t\t<div class=\"elementor-element elementor-element-de13743 elementor-widget-divider--view-line elementor-widget elementor-widget-divider\" data-id=\"de13743\" data-element_type=\"widget\" data-e-type=\"widget\" data-widget_type=\"divider.default\">\n\t\t\t\t\t\t\t<div class=\"elementor-divider\">\n\t\t\t<span class=\"elementor-divider-separator\">\n\t\t\t\t\t\t<\/span>\n\t\t<\/div>\n\t\t\t\t\t\t<\/div>\n\t\t\t\t<div class=\"elementor-element elementor-element-b11bfb9 elementor-widget elementor-widget-spacer\" data-id=\"b11bfb9\" data-element_type=\"widget\" data-e-type=\"widget\" data-widget_type=\"spacer.default\">\n\t\t\t\t\t\t\t<div class=\"elementor-spacer\">\n\t\t\t<div class=\"elementor-spacer-inner\"><\/div>\n\t\t<\/div>\n\t\t\t\t\t\t<\/div>\n\t\t\t\t<\/div>\n\t\t<div class=\"elementor-element elementor-element-7c818bf e-flex e-con-boxed e-con e-parent\" data-id=\"7c818bf\" data-element_type=\"container\" data-e-type=\"container\">\n\t\t\t\t\t<div class=\"e-con-inner\">\n\t\t\t\t<div class=\"elementor-element elementor-element-610ac9c elementor-position-inline-start elementor-view-default elementor-mobile-position-block-start elementor-widget elementor-widget-icon-box\" data-id=\"610ac9c\" data-element_type=\"widget\" data-e-type=\"widget\" data-widget_type=\"icon-box.default\">\n\t\t\t\t\t\t\t<div class=\"elementor-icon-box-wrapper\">\n\n\t\t\t\t\t\t<div class=\"elementor-icon-box-icon\">\n\t\t\t\t<span  class=\"elementor-icon\">\n\t\t\t\t<svg aria-hidden=\"true\" class=\"e-font-icon-svg e-fas-file-import\" viewBox=\"0 0 512 512\" xmlns=\"http:\/\/www.w3.org\/2000\/svg\"><path d=\"M16 288c-8.8 0-16 7.2-16 16v32c0 8.8 7.2 16 16 16h112v-64zm489-183L407.1 7c-4.5-4.5-10.6-7-17-7H384v128h128v-6.1c0-6.3-2.5-12.4-7-16.9zm-153 31V0H152c-13.3 0-24 10.7-24 24v264h128v-65.2c0-14.3 17.3-21.4 27.4-11.3L379 308c6.6 6.7 6.6 17.4 0 24l-95.7 96.4c-10.1 10.1-27.4 3-27.4-11.3V352H128v136c0 13.3 10.7 24 24 24h336c13.3 0 24-10.7 24-24V160H376c-13.2 0-24-10.8-24-24z\"><\/path><\/svg>\t\t\t\t<\/span>\n\t\t\t<\/div>\n\t\t\t\n\t\t\t\t\t\t<div class=\"elementor-icon-box-content\">\n\n\t\t\t\t\t\t\t\t\t<h4 class=\"elementor-icon-box-title\">\n\t\t\t\t\t\t<span  >\n\t\t\t\t\t\t\tInstituto Trajet\u00f3rias + Governo de Goi\u00e1s\u200b\t\t\t\t\t\t<\/span>\n\t\t\t\t\t<\/h4>\n\t\t\t\t\n\t\t\t\t\n\t\t\t<\/div>\n\t\t\t\n\t\t<\/div>\n\t\t\t\t\t\t<\/div>\n\t\t\t\t<div class=\"elementor-element elementor-element-ce15eea elementor-widget elementor-widget-text-editor\" data-id=\"ce15eea\" data-element_type=\"widget\" data-e-type=\"widget\" data-widget_type=\"text-editor.default\">\n\t\t\t\t\t\t\t\t\t<p>Em parceria com o Instituto Trajet\u00f3rias, o Governo de Goi\u00e1s estruturou um\u00a0<strong>programa de forma\u00e7\u00e3o internacional em n\u00edvel de mestrado, com universidades entre as 100 melhores do mundo.<\/strong>\u00a0A iniciativa \u00e9 cont\u00ednua, com vagas anuais ao longo de cinco anos, e inclui apoio de orienta\u00e7\u00e3o ao candidato por meio de plataforma gratuita.<\/p><p><strong>PROCESSO SELETIVO EDITAL N\u00ba 01\/2026 \u2013 ESCOLA DE GOVERNO \/ INSTITUTO TRAJET\u00d3RIAS:<\/strong><\/p>\t\t\t\t\t\t\t\t<\/div>\n\t\t<div class=\"elementor-element elementor-element-3e6feee e-con-full e-flex e-con e-child\" data-id=\"3e6feee\" data-element_type=\"container\" data-e-type=\"container\">\n\t\t\t\t<div class=\"elementor-element elementor-element-8b7fb9c elementor-widget elementor-widget-button\" data-id=\"8b7fb9c\" data-element_type=\"widget\" data-e-type=\"widget\" data-widget_type=\"button.default\">\n\t\t\t\t\t\t\t\t\t\t<a class=\"elementor-button elementor-button-link elementor-size-sm\" href=\"https:\/\/selecao.go.gov.br\/edital\/edital-n-012026-%E2%80%93-escola-de-governoinstituto-trajetorias_processo-seletivo-interno_sead%7C93\" target=\"_blank\">\n\t\t\t\t\t\t<span class=\"elementor-button-content-wrapper\">\n\t\t\t\t\t\t\t\t\t<span class=\"elementor-button-text\">ACESSE O EDITAL<\/span>\n\t\t\t\t\t<\/span>\n\t\t\t\t\t<\/a>\n\t\t\t\t\t\t\t\t<\/div>\n\t\t\t\t<div class=\"elementor-element elementor-element-fe92a66 elementor-widget elementor-widget-button\" data-id=\"fe92a66\" data-element_type=\"widget\" data-e-type=\"widget\" data-widget_type=\"button.default\">\n\t\t\t\t\t\t\t\t\t\t<a class=\"elementor-button elementor-button-link elementor-size-sm\" href=\"https:\/\/goias.gov.br\/escoladegoverno\/faq-edital-no-01-2026-escola-de-governo-instituto-trajetorias\/\" target=\"_blank\">\n\t\t\t\t\t\t<span class=\"elementor-button-content-wrapper\">\n\t\t\t\t\t\t\t\t\t<span class=\"elementor-button-text\">FAQ - Perguntas Frequentes<\/span>\n\t\t\t\t\t<\/span>\n\t\t\t\t\t<\/a>\n\t\t\t\t\t\t\t\t<\/div>\n\t\t\t\t<\/div>\n\t\t\t\t\t<\/div>\n\t\t\t\t<\/div>\n\t\t<div class=\"elementor-element elementor-element-fe66814 e-flex e-con-boxed e-con e-parent\" data-id=\"fe66814\" data-element_type=\"container\" data-e-type=\"container\">\n\t\t\t\t\t<div class=\"e-con-inner\">\n\t\t\t\t<div class=\"elementor-element elementor-element-6c9d3a6 elementor-position-inline-start elementor-view-default elementor-mobile-position-block-start elementor-widget elementor-widget-icon-box\" data-id=\"6c9d3a6\" data-element_type=\"widget\" data-e-type=\"widget\" data-widget_type=\"icon-box.default\">\n\t\t\t\t\t\t\t<div class=\"elementor-icon-box-wrapper\">\n\n\t\t\t\t\t\t<div class=\"elementor-icon-box-icon\">\n\t\t\t\t<span  class=\"elementor-icon\">\n\t\t\t\t<svg aria-hidden=\"true\" class=\"e-font-icon-svg e-fas-file-import\" viewBox=\"0 0 512 512\" xmlns=\"http:\/\/www.w3.org\/2000\/svg\"><path d=\"M16 288c-8.8 0-16 7.2-16 16v32c0 8.8 7.2 16 16 16h112v-64zm489-183L407.1 7c-4.5-4.5-10.6-7-17-7H384v128h128v-6.1c0-6.3-2.5-12.4-7-16.9zm-153 31V0H152c-13.3 0-24 10.7-24 24v264h128v-65.2c0-14.3 17.3-21.4 27.4-11.3L379 308c6.6 6.7 6.6 17.4 0 24l-95.7 96.4c-10.1 10.1-27.4 3-27.4-11.3V352H128v136c0 13.3 10.7 24 24 24h336c13.3 0 24-10.7 24-24V160H376c-13.2 0-24-10.8-24-24z\"><\/path><\/svg>\t\t\t\t<\/span>\n\t\t\t<\/div>\n\t\t\t\n\t\t\t\t\t\t<div class=\"elementor-icon-box-content\">\n\n\t\t\t\t\t\t\t\t\t<h4 class=\"elementor-icon-box-title\">\n\t\t\t\t\t\t<span  >\n\t\t\t\t\t\t\tPrograma de Apoio \u00e0 Forma\u00e7\u00e3o Acad\u00eamica de Servidores do Estado de Goi\u00e1s\t\t\t\t\t\t<\/span>\n\t\t\t\t\t<\/h4>\n\t\t\t\t\n\t\t\t\t\n\t\t\t<\/div>\n\t\t\t\n\t\t<\/div>\n\t\t\t\t\t\t<\/div>\n\t\t\t\t<div class=\"elementor-element elementor-element-b021338 elementor-widget elementor-widget-text-editor\" data-id=\"b021338\" data-element_type=\"widget\" data-e-type=\"widget\" data-widget_type=\"text-editor.default\">\n\t\t\t\t\t\t\t\t\t<p>O Programa de Apoio \u00e0 Forma\u00e7\u00e3o Acad\u00eamica de Servidores do Estado de Goi\u00e1s \u00e9 uma iniciativa realizada em parceria pela <strong data-start=\"197\" data-end=\"257\">Funda\u00e7\u00e3o de Amparo \u00e0 Pesquisa do Estado de Goi\u00e1s (FAPEG)<\/strong> e pela <strong data-start=\"265\" data-end=\"313\">Secretaria de Estado da Administra\u00e7\u00e3o (SEAD)<\/strong>, por meio da <strong data-start=\"327\" data-end=\"357\">Escola de Governo de Goi\u00e1s<\/strong>. O programa tem como objetivo qualificar servidores p\u00fablicos estaduais por meio de cursos de P\u00f3s-Gradua\u00e7\u00e3o Stricto Sensu (mestrado e doutorado) e est\u00e1gios de p\u00f3s-doutorado, incentivando a realiza\u00e7\u00e3o de pesquisas aplicadas aos desafios reais da gest\u00e3o p\u00fablica e contribuindo para a inova\u00e7\u00e3o institucional e o aprimoramento das pol\u00edticas p\u00fablicas no Estado de Goi\u00e1s.<\/p>\t\t\t\t\t\t\t\t<\/div>\n\t\t<div class=\"elementor-element elementor-element-332768f e-con-full e-flex e-con e-child\" data-id=\"332768f\" data-element_type=\"container\" data-e-type=\"container\">\n\t\t\t\t<div class=\"elementor-element elementor-element-b4ad2b1 elementor-widget elementor-widget-button\" data-id=\"b4ad2b1\" data-element_type=\"widget\" data-e-type=\"widget\" data-widget_type=\"button.default\">\n\t\t\t\t\t\t\t\t\t\t<a class=\"elementor-button elementor-button-link elementor-size-sm\" href=\"https:\/\/goias.gov.br\/administracao\/wp-content\/uploads\/sites\/27\/2026\/01\/Edital_Bolsas_Servidores_EGOV___para_publicacao.pdf\" target=\"_blank\">\n\t\t\t\t\t\t<span class=\"elementor-button-content-wrapper\">\n\t\t\t\t\t\t\t\t\t<span class=\"elementor-button-text\">CHAMADA P\u00daBLICA FAPEG\/SEAD N\u00ba 45\/2025<\/span>\n\t\t\t\t\t<\/span>\n\t\t\t\t\t<\/a>\n\t\t\t\t\t\t\t\t<\/div>\n\t\t\t\t<div class=\"elementor-element elementor-element-1ea12ac elementor-widget elementor-widget-button\" data-id=\"1ea12ac\" data-element_type=\"widget\" data-e-type=\"widget\" data-widget_type=\"button.default\">\n\t\t\t\t\t\t\t\t\t\t<a class=\"elementor-button elementor-button-link elementor-size-sm\" href=\"https:\/\/goias.gov.br\/fapeg\/chamada-publica-fapeg-sead-no-45-2025-programa-de-apoio-ao-desenvolvimento-cientifico-tecnologico-e-de-inovacao-aplicado-a-gestao-publica-apoio-a-formacao-academica-de-servidores-do-estado-de-goia\/\" target=\"_blank\">\n\t\t\t\t\t\t<span class=\"elementor-button-content-wrapper\">\n\t\t\t\t\t\t\t\t\t<span class=\"elementor-button-text\">PUBLICA\u00c7\u00d5ES DO EDITAL<\/span>\n\t\t\t\t\t<\/span>\n\t\t\t\t\t<\/a>\n\t\t\t\t\t\t\t\t<\/div>\n\t\t\t\t<\/div>\n\t\t\t\t\t<\/div>\n\t\t\t\t<\/div>\n\t\t<div class=\"elementor-element elementor-element-207b10e e-flex e-con-boxed e-con e-parent\" data-id=\"207b10e\" data-element_type=\"container\" data-e-type=\"container\">\n\t\t\t\t\t<div class=\"e-con-inner\">\n\t\t\t\t<div class=\"elementor-element elementor-element-b741877 elementor-position-inline-start elementor-view-default elementor-mobile-position-block-start elementor-widget elementor-widget-icon-box\" data-id=\"b741877\" data-element_type=\"widget\" data-e-type=\"widget\" data-widget_type=\"icon-box.default\">\n\t\t\t\t\t\t\t<div class=\"elementor-icon-box-wrapper\">\n\n\t\t\t\t\t\t<div class=\"elementor-icon-box-icon\">\n\t\t\t\t<span  class=\"elementor-icon\">\n\t\t\t\t<svg aria-hidden=\"true\" class=\"e-font-icon-svg e-fas-file-import\" viewBox=\"0 0 512 512\" xmlns=\"http:\/\/www.w3.org\/2000\/svg\"><path d=\"M16 288c-8.8 0-16 7.2-16 16v32c0 8.8 7.2 16 16 16h112v-64zm489-183L407.1 7c-4.5-4.5-10.6-7-17-7H384v128h128v-6.1c0-6.3-2.5-12.4-7-16.9zm-153 31V0H152c-13.3 0-24 10.7-24 24v264h128v-65.2c0-14.3 17.3-21.4 27.4-11.3L379 308c6.6 6.7 6.6 17.4 0 24l-95.7 96.4c-10.1 10.1-27.4 3-27.4-11.3V352H128v136c0 13.3 10.7 24 24 24h336c13.3 0 24-10.7 24-24V160H376c-13.2 0-24-10.8-24-24z\"><\/path><\/svg>\t\t\t\t<\/span>\n\t\t\t<\/div>\n\t\t\t\n\t\t\t\t\t\t<div class=\"elementor-icon-box-content\">\n\n\t\t\t\t\t\t\t\t\t<h4 class=\"elementor-icon-box-title\">\n\t\t\t\t\t\t<span  >\n\t\t\t\t\t\t\tMestrado Profissional em Economia\t\t\t\t\t\t<\/span>\n\t\t\t\t\t<\/h4>\n\t\t\t\t\n\t\t\t\t\n\t\t\t<\/div>\n\t\t\t\n\t\t<\/div>\n\t\t\t\t\t\t<\/div>\n\t\t\t\t<div class=\"elementor-element elementor-element-75cadfb elementor-widget elementor-widget-text-editor\" data-id=\"75cadfb\" data-element_type=\"widget\" data-e-type=\"widget\" data-widget_type=\"text-editor.default\">\n\t\t\t\t\t\t\t\t\t<p><strong>Desenvolva compet\u00eancias que transformam governos: Mestrado Profissional em Economia.<\/strong><\/p><p>Edital do Mestrado Profissional Interinstitucional MINTER em Economia, promovido pelo Governo de Goi\u00e1s (Economia\/EGOV) em parceria com a Universidade de Bras\u00edlia (UnB), destinado a servidores (as) p\u00fablicos (as) estatut\u00e1rios (as) e empregados (as) p\u00fablicos (as) integrantes do Poder Executivo do Estado de Goi\u00e1s, em especial da Secretaria de Estado da Economia.<\/p>\t\t\t\t\t\t\t\t<\/div>\n\t\t<div class=\"elementor-element elementor-element-af29c5e e-con-full e-flex e-con e-child\" data-id=\"af29c5e\" data-element_type=\"container\" data-e-type=\"container\">\n\t\t\t\t<div class=\"elementor-element elementor-element-0383ab6 elementor-widget elementor-widget-button\" data-id=\"0383ab6\" data-element_type=\"widget\" data-e-type=\"widget\" data-widget_type=\"button.default\">\n\t\t\t\t\t\t\t\t\t\t<a class=\"elementor-button elementor-button-link elementor-size-sm\" href=\"https:\/\/mesp.unb.br\/2025\/12\/22\/turma-2026\/%20\" target=\"_blank\">\n\t\t\t\t\t\t<span class=\"elementor-button-content-wrapper\">\n\t\t\t\t\t\t\t\t\t<span class=\"elementor-button-text\">EDITAL MESP 2026<\/span>\n\t\t\t\t\t<\/span>\n\t\t\t\t\t<\/a>\n\t\t\t\t\t\t\t\t<\/div>\n\t\t\t\t<\/div>\n\t\t\t\t\t<\/div>\n\t\t\t\t<\/div>\n\t\t\t\t<\/div>\n\t\t","protected":false},"excerpt":{"rendered":"<p>Os Editais de P\u00f3s-Gradua\u00e7\u00e3o Stricto Sensu, de responsabilidade da Ger\u00eancia de Ensino Superior e Projetos Pedag\u00f3gicos da Escola de Governo, visam incentivar a qualifica\u00e7\u00e3o avan\u00e7ada dos servidores p\u00fablicos. Nesta p\u00e1gina, est\u00e3o dispon\u00edveis os editais abertos e a previs\u00e3o dos pr\u00f3ximos editais de p\u00f3s-gradua\u00e7\u00e3o. Editais Abertos Instituto Trajet\u00f3rias + Governo de Goi\u00e1s\u200b Em parceria com o [&hellip;]<\/p>\n","protected":false},"author":179,"featured_media":0,"parent":0,"menu_order":0,"comment_status":"closed","ping_status":"closed","template":"","meta":{"footnotes":""},"class_list":["post-15892","page","type-page","status-publish","hentry"],"rttpg_featured_image_url":null,"rttpg_author":{"display_name":"ilaneluz","author_link":"https:\/\/goias.gov.br\/escoladegoverno\/author\/ilaneluz\/"},"rttpg_comment":0,"rttpg_category":null,"rttpg_excerpt":"Os Editais de P\u00f3s-Gradua\u00e7\u00e3o Stricto Sensu, de responsabilidade da Ger\u00eancia de Ensino Superior e Projetos Pedag\u00f3gicos da Escola de Governo, visam incentivar a qualifica\u00e7\u00e3o avan\u00e7ada dos servidores p\u00fablicos. Nesta p\u00e1gina, est\u00e3o dispon\u00edveis os editais abertos e a previs\u00e3o dos pr\u00f3ximos editais de p\u00f3s-gradua\u00e7\u00e3o. Editais Abertos Instituto Trajet\u00f3rias + Governo de Goi\u00e1s\u200b Em parceria com o&hellip;","_links":{"self":[{"href":"https:\/\/goias.gov.br\/escoladegoverno\/wp-json\/wp\/v2\/pages\/15892","targetHints":{"allow":["GET"]}}],"collection":[{"href":"https:\/\/goias.gov.br\/escoladegoverno\/wp-json\/wp\/v2\/pages"}],"about":[{"href":"https:\/\/goias.gov.br\/escoladegoverno\/wp-json\/wp\/v2\/types\/page"}],"author":[{"embeddable":true,"href":"https:\/\/goias.gov.br\/escoladegoverno\/wp-json\/wp\/v2\/users\/179"}],"replies":[{"embeddable":true,"href":"https:\/\/goias.gov.br\/escoladegoverno\/wp-json\/wp\/v2\/comments?post=15892"}],"version-history":[{"count":2,"href":"https:\/\/goias.gov.br\/escoladegoverno\/wp-json\/wp\/v2\/pages\/15892\/revisions"}],"predecessor-version":[{"id":16561,"href":"https:\/\/goias.gov.br\/escoladegoverno\/wp-json\/wp\/v2\/pages\/15892\/revisions\/16561"}],"wp:attachment":[{"href":"https:\/\/goias.gov.br\/escoladegoverno\/wp-json\/wp\/v2\/media?parent=15892"}],"curies":[{"name":"wp","href":"https:\/\/api.w.org\/{rel}","templated":true}]}}