
{"id":15687,"date":"2025-12-10T09:57:15","date_gmt":"2025-12-10T12:57:15","guid":{"rendered":"https:\/\/goias.gov.br\/escoladegoverno\/?page_id=15687"},"modified":"2025-12-10T10:59:51","modified_gmt":"2025-12-10T13:59:51","slug":"diversidade-equidade-e-inclusao-dei","status":"publish","type":"page","link":"https:\/\/goias.gov.br\/escoladegoverno\/diversidade-equidade-e-inclusao-dei\/","title":{"rendered":"Diversidade, Equidade e Inclus\u00e3o (DEI)"},"content":{"rendered":"<style type='text\/css' media='all'>#rt-tpg-container-1810510430 .rt-holder .rt-woo-info .price{color:#083c22;}body .rt-tpg-container .rt-tpg-isotope-buttons .selected,\n\t\t\t\t\t#rt-tpg-container-1810510430 .layout12 .rt-holder:hover .rt-detail,\n\t\t\t\t\t#rt-tpg-container-1810510430 .isotope8 .rt-holder:hover .rt-detail,\n\t\t\t\t\t#rt-tpg-container-1810510430 .carousel8 .rt-holder:hover .rt-detail,\n\t\t\t\t\t#rt-tpg-container-1810510430 .layout13 .rt-holder .overlay .post-info,\n\t\t\t\t\t#rt-tpg-container-1810510430 .isotope9 .rt-holder .overlay .post-info,\n\t\t\t\t\t#rt-tpg-container-1810510430.rt-tpg-container .layout4 .rt-holder .rt-detail,\n\t\t\t\t\t.rt-modal-1810510430 .md-content,\n\t\t\t\t\t.rt-modal-1810510430 .md-content > .rt-md-content-holder .rt-md-content,\n\t\t\t\t\t.rt-popup-wrap-1810510430.rt-popup-wrap .rt-popup-navigation-wrap,\n\t\t\t\t\t#rt-tpg-container-1810510430 .carousel9 .rt-holder .overlay .post-info{background-color:#083c22;}#rt-tpg-container-1810510430 .layout5 .rt-holder .overlay, #rt-tpg-container-1810510430 .isotope2 .rt-holder .overlay, #rt-tpg-container-1810510430 .carousel2 .rt-holder .overlay,#rt-tpg-container-1810510430 .layout15 .rt-holder h3, #rt-tpg-container-1810510430 .isotope11 .rt-holder h3, #rt-tpg-container-1810510430 .carousel11 .rt-holder h3, #rt-tpg-container-1810510430 .layout16 .rt-holder h3,\n\t\t\t\t\t#rt-tpg-container-1810510430 .isotope12 .rt-holder h3, #rt-tpg-container-1810510430 .carousel12 .rt-holder h3 {background-color:rgba(8,60,34,0.8);}#rt-tpg-container-1810510430 .pagination-list li a,\n\t\t\t\t\trt-tpg-container-1810510430 .pagination-list li span,\n\t\t\t\t\trt-tpg-container-1810510430 .pagination li a,\n\t\t\t\t\t#rt-tpg-container-1810510430 .rt-tpg-isotope-buttons button,\n\t\t\t\t\t#rt-tpg-container-1810510430 .rt-tpg-utility .rt-tpg-load-more button,\n\t\t\t\t\t#rt-tpg-container-1810510430.rt-tpg-container .swiper-navigation .slider-btn,\n\t\t\t\t\t#rt-tpg-container-1810510430.rt-tpg-container .swiper-pagination-bullet,\n\t\t\t\t\t#rt-tpg-container-1810510430 .wc1 .rt-holder .rt-img-holder .overlay .product-more ul li a,\n\t\t\t\t\t#rt-tpg-container-1810510430 .wc2 .rt-detail .rt-wc-add-to-cart,\n\t\t\t\t\t#rt-tpg-container-1810510430 .wc3 .rt-detail .rt-wc-add-to-cart,\n\t\t\t\t\t#rt-tpg-container-1810510430 .wc4 .rt-detail .rt-wc-add-to-cart,\n\t\t\t\t\t#rt-tpg-container-1810510430 .wc-carousel2 .rt-detail .rt-wc-add-to-cart,\n\t\t\t\t\t#rt-tpg-container-1810510430 .wc-isotope2 .rt-detail .rt-wc-add-to-cart,\n\t\t\t\t\t#rt-tpg-container-1810510430 .rt-layout-filter-container .rt-filter-wrap .rt-filter-item-wrap.rt-filter-dropdown-wrap .rt-filter-dropdown,\n\t\t\t\t\t#rt-tpg-container-1810510430 .rt-layout-filter-container .rt-filter-sub-tax.sub-button-group .rt-filter-button-item,\n\t\t\t\t\t#rt-tpg-container-1810510430.rt-tpg-container .rt-pagination-wrap .rt-page-numbers .paginationjs .paginationjs-pages ul li>a,\n\t\t\t\t\t#rt-tpg-container-1810510430 .rt-filter-item-wrap.rt-filter-button-wrap span.rt-filter-button-item,\n\t\t\t\t\t#rt-tpg-container-1810510430.rt-tpg-container .rt-pagination-wrap  .rt-loadmore-btn,\n\t\t\t\t\t#rt-tpg-container-1810510430.rt-tpg-container .rt-pagination-wrap .rt-cb-page-prev-next > *,\n\t\t\t\t\t#rt-tpg-container-1810510430 .rt-read-more,\n\t\t\t\t\t#rt-tooltip-1810510430, #rt-tooltip-1810510430 .rt-tooltip-bottom:after{background-color:#16336a;}#rt-tpg-container-1810510430 .rt-filter-item-wrap.rt-filter-button-wrap span.rt-filter-button-item,\n\t\t\t\t\t#rt-tpg-container-1810510430 .rt-layout-filter-container .rt-filter-sub-tax.sub-button-group .rt-filter-button-item{border-color:#16336a;}#rt-tpg-container-1810510430.rt-tpg-container .layout17 .rt-holder .overlay a.tpg-zoom .fa{color:#16336a;}#rt-tpg-container-1810510430 .rt-holder .read-more a {background-color:#16336a;padding: 8px 15px;}#rt-tpg-container-1810510430 .pagination-list li a:hover,\n\t\t\t\t\t#rt-tpg-container-1810510430 .pagination li a:hover,\n\t\t\t\t\t#rt-tpg-container-1810510430 .rt-tpg-isotope-buttons button:hover,\n\t\t\t\t\t#rt-tpg-container-1810510430 .rt-holder .read-more a:hover,\n\t\t\t\t\t#rt-tpg-container-1810510430 .rt-tpg-utility .rt-tpg-load-more button:hover,\n\t\t\t\t\t#rt-tpg-container-1810510430.rt-tpg-container .swiper-pagination-bullet:hover,\n\t\t\t\t\t#rt-tpg-container-1810510430.rt-tpg-container .swiper-navigation .slider-btn:hover,\n\t\t\t\t\t#rt-tpg-container-1810510430 .wc1 .rt-holder .rt-img-holder .overlay .product-more ul li a:hover,\n\t\t\t\t\t#rt-tpg-container-1810510430 .wc2 .rt-detail .rt-wc-add-to-cart:hover,\n\t\t\t\t\t#rt-tpg-container-1810510430 .wc3 .rt-detail .rt-wc-add-to-cart:hover,\n\t\t\t\t\t#rt-tpg-container-1810510430 .wc4 .rt-detail .rt-wc-add-to-cart:hover,\n\t\t\t\t\t#rt-tpg-container-1810510430 .wc-carousel2 .rt-detail .rt-wc-add-to-cart:hover,\n\t\t\t\t\t#rt-tpg-container-1810510430 .wc-isotope2 .rt-detail .rt-wc-add-to-cart:hover,\n\t\t\t\t\t#rt-tpg-container-1810510430 .rt-layout-filter-container .rt-filter-wrap .rt-filter-item-wrap.rt-filter-dropdown-wrap .rt-filter-dropdown .rt-filter-dropdown-item:hover,\n\t\t\t\t\t#rt-tpg-container-1810510430 .rt-layout-filter-container .rt-filter-wrap .rt-filter-item-wrap.rt-filter-dropdown-wrap .rt-filter-dropdown .rt-filter-dropdown-item.selected,\n\t\t\t\t\t#rt-tpg-container-1810510430 .rt-filter-item-wrap.rt-filter-button-wrap span.rt-filter-button-item:hover,\n\t\t\t\t\t#rt-tpg-container-1810510430 .rt-layout-filter-container .rt-filter-sub-tax.sub-button-group .rt-filter-button-item:hover,\n\t\t\t\t\t#rt-tpg-container-1810510430.rt-tpg-container .rt-pagination-wrap .rt-page-numbers .paginationjs .paginationjs-pages ul li>a:hover,\n\t\t\t\t\t#rt-tpg-container-1810510430.rt-tpg-container .rt-pagination-wrap .rt-cb-page-prev-next > *:hover,\n\t\t\t\t\t#rt-tpg-container-1810510430.rt-tpg-container .rt-pagination-wrap  .rt-loadmore-btn:hover,\n\t\t\t\t\t#rt-tpg-container-1810510430 .rt-read-more:hover,\n\t\t\t\t\t#rt-tpg-container-1810510430 .rt-tpg-utility .rt-tpg-load-more button:hover{background-color:#16336a;}#rt-tpg-container-1810510430 .rt-filter-item-wrap.rt-filter-button-wrap span.rt-filter-button-item:hover,\n\t\t\t\t\t\t#rt-tpg-container-1810510430 .rt-layout-filter-container .rt-filter-sub-tax.sub-button-group .rt-filter-button-item:hover,\n\t\t\t\t\t\t#rt-tpg-container-1810510430.rt-tpg-container .swiper-navigation .slider-btn:hover,\n\t\t\t\t\t\t#rt-tpg-container-1810510430.rt-tpg-container .rt-pagination-wrap .rt-page-numbers .paginationjs .paginationjs-pages ul li>a:hover{border-color:#16336a;}#rt-tpg-container-1810510430.rt-tpg-container .layout17 .rt-holder .overlay a.tpg-zoom:hover .fa{color:#16336a;}#rt-tpg-container-1810510430 .pagination-list li a,\n\t\t\t\t\t#rt-tpg-container-1810510430 .pagination li a,\n\t\t\t\t\t#rt-tpg-container-1810510430 .rt-tpg-isotope-buttons button,\n\t\t\t\t\t#rt-tpg-container-1810510430 .rt-holder .read-more a,\n\t\t\t\t\t#rt-tpg-container-1810510430 .rt-tpg-utility .rt-tpg-load-more button,\n\t\t\t\t\t#rt-tpg-container-1810510430.rt-tpg-container .swiper-navigation .slider-btn,\n\t\t\t\t\t#rt-tpg-container-1810510430 .wc1 .rt-holder .rt-img-holder .overlay .product-more ul li a,\n\t\t\t\t\t#rt-tpg-container-1810510430 .edd1 .rt-holder .rt-img-holder .overlay .product-more ul li a,\n\t\t\t\t\t#rt-tpg-container-1810510430 .wc2 .rt-detail .rt-wc-add-to-cart,\n\t\t\t\t\t#rt-tpg-container-1810510430 .wc3 .rt-detail .rt-wc-add-to-cart,\n\t\t\t\t\t#rt-tpg-container-1810510430 .edd2 .rt-detail .rt-wc-add-to-cart,\n\t\t\t\t\t#rt-tpg-container-1810510430 .wc4 .rt-detail .rt-wc-add-to-cart,\n\t\t\t\t\t#rt-tpg-container-1810510430 .edd3 .rt-detail .rt-wc-add-to-cart,\n\t\t\t\t\t#rt-tpg-container-1810510430 .wc-carousel2 .rt-detail .rt-wc-add-to-cart,\n\t\t\t\t\t#rt-tpg-container-1810510430 .wc-isotope2 .rt-detail .rt-wc-add-to-cart,\n\t\t\t\t\t#rt-tpg-container-1810510430 .rt-tpg-utility .rt-tpg-load-more button,\n\t\t\t\t\t#rt-tooltip-1810510430,\n\t\t\t\t\t#rt-tpg-container-1810510430 .rt-filter-item-wrap.rt-filter-button-wrap span.rt-filter-button-item,\n\t\t\t\t\t#rt-tpg-container-1810510430 .rt-layout-filter-container .rt-filter-sub-tax.sub-button-group .rt-filter-button-item,\n\t\t\t\t\t#rt-tpg-container-1810510430 .rt-layout-filter-container .rt-filter-wrap .rt-filter-item-wrap.rt-sort-order-action,\n\t\t\t\t\t#rt-tpg-container-1810510430 .rt-layout-filter-container .rt-filter-wrap .rt-filter-item-wrap.rt-filter-dropdown-wrap .rt-filter-dropdown .rt-filter-dropdown-item,\n\t\t\t\t\t#rt-tpg-container-1810510430.rt-tpg-container .rt-pagination-wrap .rt-page-numbers .paginationjs .paginationjs-pages ul li>a,\n\t\t\t\t\t#rt-tpg-container-1810510430.rt-tpg-container .rt-pagination-wrap .rt-cb-page-prev-next > *,\n\t\t\t\t\t#rt-tpg-container-1810510430.rt-tpg-container .rt-pagination-wrap  .rt-loadmore-btn,\n\t\t\t\t\t#rt-tpg-container-1810510430 .rt-read-more,\n\t\t\t\t\t#rt-tooltip-1810510430 .rt-tooltip-bottom:after{color:#ffffff;}#rt-tpg-container-1810510430 .rt-filter-item-wrap.rt-filter-button-wrap span.rt-filter-button-item:hover,\n\t\t\t\t\t#rt-tpg-container-1810510430 .rt-holder .read-more a:hover,\n\t\t\t\t\t#rt-tpg-container-1810510430.rt-tpg-container .swiper-navigation .slider-btn:hover,\n\t\t\t\t\t#rt-tpg-container-1810510430 .rt-layout-filter-container .rt-filter-sub-tax.sub-button-group .rt-filter-button-item:hover,\n\t\t\t\t\t#rt-tpg-container-1810510430 .rt-layout-filter-container .rt-filter-wrap .rt-filter-item-wrap.rt-filter-dropdown-wrap .rt-filter-dropdown .rt-filter-dropdown-item:hover,\n\t\t\t\t\t#rt-tpg-container-1810510430 .rt-layout-filter-container .rt-filter-wrap .rt-filter-item-wrap.rt-filter-dropdown-wrap .rt-filter-dropdown .rt-filter-dropdown-item.selected,\n\t\t\t\t\t#rt-tpg-container-1810510430 .rt-layout-filter-container .rt-filter-wrap .rt-filter-item-wrap.rt-sort-order-action:hover,\n\t\t\t\t\t#rt-tpg-container-1810510430.rt-tpg-container .rt-pagination-wrap .rt-page-numbers .paginationjs .paginationjs-pages ul li.active>a:hover,\n\t\t\t\t\t#rt-tpg-container-1810510430 .rt-filter-item-wrap.rt-filter-button-wrap span.rt-filter-button-item.selected,\n\t\t\t\t\t#rt-tpg-container-1810510430 .rt-layout-filter-container .rt-filter-wrap .rt-filter-item-wrap.rt-sort-order-action,\n\t\t\t\t\t#rt-tpg-container-1810510430.rt-tpg-container .rt-pagination-wrap  .rt-loadmore-btn:hover,\n\t\t\t\t\t#rt-tpg-container-1810510430 .rt-read-more:hover,\n\t\t\t\t\t#rt-tpg-container-1810510430.rt-tpg-container .rt-pagination-wrap .rt-page-numbers .paginationjs .paginationjs-pages ul li.active>a{color:#ffffff;}#rt-tpg-container-1810510430 .read-more a{border-radius:15px;}#rt-tpg-container-1810510430 .rt-img-holder img.rt-img-responsive,#rt-tpg-container-1810510430 .rt-img-holder,\n\t\t\t\t\t#rt-tpg-container-1810510430 .rt-post-overlay .post-img,\n\t\t\t\t\t#rt-tpg-container-1810510430 .post-sm .post-img,\n\t\t\t\t\t#rt-tpg-container-1810510430 .rt-post-grid .post-img,\n\t\t\t\t\t#rt-tpg-container-1810510430 .post-img img {border-radius:px;}<\/style><div class='rt-container-fluid rt-tpg-container tpg-shortcode-main-wrapper ' id='rt-tpg-container-1810510430'   data-layout='layout1' data-grid-style='even' data-desktop-col='3'  data-tab-col='2'  data-mobile-col='1' data-sc-id='15686'><div data-title='Loading ...' class='rt-row rt-content-loader   layout1 tpg-even '><div class=\"rt-col-md-4 rt-col-sm-6 rt-col-xs-12 even-grid-item rt-grid-item\" data-id=\"15647\"><div class=\"rt-holder\"><div class='rt-detail'><h3 class=\"entry-title\"><a data-id=\"15647\" class=\"\" href=\"https:\/\/goias.gov.br\/escoladegoverno\/por-que-eu-servidora-preciso-ser-antirracista\/\">Por que eu, servidor(a), preciso ser antirracista ?<\/a><\/h3><div class='post-meta-user  '><span class='post-tags-links'><a href=\"https:\/\/goias.gov.br\/escoladegoverno\/tags\/sempre-abertas\/\" rel=\"tag\">Sempre Abertas<\/a><\/span><\/div><div class='tpg-excerpt'>(EAD Ass\u00edncrono) \u2013 Capacitar servidores p\u00fablicos estaduais no hist\u00f3rico e nas formas pelas quais o racismo opera na sociedade brasileira, indicando pr\u00e1ticas antirracistas para o seu enfrentamento...<\/div><div class='post-meta '><span class='read-more'><a data-id='15647' class='' href='https:\/\/goias.gov.br\/escoladegoverno\/por-que-eu-servidora-preciso-ser-antirracista\/'>SAIBA MAIS<\/a><\/span><\/div><\/div><\/div><\/div><\/div><\/div>\n","protected":false},"excerpt":{"rendered":"","protected":false},"author":1,"featured_media":0,"parent":0,"menu_order":0,"comment_status":"closed","ping_status":"closed","template":"elementor_header_footer","meta":{"footnotes":""},"class_list":["post-15687","page","type-page","status-publish","hentry"],"rttpg_featured_image_url":null,"rttpg_author":{"display_name":"wagner.viana","author_link":"https:\/\/goias.gov.br\/escoladegoverno\/author\/wagner-viana\/"},"rttpg_comment":0,"rttpg_category":"","rttpg_excerpt":null,"_links":{"self":[{"href":"https:\/\/goias.gov.br\/escoladegoverno\/wp-json\/wp\/v2\/pages\/15687","targetHints":{"allow":["GET"]}}],"collection":[{"href":"https:\/\/goias.gov.br\/escoladegoverno\/wp-json\/wp\/v2\/pages"}],"about":[{"href":"https:\/\/goias.gov.br\/escoladegoverno\/wp-json\/wp\/v2\/types\/page"}],"author":[{"embeddable":true,"href":"https:\/\/goias.gov.br\/escoladegoverno\/wp-json\/wp\/v2\/users\/1"}],"replies":[{"embeddable":true,"href":"https:\/\/goias.gov.br\/escoladegoverno\/wp-json\/wp\/v2\/comments?post=15687"}],"version-history":[{"count":2,"href":"https:\/\/goias.gov.br\/escoladegoverno\/wp-json\/wp\/v2\/pages\/15687\/revisions"}],"predecessor-version":[{"id":15690,"href":"https:\/\/goias.gov.br\/escoladegoverno\/wp-json\/wp\/v2\/pages\/15687\/revisions\/15690"}],"wp:attachment":[{"href":"https:\/\/goias.gov.br\/escoladegoverno\/wp-json\/wp\/v2\/media?parent=15687"}],"curies":[{"name":"wp","href":"https:\/\/api.w.org\/{rel}","templated":true}]}}