
{"id":15028,"date":"2026-03-31T17:53:32","date_gmt":"2026-03-31T20:53:32","guid":{"rendered":"https:\/\/goias.gov.br\/escoladegoverno\/?page_id=15028"},"modified":"2026-03-31T17:55:48","modified_gmt":"2026-03-31T20:55:48","slug":"institucional","status":"publish","type":"page","link":"https:\/\/goias.gov.br\/escoladegoverno\/institucional\/","title":{"rendered":"Institucional"},"content":{"rendered":"\t\t<div data-elementor-type=\"wp-page\" data-elementor-id=\"15028\" class=\"elementor elementor-15028\">\n\t\t\t\t<div class=\"elementor-element elementor-element-e76d07d e-flex e-con-boxed e-con e-parent\" data-id=\"e76d07d\" data-element_type=\"container\" data-e-type=\"container\">\n\t\t\t\t\t<div class=\"e-con-inner\">\n\t\t\t\t<div class=\"elementor-element elementor-element-21c0c33 elementor-widget elementor-widget-shortcode\" data-id=\"21c0c33\" data-element_type=\"widget\" data-e-type=\"widget\" data-widget_type=\"shortcode.default\">\n\t\t\t\t\t\t\t<div class=\"elementor-shortcode\"><div data-post-id=\"10\" class=\"insert-page insert-page-10 \"><h1 class='insert-page-title'>A Escola de Governo<\/h1><p>Forma\u00e7\u00e3o, capacita\u00e7\u00e3o e valoriza\u00e7\u00e3o do servidor p\u00fablico estadual.<\/p>\n<p><span id=\"more-10\"><\/span><span style=\"color: initial; font-size: revert;\">A\u00a0 Diretoria Executiva da Escola de Governo \u00e9 uma unidade central da Secretaria de Estado da Administra\u00e7\u00e3o &#8211; SEAD, com a atribui\u00e7\u00e3o de promover a\u00e7\u00f5es e projetos com foco na forma\u00e7\u00e3o, capacita\u00e7\u00e3o, qualifica\u00e7\u00e3o, aperfei\u00e7oamento, desenvolvimento de compet\u00eancias e outros processos educacionais voltados para o servi\u00e7o p\u00fablico.<\/span><\/p>\n<p>A Escola de Governo tem suas a\u00e7\u00f5es de capacita\u00e7\u00e3o e valoriza\u00e7\u00e3o dos servidores\u00a0focadas em desenvolver e instrumentalizar os agentes p\u00fablicos para atua\u00e7\u00e3o como protagonistas de um novo paradigma na gest\u00e3o p\u00fablica estadual que impacte radicalmente os resultados entregues ao cidad\u00e3o goiano.<\/p>\n<p><strong><a href=\"https:\/\/goias.gov.br\/escoladegoverno\/legislacao-especifica\/\">Conhe\u00e7a as leis e normas que regem a Escola de Governo.<\/a><\/strong><\/p>\n<p><strong><a id=\"\" title=\"\" href=\"https:\/\/goias.gov.br\/escoladegoverno\/wp-content\/uploads\/sites\/28\/2024\/09\/PDI-2022-2026.pdf\" target=\"_blank\" rel=\"noopener\">Projeto de Desenvolvimento Institucional.<\/a><\/strong><\/p>\n<p><strong><a id=\"\" title=\"\" href=\"http:\/\/goias.gov.br\/escoladegoverno\/wp-content\/uploads\/sites\/28\/2018\/01\/PPC_Gestao__Pessoas_e_Inovacao-5b4.pdf\" target=\"_blank\" rel=\"noopener\">Projeto Pedag\u00f3gico do Curso de Especializa\u00e7\u00e3o em Gest\u00e3o, Pessoas e Inova\u00e7\u00e3o.<\/a><\/strong><\/p>\n<p><strong><a href=\"https:\/\/goias.gov.br\/escoladegoverno\/wp-content\/uploads\/sites\/28\/2024\/09\/PPC-Projetos-e-Processos.pdf\" target=\"_blank\" rel=\"noopener\">Projeto Pedag\u00f3gico do Curso de <span class=\"selectable-text copyable-text\">Especializa\u00e7\u00e3o em Projetos e Processos<\/span><\/a><\/strong><\/p>\n<p><strong><a href=\"https:\/\/goias.gov.br\/escoladegoverno\/wp-content\/uploads\/sites\/28\/2026\/04\/Plano-de-Capacitacao-2026.pdf\" target=\"_blank\" rel=\"noopener\">Plano de Capacita\u00e7\u00e3o 2026<\/a>\u00a0e <a href=\"https:\/\/goias.gov.br\/escoladegoverno\/wp-content\/uploads\/sites\/28\/2026\/02\/Relatorio-LNC-2025-2026.pdf\" target=\"_blank\" rel=\"noopener\"><span class=\"selectable-text copyable-text false\">Relat\u00f3rio LNC 2025\/2026<\/span><\/a><\/strong><\/p>\n\n\n<p><\/p>\n<ul class='post-meta'>\n<li><span class='post-meta-key'>author_alias:<\/span> Joomla<\/li>\n<li><span class='post-meta-key'>tpg-post-view-count:<\/span> 509<\/li>\n<li><span class='post-meta-key'>rank_math_internal_links_processed:<\/span> 1<\/li>\n<li><span class='post-meta-key'>ao_post_optimize:<\/span> a:6:{s:16:\"ao_post_optimize\";s:2:\"on\";s:19:\"ao_post_js_optimize\";s:2:\"on\";s:20:\"ao_post_css_optimize\";s:2:\"on\";s:12:\"ao_post_ccss\";s:2:\"on\";s:16:\"ao_post_lazyload\";s:2:\"on\";s:15:\"ao_post_preload\";s:0:\"\";}<\/li>\n<li><span class='post-meta-key'>footnotes:<\/span> <\/li>\n<li><span class='post-meta-key'>rank_math_lock_modified_date:<\/span> <\/li>\n<\/ul>\n<\/div><\/div>\n\t\t\t\t\t\t<\/div>\n\t\t\t\t\t<\/div>\n\t\t\t\t<\/div>\n\t\t<div class=\"elementor-element elementor-element-a8ca7ba e-flex e-con-boxed e-con e-parent\" data-id=\"a8ca7ba\" data-element_type=\"container\" data-e-type=\"container\">\n\t\t\t\t\t<div class=\"e-con-inner\">\n\t\t\t\t<div class=\"elementor-element elementor-element-d65df20 elementor-widget elementor-widget-shortcode\" data-id=\"d65df20\" data-element_type=\"widget\" data-e-type=\"widget\" data-widget_type=\"shortcode.default\">\n\t\t\t\t\t\t\t<div class=\"elementor-shortcode\"><div data-post-id=\"19\" class=\"insert-page insert-page-19 \"><h1 class='insert-page-title'>Estrutura Organizacional<\/h1><p>A Diretoria Executiva da Escola de Governo \u00e9 dividida em tr\u00eas ger\u00eancias respons\u00e1veis por atender ao p\u00fablico por meio de suas atividades.<\/p>\n<ul class=\"list-unidades\">\n<li>Diretoria Executiva da Escola de Governo\n<ul>\n<li>Ger\u00eancia de Desenvolvimento Profissional<\/li>\n<li>Ger\u00eancia do Ensino Superior e Projetos Pedag\u00f3gicos<\/li>\n<li>Ger\u00eancia do Laborat\u00f3rio de Inova\u00e7\u00e3o e Desenvolvimento de Pessoas &#8211; Pequi Lab<\/li>\n<\/ul>\n<\/li>\n<\/ul>\n<ul>\n<li><a href=\"https:\/\/goias.gov.br\/escoladegoverno\/cargos-e-seus-ocupantes\/\" target=\"_blank\" rel=\"noopener\">Saiba quem \u00e9 quem em\u00a0Cargos e seus Ocupantes<\/a><\/li>\n<\/ul>\n<ul class='post-meta'>\n<li><span class='post-meta-key'>tpg-post-view-count:<\/span> 501<\/li>\n<li><span class='post-meta-key'>rank_math_internal_links_processed:<\/span> 1<\/li>\n<li><span class='post-meta-key'>ao_post_optimize:<\/span> a:6:{s:16:\"ao_post_optimize\";s:2:\"on\";s:19:\"ao_post_js_optimize\";s:2:\"on\";s:20:\"ao_post_css_optimize\";s:2:\"on\";s:12:\"ao_post_ccss\";s:2:\"on\";s:16:\"ao_post_lazyload\";s:2:\"on\";s:15:\"ao_post_preload\";s:0:\"\";}<\/li>\n<li><span class='post-meta-key'>footnotes:<\/span> <\/li>\n<\/ul>\n<\/div><\/div>\n\t\t\t\t\t\t<\/div>\n\t\t\t\t\t<\/div>\n\t\t\t\t<\/div>\n\t\t<div class=\"elementor-element elementor-element-3ced531 e-flex e-con-boxed e-con e-parent\" data-id=\"3ced531\" data-element_type=\"container\" data-e-type=\"container\">\n\t\t\t\t\t<div class=\"e-con-inner\">\n\t\t\t\t<div class=\"elementor-element elementor-element-869b793 elementor-widget elementor-widget-shortcode\" data-id=\"869b793\" data-element_type=\"widget\" data-e-type=\"widget\" data-widget_type=\"shortcode.default\">\n\t\t\t\t\t\t\t<div class=\"elementor-shortcode\"><div data-post-id=\"13\" class=\"insert-page insert-page-13 \"><h1 class='insert-page-title'>Canais de Atendimento<\/h1><p><em>Diretoria Executiva da Escola de Governo<\/em><br \/>\nRua C-135, n\u00ba 425, Qd. 291, Lt. 3 \u2013 Setor Jardim Am\u00e9rica<br \/>\nCEP: 74.275-040 &#8211; Goi\u00e2nia &#8211; Goi\u00e1s<\/p>\n<p class=\"nomarginbottom\">E-mail Institucional: <a href=\"mailto:escoladegoverno@goias.gov.br\">escoladegoverno@goias.gov.br<\/a><\/p>\n<p class=\"nomarginbottom\">E-mail para atendimento ao aluno:\u00a0<a href=\"mailto:secretaria.escoladegoverno@goias.gov.br\">secretaria.escoladegoverno@goias.gov.br<\/a><\/p>\n<p><strong>Telefones:<\/strong><\/p>\n<p>Secretaria Escolar: (62) 3201-9267 \/ 3201-1699 (WhatsApp)<br \/>\nGer\u00eancia de Desenvolvimento Profissional:\u00a0(62) 3201-9259 \/ 3201-9266<br \/>\nGer\u00eancia do Ensino Superior e Projetos Pedag\u00f3gicos: (62) 3251-2550<br \/>\nGer\u00eancia do Laborat\u00f3rio de Inova\u00e7\u00e3o e Desenvolvimento de Pessoas \u2013 Pequi Lab: (62) 3201-4525<br \/>\nBiblioteca Escolar: (62) 3201-9265<\/p>\n<div><iframe style=\"border: 0px currentColor;\" src=\"https:\/\/www.google.com\/maps\/embed?pb=!1m18!1m12!1m3!1d3821.3282871286865!2d-49.28528968455217!3d-16.710463850604224!2m3!1f0!2f0!3f0!3m2!1i1024!2i768!4f13.1!3m3!1m2!1s0x935ef12d3f14faa5%3A0xec5766dd79df8419!2sEscola+de+Governo+Henrique+Santillo!5e0!3m2!1spt-PT!2sbr!4v1535117872992\" width=\"100%\" height=\"350\" frameborder=\"0\" allowfullscreen=\"allowfullscreen\"><\/iframe><\/div>\n<ul class='post-meta'>\n<li><span class='post-meta-key'>tpg-post-view-count:<\/span> 501<\/li>\n<li><span class='post-meta-key'>rank_math_internal_links_processed:<\/span> 1<\/li>\n<li><span class='post-meta-key'>footnotes:<\/span> <\/li>\n<\/ul>\n<\/div><\/div>\n\t\t\t\t\t\t<\/div>\n\t\t\t\t\t<\/div>\n\t\t\t\t<\/div>\n\t\t\t\t<\/div>\n\t\t","protected":false},"excerpt":{"rendered":"","protected":false},"author":553,"featured_media":0,"parent":0,"menu_order":0,"comment_status":"closed","ping_status":"closed","template":"elementor_header_footer","meta":{"footnotes":""},"class_list":["post-15028","page","type-page","status-publish","hentry"],"rttpg_featured_image_url":null,"rttpg_author":{"display_name":"dumon.mdias@fornecedores.goias.gov.br","author_link":"https:\/\/goias.gov.br\/escoladegoverno\/author\/dumon-mdiasfornecedores-goias-gov-br\/"},"rttpg_comment":0,"rttpg_category":"","rttpg_excerpt":null,"_links":{"self":[{"href":"https:\/\/goias.gov.br\/escoladegoverno\/wp-json\/wp\/v2\/pages\/15028","targetHints":{"allow":["GET"]}}],"collection":[{"href":"https:\/\/goias.gov.br\/escoladegoverno\/wp-json\/wp\/v2\/pages"}],"about":[{"href":"https:\/\/goias.gov.br\/escoladegoverno\/wp-json\/wp\/v2\/types\/page"}],"author":[{"embeddable":true,"href":"https:\/\/goias.gov.br\/escoladegoverno\/wp-json\/wp\/v2\/users\/553"}],"replies":[{"embeddable":true,"href":"https:\/\/goias.gov.br\/escoladegoverno\/wp-json\/wp\/v2\/comments?post=15028"}],"version-history":[{"count":2,"href":"https:\/\/goias.gov.br\/escoladegoverno\/wp-json\/wp\/v2\/pages\/15028\/revisions"}],"predecessor-version":[{"id":16518,"href":"https:\/\/goias.gov.br\/escoladegoverno\/wp-json\/wp\/v2\/pages\/15028\/revisions\/16518"}],"wp:attachment":[{"href":"https:\/\/goias.gov.br\/escoladegoverno\/wp-json\/wp\/v2\/media?parent=15028"}],"curies":[{"name":"wp","href":"https:\/\/api.w.org\/{rel}","templated":true}]}}