
{"id":10329,"date":"2024-04-22T16:15:13","date_gmt":"2024-04-22T19:15:13","guid":{"rendered":"https:\/\/goias.gov.br\/escoladegoverno\/?page_id=10329"},"modified":"2024-04-22T16:16:52","modified_gmt":"2024-04-22T19:16:52","slug":"inscricoes-indisponiveis","status":"publish","type":"page","link":"https:\/\/goias.gov.br\/escoladegoverno\/inscricoes-indisponiveis\/","title":{"rendered":"Inscri\u00e7\u00f5es Indispon\u00edveis"},"content":{"rendered":"<style type='text\/css' media='all'>#rt-tpg-container-3290185450 .rt-holder .rt-woo-info .price{color:#083c22;}body .rt-tpg-container .rt-tpg-isotope-buttons .selected,\n\t\t\t\t\t#rt-tpg-container-3290185450 .layout12 .rt-holder:hover .rt-detail,\n\t\t\t\t\t#rt-tpg-container-3290185450 .isotope8 .rt-holder:hover .rt-detail,\n\t\t\t\t\t#rt-tpg-container-3290185450 .carousel8 .rt-holder:hover .rt-detail,\n\t\t\t\t\t#rt-tpg-container-3290185450 .layout13 .rt-holder .overlay .post-info,\n\t\t\t\t\t#rt-tpg-container-3290185450 .isotope9 .rt-holder .overlay .post-info,\n\t\t\t\t\t#rt-tpg-container-3290185450.rt-tpg-container .layout4 .rt-holder .rt-detail,\n\t\t\t\t\t.rt-modal-3290185450 .md-content,\n\t\t\t\t\t.rt-modal-3290185450 .md-content > .rt-md-content-holder .rt-md-content,\n\t\t\t\t\t.rt-popup-wrap-3290185450.rt-popup-wrap .rt-popup-navigation-wrap,\n\t\t\t\t\t#rt-tpg-container-3290185450 .carousel9 .rt-holder .overlay .post-info{background-color:#083c22;}#rt-tpg-container-3290185450 .layout5 .rt-holder .overlay, #rt-tpg-container-3290185450 .isotope2 .rt-holder .overlay, #rt-tpg-container-3290185450 .carousel2 .rt-holder .overlay,#rt-tpg-container-3290185450 .layout15 .rt-holder h3, #rt-tpg-container-3290185450 .isotope11 .rt-holder h3, #rt-tpg-container-3290185450 .carousel11 .rt-holder h3, #rt-tpg-container-3290185450 .layout16 .rt-holder h3,\n\t\t\t\t\t#rt-tpg-container-3290185450 .isotope12 .rt-holder h3, #rt-tpg-container-3290185450 .carousel12 .rt-holder h3 {background-color:rgba(8,60,34,0.8);}#rt-tpg-container-3290185450 .pagination-list li a,\n\t\t\t\t\trt-tpg-container-3290185450 .pagination-list li span,\n\t\t\t\t\trt-tpg-container-3290185450 .pagination li a,\n\t\t\t\t\t#rt-tpg-container-3290185450 .rt-tpg-isotope-buttons button,\n\t\t\t\t\t#rt-tpg-container-3290185450 .rt-tpg-utility .rt-tpg-load-more button,\n\t\t\t\t\t#rt-tpg-container-3290185450.rt-tpg-container .swiper-navigation .slider-btn,\n\t\t\t\t\t#rt-tpg-container-3290185450.rt-tpg-container .swiper-pagination-bullet,\n\t\t\t\t\t#rt-tpg-container-3290185450 .wc1 .rt-holder .rt-img-holder .overlay .product-more ul li a,\n\t\t\t\t\t#rt-tpg-container-3290185450 .wc2 .rt-detail .rt-wc-add-to-cart,\n\t\t\t\t\t#rt-tpg-container-3290185450 .wc3 .rt-detail .rt-wc-add-to-cart,\n\t\t\t\t\t#rt-tpg-container-3290185450 .wc4 .rt-detail .rt-wc-add-to-cart,\n\t\t\t\t\t#rt-tpg-container-3290185450 .wc-carousel2 .rt-detail .rt-wc-add-to-cart,\n\t\t\t\t\t#rt-tpg-container-3290185450 .wc-isotope2 .rt-detail .rt-wc-add-to-cart,\n\t\t\t\t\t#rt-tpg-container-3290185450 .rt-layout-filter-container .rt-filter-wrap .rt-filter-item-wrap.rt-filter-dropdown-wrap .rt-filter-dropdown,\n\t\t\t\t\t#rt-tpg-container-3290185450 .rt-layout-filter-container .rt-filter-sub-tax.sub-button-group .rt-filter-button-item,\n\t\t\t\t\t#rt-tpg-container-3290185450.rt-tpg-container .rt-pagination-wrap .rt-page-numbers .paginationjs .paginationjs-pages ul li>a,\n\t\t\t\t\t#rt-tpg-container-3290185450 .rt-filter-item-wrap.rt-filter-button-wrap span.rt-filter-button-item,\n\t\t\t\t\t#rt-tpg-container-3290185450.rt-tpg-container .rt-pagination-wrap  .rt-loadmore-btn,\n\t\t\t\t\t#rt-tpg-container-3290185450.rt-tpg-container .rt-pagination-wrap .rt-cb-page-prev-next > *,\n\t\t\t\t\t#rt-tpg-container-3290185450 .rt-read-more,\n\t\t\t\t\t#rt-tooltip-3290185450, #rt-tooltip-3290185450 .rt-tooltip-bottom:after{background-color:#16336a;}#rt-tpg-container-3290185450 .rt-filter-item-wrap.rt-filter-button-wrap span.rt-filter-button-item,\n\t\t\t\t\t#rt-tpg-container-3290185450 .rt-layout-filter-container .rt-filter-sub-tax.sub-button-group .rt-filter-button-item{border-color:#16336a;}#rt-tpg-container-3290185450.rt-tpg-container .layout17 .rt-holder .overlay a.tpg-zoom .fa{color:#16336a;}#rt-tpg-container-3290185450 .rt-holder .read-more a {background-color:#16336a;padding: 8px 15px;}#rt-tpg-container-3290185450 .pagination-list li a:hover,\n\t\t\t\t\t#rt-tpg-container-3290185450 .pagination li a:hover,\n\t\t\t\t\t#rt-tpg-container-3290185450 .rt-tpg-isotope-buttons button:hover,\n\t\t\t\t\t#rt-tpg-container-3290185450 .rt-holder .read-more a:hover,\n\t\t\t\t\t#rt-tpg-container-3290185450 .rt-tpg-utility .rt-tpg-load-more button:hover,\n\t\t\t\t\t#rt-tpg-container-3290185450.rt-tpg-container .swiper-pagination-bullet:hover,\n\t\t\t\t\t#rt-tpg-container-3290185450.rt-tpg-container .swiper-navigation .slider-btn:hover,\n\t\t\t\t\t#rt-tpg-container-3290185450 .wc1 .rt-holder .rt-img-holder .overlay .product-more ul li a:hover,\n\t\t\t\t\t#rt-tpg-container-3290185450 .wc2 .rt-detail .rt-wc-add-to-cart:hover,\n\t\t\t\t\t#rt-tpg-container-3290185450 .wc3 .rt-detail .rt-wc-add-to-cart:hover,\n\t\t\t\t\t#rt-tpg-container-3290185450 .wc4 .rt-detail .rt-wc-add-to-cart:hover,\n\t\t\t\t\t#rt-tpg-container-3290185450 .wc-carousel2 .rt-detail .rt-wc-add-to-cart:hover,\n\t\t\t\t\t#rt-tpg-container-3290185450 .wc-isotope2 .rt-detail .rt-wc-add-to-cart:hover,\n\t\t\t\t\t#rt-tpg-container-3290185450 .rt-layout-filter-container .rt-filter-wrap .rt-filter-item-wrap.rt-filter-dropdown-wrap .rt-filter-dropdown .rt-filter-dropdown-item:hover,\n\t\t\t\t\t#rt-tpg-container-3290185450 .rt-layout-filter-container .rt-filter-wrap .rt-filter-item-wrap.rt-filter-dropdown-wrap .rt-filter-dropdown .rt-filter-dropdown-item.selected,\n\t\t\t\t\t#rt-tpg-container-3290185450 .rt-filter-item-wrap.rt-filter-button-wrap span.rt-filter-button-item:hover,\n\t\t\t\t\t#rt-tpg-container-3290185450 .rt-layout-filter-container .rt-filter-sub-tax.sub-button-group .rt-filter-button-item:hover,\n\t\t\t\t\t#rt-tpg-container-3290185450.rt-tpg-container .rt-pagination-wrap .rt-page-numbers .paginationjs .paginationjs-pages ul li>a:hover,\n\t\t\t\t\t#rt-tpg-container-3290185450.rt-tpg-container .rt-pagination-wrap .rt-cb-page-prev-next > *:hover,\n\t\t\t\t\t#rt-tpg-container-3290185450.rt-tpg-container .rt-pagination-wrap  .rt-loadmore-btn:hover,\n\t\t\t\t\t#rt-tpg-container-3290185450 .rt-read-more:hover,\n\t\t\t\t\t#rt-tpg-container-3290185450 .rt-tpg-utility .rt-tpg-load-more button:hover{background-color:#16336a;}#rt-tpg-container-3290185450 .rt-filter-item-wrap.rt-filter-button-wrap span.rt-filter-button-item:hover,\n\t\t\t\t\t\t#rt-tpg-container-3290185450 .rt-layout-filter-container .rt-filter-sub-tax.sub-button-group .rt-filter-button-item:hover,\n\t\t\t\t\t\t#rt-tpg-container-3290185450.rt-tpg-container .swiper-navigation .slider-btn:hover,\n\t\t\t\t\t\t#rt-tpg-container-3290185450.rt-tpg-container .rt-pagination-wrap .rt-page-numbers .paginationjs .paginationjs-pages ul li>a:hover{border-color:#16336a;}#rt-tpg-container-3290185450.rt-tpg-container .layout17 .rt-holder .overlay a.tpg-zoom:hover .fa{color:#16336a;}#rt-tpg-container-3290185450 .pagination-list li a,\n\t\t\t\t\t#rt-tpg-container-3290185450 .pagination li a,\n\t\t\t\t\t#rt-tpg-container-3290185450 .rt-tpg-isotope-buttons button,\n\t\t\t\t\t#rt-tpg-container-3290185450 .rt-holder .read-more a,\n\t\t\t\t\t#rt-tpg-container-3290185450 .rt-tpg-utility .rt-tpg-load-more button,\n\t\t\t\t\t#rt-tpg-container-3290185450.rt-tpg-container .swiper-navigation .slider-btn,\n\t\t\t\t\t#rt-tpg-container-3290185450 .wc1 .rt-holder .rt-img-holder .overlay .product-more ul li a,\n\t\t\t\t\t#rt-tpg-container-3290185450 .edd1 .rt-holder .rt-img-holder .overlay .product-more ul li a,\n\t\t\t\t\t#rt-tpg-container-3290185450 .wc2 .rt-detail .rt-wc-add-to-cart,\n\t\t\t\t\t#rt-tpg-container-3290185450 .wc3 .rt-detail .rt-wc-add-to-cart,\n\t\t\t\t\t#rt-tpg-container-3290185450 .edd2 .rt-detail .rt-wc-add-to-cart,\n\t\t\t\t\t#rt-tpg-container-3290185450 .wc4 .rt-detail .rt-wc-add-to-cart,\n\t\t\t\t\t#rt-tpg-container-3290185450 .edd3 .rt-detail .rt-wc-add-to-cart,\n\t\t\t\t\t#rt-tpg-container-3290185450 .wc-carousel2 .rt-detail .rt-wc-add-to-cart,\n\t\t\t\t\t#rt-tpg-container-3290185450 .wc-isotope2 .rt-detail .rt-wc-add-to-cart,\n\t\t\t\t\t#rt-tpg-container-3290185450 .rt-tpg-utility .rt-tpg-load-more button,\n\t\t\t\t\t#rt-tooltip-3290185450,\n\t\t\t\t\t#rt-tpg-container-3290185450 .rt-filter-item-wrap.rt-filter-button-wrap span.rt-filter-button-item,\n\t\t\t\t\t#rt-tpg-container-3290185450 .rt-layout-filter-container .rt-filter-sub-tax.sub-button-group .rt-filter-button-item,\n\t\t\t\t\t#rt-tpg-container-3290185450 .rt-layout-filter-container .rt-filter-wrap .rt-filter-item-wrap.rt-sort-order-action,\n\t\t\t\t\t#rt-tpg-container-3290185450 .rt-layout-filter-container .rt-filter-wrap .rt-filter-item-wrap.rt-filter-dropdown-wrap .rt-filter-dropdown .rt-filter-dropdown-item,\n\t\t\t\t\t#rt-tpg-container-3290185450.rt-tpg-container .rt-pagination-wrap .rt-page-numbers .paginationjs .paginationjs-pages ul li>a,\n\t\t\t\t\t#rt-tpg-container-3290185450.rt-tpg-container .rt-pagination-wrap .rt-cb-page-prev-next > *,\n\t\t\t\t\t#rt-tpg-container-3290185450.rt-tpg-container .rt-pagination-wrap  .rt-loadmore-btn,\n\t\t\t\t\t#rt-tpg-container-3290185450 .rt-read-more,\n\t\t\t\t\t#rt-tooltip-3290185450 .rt-tooltip-bottom:after{color:#ffffff;}#rt-tpg-container-3290185450 .rt-filter-item-wrap.rt-filter-button-wrap span.rt-filter-button-item:hover,\n\t\t\t\t\t#rt-tpg-container-3290185450 .rt-holder .read-more a:hover,\n\t\t\t\t\t#rt-tpg-container-3290185450.rt-tpg-container .swiper-navigation .slider-btn:hover,\n\t\t\t\t\t#rt-tpg-container-3290185450 .rt-layout-filter-container .rt-filter-sub-tax.sub-button-group .rt-filter-button-item:hover,\n\t\t\t\t\t#rt-tpg-container-3290185450 .rt-layout-filter-container .rt-filter-wrap .rt-filter-item-wrap.rt-filter-dropdown-wrap .rt-filter-dropdown .rt-filter-dropdown-item:hover,\n\t\t\t\t\t#rt-tpg-container-3290185450 .rt-layout-filter-container .rt-filter-wrap .rt-filter-item-wrap.rt-filter-dropdown-wrap .rt-filter-dropdown .rt-filter-dropdown-item.selected,\n\t\t\t\t\t#rt-tpg-container-3290185450 .rt-layout-filter-container .rt-filter-wrap .rt-filter-item-wrap.rt-sort-order-action:hover,\n\t\t\t\t\t#rt-tpg-container-3290185450.rt-tpg-container .rt-pagination-wrap .rt-page-numbers .paginationjs .paginationjs-pages ul li.active>a:hover,\n\t\t\t\t\t#rt-tpg-container-3290185450 .rt-filter-item-wrap.rt-filter-button-wrap span.rt-filter-button-item.selected,\n\t\t\t\t\t#rt-tpg-container-3290185450 .rt-layout-filter-container .rt-filter-wrap .rt-filter-item-wrap.rt-sort-order-action,\n\t\t\t\t\t#rt-tpg-container-3290185450.rt-tpg-container .rt-pagination-wrap  .rt-loadmore-btn:hover,\n\t\t\t\t\t#rt-tpg-container-3290185450 .rt-read-more:hover,\n\t\t\t\t\t#rt-tpg-container-3290185450.rt-tpg-container .rt-pagination-wrap .rt-page-numbers .paginationjs .paginationjs-pages ul li.active>a{color:#ffffff;}#rt-tpg-container-3290185450 .read-more a{border-radius:15px;}#rt-tpg-container-3290185450 .rt-img-holder img.rt-img-responsive,#rt-tpg-container-3290185450 .rt-img-holder,\n\t\t\t\t\t#rt-tpg-container-3290185450 .rt-post-overlay .post-img,\n\t\t\t\t\t#rt-tpg-container-3290185450 .post-sm .post-img,\n\t\t\t\t\t#rt-tpg-container-3290185450 .rt-post-grid .post-img,\n\t\t\t\t\t#rt-tpg-container-3290185450 .post-img img {border-radius:px;}<\/style><div class='rt-container-fluid rt-tpg-container tpg-shortcode-main-wrapper ' id='rt-tpg-container-3290185450'   data-layout='layout1' data-grid-style='even' data-desktop-col='3'  data-tab-col='2'  data-mobile-col='1' data-sc-id='10328'><div data-title='Loading ...' class='rt-row rt-content-loader   layout1 tpg-even '><div class=\"rt-col-md-4 rt-col-sm-6 rt-col-xs-12 even-grid-item rt-grid-item\" data-id=\"16638\"><div class=\"rt-holder\"><div class='rt-detail'><h3 class=\"entry-title\"><a data-id=\"16638\" class=\"\" href=\"https:\/\/goias.gov.br\/escoladegoverno\/operacionalizacao-da-gestao-de-riscos-sistema-iris\/\">Operacionaliza\u00e7\u00e3o da Gest\u00e3o de Riscos \u2013 Sistema IRIS<\/a><\/h3><div class='tpg-excerpt'>(EAD Ass\u00edncrono) \u2013 Capacita\u00e7\u00e3o dos servidores na operacionaliza\u00e7\u00e3o do sistema IRIS (Intelig\u00eancia de Riscos e Integridade no Setor P\u00fablico).<\/div><div class='post-meta '><span class='read-more'><a data-id='16638' class='' href='https:\/\/goias.gov.br\/escoladegoverno\/operacionalizacao-da-gestao-de-riscos-sistema-iris\/'>SAIBA MAIS<\/a><\/span><\/div><\/div><\/div><\/div><div class=\"rt-col-md-4 rt-col-sm-6 rt-col-xs-12 even-grid-item rt-grid-item\" data-id=\"15647\"><div class=\"rt-holder\"><div class='rt-detail'><h3 class=\"entry-title\"><a data-id=\"15647\" class=\"\" href=\"https:\/\/goias.gov.br\/escoladegoverno\/por-que-eu-servidora-preciso-ser-antirracista\/\">Por que eu, servidor(a), preciso ser antirracista ?<\/a><\/h3><div class='tpg-excerpt'>(EAD Ass\u00edncrono) \u2013 Capacitar servidores p\u00fablicos estaduais no hist\u00f3rico e nas formas pelas quais o racismo opera na sociedade brasileira, indicando pr\u00e1ticas antirracistas para o seu enfrentamento.<\/div><div class='post-meta '><span class='read-more'><a data-id='15647' class='' href='https:\/\/goias.gov.br\/escoladegoverno\/por-que-eu-servidora-preciso-ser-antirracista\/'>SAIBA MAIS<\/a><\/span><\/div><\/div><\/div><\/div><div class=\"rt-col-md-4 rt-col-sm-6 rt-col-xs-12 even-grid-item rt-grid-item\" data-id=\"6939\"><div class=\"rt-holder\"><div class='rt-detail'><h3 class=\"entry-title\"><a data-id=\"6939\" class=\"\" href=\"https:\/\/goias.gov.br\/escoladegoverno\/oficina-de-fotografia-institucional-mobile\/\">Oficina de Fotografia Institucional Mobile<\/a><\/h3><div class='tpg-excerpt'>(Presencial) \u2013 Neste curso voc\u00ea ir\u00e1 aprender e executar conceitos e t\u00e9cnicas de fotografia institucional com a utiliza\u00e7\u00e3o de aparelhos celulares smartphones.<\/div><div class='post-meta '><span class='read-more'><a data-id='6939' class='' href='https:\/\/goias.gov.br\/escoladegoverno\/oficina-de-fotografia-institucional-mobile\/'>SAIBA MAIS<\/a><\/span><\/div><\/div><\/div><\/div><div class=\"rt-col-md-4 rt-col-sm-6 rt-col-xs-12 even-grid-item rt-grid-item\" data-id=\"8296\"><div class=\"rt-holder\"><div class='rt-detail'><h3 class=\"entry-title\"><a data-id=\"8296\" class=\"\" href=\"https:\/\/goias.gov.br\/escoladegoverno\/certificacao-em-gestao-de-pessoas-gestao-mediacao-e-resolucao-de-conflitos\/\">Gest\u00e3o, Media\u00e7\u00e3o e Resolu\u00e7\u00e3o de Conflitos<\/a><\/h3><div class='tpg-excerpt'>(Presencial) \u2013 O objetivo \u00e9 apresentar conceitos e t\u00e9cnicas para fortalecer compet\u00eancias interpessoais voltadas para a resolu\u00e7\u00e3o consensual de conflitos.<\/div><div class='post-meta '><span class='read-more'><a data-id='8296' class='' href='https:\/\/goias.gov.br\/escoladegoverno\/certificacao-em-gestao-de-pessoas-gestao-mediacao-e-resolucao-de-conflitos\/'>SAIBA MAIS<\/a><\/span><\/div><\/div><\/div><\/div><div class=\"rt-col-md-4 rt-col-sm-6 rt-col-xs-12 even-grid-item rt-grid-item\" data-id=\"10925\"><div class=\"rt-holder\"><div class='rt-detail'><h3 class=\"entry-title\"><a data-id=\"10925\" class=\"\" href=\"https:\/\/goias.gov.br\/escoladegoverno\/execucao-orcamentaria-e-financeira-modulo-1\/\">Execu\u00e7\u00e3o Or\u00e7ament\u00e1ria e Financeira &#8211; M\u00f3dulo 1<\/a><\/h3><div class='tpg-excerpt'>(Presencial) \u2013 Promover o conhecimento e uma vis\u00e3o geral das orienta\u00e7\u00f5es constantes das principais normas legais que tratam da Execu\u00e7\u00e3o Or\u00e7ament\u00e1ria e Financeira.<\/div><div class='post-meta '><span class='read-more'><a data-id='10925' class='' href='https:\/\/goias.gov.br\/escoladegoverno\/execucao-orcamentaria-e-financeira-modulo-1\/'>SAIBA MAIS<\/a><\/span><\/div><\/div><\/div><\/div><div class=\"rt-col-md-4 rt-col-sm-6 rt-col-xs-12 even-grid-item rt-grid-item\" data-id=\"15960\"><div class=\"rt-holder\"><div class='rt-detail'><h3 class=\"entry-title\"><a data-id=\"15960\" class=\"\" href=\"https:\/\/goias.gov.br\/escoladegoverno\/cnv-relacoes-que-transformam\/\">Comunica\u00e7\u00e3o N\u00e3o Violenta (CNV): Rela\u00e7\u00f5es que transformam<\/a><\/h3><div class='tpg-excerpt'>(Presencial) \u2013 Proporcionar conhecimentos sobre os pilares da Comunica\u00e7\u00e3o N\u00e3o-Violenta, favorecendo o aperfei\u00e7oamento pessoal, o di\u00e1logo assertivo e rela\u00e7\u00f5es emp\u00e1ticas.<\/div><div class='post-meta '><span class='read-more'><a data-id='15960' class='' href='https:\/\/goias.gov.br\/escoladegoverno\/cnv-relacoes-que-transformam\/'>SAIBA MAIS<\/a><\/span><\/div><\/div><\/div><\/div><div class=\"rt-col-md-4 rt-col-sm-6 rt-col-xs-12 even-grid-item rt-grid-item\" data-id=\"13780\"><div class=\"rt-holder\"><div class='rt-detail'><h3 class=\"entry-title\"><a data-id=\"13780\" class=\"\" href=\"https:\/\/goias.gov.br\/escoladegoverno\/fundamentos-em-gerenciamento-de-projetos\/\">Fundamentos em Gerenciamento de Projetos<\/a><\/h3><div class='tpg-excerpt'>(Presencial) \u2013 Capacitar participantes em gerenciamento de projetos com base no PMBOK\u00ae 7\u00aa edi\u00e7\u00e3o, focando na entrega de valor e adapta\u00e7\u00e3o dos processos \u00e0s necessidades espec\u00edficas.<\/div><div class='post-meta '><span class='read-more'><a data-id='13780' class='' href='https:\/\/goias.gov.br\/escoladegoverno\/fundamentos-em-gerenciamento-de-projetos\/'>SAIBA MAIS<\/a><\/span><\/div><\/div><\/div><\/div><div class=\"rt-col-md-4 rt-col-sm-6 rt-col-xs-12 even-grid-item rt-grid-item\" data-id=\"7594\"><div class=\"rt-holder\"><div class='rt-detail'><h3 class=\"entry-title\"><a data-id=\"7594\" class=\"\" href=\"https:\/\/goias.gov.br\/escoladegoverno\/certificacao-em-gestao-de-pessoas-diversidade-e-empatia-na-gestao-de-pessoas\/\">Diversidade e Empatia na Gest\u00e3o de Pessoas<\/a><\/h3><div class='tpg-excerpt'>(Presencial) \u2013 O objetivo \u00e9 promover reflex\u00f5es sobre a empatia no servi\u00e7o p\u00fablico.<\/div><div class='post-meta '><span class='read-more'><a data-id='7594' class='' href='https:\/\/goias.gov.br\/escoladegoverno\/certificacao-em-gestao-de-pessoas-diversidade-e-empatia-na-gestao-de-pessoas\/'>SAIBA MAIS<\/a><\/span><\/div><\/div><\/div><\/div><div class=\"rt-col-md-4 rt-col-sm-6 rt-col-xs-12 even-grid-item rt-grid-item\" data-id=\"10506\"><div class=\"rt-holder\"><div class='rt-detail'><h3 class=\"entry-title\"><a data-id=\"10506\" class=\"\" href=\"https:\/\/goias.gov.br\/escoladegoverno\/oficina-pequilab-compreender-pessoas-para-inovar\/\">(Certifica\u00e7\u00e3o) Oficina PequiLab: Compreender Pessoas para Inovar<\/a><\/h3><div class='tpg-excerpt'>(Presencial) - Esta oficina trata sobre a import\u00e2ncia da Antropologia e do Design Thinking para compreender pessoas e suas realidades, e contribuir para a inova\u00e7\u00e3o de servi\u00e7os do Setor P\u00fablico.<\/div><div class='post-meta '><span class='read-more'><a data-id='10506' class='' href='https:\/\/goias.gov.br\/escoladegoverno\/oficina-pequilab-compreender-pessoas-para-inovar\/'>SAIBA MAIS<\/a><\/span><\/div><\/div><\/div><\/div><div class=\"rt-col-md-4 rt-col-sm-6 rt-col-xs-12 even-grid-item rt-grid-item\" data-id=\"10492\"><div class=\"rt-holder\"><div class='rt-detail'><h3 class=\"entry-title\"><a data-id=\"10492\" class=\"\" href=\"https:\/\/goias.gov.br\/escoladegoverno\/oficina-estrategias-para-diversidade-e-inclusao\/\">(Certifica\u00e7\u00e3o) Oficina Pequilab: Estrat\u00e9gias para Diversidade e Inclus\u00e3o<\/a><\/h3><div class='tpg-excerpt'>(Presencial) - Esta oficina explora alguns conceitos comuns no tema Diversidade e Inclus\u00e3o, e realiza estudo e prototipa\u00e7\u00e3o de solu\u00e7\u00f5es em pol\u00edticas p\u00fablicas.<\/div><div class='post-meta '><span class='read-more'><a data-id='10492' class='' href='https:\/\/goias.gov.br\/escoladegoverno\/oficina-estrategias-para-diversidade-e-inclusao\/'>SAIBA MAIS<\/a><\/span><\/div><\/div><\/div><\/div><div class=\"rt-col-md-4 rt-col-sm-6 rt-col-xs-12 even-grid-item rt-grid-item\" data-id=\"6982\"><div class=\"rt-holder\"><div class='rt-detail'><h3 class=\"entry-title\"><a data-id=\"6982\" class=\"\" href=\"https:\/\/goias.gov.br\/escoladegoverno\/certificacao-em-gestao-de-pessoas-gestao-e-controle-da-folha-de-pagamento-e-frequencia-niveli\/\">Gest\u00e3o e Controle da Folha de Pagamento e Frequ\u00eancia &#8211; N\u00edvel I<\/a><\/h3><div class='tpg-excerpt'>(EaD Ass\u00edncrono) \u2013 Ser\u00e3o abordados os procedimentos acerca da gest\u00e3o e execu\u00e7\u00e3o do controle da folha de pagamento e da frequ\u00eancia.<\/div><div class='post-meta '><span class='read-more'><a data-id='6982' class='' href='https:\/\/goias.gov.br\/escoladegoverno\/certificacao-em-gestao-de-pessoas-gestao-e-controle-da-folha-de-pagamento-e-frequencia-niveli\/'>SAIBA MAIS<\/a><\/span><\/div><\/div><\/div><\/div><div class=\"rt-col-md-4 rt-col-sm-6 rt-col-xs-12 even-grid-item rt-grid-item\" data-id=\"15825\"><div class=\"rt-holder\"><div class='rt-detail'><h3 class=\"entry-title\"><a data-id=\"15825\" class=\"\" href=\"https:\/\/goias.gov.br\/escoladegoverno\/fundamentos-da-lideranca-publica\/\">Fundamentos da Lideran\u00e7a P\u00fablica<\/a><\/h3><div class='tpg-excerpt'>(EaD Ass\u00edncrono) \u2013 Promover o autoconhecimento e o desenvolvimento de compet\u00eancias emocionais, comunicacionais e estrat\u00e9gicas, visando \u00e0 lideran\u00e7a eficaz e \u00e0 entrega qualificada de valor p\u00fablico.<\/div><div class='post-meta '><span class='read-more'><a data-id='15825' class='' href='https:\/\/goias.gov.br\/escoladegoverno\/fundamentos-da-lideranca-publica\/'>SAIBA MAIS<\/a><\/span><\/div><\/div><\/div><\/div><div class=\"rt-col-md-4 rt-col-sm-6 rt-col-xs-12 even-grid-item rt-grid-item\" data-id=\"7591\"><div class=\"rt-holder\"><div class='rt-detail'><h3 class=\"entry-title\"><a data-id=\"7591\" class=\"\" href=\"https:\/\/goias.gov.br\/escoladegoverno\/transformacao-publica-conectando-governo-e-pessoas\/\">Transforma\u00e7\u00e3o P\u00fablica &#8211; Conectando Governo e Pessoas<\/a><\/h3><div class='tpg-excerpt'>(Presencial) \u2013 Este curso visa apresentar dinamicamente a estrutura e processos da administra\u00e7\u00e3o p\u00fablica, abordando fundamentos de organiza\u00e7\u00e3o administrativa, processos de neg\u00f3cios e gest\u00e3o de servi\u00e7os.<\/div><div class='post-meta '><span class='read-more'><a data-id='7591' class='' href='https:\/\/goias.gov.br\/escoladegoverno\/transformacao-publica-conectando-governo-e-pessoas\/'>SAIBA MAIS<\/a><\/span><\/div><\/div><\/div><\/div><div class=\"rt-col-md-4 rt-col-sm-6 rt-col-xs-12 even-grid-item rt-grid-item\" data-id=\"15815\"><div class=\"rt-holder\"><div class='rt-detail'><h3 class=\"entry-title\"><a data-id=\"15815\" class=\"\" href=\"https:\/\/goias.gov.br\/escoladegoverno\/contratacao-direta\/\">Contrata\u00e7\u00e3o Direta<\/a><\/h3><div class='tpg-excerpt'>(EaD Ass\u00edncrono) \u2013 Apresentar no\u00e7\u00f5es gerais sobre a Contrata\u00e7\u00e3o Direta na Lei de Licita\u00e7\u00f5es 14.133\/2021 com utiliza\u00e7\u00e3o do sistema SISLOG.<\/div><div class='post-meta '><span class='read-more'><a data-id='15815' class='' href='https:\/\/goias.gov.br\/escoladegoverno\/contratacao-direta\/'>SAIBA MAIS<\/a><\/span><\/div><\/div><\/div><\/div><div class=\"rt-col-md-4 rt-col-sm-6 rt-col-xs-12 even-grid-item rt-grid-item\" data-id=\"15738\"><div class=\"rt-holder\"><div class='rt-detail'><h3 class=\"entry-title\"><a data-id=\"15738\" class=\"\" href=\"https:\/\/goias.gov.br\/escoladegoverno\/diretrizes-para-governanca-e-gestao-de-projetos-aplicacao-de-ferramentas-2\/\">Diretrizes para Governan\u00e7a e Gest\u00e3o de Projetos: Aplica\u00e7\u00e3o de Ferramentas<\/a><\/h3><div class='tpg-excerpt'>(Presencial) \u2013 Capacitar servidores com conhecimentos b\u00e1sicos em gest\u00e3o de projetos para aplicar diretrizes, ferramentas e t\u00e9cnicas de governan\u00e7a e gest\u00e3o de projetos, atendendo aos requisitos regulat\u00f3rios e estrat\u00e9gicos e<\/div><div class='post-meta '><span class='read-more'><a data-id='15738' class='' href='https:\/\/goias.gov.br\/escoladegoverno\/diretrizes-para-governanca-e-gestao-de-projetos-aplicacao-de-ferramentas-2\/'>SAIBA MAIS<\/a><\/span><\/div><\/div><\/div><\/div><\/div><div class='rt-pagination-wrap' data-total-pages='10' data-posts-per-page='15' data-type='pagination'  ><div class=\"rt-pagination\" ><ul class=\"pagination-list\"><li class=\"active\"><span>1<\/span><\/li><li><a data-paged='2' href='https:\/\/goias.gov.br\/escoladegoverno\/wp-json\/wp\/v2\/pages\/10329\/page\/2\/'>2<\/a><\/li><li><a data-paged='3' href='https:\/\/goias.gov.br\/escoladegoverno\/wp-json\/wp\/v2\/pages\/10329\/page\/3\/'>3<\/a><\/li><li><a data-paged='4' href='https:\/\/goias.gov.br\/escoladegoverno\/wp-json\/wp\/v2\/pages\/10329\/page\/4\/'>4<\/a><\/li><li><a data-paged='5' href='https:\/\/goias.gov.br\/escoladegoverno\/wp-json\/wp\/v2\/pages\/10329\/page\/5\/'>5<\/a><\/li><li><a data-paged='2' href=\"https:\/\/goias.gov.br\/escoladegoverno\/wp-json\/wp\/v2\/pages\/10329\/page\/2\/\"  aria-label='Next'>&rsaquo;<\/a><\/li><li><a data-paged='10' href='https:\/\/goias.gov.br\/escoladegoverno\/wp-json\/wp\/v2\/pages\/10329\/page\/10\/' aria-label='Last'>&raquo;<\/a><\/li><\/ul><\/div><\/div><\/div>\n","protected":false},"excerpt":{"rendered":"","protected":false},"author":1,"featured_media":0,"parent":0,"menu_order":0,"comment_status":"closed","ping_status":"closed","template":"wppb_theme_template","meta":{"footnotes":""},"class_list":["post-10329","page","type-page","status-publish","hentry"],"rttpg_featured_image_url":null,"rttpg_author":{"display_name":"wagner.viana","author_link":"https:\/\/goias.gov.br\/escoladegoverno\/author\/wagner-viana\/"},"rttpg_comment":0,"rttpg_category":"","rttpg_excerpt":null,"_links":{"self":[{"href":"https:\/\/goias.gov.br\/escoladegoverno\/wp-json\/wp\/v2\/pages\/10329","targetHints":{"allow":["GET"]}}],"collection":[{"href":"https:\/\/goias.gov.br\/escoladegoverno\/wp-json\/wp\/v2\/pages"}],"about":[{"href":"https:\/\/goias.gov.br\/escoladegoverno\/wp-json\/wp\/v2\/types\/page"}],"author":[{"embeddable":true,"href":"https:\/\/goias.gov.br\/escoladegoverno\/wp-json\/wp\/v2\/users\/1"}],"replies":[{"embeddable":true,"href":"https:\/\/goias.gov.br\/escoladegoverno\/wp-json\/wp\/v2\/comments?post=10329"}],"version-history":[{"count":2,"href":"https:\/\/goias.gov.br\/escoladegoverno\/wp-json\/wp\/v2\/pages\/10329\/revisions"}],"predecessor-version":[{"id":10332,"href":"https:\/\/goias.gov.br\/escoladegoverno\/wp-json\/wp\/v2\/pages\/10329\/revisions\/10332"}],"wp:attachment":[{"href":"https:\/\/goias.gov.br\/escoladegoverno\/wp-json\/wp\/v2\/media?parent=10329"}],"curies":[{"name":"wp","href":"https:\/\/api.w.org\/{rel}","templated":true}]}}