
{"id":10315,"date":"2024-04-22T15:58:07","date_gmt":"2024-04-22T18:58:07","guid":{"rendered":"https:\/\/goias.gov.br\/escoladegoverno\/?page_id=10315"},"modified":"2024-04-22T16:05:45","modified_gmt":"2024-04-22T19:05:45","slug":"certificacao-em-gestao-de-pessoas","status":"publish","type":"page","link":"https:\/\/goias.gov.br\/escoladegoverno\/certificacao-em-gestao-de-pessoas\/","title":{"rendered":"Certifica\u00e7\u00e3o em Gest\u00e3o de Pessoas"},"content":{"rendered":"<style type='text\/css' media='all'>#rt-tpg-container-321943404 .rt-holder .rt-woo-info .price{color:#083c22;}body .rt-tpg-container .rt-tpg-isotope-buttons .selected,\n\t\t\t\t\t#rt-tpg-container-321943404 .layout12 .rt-holder:hover .rt-detail,\n\t\t\t\t\t#rt-tpg-container-321943404 .isotope8 .rt-holder:hover .rt-detail,\n\t\t\t\t\t#rt-tpg-container-321943404 .carousel8 .rt-holder:hover .rt-detail,\n\t\t\t\t\t#rt-tpg-container-321943404 .layout13 .rt-holder .overlay .post-info,\n\t\t\t\t\t#rt-tpg-container-321943404 .isotope9 .rt-holder .overlay .post-info,\n\t\t\t\t\t#rt-tpg-container-321943404.rt-tpg-container .layout4 .rt-holder .rt-detail,\n\t\t\t\t\t.rt-modal-321943404 .md-content,\n\t\t\t\t\t.rt-modal-321943404 .md-content > .rt-md-content-holder .rt-md-content,\n\t\t\t\t\t.rt-popup-wrap-321943404.rt-popup-wrap .rt-popup-navigation-wrap,\n\t\t\t\t\t#rt-tpg-container-321943404 .carousel9 .rt-holder .overlay .post-info{background-color:#083c22;}#rt-tpg-container-321943404 .layout5 .rt-holder .overlay, #rt-tpg-container-321943404 .isotope2 .rt-holder .overlay, #rt-tpg-container-321943404 .carousel2 .rt-holder .overlay,#rt-tpg-container-321943404 .layout15 .rt-holder h3, #rt-tpg-container-321943404 .isotope11 .rt-holder h3, #rt-tpg-container-321943404 .carousel11 .rt-holder h3, #rt-tpg-container-321943404 .layout16 .rt-holder h3,\n\t\t\t\t\t#rt-tpg-container-321943404 .isotope12 .rt-holder h3, #rt-tpg-container-321943404 .carousel12 .rt-holder h3 {background-color:rgba(8,60,34,0.8);}#rt-tpg-container-321943404 .pagination-list li a,\n\t\t\t\t\trt-tpg-container-321943404 .pagination-list li span,\n\t\t\t\t\trt-tpg-container-321943404 .pagination li a,\n\t\t\t\t\t#rt-tpg-container-321943404 .rt-tpg-isotope-buttons button,\n\t\t\t\t\t#rt-tpg-container-321943404 .rt-tpg-utility .rt-tpg-load-more button,\n\t\t\t\t\t#rt-tpg-container-321943404.rt-tpg-container .swiper-navigation .slider-btn,\n\t\t\t\t\t#rt-tpg-container-321943404.rt-tpg-container .swiper-pagination-bullet,\n\t\t\t\t\t#rt-tpg-container-321943404 .wc1 .rt-holder .rt-img-holder .overlay .product-more ul li a,\n\t\t\t\t\t#rt-tpg-container-321943404 .wc2 .rt-detail .rt-wc-add-to-cart,\n\t\t\t\t\t#rt-tpg-container-321943404 .wc3 .rt-detail .rt-wc-add-to-cart,\n\t\t\t\t\t#rt-tpg-container-321943404 .wc4 .rt-detail .rt-wc-add-to-cart,\n\t\t\t\t\t#rt-tpg-container-321943404 .wc-carousel2 .rt-detail .rt-wc-add-to-cart,\n\t\t\t\t\t#rt-tpg-container-321943404 .wc-isotope2 .rt-detail .rt-wc-add-to-cart,\n\t\t\t\t\t#rt-tpg-container-321943404 .rt-layout-filter-container .rt-filter-wrap .rt-filter-item-wrap.rt-filter-dropdown-wrap .rt-filter-dropdown,\n\t\t\t\t\t#rt-tpg-container-321943404 .rt-layout-filter-container .rt-filter-sub-tax.sub-button-group .rt-filter-button-item,\n\t\t\t\t\t#rt-tpg-container-321943404.rt-tpg-container .rt-pagination-wrap .rt-page-numbers .paginationjs .paginationjs-pages ul li>a,\n\t\t\t\t\t#rt-tpg-container-321943404 .rt-filter-item-wrap.rt-filter-button-wrap span.rt-filter-button-item,\n\t\t\t\t\t#rt-tpg-container-321943404.rt-tpg-container .rt-pagination-wrap  .rt-loadmore-btn,\n\t\t\t\t\t#rt-tpg-container-321943404.rt-tpg-container .rt-pagination-wrap .rt-cb-page-prev-next > *,\n\t\t\t\t\t#rt-tpg-container-321943404 .rt-read-more,\n\t\t\t\t\t#rt-tooltip-321943404, #rt-tooltip-321943404 .rt-tooltip-bottom:after{background-color:#16336a;}#rt-tpg-container-321943404 .rt-filter-item-wrap.rt-filter-button-wrap span.rt-filter-button-item,\n\t\t\t\t\t#rt-tpg-container-321943404 .rt-layout-filter-container .rt-filter-sub-tax.sub-button-group .rt-filter-button-item{border-color:#16336a;}#rt-tpg-container-321943404.rt-tpg-container .layout17 .rt-holder .overlay a.tpg-zoom .fa{color:#16336a;}#rt-tpg-container-321943404 .rt-holder .read-more a {background-color:#16336a;padding: 8px 15px;}#rt-tpg-container-321943404 .pagination-list li a:hover,\n\t\t\t\t\t#rt-tpg-container-321943404 .pagination li a:hover,\n\t\t\t\t\t#rt-tpg-container-321943404 .rt-tpg-isotope-buttons button:hover,\n\t\t\t\t\t#rt-tpg-container-321943404 .rt-holder .read-more a:hover,\n\t\t\t\t\t#rt-tpg-container-321943404 .rt-tpg-utility .rt-tpg-load-more button:hover,\n\t\t\t\t\t#rt-tpg-container-321943404.rt-tpg-container .swiper-pagination-bullet:hover,\n\t\t\t\t\t#rt-tpg-container-321943404.rt-tpg-container .swiper-navigation .slider-btn:hover,\n\t\t\t\t\t#rt-tpg-container-321943404 .wc1 .rt-holder .rt-img-holder .overlay .product-more ul li a:hover,\n\t\t\t\t\t#rt-tpg-container-321943404 .wc2 .rt-detail .rt-wc-add-to-cart:hover,\n\t\t\t\t\t#rt-tpg-container-321943404 .wc3 .rt-detail .rt-wc-add-to-cart:hover,\n\t\t\t\t\t#rt-tpg-container-321943404 .wc4 .rt-detail .rt-wc-add-to-cart:hover,\n\t\t\t\t\t#rt-tpg-container-321943404 .wc-carousel2 .rt-detail .rt-wc-add-to-cart:hover,\n\t\t\t\t\t#rt-tpg-container-321943404 .wc-isotope2 .rt-detail .rt-wc-add-to-cart:hover,\n\t\t\t\t\t#rt-tpg-container-321943404 .rt-layout-filter-container .rt-filter-wrap .rt-filter-item-wrap.rt-filter-dropdown-wrap .rt-filter-dropdown .rt-filter-dropdown-item:hover,\n\t\t\t\t\t#rt-tpg-container-321943404 .rt-layout-filter-container .rt-filter-wrap .rt-filter-item-wrap.rt-filter-dropdown-wrap .rt-filter-dropdown .rt-filter-dropdown-item.selected,\n\t\t\t\t\t#rt-tpg-container-321943404 .rt-filter-item-wrap.rt-filter-button-wrap span.rt-filter-button-item:hover,\n\t\t\t\t\t#rt-tpg-container-321943404 .rt-layout-filter-container .rt-filter-sub-tax.sub-button-group .rt-filter-button-item:hover,\n\t\t\t\t\t#rt-tpg-container-321943404.rt-tpg-container .rt-pagination-wrap .rt-page-numbers .paginationjs .paginationjs-pages ul li>a:hover,\n\t\t\t\t\t#rt-tpg-container-321943404.rt-tpg-container .rt-pagination-wrap .rt-cb-page-prev-next > *:hover,\n\t\t\t\t\t#rt-tpg-container-321943404.rt-tpg-container .rt-pagination-wrap  .rt-loadmore-btn:hover,\n\t\t\t\t\t#rt-tpg-container-321943404 .rt-read-more:hover,\n\t\t\t\t\t#rt-tpg-container-321943404 .rt-tpg-utility .rt-tpg-load-more button:hover{background-color:#16336a;}#rt-tpg-container-321943404 .rt-filter-item-wrap.rt-filter-button-wrap span.rt-filter-button-item:hover,\n\t\t\t\t\t\t#rt-tpg-container-321943404 .rt-layout-filter-container .rt-filter-sub-tax.sub-button-group .rt-filter-button-item:hover,\n\t\t\t\t\t\t#rt-tpg-container-321943404.rt-tpg-container .swiper-navigation .slider-btn:hover,\n\t\t\t\t\t\t#rt-tpg-container-321943404.rt-tpg-container .rt-pagination-wrap .rt-page-numbers .paginationjs .paginationjs-pages ul li>a:hover{border-color:#16336a;}#rt-tpg-container-321943404.rt-tpg-container .layout17 .rt-holder .overlay a.tpg-zoom:hover .fa{color:#16336a;}#rt-tpg-container-321943404 .pagination-list li a,\n\t\t\t\t\t#rt-tpg-container-321943404 .pagination li a,\n\t\t\t\t\t#rt-tpg-container-321943404 .rt-tpg-isotope-buttons button,\n\t\t\t\t\t#rt-tpg-container-321943404 .rt-holder .read-more a,\n\t\t\t\t\t#rt-tpg-container-321943404 .rt-tpg-utility .rt-tpg-load-more button,\n\t\t\t\t\t#rt-tpg-container-321943404.rt-tpg-container .swiper-navigation .slider-btn,\n\t\t\t\t\t#rt-tpg-container-321943404 .wc1 .rt-holder .rt-img-holder .overlay .product-more ul li a,\n\t\t\t\t\t#rt-tpg-container-321943404 .edd1 .rt-holder .rt-img-holder .overlay .product-more ul li a,\n\t\t\t\t\t#rt-tpg-container-321943404 .wc2 .rt-detail .rt-wc-add-to-cart,\n\t\t\t\t\t#rt-tpg-container-321943404 .wc3 .rt-detail .rt-wc-add-to-cart,\n\t\t\t\t\t#rt-tpg-container-321943404 .edd2 .rt-detail .rt-wc-add-to-cart,\n\t\t\t\t\t#rt-tpg-container-321943404 .wc4 .rt-detail .rt-wc-add-to-cart,\n\t\t\t\t\t#rt-tpg-container-321943404 .edd3 .rt-detail .rt-wc-add-to-cart,\n\t\t\t\t\t#rt-tpg-container-321943404 .wc-carousel2 .rt-detail .rt-wc-add-to-cart,\n\t\t\t\t\t#rt-tpg-container-321943404 .wc-isotope2 .rt-detail .rt-wc-add-to-cart,\n\t\t\t\t\t#rt-tpg-container-321943404 .rt-tpg-utility .rt-tpg-load-more button,\n\t\t\t\t\t#rt-tooltip-321943404,\n\t\t\t\t\t#rt-tpg-container-321943404 .rt-filter-item-wrap.rt-filter-button-wrap span.rt-filter-button-item,\n\t\t\t\t\t#rt-tpg-container-321943404 .rt-layout-filter-container .rt-filter-sub-tax.sub-button-group .rt-filter-button-item,\n\t\t\t\t\t#rt-tpg-container-321943404 .rt-layout-filter-container .rt-filter-wrap .rt-filter-item-wrap.rt-sort-order-action,\n\t\t\t\t\t#rt-tpg-container-321943404 .rt-layout-filter-container .rt-filter-wrap .rt-filter-item-wrap.rt-filter-dropdown-wrap .rt-filter-dropdown .rt-filter-dropdown-item,\n\t\t\t\t\t#rt-tpg-container-321943404.rt-tpg-container .rt-pagination-wrap .rt-page-numbers .paginationjs .paginationjs-pages ul li>a,\n\t\t\t\t\t#rt-tpg-container-321943404.rt-tpg-container .rt-pagination-wrap .rt-cb-page-prev-next > *,\n\t\t\t\t\t#rt-tpg-container-321943404.rt-tpg-container .rt-pagination-wrap  .rt-loadmore-btn,\n\t\t\t\t\t#rt-tpg-container-321943404 .rt-read-more,\n\t\t\t\t\t#rt-tooltip-321943404 .rt-tooltip-bottom:after{color:#ffffff;}#rt-tpg-container-321943404 .rt-filter-item-wrap.rt-filter-button-wrap span.rt-filter-button-item:hover,\n\t\t\t\t\t#rt-tpg-container-321943404 .rt-holder .read-more a:hover,\n\t\t\t\t\t#rt-tpg-container-321943404.rt-tpg-container .swiper-navigation .slider-btn:hover,\n\t\t\t\t\t#rt-tpg-container-321943404 .rt-layout-filter-container .rt-filter-sub-tax.sub-button-group .rt-filter-button-item:hover,\n\t\t\t\t\t#rt-tpg-container-321943404 .rt-layout-filter-container .rt-filter-wrap .rt-filter-item-wrap.rt-filter-dropdown-wrap .rt-filter-dropdown .rt-filter-dropdown-item:hover,\n\t\t\t\t\t#rt-tpg-container-321943404 .rt-layout-filter-container .rt-filter-wrap .rt-filter-item-wrap.rt-filter-dropdown-wrap .rt-filter-dropdown .rt-filter-dropdown-item.selected,\n\t\t\t\t\t#rt-tpg-container-321943404 .rt-layout-filter-container .rt-filter-wrap .rt-filter-item-wrap.rt-sort-order-action:hover,\n\t\t\t\t\t#rt-tpg-container-321943404.rt-tpg-container .rt-pagination-wrap .rt-page-numbers .paginationjs .paginationjs-pages ul li.active>a:hover,\n\t\t\t\t\t#rt-tpg-container-321943404 .rt-filter-item-wrap.rt-filter-button-wrap span.rt-filter-button-item.selected,\n\t\t\t\t\t#rt-tpg-container-321943404 .rt-layout-filter-container .rt-filter-wrap .rt-filter-item-wrap.rt-sort-order-action,\n\t\t\t\t\t#rt-tpg-container-321943404.rt-tpg-container .rt-pagination-wrap  .rt-loadmore-btn:hover,\n\t\t\t\t\t#rt-tpg-container-321943404 .rt-read-more:hover,\n\t\t\t\t\t#rt-tpg-container-321943404.rt-tpg-container .rt-pagination-wrap .rt-page-numbers .paginationjs .paginationjs-pages ul li.active>a{color:#ffffff;}#rt-tpg-container-321943404 .read-more a{border-radius:15px;}#rt-tpg-container-321943404 .rt-img-holder img.rt-img-responsive,#rt-tpg-container-321943404 .rt-img-holder,\n\t\t\t\t\t#rt-tpg-container-321943404 .rt-post-overlay .post-img,\n\t\t\t\t\t#rt-tpg-container-321943404 .post-sm .post-img,\n\t\t\t\t\t#rt-tpg-container-321943404 .rt-post-grid .post-img,\n\t\t\t\t\t#rt-tpg-container-321943404 .post-img img {border-radius:px;}<\/style><div class='rt-container-fluid rt-tpg-container tpg-shortcode-main-wrapper ' id='rt-tpg-container-321943404'   data-layout='layout1' data-grid-style='even' data-desktop-col='3'  data-tab-col='2'  data-mobile-col='1' data-sc-id='10323'><div data-title='Loading ...' class='rt-row rt-content-loader   layout1 tpg-even '><div class=\"rt-col-md-4 rt-col-sm-6 rt-col-xs-12 even-grid-item rt-grid-item\" data-id=\"8296\"><div class=\"rt-holder\"><div class='rt-detail'><h3 class=\"entry-title\"><a data-id=\"8296\" class=\"\" href=\"https:\/\/goias.gov.br\/escoladegoverno\/certificacao-em-gestao-de-pessoas-gestao-mediacao-e-resolucao-de-conflitos\/\" target='_blank'>Gest\u00e3o, Media\u00e7\u00e3o e Resolu\u00e7\u00e3o de Conflitos<\/a><\/h3><div class='tpg-excerpt'>(Presencial) \u2013 O objetivo \u00e9 apresentar conceitos e t\u00e9cnicas para fortalecer compet\u00eancias interpessoais voltadas para a resolu\u00e7\u00e3o consensual de conflitos.<\/div><div class='post-meta '><span class='read-more'><a data-id='8296' class='' href='https:\/\/goias.gov.br\/escoladegoverno\/certificacao-em-gestao-de-pessoas-gestao-mediacao-e-resolucao-de-conflitos\/' target='_blank'>SAIBA MAIS<\/a><\/span><\/div><\/div><\/div><\/div><div class=\"rt-col-md-4 rt-col-sm-6 rt-col-xs-12 even-grid-item rt-grid-item\" data-id=\"7594\"><div class=\"rt-holder\"><div class='rt-detail'><h3 class=\"entry-title\"><a data-id=\"7594\" class=\"\" href=\"https:\/\/goias.gov.br\/escoladegoverno\/certificacao-em-gestao-de-pessoas-diversidade-e-empatia-na-gestao-de-pessoas\/\" target='_blank'>Diversidade e Empatia na Gest\u00e3o de Pessoas<\/a><\/h3><div class='tpg-excerpt'>(Presencial) \u2013 O objetivo \u00e9 promover reflex\u00f5es sobre a empatia no servi\u00e7o p\u00fablico.<\/div><div class='post-meta '><span class='read-more'><a data-id='7594' class='' href='https:\/\/goias.gov.br\/escoladegoverno\/certificacao-em-gestao-de-pessoas-diversidade-e-empatia-na-gestao-de-pessoas\/' target='_blank'>SAIBA MAIS<\/a><\/span><\/div><\/div><\/div><\/div><div class=\"rt-col-md-4 rt-col-sm-6 rt-col-xs-12 even-grid-item rt-grid-item\" data-id=\"6982\"><div class=\"rt-holder\"><div class='rt-detail'><h3 class=\"entry-title\"><a data-id=\"6982\" class=\"\" href=\"https:\/\/goias.gov.br\/escoladegoverno\/certificacao-em-gestao-de-pessoas-gestao-e-controle-da-folha-de-pagamento-e-frequencia-niveli\/\" target='_blank'>Gest\u00e3o e Controle da Folha de Pagamento e Frequ\u00eancia &#8211; N\u00edvel I<\/a><\/h3><div class='post-meta-user  '><span class='post-tags-links'><a href=\"https:\/\/goias.gov.br\/escoladegoverno\/tags\/sempre-abertas\/\" rel=\"tag\">Sempre Abertas<\/a><\/span><\/div><div class='tpg-excerpt'>(EaD Ass\u00edncrono) \u2013 Ser\u00e3o abordados os procedimentos acerca da gest\u00e3o e execu\u00e7\u00e3o do controle da folha de pagamento e da frequ\u00eancia.<\/div><div class='post-meta '><span class='read-more'><a data-id='6982' class='' href='https:\/\/goias.gov.br\/escoladegoverno\/certificacao-em-gestao-de-pessoas-gestao-e-controle-da-folha-de-pagamento-e-frequencia-niveli\/' target='_blank'>SAIBA MAIS<\/a><\/span><\/div><\/div><\/div><\/div><div class=\"rt-col-md-4 rt-col-sm-6 rt-col-xs-12 even-grid-item rt-grid-item\" data-id=\"9143\"><div class=\"rt-holder\"><div class='rt-detail'><h3 class=\"entry-title\"><a data-id=\"9143\" class=\"\" href=\"https:\/\/goias.gov.br\/escoladegoverno\/certificacao-em-gestao-de-pessoas-comunicacao-assertiva-no-servico-publico\/\" target='_blank'>Comunica\u00e7\u00e3o Assertiva no Servi\u00e7o P\u00fablico<\/a><\/h3><div class='tpg-excerpt'>(Presencial) \u2013 Este curso faz parte da Certifica\u00e7\u00e3o em Gest\u00e3o de Pessoas. O objetivo \u00e9 capacitar os participantes a desenvolverem habilidades de comunica\u00e7\u00e3o assertiva.<\/div><div class='post-meta '><span class='read-more'><a data-id='9143' class='' href='https:\/\/goias.gov.br\/escoladegoverno\/certificacao-em-gestao-de-pessoas-comunicacao-assertiva-no-servico-publico\/' target='_blank'>SAIBA MAIS<\/a><\/span><\/div><\/div><\/div><\/div><div class=\"rt-col-md-4 rt-col-sm-6 rt-col-xs-12 even-grid-item rt-grid-item\" data-id=\"8914\"><div class=\"rt-holder\"><div class='rt-detail'><h3 class=\"entry-title\"><a data-id=\"8914\" class=\"\" href=\"https:\/\/goias.gov.br\/escoladegoverno\/certificacao-em-gestao-de-pessoas-gestao-e-controle-da-folha-de-pagamento-nivel-pratico\/\" target='_blank'>Gest\u00e3o e Controle da Folha de Pagamento &#8211; N\u00edvel Pr\u00e1tico<\/a><\/h3><div class='tpg-excerpt'>(Presencial) \u2013 Ser\u00e3o apresentadas instru\u00e7\u00f5es detalhadas sobre o uso do sistema da folha de pagamentos.<\/div><div class='post-meta '><span class='read-more'><a data-id='8914' class='' href='https:\/\/goias.gov.br\/escoladegoverno\/certificacao-em-gestao-de-pessoas-gestao-e-controle-da-folha-de-pagamento-nivel-pratico\/' target='_blank'>SAIBA MAIS<\/a><\/span><\/div><\/div><\/div><\/div><div class=\"rt-col-md-4 rt-col-sm-6 rt-col-xs-12 even-grid-item rt-grid-item\" data-id=\"6979\"><div class=\"rt-holder\"><div class='rt-detail'><h3 class=\"entry-title\"><a data-id=\"6979\" class=\"\" href=\"https:\/\/goias.gov.br\/escoladegoverno\/certificacao-em-gestao-de-pessoas-bi-na-gestao-de-pessoas\/\" target='_blank'>BI na Gest\u00e3o de Pessoas<\/a><\/h3><div class='tpg-excerpt'>(Presencial) \u2013 O objetivo \u00e9 capacitar servidores para utilizar o Observat\u00f3rio da Rede de Gest\u00e3o de Pessoas e o \"BI Pessoas\".<\/div><div class='post-meta '><span class='read-more'><a data-id='6979' class='' href='https:\/\/goias.gov.br\/escoladegoverno\/certificacao-em-gestao-de-pessoas-bi-na-gestao-de-pessoas\/' target='_blank'>SAIBA MAIS<\/a><\/span><\/div><\/div><\/div><\/div><div class=\"rt-col-md-4 rt-col-sm-6 rt-col-xs-12 even-grid-item rt-grid-item\" data-id=\"8873\"><div class=\"rt-holder\"><div class='rt-detail'><h3 class=\"entry-title\"><a data-id=\"8873\" class=\"\" href=\"https:\/\/goias.gov.br\/escoladegoverno\/gestao-e-controle-da-frequencia-nivel-pratico\/\" target='_blank'>Gest\u00e3o e Controle da Frequ\u00eancia &#8211; N\u00edvel Pr\u00e1tico<\/a><\/h3><div class='tpg-excerpt'>(Presencial) \u2013 Ser\u00e3o apresentadas as atividades de execu\u00e7\u00e3o, acompanhamento e apura\u00e7\u00e3o do cumprimento da jornada de trabalho.<\/div><div class='post-meta '><span class='read-more'><a data-id='8873' class='' href='https:\/\/goias.gov.br\/escoladegoverno\/gestao-e-controle-da-frequencia-nivel-pratico\/' target='_blank'>SAIBA MAIS<\/a><\/span><\/div><\/div><\/div><\/div><div class=\"rt-col-md-4 rt-col-sm-6 rt-col-xs-12 even-grid-item rt-grid-item\" data-id=\"8041\"><div class=\"rt-holder\"><div class='rt-detail'><h3 class=\"entry-title\"><a data-id=\"8041\" class=\"\" href=\"https:\/\/goias.gov.br\/escoladegoverno\/gestao-de-pessoas-orientada-para-resultados\/\" target='_blank'>Gest\u00e3o de Pessoas Orientada Para Resultados<\/a><\/h3><div class='tpg-excerpt'>(H\u00edbrido) \u2013 Este curso faz parte da Certifica\u00e7\u00e3o em Gest\u00e3o de Pessoas. Voc\u00ea conhecer\u00e1 os desafios, a complexidade, a concep\u00e7\u00e3o de novos modelos de gest\u00e3o de pessoas.<\/div><div class='post-meta '><span class='read-more'><a data-id='8041' class='' href='https:\/\/goias.gov.br\/escoladegoverno\/gestao-de-pessoas-orientada-para-resultados\/' target='_blank'>SAIBA MAIS<\/a><\/span><\/div><\/div><\/div><\/div><div class=\"rt-col-md-4 rt-col-sm-6 rt-col-xs-12 even-grid-item rt-grid-item\" data-id=\"6980\"><div class=\"rt-holder\"><div class='rt-detail'><h3 class=\"entry-title\"><a data-id=\"6980\" class=\"\" href=\"https:\/\/goias.gov.br\/escoladegoverno\/certificacao-em-gestao-de-pessoas-lideranca-com-power-skills\/\" target='_blank'>Lideran\u00e7a com Power Skills<\/a><\/h3><div class='tpg-excerpt'>(Presencial) \u2013 Este curso faz parte da Certifica\u00e7\u00e3o em Gest\u00e3o de Pessoas. O objetivo \u00e9 desenvolver habilidades e comportamentos de lideran\u00e7a com Power Skills com vistas a alcan\u00e7ar resultados estrat\u00e9gicos.<\/div><div class='post-meta '><span class='read-more'><a data-id='6980' class='' href='https:\/\/goias.gov.br\/escoladegoverno\/certificacao-em-gestao-de-pessoas-lideranca-com-power-skills\/' target='_blank'>SAIBA MAIS<\/a><\/span><\/div><\/div><\/div><\/div><div class=\"rt-col-md-4 rt-col-sm-6 rt-col-xs-12 even-grid-item rt-grid-item\" data-id=\"7705\"><div class=\"rt-holder\"><div class='rt-detail'><h3 class=\"entry-title\"><a data-id=\"7705\" class=\"\" href=\"https:\/\/goias.gov.br\/escoladegoverno\/certificacao-em-gestao-de-pessoas-eneagrama-na-gestao-de-pessoas\/\" target='_blank'>Eneagrama na Gest\u00e3o de Pessoas<\/a><\/h3><div class='tpg-excerpt'>(Presencial) \u2013 Este curso faz parte da Certifica\u00e7\u00e3o em Gest\u00e3o de Pessoas. O objetivo \u00e9 entender como se forma essa estrutura cognitiva chamada personalidade.<\/div><div class='post-meta '><span class='read-more'><a data-id='7705' class='' href='https:\/\/goias.gov.br\/escoladegoverno\/certificacao-em-gestao-de-pessoas-eneagrama-na-gestao-de-pessoas\/' target='_blank'>SAIBA MAIS<\/a><\/span><\/div><\/div><\/div><\/div><div class=\"rt-col-md-4 rt-col-sm-6 rt-col-xs-12 even-grid-item rt-grid-item\" data-id=\"6981\"><div class=\"rt-holder\"><div class='rt-detail'><h3 class=\"entry-title\"><a data-id=\"6981\" class=\"\" href=\"https:\/\/goias.gov.br\/escoladegoverno\/certificacao-em-gestao-de-pessoas-oficina-feedback-e-feedforward\/\" target='_blank'>Oficina: Feedback e Feedforward<\/a><\/h3><div class='tpg-excerpt'>(Presencial) \u2013 Capacitar gestores e l\u00edderes a dar e receber feedback assertivo, praticar t\u00e9cnicas de feedback e feedforward, e usar feedback como ferramenta de desenvolvimento pessoal e de compet\u00eancias.<\/div><div class='post-meta '><span class='read-more'><a data-id='6981' class='' href='https:\/\/goias.gov.br\/escoladegoverno\/certificacao-em-gestao-de-pessoas-oficina-feedback-e-feedforward\/' target='_blank'>SAIBA MAIS<\/a><\/span><\/div><\/div><\/div><\/div><div class=\"rt-col-md-4 rt-col-sm-6 rt-col-xs-12 even-grid-item rt-grid-item\" data-id=\"5554\"><div class=\"rt-holder\"><div class='rt-detail'><h3 class=\"entry-title\"><a data-id=\"5554\" class=\"\" href=\"https:\/\/goias.gov.br\/escoladegoverno\/direito-previdenciario-nocoes-basicas\/\" target='_blank'>Direito Previdenci\u00e1rio  &#8211; No\u00e7\u00f5es B\u00e1sicas<\/a><\/h3><div class='tpg-excerpt'>(Presencial) \u2013 Visa oferecer ferramentas e conhecimento sobre os regimes previdenci\u00e1rios.<\/div><div class='post-meta '><span class='read-more'><a data-id='5554' class='' href='https:\/\/goias.gov.br\/escoladegoverno\/direito-previdenciario-nocoes-basicas\/' target='_blank'>SAIBA MAIS<\/a><\/span><\/div><\/div><\/div><\/div><div class=\"rt-col-md-4 rt-col-sm-6 rt-col-xs-12 even-grid-item rt-grid-item\" data-id=\"14819\"><div class=\"rt-holder\"><div class='rt-detail'><h3 class=\"entry-title\"><a data-id=\"14819\" class=\"\" href=\"https:\/\/goias.gov.br\/escoladegoverno\/comunicacao-assertiva-no-servico-publico-turma-exclusiva-suvisast\/\" target='_blank'>Comunica\u00e7\u00e3o Assertiva no Servi\u00e7o P\u00fablico &#8211; Exclusiva SUVISAST<\/a><\/h3><div class='tpg-excerpt'>(Presencial) \u2013 Este curso faz parte da Certifica\u00e7\u00e3o em Gest\u00e3o de Pessoas. O objetivo \u00e9 capacitar os participantes a desenvolverem habilidades de comunica\u00e7\u00e3o assertiva.<\/div><div class='post-meta '><span class='read-more'><a data-id='14819' class='' href='https:\/\/goias.gov.br\/escoladegoverno\/comunicacao-assertiva-no-servico-publico-turma-exclusiva-suvisast\/' target='_blank'>SAIBA MAIS<\/a><\/span><\/div><\/div><\/div><\/div><div class=\"rt-col-md-4 rt-col-sm-6 rt-col-xs-12 even-grid-item rt-grid-item\" data-id=\"14733\"><div class=\"rt-holder\"><div class='rt-detail'><h3 class=\"entry-title\"><a data-id=\"14733\" class=\"\" href=\"https:\/\/goias.gov.br\/escoladegoverno\/projeto-pratico\/\" target='_blank'>Projeto Pr\u00e1tico<\/a><\/h3><div class='tpg-excerpt'>(Presencial) \u2013 Capacitar para compreender conceitos das carreiras p\u00fablicas e realizar c\u00e1lculos de impacto or\u00e7ament\u00e1rio-financeiro em reestrutura\u00e7\u00f5es no Poder Executivo Estadual.<\/div><div class='post-meta '><span class='read-more'><a data-id='14733' class='' href='https:\/\/goias.gov.br\/escoladegoverno\/projeto-pratico\/' target='_blank'>SAIBA MAIS<\/a><\/span><\/div><\/div><\/div><\/div><div class=\"rt-col-md-4 rt-col-sm-6 rt-col-xs-12 even-grid-item rt-grid-item\" data-id=\"7701\"><div class=\"rt-holder\"><div class='rt-detail'><h3 class=\"entry-title\"><a data-id=\"7701\" class=\"\" href=\"https:\/\/goias.gov.br\/escoladegoverno\/certificacao-em-gestao-de-pessoas-gestao-do-conhecimento\/\" target='_blank'>Gest\u00e3o do Conhecimento<\/a><\/h3><div class='tpg-excerpt'>(Presencial) \u2013 O objetivo \u00e9 introduzir os conceitos de gest\u00e3o de conhecimento, visando sua aplica\u00e7\u00e3o na organiza\u00e7\u00e3o.<\/div><div class='post-meta '><span class='read-more'><a data-id='7701' class='' href='https:\/\/goias.gov.br\/escoladegoverno\/certificacao-em-gestao-de-pessoas-gestao-do-conhecimento\/' target='_blank'>SAIBA MAIS<\/a><\/span><\/div><\/div><\/div><\/div><\/div><div class='rt-pagination-wrap' data-total-pages='2' data-posts-per-page='15' data-type='pagination'  ><div class=\"rt-pagination\" ><ul class=\"pagination-list\"><li class=\"active\"><span>1<\/span><\/li><li><a data-paged='2' href='https:\/\/goias.gov.br\/escoladegoverno\/wp-json\/wp\/v2\/pages\/10315\/page\/2\/'>2<\/a><\/li><\/ul><\/div><\/div><\/div>\n","protected":false},"excerpt":{"rendered":"","protected":false},"author":1,"featured_media":0,"parent":0,"menu_order":0,"comment_status":"closed","ping_status":"closed","template":"wppb_theme_template","meta":{"footnotes":""},"class_list":["post-10315","page","type-page","status-publish","hentry"],"rttpg_featured_image_url":null,"rttpg_author":{"display_name":"wagner.viana","author_link":"https:\/\/goias.gov.br\/escoladegoverno\/author\/wagner-viana\/"},"rttpg_comment":0,"rttpg_category":"","rttpg_excerpt":null,"_links":{"self":[{"href":"https:\/\/goias.gov.br\/escoladegoverno\/wp-json\/wp\/v2\/pages\/10315","targetHints":{"allow":["GET"]}}],"collection":[{"href":"https:\/\/goias.gov.br\/escoladegoverno\/wp-json\/wp\/v2\/pages"}],"about":[{"href":"https:\/\/goias.gov.br\/escoladegoverno\/wp-json\/wp\/v2\/types\/page"}],"author":[{"embeddable":true,"href":"https:\/\/goias.gov.br\/escoladegoverno\/wp-json\/wp\/v2\/users\/1"}],"replies":[{"embeddable":true,"href":"https:\/\/goias.gov.br\/escoladegoverno\/wp-json\/wp\/v2\/comments?post=10315"}],"version-history":[{"count":1,"href":"https:\/\/goias.gov.br\/escoladegoverno\/wp-json\/wp\/v2\/pages\/10315\/revisions"}],"predecessor-version":[{"id":10324,"href":"https:\/\/goias.gov.br\/escoladegoverno\/wp-json\/wp\/v2\/pages\/10315\/revisions\/10324"}],"wp:attachment":[{"href":"https:\/\/goias.gov.br\/escoladegoverno\/wp-json\/wp\/v2\/media?parent=10315"}],"curies":[{"name":"wp","href":"https:\/\/api.w.org\/{rel}","templated":true}]}}