
{"id":10313,"date":"2024-04-22T15:57:49","date_gmt":"2024-04-22T18:57:49","guid":{"rendered":"https:\/\/goias.gov.br\/escoladegoverno\/?page_id=10313"},"modified":"2024-04-22T16:04:00","modified_gmt":"2024-04-22T19:04:00","slug":"certificacao-em-contratacoes-publicas","status":"publish","type":"page","link":"https:\/\/goias.gov.br\/escoladegoverno\/certificacao-em-contratacoes-publicas\/","title":{"rendered":"Certifica\u00e7\u00e3o em Contrata\u00e7\u00f5es P\u00fablicas"},"content":{"rendered":"<style type='text\/css' media='all'>#rt-tpg-container-754319367 .rt-holder .rt-woo-info .price{color:#083c22;}body .rt-tpg-container .rt-tpg-isotope-buttons .selected,\n\t\t\t\t\t#rt-tpg-container-754319367 .layout12 .rt-holder:hover .rt-detail,\n\t\t\t\t\t#rt-tpg-container-754319367 .isotope8 .rt-holder:hover .rt-detail,\n\t\t\t\t\t#rt-tpg-container-754319367 .carousel8 .rt-holder:hover .rt-detail,\n\t\t\t\t\t#rt-tpg-container-754319367 .layout13 .rt-holder .overlay .post-info,\n\t\t\t\t\t#rt-tpg-container-754319367 .isotope9 .rt-holder .overlay .post-info,\n\t\t\t\t\t#rt-tpg-container-754319367.rt-tpg-container .layout4 .rt-holder .rt-detail,\n\t\t\t\t\t.rt-modal-754319367 .md-content,\n\t\t\t\t\t.rt-modal-754319367 .md-content > .rt-md-content-holder .rt-md-content,\n\t\t\t\t\t.rt-popup-wrap-754319367.rt-popup-wrap .rt-popup-navigation-wrap,\n\t\t\t\t\t#rt-tpg-container-754319367 .carousel9 .rt-holder .overlay .post-info{background-color:#083c22;}#rt-tpg-container-754319367 .layout5 .rt-holder .overlay, #rt-tpg-container-754319367 .isotope2 .rt-holder .overlay, #rt-tpg-container-754319367 .carousel2 .rt-holder .overlay,#rt-tpg-container-754319367 .layout15 .rt-holder h3, #rt-tpg-container-754319367 .isotope11 .rt-holder h3, #rt-tpg-container-754319367 .carousel11 .rt-holder h3, #rt-tpg-container-754319367 .layout16 .rt-holder h3,\n\t\t\t\t\t#rt-tpg-container-754319367 .isotope12 .rt-holder h3, #rt-tpg-container-754319367 .carousel12 .rt-holder h3 {background-color:rgba(8,60,34,0.8);}#rt-tpg-container-754319367 .pagination-list li a,\n\t\t\t\t\trt-tpg-container-754319367 .pagination-list li span,\n\t\t\t\t\trt-tpg-container-754319367 .pagination li a,\n\t\t\t\t\t#rt-tpg-container-754319367 .rt-tpg-isotope-buttons button,\n\t\t\t\t\t#rt-tpg-container-754319367 .rt-tpg-utility .rt-tpg-load-more button,\n\t\t\t\t\t#rt-tpg-container-754319367.rt-tpg-container .swiper-navigation .slider-btn,\n\t\t\t\t\t#rt-tpg-container-754319367.rt-tpg-container .swiper-pagination-bullet,\n\t\t\t\t\t#rt-tpg-container-754319367 .wc1 .rt-holder .rt-img-holder .overlay .product-more ul li a,\n\t\t\t\t\t#rt-tpg-container-754319367 .wc2 .rt-detail .rt-wc-add-to-cart,\n\t\t\t\t\t#rt-tpg-container-754319367 .wc3 .rt-detail .rt-wc-add-to-cart,\n\t\t\t\t\t#rt-tpg-container-754319367 .wc4 .rt-detail .rt-wc-add-to-cart,\n\t\t\t\t\t#rt-tpg-container-754319367 .wc-carousel2 .rt-detail .rt-wc-add-to-cart,\n\t\t\t\t\t#rt-tpg-container-754319367 .wc-isotope2 .rt-detail .rt-wc-add-to-cart,\n\t\t\t\t\t#rt-tpg-container-754319367 .rt-layout-filter-container .rt-filter-wrap .rt-filter-item-wrap.rt-filter-dropdown-wrap .rt-filter-dropdown,\n\t\t\t\t\t#rt-tpg-container-754319367 .rt-layout-filter-container .rt-filter-sub-tax.sub-button-group .rt-filter-button-item,\n\t\t\t\t\t#rt-tpg-container-754319367.rt-tpg-container .rt-pagination-wrap .rt-page-numbers .paginationjs .paginationjs-pages ul li>a,\n\t\t\t\t\t#rt-tpg-container-754319367 .rt-filter-item-wrap.rt-filter-button-wrap span.rt-filter-button-item,\n\t\t\t\t\t#rt-tpg-container-754319367.rt-tpg-container .rt-pagination-wrap  .rt-loadmore-btn,\n\t\t\t\t\t#rt-tpg-container-754319367.rt-tpg-container .rt-pagination-wrap .rt-cb-page-prev-next > *,\n\t\t\t\t\t#rt-tpg-container-754319367 .rt-read-more,\n\t\t\t\t\t#rt-tooltip-754319367, #rt-tooltip-754319367 .rt-tooltip-bottom:after{background-color:#16336a;}#rt-tpg-container-754319367 .rt-filter-item-wrap.rt-filter-button-wrap span.rt-filter-button-item,\n\t\t\t\t\t#rt-tpg-container-754319367 .rt-layout-filter-container .rt-filter-sub-tax.sub-button-group .rt-filter-button-item{border-color:#16336a;}#rt-tpg-container-754319367.rt-tpg-container .layout17 .rt-holder .overlay a.tpg-zoom .fa{color:#16336a;}#rt-tpg-container-754319367 .rt-holder .read-more a {background-color:#16336a;padding: 8px 15px;}#rt-tpg-container-754319367 .pagination-list li a:hover,\n\t\t\t\t\t#rt-tpg-container-754319367 .pagination li a:hover,\n\t\t\t\t\t#rt-tpg-container-754319367 .rt-tpg-isotope-buttons button:hover,\n\t\t\t\t\t#rt-tpg-container-754319367 .rt-holder .read-more a:hover,\n\t\t\t\t\t#rt-tpg-container-754319367 .rt-tpg-utility .rt-tpg-load-more button:hover,\n\t\t\t\t\t#rt-tpg-container-754319367.rt-tpg-container .swiper-pagination-bullet:hover,\n\t\t\t\t\t#rt-tpg-container-754319367.rt-tpg-container .swiper-navigation .slider-btn:hover,\n\t\t\t\t\t#rt-tpg-container-754319367 .wc1 .rt-holder .rt-img-holder .overlay .product-more ul li a:hover,\n\t\t\t\t\t#rt-tpg-container-754319367 .wc2 .rt-detail .rt-wc-add-to-cart:hover,\n\t\t\t\t\t#rt-tpg-container-754319367 .wc3 .rt-detail .rt-wc-add-to-cart:hover,\n\t\t\t\t\t#rt-tpg-container-754319367 .wc4 .rt-detail .rt-wc-add-to-cart:hover,\n\t\t\t\t\t#rt-tpg-container-754319367 .wc-carousel2 .rt-detail .rt-wc-add-to-cart:hover,\n\t\t\t\t\t#rt-tpg-container-754319367 .wc-isotope2 .rt-detail .rt-wc-add-to-cart:hover,\n\t\t\t\t\t#rt-tpg-container-754319367 .rt-layout-filter-container .rt-filter-wrap .rt-filter-item-wrap.rt-filter-dropdown-wrap .rt-filter-dropdown .rt-filter-dropdown-item:hover,\n\t\t\t\t\t#rt-tpg-container-754319367 .rt-layout-filter-container .rt-filter-wrap .rt-filter-item-wrap.rt-filter-dropdown-wrap .rt-filter-dropdown .rt-filter-dropdown-item.selected,\n\t\t\t\t\t#rt-tpg-container-754319367 .rt-filter-item-wrap.rt-filter-button-wrap span.rt-filter-button-item:hover,\n\t\t\t\t\t#rt-tpg-container-754319367 .rt-layout-filter-container .rt-filter-sub-tax.sub-button-group .rt-filter-button-item:hover,\n\t\t\t\t\t#rt-tpg-container-754319367.rt-tpg-container .rt-pagination-wrap .rt-page-numbers .paginationjs .paginationjs-pages ul li>a:hover,\n\t\t\t\t\t#rt-tpg-container-754319367.rt-tpg-container .rt-pagination-wrap .rt-cb-page-prev-next > *:hover,\n\t\t\t\t\t#rt-tpg-container-754319367.rt-tpg-container .rt-pagination-wrap  .rt-loadmore-btn:hover,\n\t\t\t\t\t#rt-tpg-container-754319367 .rt-read-more:hover,\n\t\t\t\t\t#rt-tpg-container-754319367 .rt-tpg-utility .rt-tpg-load-more button:hover{background-color:#16336a;}#rt-tpg-container-754319367 .rt-filter-item-wrap.rt-filter-button-wrap span.rt-filter-button-item:hover,\n\t\t\t\t\t\t#rt-tpg-container-754319367 .rt-layout-filter-container .rt-filter-sub-tax.sub-button-group .rt-filter-button-item:hover,\n\t\t\t\t\t\t#rt-tpg-container-754319367.rt-tpg-container .swiper-navigation .slider-btn:hover,\n\t\t\t\t\t\t#rt-tpg-container-754319367.rt-tpg-container .rt-pagination-wrap .rt-page-numbers .paginationjs .paginationjs-pages ul li>a:hover{border-color:#16336a;}#rt-tpg-container-754319367.rt-tpg-container .layout17 .rt-holder .overlay a.tpg-zoom:hover .fa{color:#16336a;}#rt-tpg-container-754319367 .pagination-list li a,\n\t\t\t\t\t#rt-tpg-container-754319367 .pagination li a,\n\t\t\t\t\t#rt-tpg-container-754319367 .rt-tpg-isotope-buttons button,\n\t\t\t\t\t#rt-tpg-container-754319367 .rt-holder .read-more a,\n\t\t\t\t\t#rt-tpg-container-754319367 .rt-tpg-utility .rt-tpg-load-more button,\n\t\t\t\t\t#rt-tpg-container-754319367.rt-tpg-container .swiper-navigation .slider-btn,\n\t\t\t\t\t#rt-tpg-container-754319367 .wc1 .rt-holder .rt-img-holder .overlay .product-more ul li a,\n\t\t\t\t\t#rt-tpg-container-754319367 .edd1 .rt-holder .rt-img-holder .overlay .product-more ul li a,\n\t\t\t\t\t#rt-tpg-container-754319367 .wc2 .rt-detail .rt-wc-add-to-cart,\n\t\t\t\t\t#rt-tpg-container-754319367 .wc3 .rt-detail .rt-wc-add-to-cart,\n\t\t\t\t\t#rt-tpg-container-754319367 .edd2 .rt-detail .rt-wc-add-to-cart,\n\t\t\t\t\t#rt-tpg-container-754319367 .wc4 .rt-detail .rt-wc-add-to-cart,\n\t\t\t\t\t#rt-tpg-container-754319367 .edd3 .rt-detail .rt-wc-add-to-cart,\n\t\t\t\t\t#rt-tpg-container-754319367 .wc-carousel2 .rt-detail .rt-wc-add-to-cart,\n\t\t\t\t\t#rt-tpg-container-754319367 .wc-isotope2 .rt-detail .rt-wc-add-to-cart,\n\t\t\t\t\t#rt-tpg-container-754319367 .rt-tpg-utility .rt-tpg-load-more button,\n\t\t\t\t\t#rt-tooltip-754319367,\n\t\t\t\t\t#rt-tpg-container-754319367 .rt-filter-item-wrap.rt-filter-button-wrap span.rt-filter-button-item,\n\t\t\t\t\t#rt-tpg-container-754319367 .rt-layout-filter-container .rt-filter-sub-tax.sub-button-group .rt-filter-button-item,\n\t\t\t\t\t#rt-tpg-container-754319367 .rt-layout-filter-container .rt-filter-wrap .rt-filter-item-wrap.rt-sort-order-action,\n\t\t\t\t\t#rt-tpg-container-754319367 .rt-layout-filter-container .rt-filter-wrap .rt-filter-item-wrap.rt-filter-dropdown-wrap .rt-filter-dropdown .rt-filter-dropdown-item,\n\t\t\t\t\t#rt-tpg-container-754319367.rt-tpg-container .rt-pagination-wrap .rt-page-numbers .paginationjs .paginationjs-pages ul li>a,\n\t\t\t\t\t#rt-tpg-container-754319367.rt-tpg-container .rt-pagination-wrap .rt-cb-page-prev-next > *,\n\t\t\t\t\t#rt-tpg-container-754319367.rt-tpg-container .rt-pagination-wrap  .rt-loadmore-btn,\n\t\t\t\t\t#rt-tpg-container-754319367 .rt-read-more,\n\t\t\t\t\t#rt-tooltip-754319367 .rt-tooltip-bottom:after{color:#ffffff;}#rt-tpg-container-754319367 .rt-filter-item-wrap.rt-filter-button-wrap span.rt-filter-button-item:hover,\n\t\t\t\t\t#rt-tpg-container-754319367 .rt-holder .read-more a:hover,\n\t\t\t\t\t#rt-tpg-container-754319367.rt-tpg-container .swiper-navigation .slider-btn:hover,\n\t\t\t\t\t#rt-tpg-container-754319367 .rt-layout-filter-container .rt-filter-sub-tax.sub-button-group .rt-filter-button-item:hover,\n\t\t\t\t\t#rt-tpg-container-754319367 .rt-layout-filter-container .rt-filter-wrap .rt-filter-item-wrap.rt-filter-dropdown-wrap .rt-filter-dropdown .rt-filter-dropdown-item:hover,\n\t\t\t\t\t#rt-tpg-container-754319367 .rt-layout-filter-container .rt-filter-wrap .rt-filter-item-wrap.rt-filter-dropdown-wrap .rt-filter-dropdown .rt-filter-dropdown-item.selected,\n\t\t\t\t\t#rt-tpg-container-754319367 .rt-layout-filter-container .rt-filter-wrap .rt-filter-item-wrap.rt-sort-order-action:hover,\n\t\t\t\t\t#rt-tpg-container-754319367.rt-tpg-container .rt-pagination-wrap .rt-page-numbers .paginationjs .paginationjs-pages ul li.active>a:hover,\n\t\t\t\t\t#rt-tpg-container-754319367 .rt-filter-item-wrap.rt-filter-button-wrap span.rt-filter-button-item.selected,\n\t\t\t\t\t#rt-tpg-container-754319367 .rt-layout-filter-container .rt-filter-wrap .rt-filter-item-wrap.rt-sort-order-action,\n\t\t\t\t\t#rt-tpg-container-754319367.rt-tpg-container .rt-pagination-wrap  .rt-loadmore-btn:hover,\n\t\t\t\t\t#rt-tpg-container-754319367 .rt-read-more:hover,\n\t\t\t\t\t#rt-tpg-container-754319367.rt-tpg-container .rt-pagination-wrap .rt-page-numbers .paginationjs .paginationjs-pages ul li.active>a{color:#ffffff;}#rt-tpg-container-754319367 .read-more a{border-radius:15px;}#rt-tpg-container-754319367 .rt-img-holder img.rt-img-responsive,#rt-tpg-container-754319367 .rt-img-holder,\n\t\t\t\t\t#rt-tpg-container-754319367 .rt-post-overlay .post-img,\n\t\t\t\t\t#rt-tpg-container-754319367 .post-sm .post-img,\n\t\t\t\t\t#rt-tpg-container-754319367 .rt-post-grid .post-img,\n\t\t\t\t\t#rt-tpg-container-754319367 .post-img img {border-radius:px;}<\/style><div class='rt-container-fluid rt-tpg-container tpg-shortcode-main-wrapper ' id='rt-tpg-container-754319367'   data-layout='layout1' data-grid-style='even' data-desktop-col='3'  data-tab-col='2'  data-mobile-col='1' data-sc-id='10321'><div data-title='Loading ...' class='rt-row rt-content-loader   layout1 tpg-even '><div class=\"rt-col-md-4 rt-col-sm-6 rt-col-xs-12 even-grid-item rt-grid-item\" data-id=\"15815\"><div class=\"rt-holder\"><div class='rt-detail'><h3 class=\"entry-title\"><a data-id=\"15815\" class=\"\" href=\"https:\/\/goias.gov.br\/escoladegoverno\/contratacao-direta\/\" target='_blank'>Contrata\u00e7\u00e3o Direta<\/a><\/h3><div class='post-meta-user  '><span class='post-tags-links'><a href=\"https:\/\/goias.gov.br\/escoladegoverno\/tags\/sempre-abertas\/\" rel=\"tag\">Sempre Abertas<\/a><\/span><\/div><div class='tpg-excerpt'>(EaD Ass\u00edncrono) \u2013 Apresentar no\u00e7\u00f5es gerais sobre a Contrata\u00e7\u00e3o Direta na Lei de Licita\u00e7\u00f5es 14.133\/2021 com utiliza\u00e7\u00e3o do sistema SISLOG.<\/div><div class='post-meta '><span class='read-more'><a data-id='15815' class='' href='https:\/\/goias.gov.br\/escoladegoverno\/contratacao-direta\/' target='_blank'>SAIBA MAIS<\/a><\/span><\/div><\/div><\/div><\/div><div class=\"rt-col-md-4 rt-col-sm-6 rt-col-xs-12 even-grid-item rt-grid-item\" data-id=\"15528\"><div class=\"rt-holder\"><div class='rt-detail'><h3 class=\"entry-title\"><a data-id=\"15528\" class=\"\" href=\"https:\/\/goias.gov.br\/escoladegoverno\/concorrencia\/\" target='_blank'>Concorr\u00eancia<\/a><\/h3><div class='post-meta-user  '><span class='post-tags-links'><a href=\"https:\/\/goias.gov.br\/escoladegoverno\/tags\/sempre-abertas\/\" rel=\"tag\">Sempre Abertas<\/a><\/span><\/div><div class='tpg-excerpt'>(EaD Ass\u00edncrono) \u2013 Capacitar agentes de contrata\u00e7\u00e3o para atuar nas contrata\u00e7\u00f5es p\u00fablicas estaduais, aplicando a Lei n\u00ba 14.133\/2021, o Decreto n\u00ba 10.359\/2023 e o uso do SISLOG.<\/div><div class='post-meta '><span class='read-more'><a data-id='15528' class='' href='https:\/\/goias.gov.br\/escoladegoverno\/concorrencia\/' target='_blank'>SAIBA MAIS<\/a><\/span><\/div><\/div><\/div><\/div><div class=\"rt-col-md-4 rt-col-sm-6 rt-col-xs-12 even-grid-item rt-grid-item\" data-id=\"12136\"><div class=\"rt-holder\"><div class='rt-detail'><h3 class=\"entry-title\"><a data-id=\"12136\" class=\"\" href=\"https:\/\/goias.gov.br\/escoladegoverno\/pesquisa-de-precos\/\" target='_blank'>Pesquisa de Pre\u00e7os<\/a><\/h3><div class='post-meta-user  '><span class='post-tags-links'><a href=\"https:\/\/goias.gov.br\/escoladegoverno\/tags\/sempre-abertas\/\" rel=\"tag\">Sempre Abertas<\/a><\/span><\/div><div class='tpg-excerpt'>(EaD Ass\u00edncrono) \u2013 Capacitar servidores p\u00fablicos estaduais para precificar corretamente objetos a serem licitados, conforme legisla\u00e7\u00f5es estaduais e federais.<\/div><div class='post-meta '><span class='read-more'><a data-id='12136' class='' href='https:\/\/goias.gov.br\/escoladegoverno\/pesquisa-de-precos\/' target='_blank'>SAIBA MAIS<\/a><\/span><\/div><\/div><\/div><\/div><div class=\"rt-col-md-4 rt-col-sm-6 rt-col-xs-12 even-grid-item rt-grid-item\" data-id=\"8742\"><div class=\"rt-holder\"><div class='rt-detail'><h3 class=\"entry-title\"><a data-id=\"8742\" class=\"\" href=\"https:\/\/goias.gov.br\/escoladegoverno\/agente-de-contratacao\/\" target='_blank'>Agente de Contrata\u00e7\u00e3o<\/a><\/h3><div class='post-meta-user  '><span class='post-tags-links'><a href=\"https:\/\/goias.gov.br\/escoladegoverno\/tags\/sempre-abertas\/\" rel=\"tag\">Sempre Abertas<\/a><\/span><\/div><div class='tpg-excerpt'>(EaD Ass\u00edncrono) \u2013 Este curso faz parte da Certifica\u00e7\u00e3o em Contrata\u00e7\u00f5es P\u00fablicas. O objetivo \u00e9 apresentar o papel do agente de contrata\u00e7\u00e3o em todo o processo de compras.<\/div><div class='post-meta '><span class='read-more'><a data-id='8742' class='' href='https:\/\/goias.gov.br\/escoladegoverno\/agente-de-contratacao\/' target='_blank'>SAIBA MAIS<\/a><\/span><\/div><\/div><\/div><\/div><div class=\"rt-col-md-4 rt-col-sm-6 rt-col-xs-12 even-grid-item rt-grid-item\" data-id=\"10813\"><div class=\"rt-holder\"><div class='rt-detail'><h3 class=\"entry-title\"><a data-id=\"10813\" class=\"\" href=\"https:\/\/goias.gov.br\/escoladegoverno\/contratos-publicos-duracao-alteracoes-e-equilibrio-economico-financeiro\/\" target='_blank'>Contratos P\u00fablicos: altera\u00e7\u00e3o, vig\u00eancia e equil\u00edbrio econ\u00f4mico-financeiro<\/a><\/h3><div class='post-meta-user  '><span class='post-tags-links'><a href=\"https:\/\/goias.gov.br\/escoladegoverno\/tags\/sempre-abertas\/\" rel=\"tag\">Sempre Abertas<\/a><\/span><\/div><div class='tpg-excerpt'>(EaD Ass\u00edncrono) \u2013 O objetivo do curso \u00e9 capacitar os alunos sobre aspectos essenciais dos contratos administrativos, incluindo legisla\u00e7\u00e3o, dura\u00e7\u00e3o, requisitos, altera\u00e7\u00f5es e equil\u00edbrio econ\u00f4mico-financeiro.<\/div><div class='post-meta '><span class='read-more'><a data-id='10813' class='' href='https:\/\/goias.gov.br\/escoladegoverno\/contratos-publicos-duracao-alteracoes-e-equilibrio-economico-financeiro\/' target='_blank'>SAIBA MAIS<\/a><\/span><\/div><\/div><\/div><\/div><div class=\"rt-col-md-4 rt-col-sm-6 rt-col-xs-12 even-grid-item rt-grid-item\" data-id=\"8565\"><div class=\"rt-holder\"><div class='rt-detail'><h3 class=\"entry-title\"><a data-id=\"8565\" class=\"\" href=\"https:\/\/goias.gov.br\/escoladegoverno\/estudos-tecnicos-preliminares\/\" target='_blank'>Estudos T\u00e9cnicos Preliminares<\/a><\/h3><div class='post-meta-user  '><span class='post-tags-links'><a href=\"https:\/\/goias.gov.br\/escoladegoverno\/tags\/sempre-abertas\/\" rel=\"tag\">Sempre Abertas<\/a><\/span><\/div><div class='tpg-excerpt'>(EaD Ass\u00edncrono) \u2013  Este curso faz parte da Certifica\u00e7\u00e3o em Contrata\u00e7\u00f5es P\u00fablicas. Ser\u00e3o apresentados o planejamento de compras e a elabora\u00e7\u00e3o do ETP, segundo a nova lei de licita\u00e7\u00f5es.<\/div><div class='post-meta '><span class='read-more'><a data-id='8565' class='' href='https:\/\/goias.gov.br\/escoladegoverno\/estudos-tecnicos-preliminares\/' target='_blank'>SAIBA MAIS<\/a><\/span><\/div><\/div><\/div><\/div><div class=\"rt-col-md-4 rt-col-sm-6 rt-col-xs-12 even-grid-item rt-grid-item\" data-id=\"6747\"><div class=\"rt-holder\"><div class='rt-detail'><h3 class=\"entry-title\"><a data-id=\"6747\" class=\"\" href=\"https:\/\/goias.gov.br\/escoladegoverno\/basico-de-licitacoes-e-contratos-assincrono\/\" target='_blank'>B\u00e1sico de Licita\u00e7\u00f5es e Contratos<\/a><\/h3><div class='post-meta-user  '><span class='post-tags-links'><a href=\"https:\/\/goias.gov.br\/escoladegoverno\/tags\/sempre-abertas\/\" rel=\"tag\">Sempre Abertas<\/a><\/span><\/div><div class='tpg-excerpt'>(EaD Ass\u00edncrono) \u2013 Neste curso voc\u00ea ir\u00e1 conhecer a legisla\u00e7\u00e3o atual sobre licita\u00e7\u00f5es e contratos administrativos, bem como as novidades decorrentes da entrada em vigor da Lei 14.133\/2021.<\/div><div class='post-meta '><span class='read-more'><a data-id='6747' class='' href='https:\/\/goias.gov.br\/escoladegoverno\/basico-de-licitacoes-e-contratos-assincrono\/' target='_blank'>SAIBA MAIS<\/a><\/span><\/div><\/div><\/div><\/div><div class=\"rt-col-md-4 rt-col-sm-6 rt-col-xs-12 even-grid-item rt-grid-item\" data-id=\"6967\"><div class=\"rt-holder\"><div class='rt-detail'><h3 class=\"entry-title\"><a data-id=\"6967\" class=\"\" href=\"https:\/\/goias.gov.br\/escoladegoverno\/equipe-de-planejamento-assincrono\/\" target='_blank'>Equipe de Planejamento de Contrata\u00e7\u00e3o<\/a><\/h3><div class='post-meta-user  '><span class='post-tags-links'><a href=\"https:\/\/goias.gov.br\/escoladegoverno\/tags\/sempre-abertas\/\" rel=\"tag\">Sempre Abertas<\/a><\/span><\/div><div class='tpg-excerpt'>(EaD Ass\u00edncrono)  \u2013 Este curso visa capacitar os servidores p\u00fablicos estaduais para compreender a relev\u00e2ncia e o papel da equipe de planejamento da contrata\u00e7\u00e3o no processo de compras.<\/div><div class='post-meta '><span class='read-more'><a data-id='6967' class='' href='https:\/\/goias.gov.br\/escoladegoverno\/equipe-de-planejamento-assincrono\/' target='_blank'>SAIBA MAIS<\/a><\/span><\/div><\/div><\/div><\/div><div class=\"rt-col-md-4 rt-col-sm-6 rt-col-xs-12 even-grid-item rt-grid-item\" data-id=\"8754\"><div class=\"rt-holder\"><div class='rt-detail'><h3 class=\"entry-title\"><a data-id=\"8754\" class=\"\" href=\"https:\/\/goias.gov.br\/escoladegoverno\/gestao-e-fiscalizacao-de-contratos\/\" target='_blank'>Gest\u00e3o e Fiscaliza\u00e7\u00e3o de Contratos<\/a><\/h3><div class='post-meta-user  '><span class='post-tags-links'><a href=\"https:\/\/goias.gov.br\/escoladegoverno\/tags\/sempre-abertas\/\" rel=\"tag\">Sempre Abertas<\/a><\/span><\/div><div class='tpg-excerpt'>(EaD Ass\u00edncrono) \u2013 Este curso visa esclarecer as atribui\u00e7\u00f5es de gestores e fiscais de contratos, abordando boas pr\u00e1ticas e procedimentos como altera\u00e7\u00f5es, prorroga\u00e7\u00f5es, reajustes, san\u00e7\u00f5es e rescis\u00f5es contratuais.<\/div><div class='post-meta '><span class='read-more'><a data-id='8754' class='' href='https:\/\/goias.gov.br\/escoladegoverno\/gestao-e-fiscalizacao-de-contratos\/' target='_blank'>SAIBA MAIS<\/a><\/span><\/div><\/div><\/div><\/div><div class=\"rt-col-md-4 rt-col-sm-6 rt-col-xs-12 even-grid-item rt-grid-item\" data-id=\"11957\"><div class=\"rt-holder\"><div class='rt-detail'><h3 class=\"entry-title\"><a data-id=\"11957\" class=\"\" href=\"https:\/\/goias.gov.br\/escoladegoverno\/pregao\/\" target='_blank'>Preg\u00e3o<\/a><\/h3><div class='post-meta-user  '><span class='post-tags-links'><a href=\"https:\/\/goias.gov.br\/escoladegoverno\/tags\/sempre-abertas\/\" rel=\"tag\">Sempre Abertas<\/a><\/span><\/div><div class='tpg-excerpt'>(EaD Ass\u00edncrono) \u2013 O objetivo do curso \u00e9 preparar agentes de contrata\u00e7\u00e3o para atuar como pregoeiros em contrata\u00e7\u00f5es p\u00fablicas estaduais, aplicando a Lei 14.133\/2021, o Decreto 10.247\/2023 e o Sistema<\/div><div class='post-meta '><span class='read-more'><a data-id='11957' class='' href='https:\/\/goias.gov.br\/escoladegoverno\/pregao\/' target='_blank'>SAIBA MAIS<\/a><\/span><\/div><\/div><\/div><\/div><div class=\"rt-col-md-4 rt-col-sm-6 rt-col-xs-12 even-grid-item rt-grid-item\" data-id=\"6887\"><div class=\"rt-holder\"><div class='rt-detail'><h3 class=\"entry-title\"><a data-id=\"6887\" class=\"\" href=\"https:\/\/goias.gov.br\/escoladegoverno\/basico-sislog-2\/\" target='_blank'>Sistema de Log\u00edstica de Goi\u00e1s &#8211; SISLOG 2.0<\/a><\/h3><div class='post-meta-user  '><span class='post-tags-links'><a href=\"https:\/\/goias.gov.br\/escoladegoverno\/tags\/sempre-abertas\/\" rel=\"tag\">Sempre Abertas<\/a><\/span><\/div><div class='tpg-excerpt'>(EaD Ass\u00edncrono) \u2013 Preparar agentes p\u00fablicos que atuam nos processos de contrata\u00e7\u00f5es estaduais, para operacionaliza\u00e7\u00e3o do Sistema SISLOG \u2013 Sistema de Log\u00edstica do Estado de Goi\u00e1s, em sua nova vers\u00e3o<\/div><div class='post-meta '><span class='read-more'><a data-id='6887' class='' href='https:\/\/goias.gov.br\/escoladegoverno\/basico-sislog-2\/' target='_blank'>SAIBA MAIS<\/a><\/span><\/div><\/div><\/div><\/div><div class=\"rt-col-md-4 rt-col-sm-6 rt-col-xs-12 even-grid-item rt-grid-item\" data-id=\"11215\"><div class=\"rt-holder\"><div class='rt-detail'><h3 class=\"entry-title\"><a data-id=\"11215\" class=\"\" href=\"https:\/\/goias.gov.br\/escoladegoverno\/registros-de-precos\/\" target='_blank'>Registros de Pre\u00e7os<\/a><\/h3><div class='post-meta-user  '><span class='post-tags-links'><a href=\"https:\/\/goias.gov.br\/escoladegoverno\/tags\/sempre-abertas\/\" rel=\"tag\">Sempre Abertas<\/a><\/span><\/div><div class='tpg-excerpt'>(EaD Ass\u00edncrono) \u2013 Capacitar servidores p\u00fablicos estaduais sobre o Registro de Pre\u00e7os, sua relev\u00e2ncia e uso no processo de compras, conforme a Lei 14.133\/2021 e Instru\u00e7\u00e3o Normativa 001\/2024.<\/div><div class='post-meta '><span class='read-more'><a data-id='11215' class='' href='https:\/\/goias.gov.br\/escoladegoverno\/registros-de-precos\/' target='_blank'>SAIBA MAIS<\/a><\/span><\/div><\/div><\/div><\/div><div class=\"rt-col-md-4 rt-col-sm-6 rt-col-xs-12 even-grid-item rt-grid-item\" data-id=\"8585\"><div class=\"rt-holder\"><div class='rt-detail'><h3 class=\"entry-title\"><a data-id=\"8585\" class=\"\" href=\"https:\/\/goias.gov.br\/escoladegoverno\/termo-de-referencia\/\" target='_blank'>Termo de Refer\u00eancia<\/a><\/h3><div class='post-meta-user  '><span class='post-tags-links'><a href=\"https:\/\/goias.gov.br\/escoladegoverno\/tags\/sempre-abertas\/\" rel=\"tag\">Sempre Abertas<\/a><\/span><\/div><div class='tpg-excerpt'>(EaD Ass\u00edncrono) - Este curso faz parte da Certifica\u00e7\u00e3o em Contrata\u00e7\u00f5es P\u00fablicas. Voc\u00ea aprender\u00e1 a elaborar um Termo de Refer\u00eancia de acordo com a nova lei de licita\u00e7\u00f5es e seus<\/div><div class='post-meta '><span class='read-more'><a data-id='8585' class='' href='https:\/\/goias.gov.br\/escoladegoverno\/termo-de-referencia\/' target='_blank'>SAIBA MAIS<\/a><\/span><\/div><\/div><\/div><\/div><div class=\"rt-col-md-4 rt-col-sm-6 rt-col-xs-12 even-grid-item rt-grid-item\" data-id=\"11964\"><div class=\"rt-holder\"><div class='rt-detail'><h3 class=\"entry-title\"><a data-id=\"11964\" class=\"\" href=\"https:\/\/goias.gov.br\/escoladegoverno\/aplicacao-de-sancoes-administrativas\/\" target='_blank'>Aplica\u00e7\u00e3o de San\u00e7\u00f5es Administrativas<\/a><\/h3><div class='post-meta-user  '><span class='post-tags-links'><a href=\"https:\/\/goias.gov.br\/escoladegoverno\/tags\/sempre-abertas\/\" rel=\"tag\">Sempre Abertas<\/a><\/span><\/div><div class='tpg-excerpt'>(EaD Ass\u00edncrono) \u2013 O objetivo do curso \u00e9 ensinar o b\u00e1sico sobre san\u00e7\u00f5es administrativas, princ\u00edpios do direito sancionador, processos, prazos, reabilita\u00e7\u00e3o de sancionados e Desconsidera\u00e7\u00e3o da personalidade jur\u00eddica.<\/div><div class='post-meta '><span class='read-more'><a data-id='11964' class='' href='https:\/\/goias.gov.br\/escoladegoverno\/aplicacao-de-sancoes-administrativas\/' target='_blank'>SAIBA MAIS<\/a><\/span><\/div><\/div><\/div><\/div><\/div><\/div>\n","protected":false},"excerpt":{"rendered":"","protected":false},"author":1,"featured_media":0,"parent":0,"menu_order":0,"comment_status":"closed","ping_status":"closed","template":"wppb_theme_template","meta":{"footnotes":""},"class_list":["post-10313","page","type-page","status-publish","hentry"],"rttpg_featured_image_url":null,"rttpg_author":{"display_name":"wagner.viana","author_link":"https:\/\/goias.gov.br\/escoladegoverno\/author\/wagner-viana\/"},"rttpg_comment":0,"rttpg_category":"","rttpg_excerpt":null,"_links":{"self":[{"href":"https:\/\/goias.gov.br\/escoladegoverno\/wp-json\/wp\/v2\/pages\/10313","targetHints":{"allow":["GET"]}}],"collection":[{"href":"https:\/\/goias.gov.br\/escoladegoverno\/wp-json\/wp\/v2\/pages"}],"about":[{"href":"https:\/\/goias.gov.br\/escoladegoverno\/wp-json\/wp\/v2\/types\/page"}],"author":[{"embeddable":true,"href":"https:\/\/goias.gov.br\/escoladegoverno\/wp-json\/wp\/v2\/users\/1"}],"replies":[{"embeddable":true,"href":"https:\/\/goias.gov.br\/escoladegoverno\/wp-json\/wp\/v2\/comments?post=10313"}],"version-history":[{"count":2,"href":"https:\/\/goias.gov.br\/escoladegoverno\/wp-json\/wp\/v2\/pages\/10313\/revisions"}],"predecessor-version":[{"id":10322,"href":"https:\/\/goias.gov.br\/escoladegoverno\/wp-json\/wp\/v2\/pages\/10313\/revisions\/10322"}],"wp:attachment":[{"href":"https:\/\/goias.gov.br\/escoladegoverno\/wp-json\/wp\/v2\/media?parent=10313"}],"curies":[{"name":"wp","href":"https:\/\/api.w.org\/{rel}","templated":true}]}}