
{"id":10165,"date":"2024-04-19T12:13:38","date_gmt":"2024-04-19T15:13:38","guid":{"rendered":"https:\/\/goias.gov.br\/escoladegoverno\/?page_id=10165"},"modified":"2024-04-22T14:25:07","modified_gmt":"2024-04-22T17:25:07","slug":"oficinas-pequilab","status":"publish","type":"page","link":"https:\/\/goias.gov.br\/escoladegoverno\/oficinas-pequilab\/","title":{"rendered":"Oficinas PequiLab"},"content":{"rendered":"<style type='text\/css' media='all'>#rt-tpg-container-56895962 .rt-holder .rt-woo-info .price{color:#083c22;}body .rt-tpg-container .rt-tpg-isotope-buttons .selected,\n\t\t\t\t\t#rt-tpg-container-56895962 .layout12 .rt-holder:hover .rt-detail,\n\t\t\t\t\t#rt-tpg-container-56895962 .isotope8 .rt-holder:hover .rt-detail,\n\t\t\t\t\t#rt-tpg-container-56895962 .carousel8 .rt-holder:hover .rt-detail,\n\t\t\t\t\t#rt-tpg-container-56895962 .layout13 .rt-holder .overlay .post-info,\n\t\t\t\t\t#rt-tpg-container-56895962 .isotope9 .rt-holder .overlay .post-info,\n\t\t\t\t\t#rt-tpg-container-56895962.rt-tpg-container .layout4 .rt-holder .rt-detail,\n\t\t\t\t\t.rt-modal-56895962 .md-content,\n\t\t\t\t\t.rt-modal-56895962 .md-content > .rt-md-content-holder .rt-md-content,\n\t\t\t\t\t.rt-popup-wrap-56895962.rt-popup-wrap .rt-popup-navigation-wrap,\n\t\t\t\t\t#rt-tpg-container-56895962 .carousel9 .rt-holder .overlay .post-info{background-color:#083c22;}#rt-tpg-container-56895962 .layout5 .rt-holder .overlay, #rt-tpg-container-56895962 .isotope2 .rt-holder .overlay, #rt-tpg-container-56895962 .carousel2 .rt-holder .overlay,#rt-tpg-container-56895962 .layout15 .rt-holder h3, #rt-tpg-container-56895962 .isotope11 .rt-holder h3, #rt-tpg-container-56895962 .carousel11 .rt-holder h3, #rt-tpg-container-56895962 .layout16 .rt-holder h3,\n\t\t\t\t\t#rt-tpg-container-56895962 .isotope12 .rt-holder h3, #rt-tpg-container-56895962 .carousel12 .rt-holder h3 {background-color:rgba(8,60,34,0.8);}#rt-tpg-container-56895962 .pagination-list li a,\n\t\t\t\t\trt-tpg-container-56895962 .pagination-list li span,\n\t\t\t\t\trt-tpg-container-56895962 .pagination li a,\n\t\t\t\t\t#rt-tpg-container-56895962 .rt-tpg-isotope-buttons button,\n\t\t\t\t\t#rt-tpg-container-56895962 .rt-tpg-utility .rt-tpg-load-more button,\n\t\t\t\t\t#rt-tpg-container-56895962.rt-tpg-container .swiper-navigation .slider-btn,\n\t\t\t\t\t#rt-tpg-container-56895962.rt-tpg-container .swiper-pagination-bullet,\n\t\t\t\t\t#rt-tpg-container-56895962 .wc1 .rt-holder .rt-img-holder .overlay .product-more ul li a,\n\t\t\t\t\t#rt-tpg-container-56895962 .wc2 .rt-detail .rt-wc-add-to-cart,\n\t\t\t\t\t#rt-tpg-container-56895962 .wc3 .rt-detail .rt-wc-add-to-cart,\n\t\t\t\t\t#rt-tpg-container-56895962 .wc4 .rt-detail .rt-wc-add-to-cart,\n\t\t\t\t\t#rt-tpg-container-56895962 .wc-carousel2 .rt-detail .rt-wc-add-to-cart,\n\t\t\t\t\t#rt-tpg-container-56895962 .wc-isotope2 .rt-detail .rt-wc-add-to-cart,\n\t\t\t\t\t#rt-tpg-container-56895962 .rt-layout-filter-container .rt-filter-wrap .rt-filter-item-wrap.rt-filter-dropdown-wrap .rt-filter-dropdown,\n\t\t\t\t\t#rt-tpg-container-56895962 .rt-layout-filter-container .rt-filter-sub-tax.sub-button-group .rt-filter-button-item,\n\t\t\t\t\t#rt-tpg-container-56895962.rt-tpg-container .rt-pagination-wrap .rt-page-numbers .paginationjs .paginationjs-pages ul li>a,\n\t\t\t\t\t#rt-tpg-container-56895962 .rt-filter-item-wrap.rt-filter-button-wrap span.rt-filter-button-item,\n\t\t\t\t\t#rt-tpg-container-56895962.rt-tpg-container .rt-pagination-wrap  .rt-loadmore-btn,\n\t\t\t\t\t#rt-tpg-container-56895962.rt-tpg-container .rt-pagination-wrap .rt-cb-page-prev-next > *,\n\t\t\t\t\t#rt-tpg-container-56895962 .rt-read-more,\n\t\t\t\t\t#rt-tooltip-56895962, #rt-tooltip-56895962 .rt-tooltip-bottom:after{background-color:#16336a;}#rt-tpg-container-56895962 .rt-filter-item-wrap.rt-filter-button-wrap span.rt-filter-button-item,\n\t\t\t\t\t#rt-tpg-container-56895962 .rt-layout-filter-container .rt-filter-sub-tax.sub-button-group .rt-filter-button-item{border-color:#16336a;}#rt-tpg-container-56895962.rt-tpg-container .layout17 .rt-holder .overlay a.tpg-zoom .fa{color:#16336a;}#rt-tpg-container-56895962 .rt-holder .read-more a {background-color:#16336a;padding: 8px 15px;}#rt-tpg-container-56895962 .pagination-list li a:hover,\n\t\t\t\t\t#rt-tpg-container-56895962 .pagination li a:hover,\n\t\t\t\t\t#rt-tpg-container-56895962 .rt-tpg-isotope-buttons button:hover,\n\t\t\t\t\t#rt-tpg-container-56895962 .rt-holder .read-more a:hover,\n\t\t\t\t\t#rt-tpg-container-56895962 .rt-tpg-utility .rt-tpg-load-more button:hover,\n\t\t\t\t\t#rt-tpg-container-56895962.rt-tpg-container .swiper-pagination-bullet:hover,\n\t\t\t\t\t#rt-tpg-container-56895962.rt-tpg-container .swiper-navigation .slider-btn:hover,\n\t\t\t\t\t#rt-tpg-container-56895962 .wc1 .rt-holder .rt-img-holder .overlay .product-more ul li a:hover,\n\t\t\t\t\t#rt-tpg-container-56895962 .wc2 .rt-detail .rt-wc-add-to-cart:hover,\n\t\t\t\t\t#rt-tpg-container-56895962 .wc3 .rt-detail .rt-wc-add-to-cart:hover,\n\t\t\t\t\t#rt-tpg-container-56895962 .wc4 .rt-detail .rt-wc-add-to-cart:hover,\n\t\t\t\t\t#rt-tpg-container-56895962 .wc-carousel2 .rt-detail .rt-wc-add-to-cart:hover,\n\t\t\t\t\t#rt-tpg-container-56895962 .wc-isotope2 .rt-detail .rt-wc-add-to-cart:hover,\n\t\t\t\t\t#rt-tpg-container-56895962 .rt-layout-filter-container .rt-filter-wrap .rt-filter-item-wrap.rt-filter-dropdown-wrap .rt-filter-dropdown .rt-filter-dropdown-item:hover,\n\t\t\t\t\t#rt-tpg-container-56895962 .rt-layout-filter-container .rt-filter-wrap .rt-filter-item-wrap.rt-filter-dropdown-wrap .rt-filter-dropdown .rt-filter-dropdown-item.selected,\n\t\t\t\t\t#rt-tpg-container-56895962 .rt-filter-item-wrap.rt-filter-button-wrap span.rt-filter-button-item:hover,\n\t\t\t\t\t#rt-tpg-container-56895962 .rt-layout-filter-container .rt-filter-sub-tax.sub-button-group .rt-filter-button-item:hover,\n\t\t\t\t\t#rt-tpg-container-56895962.rt-tpg-container .rt-pagination-wrap .rt-page-numbers .paginationjs .paginationjs-pages ul li>a:hover,\n\t\t\t\t\t#rt-tpg-container-56895962.rt-tpg-container .rt-pagination-wrap .rt-cb-page-prev-next > *:hover,\n\t\t\t\t\t#rt-tpg-container-56895962.rt-tpg-container .rt-pagination-wrap  .rt-loadmore-btn:hover,\n\t\t\t\t\t#rt-tpg-container-56895962 .rt-read-more:hover,\n\t\t\t\t\t#rt-tpg-container-56895962 .rt-tpg-utility .rt-tpg-load-more button:hover{background-color:#16336a;}#rt-tpg-container-56895962 .rt-filter-item-wrap.rt-filter-button-wrap span.rt-filter-button-item:hover,\n\t\t\t\t\t\t#rt-tpg-container-56895962 .rt-layout-filter-container .rt-filter-sub-tax.sub-button-group .rt-filter-button-item:hover,\n\t\t\t\t\t\t#rt-tpg-container-56895962.rt-tpg-container .swiper-navigation .slider-btn:hover,\n\t\t\t\t\t\t#rt-tpg-container-56895962.rt-tpg-container .rt-pagination-wrap .rt-page-numbers .paginationjs .paginationjs-pages ul li>a:hover{border-color:#16336a;}#rt-tpg-container-56895962.rt-tpg-container .layout17 .rt-holder .overlay a.tpg-zoom:hover .fa{color:#16336a;}#rt-tpg-container-56895962 .pagination-list li a,\n\t\t\t\t\t#rt-tpg-container-56895962 .pagination li a,\n\t\t\t\t\t#rt-tpg-container-56895962 .rt-tpg-isotope-buttons button,\n\t\t\t\t\t#rt-tpg-container-56895962 .rt-holder .read-more a,\n\t\t\t\t\t#rt-tpg-container-56895962 .rt-tpg-utility .rt-tpg-load-more button,\n\t\t\t\t\t#rt-tpg-container-56895962.rt-tpg-container .swiper-navigation .slider-btn,\n\t\t\t\t\t#rt-tpg-container-56895962 .wc1 .rt-holder .rt-img-holder .overlay .product-more ul li a,\n\t\t\t\t\t#rt-tpg-container-56895962 .edd1 .rt-holder .rt-img-holder .overlay .product-more ul li a,\n\t\t\t\t\t#rt-tpg-container-56895962 .wc2 .rt-detail .rt-wc-add-to-cart,\n\t\t\t\t\t#rt-tpg-container-56895962 .wc3 .rt-detail .rt-wc-add-to-cart,\n\t\t\t\t\t#rt-tpg-container-56895962 .edd2 .rt-detail .rt-wc-add-to-cart,\n\t\t\t\t\t#rt-tpg-container-56895962 .wc4 .rt-detail .rt-wc-add-to-cart,\n\t\t\t\t\t#rt-tpg-container-56895962 .edd3 .rt-detail .rt-wc-add-to-cart,\n\t\t\t\t\t#rt-tpg-container-56895962 .wc-carousel2 .rt-detail .rt-wc-add-to-cart,\n\t\t\t\t\t#rt-tpg-container-56895962 .wc-isotope2 .rt-detail .rt-wc-add-to-cart,\n\t\t\t\t\t#rt-tpg-container-56895962 .rt-tpg-utility .rt-tpg-load-more button,\n\t\t\t\t\t#rt-tooltip-56895962,\n\t\t\t\t\t#rt-tpg-container-56895962 .rt-filter-item-wrap.rt-filter-button-wrap span.rt-filter-button-item,\n\t\t\t\t\t#rt-tpg-container-56895962 .rt-layout-filter-container .rt-filter-sub-tax.sub-button-group .rt-filter-button-item,\n\t\t\t\t\t#rt-tpg-container-56895962 .rt-layout-filter-container .rt-filter-wrap .rt-filter-item-wrap.rt-sort-order-action,\n\t\t\t\t\t#rt-tpg-container-56895962 .rt-layout-filter-container .rt-filter-wrap .rt-filter-item-wrap.rt-filter-dropdown-wrap .rt-filter-dropdown .rt-filter-dropdown-item,\n\t\t\t\t\t#rt-tpg-container-56895962.rt-tpg-container .rt-pagination-wrap .rt-page-numbers .paginationjs .paginationjs-pages ul li>a,\n\t\t\t\t\t#rt-tpg-container-56895962.rt-tpg-container .rt-pagination-wrap .rt-cb-page-prev-next > *,\n\t\t\t\t\t#rt-tpg-container-56895962.rt-tpg-container .rt-pagination-wrap  .rt-loadmore-btn,\n\t\t\t\t\t#rt-tpg-container-56895962 .rt-read-more,\n\t\t\t\t\t#rt-tooltip-56895962 .rt-tooltip-bottom:after{color:#ffffff;}#rt-tpg-container-56895962 .rt-filter-item-wrap.rt-filter-button-wrap span.rt-filter-button-item:hover,\n\t\t\t\t\t#rt-tpg-container-56895962 .rt-holder .read-more a:hover,\n\t\t\t\t\t#rt-tpg-container-56895962.rt-tpg-container .swiper-navigation .slider-btn:hover,\n\t\t\t\t\t#rt-tpg-container-56895962 .rt-layout-filter-container .rt-filter-sub-tax.sub-button-group .rt-filter-button-item:hover,\n\t\t\t\t\t#rt-tpg-container-56895962 .rt-layout-filter-container .rt-filter-wrap .rt-filter-item-wrap.rt-filter-dropdown-wrap .rt-filter-dropdown .rt-filter-dropdown-item:hover,\n\t\t\t\t\t#rt-tpg-container-56895962 .rt-layout-filter-container .rt-filter-wrap .rt-filter-item-wrap.rt-filter-dropdown-wrap .rt-filter-dropdown .rt-filter-dropdown-item.selected,\n\t\t\t\t\t#rt-tpg-container-56895962 .rt-layout-filter-container .rt-filter-wrap .rt-filter-item-wrap.rt-sort-order-action:hover,\n\t\t\t\t\t#rt-tpg-container-56895962.rt-tpg-container .rt-pagination-wrap .rt-page-numbers .paginationjs .paginationjs-pages ul li.active>a:hover,\n\t\t\t\t\t#rt-tpg-container-56895962 .rt-filter-item-wrap.rt-filter-button-wrap span.rt-filter-button-item.selected,\n\t\t\t\t\t#rt-tpg-container-56895962 .rt-layout-filter-container .rt-filter-wrap .rt-filter-item-wrap.rt-sort-order-action,\n\t\t\t\t\t#rt-tpg-container-56895962.rt-tpg-container .rt-pagination-wrap  .rt-loadmore-btn:hover,\n\t\t\t\t\t#rt-tpg-container-56895962 .rt-read-more:hover,\n\t\t\t\t\t#rt-tpg-container-56895962.rt-tpg-container .rt-pagination-wrap .rt-page-numbers .paginationjs .paginationjs-pages ul li.active>a{color:#ffffff;}#rt-tpg-container-56895962 .read-more a{border-radius:15px;}#rt-tpg-container-56895962 .rt-img-holder img.rt-img-responsive,#rt-tpg-container-56895962 .rt-img-holder,\n\t\t\t\t\t#rt-tpg-container-56895962 .rt-post-overlay .post-img,\n\t\t\t\t\t#rt-tpg-container-56895962 .post-sm .post-img,\n\t\t\t\t\t#rt-tpg-container-56895962 .rt-post-grid .post-img,\n\t\t\t\t\t#rt-tpg-container-56895962 .post-img img {border-radius:px;}<\/style><div class='rt-container-fluid rt-tpg-container tpg-shortcode-main-wrapper ' id='rt-tpg-container-56895962'   data-layout='layout1' data-grid-style='even' data-desktop-col='3'  data-tab-col='2'  data-mobile-col='1' data-sc-id='10255'><div data-title='Loading ...' class='rt-row rt-content-loader   layout1 tpg-even '><div class=\"rt-col-md-4 rt-col-sm-6 rt-col-xs-12 even-grid-item rt-grid-item\" data-id=\"16570\"><div class=\"rt-holder\"><div class='rt-detail'><h3 class=\"entry-title\"><a data-id=\"16570\" class=\"\" href=\"https:\/\/goias.gov.br\/escoladegoverno\/oficina-pequilab-teoria-u\/\">Oficina PequiLab: Teoria U<\/a><\/h3><div class='post-meta-user  '><span class='post-tags-links'><a href=\"https:\/\/goias.gov.br\/escoladegoverno\/tags\/inscricoes-abertas\/\" rel=\"tag\">Inscri\u00e7\u00f5es Abertas<\/a><\/span><\/div><div class='tpg-excerpt'>(Presencial) - Uma jornada de aprendizagem voltada a ampliar a escuta, qualificar a leitura de cen\u00e1rios complexos e fortalecer decis\u00f5es mais conscientes no trabalho, a partir dos princ\u00edpios da Teoria<\/div><div class='post-meta '><span class='read-more'><a data-id='16570' class='' href='https:\/\/goias.gov.br\/escoladegoverno\/oficina-pequilab-teoria-u\/'>SAIBA MAIS<\/a><\/span><\/div><\/div><\/div><\/div><div class=\"rt-col-md-4 rt-col-sm-6 rt-col-xs-12 even-grid-item rt-grid-item\" data-id=\"11018\"><div class=\"rt-holder\"><div class='rt-detail'><h3 class=\"entry-title\"><a data-id=\"11018\" class=\"\" href=\"https:\/\/goias.gov.br\/escoladegoverno\/oficina-agenda-2030-para-governos-sustentaveis\/\">Oficina PequiLab: Agenda 2030 para Governos Sustent\u00e1veis<\/a><\/h3><div class='post-meta-user  '><span class='post-tags-links'><a href=\"https:\/\/goias.gov.br\/escoladegoverno\/tags\/inscricoes-abertas\/\" rel=\"tag\">Inscri\u00e7\u00f5es Abertas<\/a><\/span><\/div><div class='tpg-excerpt'>(Presencial) - Esta oficina visa sensibilizar sobre Sustentabilidade e capacitar servidores sobre os Objetivos do Desenvolvimento Sustent\u00e1vel (ODS).<\/div><div class='post-meta '><span class='read-more'><a data-id='11018' class='' href='https:\/\/goias.gov.br\/escoladegoverno\/oficina-agenda-2030-para-governos-sustentaveis\/'>SAIBA MAIS<\/a><\/span><\/div><\/div><\/div><\/div><div class=\"rt-col-md-4 rt-col-sm-6 rt-col-xs-12 even-grid-item rt-grid-item\" data-id=\"13638\"><div class=\"rt-holder\"><div class='rt-detail'><h3 class=\"entry-title\"><a data-id=\"13638\" class=\"\" href=\"https:\/\/goias.gov.br\/escoladegoverno\/oficina-desaprender-para-ir-alem\/\">Oficina: Desaprender para ir Al\u00e9m<\/a><\/h3><div class='post-meta-user  '><span class='post-tags-links'><a href=\"https:\/\/goias.gov.br\/escoladegoverno\/tags\/inscricoes-abertas\/\" rel=\"tag\">Inscri\u00e7\u00f5es Abertas<\/a><\/span><\/div><div class='tpg-excerpt'>(Presencial) - Estimular a desaprendizagem para reavaliar conhecimentos, questionar narrativas e abrir espa\u00e7o para novas formas de aprendizado.<\/div><div class='post-meta '><span class='read-more'><a data-id='13638' class='' href='https:\/\/goias.gov.br\/escoladegoverno\/oficina-desaprender-para-ir-alem\/'>SAIBA MAIS<\/a><\/span><\/div><\/div><\/div><\/div><div class=\"rt-col-md-4 rt-col-sm-6 rt-col-xs-12 even-grid-item rt-grid-item\" data-id=\"10506\"><div class=\"rt-holder\"><div class='rt-detail'><h3 class=\"entry-title\"><a data-id=\"10506\" class=\"\" href=\"https:\/\/goias.gov.br\/escoladegoverno\/oficina-pequilab-compreender-pessoas-para-inovar\/\">(Certifica\u00e7\u00e3o) Oficina PequiLab: Compreender Pessoas para Inovar<\/a><\/h3><div class='tpg-excerpt'>(Presencial) - Esta oficina trata sobre a import\u00e2ncia da Antropologia e do Design Thinking para compreender pessoas e suas realidades, e contribuir para a inova\u00e7\u00e3o de servi\u00e7os do Setor P\u00fablico.<\/div><div class='post-meta '><span class='read-more'><a data-id='10506' class='' href='https:\/\/goias.gov.br\/escoladegoverno\/oficina-pequilab-compreender-pessoas-para-inovar\/'>SAIBA MAIS<\/a><\/span><\/div><\/div><\/div><\/div><div class=\"rt-col-md-4 rt-col-sm-6 rt-col-xs-12 even-grid-item rt-grid-item\" data-id=\"6978\"><div class=\"rt-holder\"><div class='rt-detail'><h3 class=\"entry-title\"><a data-id=\"6978\" class=\"\" href=\"https:\/\/goias.gov.br\/escoladegoverno\/oficina-caminhos-da-criatividade\/\">Oficina PequiLab: Caminhos da Criatividade<\/a><\/h3><div class='post-meta-user  '><span class='post-tags-links'><a href=\"https:\/\/goias.gov.br\/escoladegoverno\/tags\/inscricoes-abertas\/\" rel=\"tag\">Inscri\u00e7\u00f5es Abertas<\/a><\/span><\/div><div class='tpg-excerpt'>(Presencial) - Tem por objetivo compreender os conceitos acerca da criatividade e sua rela\u00e7\u00e3o com a inova\u00e7\u00e3o. Permite aos integrantes desenvolver esta habilidade por meio de exerc\u00edcios pr\u00e1ticos.<\/div><div class='post-meta '><span class='read-more'><a data-id='6978' class='' href='https:\/\/goias.gov.br\/escoladegoverno\/oficina-caminhos-da-criatividade\/'>SAIBA MAIS<\/a><\/span><\/div><\/div><\/div><\/div><div class=\"rt-col-md-4 rt-col-sm-6 rt-col-xs-12 even-grid-item rt-grid-item\" data-id=\"10492\"><div class=\"rt-holder\"><div class='rt-detail'><h3 class=\"entry-title\"><a data-id=\"10492\" class=\"\" href=\"https:\/\/goias.gov.br\/escoladegoverno\/oficina-estrategias-para-diversidade-e-inclusao\/\">(Certifica\u00e7\u00e3o) Oficina Pequilab: Estrat\u00e9gias para Diversidade e Inclus\u00e3o<\/a><\/h3><div class='tpg-excerpt'>(Presencial) - Esta oficina explora alguns conceitos comuns no tema Diversidade e Inclus\u00e3o, e realiza estudo e prototipa\u00e7\u00e3o de solu\u00e7\u00f5es em pol\u00edticas p\u00fablicas.<\/div><div class='post-meta '><span class='read-more'><a data-id='10492' class='' href='https:\/\/goias.gov.br\/escoladegoverno\/oficina-estrategias-para-diversidade-e-inclusao\/'>SAIBA MAIS<\/a><\/span><\/div><\/div><\/div><\/div><div class=\"rt-col-md-4 rt-col-sm-6 rt-col-xs-12 even-grid-item rt-grid-item\" data-id=\"13442\"><div class=\"rt-holder\"><div class='rt-detail'><h3 class=\"entry-title\"><a data-id=\"13442\" class=\"\" href=\"https:\/\/goias.gov.br\/escoladegoverno\/trilha-mente-aberta\/\">Trilha: &#8220;Mente Aberta&#8221;<\/a><\/h3><div class='tpg-excerpt'>(Presencial) - Percurso de aprendizagem pensado para desenvolver mentalidade e perfil inovadores.  ao longo de oficinas e encontros tem\u00e1ticos.<\/div><div class='post-meta '><span class='read-more'><a data-id='13442' class='' href='https:\/\/goias.gov.br\/escoladegoverno\/trilha-mente-aberta\/'>SAIBA MAIS<\/a><\/span><\/div><\/div><\/div><\/div><div class=\"rt-col-md-4 rt-col-sm-6 rt-col-xs-12 even-grid-item rt-grid-item\" data-id=\"13434\"><div class=\"rt-holder\"><div class='rt-detail'><h3 class=\"entry-title\"><a data-id=\"13434\" class=\"\" href=\"https:\/\/goias.gov.br\/escoladegoverno\/oficina-pequilab-desafios-geracionais\/\">Oficina PequiLab: Desafios Geracionais<\/a><\/h3><div class='tpg-excerpt'>(Presencial) - A oficina visa capacitar os participantes para compreender e gerenciar as diferen\u00e7as geracionais, promovendo respeito, colabora\u00e7\u00e3o e sinergia no ambiente de trabalho e outros contextos.<\/div><div class='post-meta '><span class='read-more'><a data-id='13434' class='' href='https:\/\/goias.gov.br\/escoladegoverno\/oficina-pequilab-desafios-geracionais\/'>SAIBA MAIS<\/a><\/span><\/div><\/div><\/div><\/div><div class=\"rt-col-md-4 rt-col-sm-6 rt-col-xs-12 even-grid-item rt-grid-item\" data-id=\"14677\"><div class=\"rt-holder\"><div class='rt-detail'><h3 class=\"entry-title\"><a data-id=\"14677\" class=\"\" href=\"https:\/\/goias.gov.br\/escoladegoverno\/novidadeoficina-desafios-da-hiperconexao\/\">Oficina: Desafios da Hiperconex\u00e3o<\/a><\/h3><div class='tpg-excerpt'>(Presencial) - Equil\u00edbrio entre vida pessoal e profissional no uso de tecnologias, com foco em sa\u00fade mental, produtividade e desconex\u00e3o.<\/div><div class='post-meta '><span class='read-more'><a data-id='14677' class='' href='https:\/\/goias.gov.br\/escoladegoverno\/novidadeoficina-desafios-da-hiperconexao\/'>SAIBA MAIS<\/a><\/span><\/div><\/div><\/div><\/div><div class=\"rt-col-md-4 rt-col-sm-6 rt-col-xs-12 even-grid-item rt-grid-item\" data-id=\"13463\"><div class=\"rt-holder\"><div class='rt-detail'><h3 class=\"entry-title\"><a data-id=\"13463\" class=\"\" href=\"https:\/\/goias.gov.br\/escoladegoverno\/trilha-mente-leve\/\">Trilha &#8220;Mente Leve&#8221;<\/a><\/h3><div class='tpg-excerpt'>(Presencial) - Percurso de aprendizagem pensado para desenvolver mentalidade e perfil inovadores. ao longo de oficinas e encontros tem\u00e1ticos.<\/div><div class='post-meta '><span class='read-more'><a data-id='13463' class='' href='https:\/\/goias.gov.br\/escoladegoverno\/trilha-mente-leve\/'>SAIBA MAIS<\/a><\/span><\/div><\/div><\/div><\/div><div class=\"rt-col-md-4 rt-col-sm-6 rt-col-xs-12 even-grid-item rt-grid-item\" data-id=\"11642\"><div class=\"rt-holder\"><div class='rt-detail'><h3 class=\"entry-title\"><a data-id=\"11642\" class=\"\" href=\"https:\/\/goias.gov.br\/escoladegoverno\/desenvolvimento-pessoal-e-profissional-com-mbti\/\">Desenvolvimento Pessoal e Profissional com MBTI<\/a><\/h3><div class='tpg-excerpt'>(Presencial) - Oferecer uma compreens\u00e3o dos tipos psicol\u00f3gicos baseados no MBTI, e  sua aplica\u00e7\u00e3o no desenvolvimento pessoal e profissional.<\/div><div class='post-meta '><span class='read-more'><a data-id='11642' class='' href='https:\/\/goias.gov.br\/escoladegoverno\/desenvolvimento-pessoal-e-profissional-com-mbti\/'>SAIBA MAIS<\/a><\/span><\/div><\/div><\/div><\/div><div class=\"rt-col-md-4 rt-col-sm-6 rt-col-xs-12 even-grid-item rt-grid-item\" data-id=\"6976\"><div class=\"rt-holder\"><div class='rt-detail'><h3 class=\"entry-title\"><a data-id=\"6976\" class=\"\" href=\"https:\/\/goias.gov.br\/escoladegoverno\/oficina-odisseias-do-mundo-fani\/\">Oficina Pequilab: Odisseias do Mundo FANI (Fr\u00e1gil, Ansioso, N\u00e3o linear e Incompreens\u00edvel)<\/a><\/h3><div class='tpg-excerpt'>(Presencial) - Visa refletir e compreender o Mundo que est\u00e1 cada vez mais FANI, aprendendo a usar a aleatoriedade e as incertezas da melhor forma poss\u00edvel, protegendo nossa sa\u00fade mental.<\/div><div class='post-meta '><span class='read-more'><a data-id='6976' class='' href='https:\/\/goias.gov.br\/escoladegoverno\/oficina-odisseias-do-mundo-fani\/'>SAIBA MAIS<\/a><\/span><\/div><\/div><\/div><\/div><div class=\"rt-col-md-4 rt-col-sm-6 rt-col-xs-12 even-grid-item rt-grid-item\" data-id=\"15256\"><div class=\"rt-holder\"><div class='rt-detail'><h3 class=\"entry-title\"><a data-id=\"15256\" class=\"\" href=\"https:\/\/goias.gov.br\/escoladegoverno\/oficina-esg-no-servico-publico\/\">Oficina: ESG no Servi\u00e7o P\u00fablico<\/a><\/h3><div class='tpg-excerpt'>(Presencial) - A oficina apresenta os conceitos de ESG no servi\u00e7o p\u00fablico, mostra exemplos pr\u00e1ticos e guia a implementa\u00e7\u00e3o de forma integrada.<\/div><div class='post-meta '><span class='read-more'><a data-id='15256' class='' href='https:\/\/goias.gov.br\/escoladegoverno\/oficina-esg-no-servico-publico\/'>SAIBA MAIS<\/a><\/span><\/div><\/div><\/div><\/div><div class=\"rt-col-md-4 rt-col-sm-6 rt-col-xs-12 even-grid-item rt-grid-item\" data-id=\"15290\"><div class=\"rt-holder\"><div class='rt-detail'><h3 class=\"entry-title\"><a data-id=\"15290\" class=\"\" href=\"https:\/\/goias.gov.br\/escoladegoverno\/oficina-design-thinking\/\">Oficina: Design Thinking<\/a><\/h3><div class='tpg-excerpt'>(Presencial) - A oficina apresenta a abordagem Design Thinking como processo criativo e iterativo, estimulando novas solu\u00e7\u00f5es e mostrando ferramentas aplic\u00e1veis ao servi\u00e7o p\u00fablico.<\/div><div class='post-meta '><span class='read-more'><a data-id='15290' class='' href='https:\/\/goias.gov.br\/escoladegoverno\/oficina-design-thinking\/'>SAIBA MAIS<\/a><\/span><\/div><\/div><\/div><\/div><div class=\"rt-col-md-4 rt-col-sm-6 rt-col-xs-12 even-grid-item rt-grid-item\" data-id=\"13529\"><div class=\"rt-holder\"><div class='rt-detail'><h3 class=\"entry-title\"><a data-id=\"13529\" class=\"\" href=\"https:\/\/goias.gov.br\/escoladegoverno\/semear-leitura-executiva\/\">Semear | Leitura Executiva<\/a><\/h3><div class='tpg-excerpt'>Discutir conceitos dos textos selecionados, aprendendo com diferentes perspectivas e compartilhando impress\u00f5es para um aprendizado em grupo por meio da leitura comentada.<\/div><div class='post-meta '><span class='read-more'><a data-id='13529' class='' href='https:\/\/goias.gov.br\/escoladegoverno\/semear-leitura-executiva\/'>SAIBA MAIS<\/a><\/span><\/div><\/div><\/div><\/div><\/div><div class='rt-pagination-wrap' data-total-pages='2' data-posts-per-page='15' data-type='pagination'  ><div class=\"rt-pagination\" ><ul class=\"pagination-list\"><li class=\"active\"><span>1<\/span><\/li><li><a data-paged='2' href='https:\/\/goias.gov.br\/escoladegoverno\/wp-json\/wp\/v2\/pages\/10165\/page\/2\/'>2<\/a><\/li><\/ul><\/div><\/div><\/div>\n","protected":false},"excerpt":{"rendered":"","protected":false},"author":1,"featured_media":0,"parent":0,"menu_order":0,"comment_status":"closed","ping_status":"closed","template":"wppb_theme_template","meta":{"footnotes":""},"class_list":["post-10165","page","type-page","status-publish","hentry"],"rttpg_featured_image_url":null,"rttpg_author":{"display_name":"wagner.viana","author_link":"https:\/\/goias.gov.br\/escoladegoverno\/author\/wagner-viana\/"},"rttpg_comment":0,"rttpg_category":"","rttpg_excerpt":null,"_links":{"self":[{"href":"https:\/\/goias.gov.br\/escoladegoverno\/wp-json\/wp\/v2\/pages\/10165","targetHints":{"allow":["GET"]}}],"collection":[{"href":"https:\/\/goias.gov.br\/escoladegoverno\/wp-json\/wp\/v2\/pages"}],"about":[{"href":"https:\/\/goias.gov.br\/escoladegoverno\/wp-json\/wp\/v2\/types\/page"}],"author":[{"embeddable":true,"href":"https:\/\/goias.gov.br\/escoladegoverno\/wp-json\/wp\/v2\/users\/1"}],"replies":[{"embeddable":true,"href":"https:\/\/goias.gov.br\/escoladegoverno\/wp-json\/wp\/v2\/comments?post=10165"}],"version-history":[{"count":2,"href":"https:\/\/goias.gov.br\/escoladegoverno\/wp-json\/wp\/v2\/pages\/10165\/revisions"}],"predecessor-version":[{"id":10256,"href":"https:\/\/goias.gov.br\/escoladegoverno\/wp-json\/wp\/v2\/pages\/10165\/revisions\/10256"}],"wp:attachment":[{"href":"https:\/\/goias.gov.br\/escoladegoverno\/wp-json\/wp\/v2\/media?parent=10165"}],"curies":[{"name":"wp","href":"https:\/\/api.w.org\/{rel}","templated":true}]}}