
{"id":10161,"date":"2024-04-19T12:12:35","date_gmt":"2024-04-19T15:12:35","guid":{"rendered":"https:\/\/goias.gov.br\/escoladegoverno\/?page_id=10161"},"modified":"2024-10-07T09:58:04","modified_gmt":"2024-10-07T12:58:04","slug":"transformacao-inovacao-da-gestao-dos-servicos-publicos","status":"publish","type":"page","link":"https:\/\/goias.gov.br\/escoladegoverno\/transformacao-inovacao-da-gestao-dos-servicos-publicos\/","title":{"rendered":"Transforma\u00e7\u00e3o e Inova\u00e7\u00e3o da Gest\u00e3o e dos Servi\u00e7os P\u00fablicos"},"content":{"rendered":"<style type='text\/css' media='all'>#rt-tpg-container-3602175398 .rt-holder .rt-woo-info .price{color:#083c22;}body .rt-tpg-container .rt-tpg-isotope-buttons .selected,\n\t\t\t\t\t#rt-tpg-container-3602175398 .layout12 .rt-holder:hover .rt-detail,\n\t\t\t\t\t#rt-tpg-container-3602175398 .isotope8 .rt-holder:hover .rt-detail,\n\t\t\t\t\t#rt-tpg-container-3602175398 .carousel8 .rt-holder:hover .rt-detail,\n\t\t\t\t\t#rt-tpg-container-3602175398 .layout13 .rt-holder .overlay .post-info,\n\t\t\t\t\t#rt-tpg-container-3602175398 .isotope9 .rt-holder .overlay .post-info,\n\t\t\t\t\t#rt-tpg-container-3602175398.rt-tpg-container .layout4 .rt-holder .rt-detail,\n\t\t\t\t\t.rt-modal-3602175398 .md-content,\n\t\t\t\t\t.rt-modal-3602175398 .md-content > .rt-md-content-holder .rt-md-content,\n\t\t\t\t\t.rt-popup-wrap-3602175398.rt-popup-wrap .rt-popup-navigation-wrap,\n\t\t\t\t\t#rt-tpg-container-3602175398 .carousel9 .rt-holder .overlay .post-info{background-color:#083c22;}#rt-tpg-container-3602175398 .layout5 .rt-holder .overlay, #rt-tpg-container-3602175398 .isotope2 .rt-holder .overlay, #rt-tpg-container-3602175398 .carousel2 .rt-holder .overlay,#rt-tpg-container-3602175398 .layout15 .rt-holder h3, #rt-tpg-container-3602175398 .isotope11 .rt-holder h3, #rt-tpg-container-3602175398 .carousel11 .rt-holder h3, #rt-tpg-container-3602175398 .layout16 .rt-holder h3,\n\t\t\t\t\t#rt-tpg-container-3602175398 .isotope12 .rt-holder h3, #rt-tpg-container-3602175398 .carousel12 .rt-holder h3 {background-color:rgba(8,60,34,0.8);}#rt-tpg-container-3602175398 .pagination-list li a,\n\t\t\t\t\trt-tpg-container-3602175398 .pagination-list li span,\n\t\t\t\t\trt-tpg-container-3602175398 .pagination li a,\n\t\t\t\t\t#rt-tpg-container-3602175398 .rt-tpg-isotope-buttons button,\n\t\t\t\t\t#rt-tpg-container-3602175398 .rt-tpg-utility .rt-tpg-load-more button,\n\t\t\t\t\t#rt-tpg-container-3602175398.rt-tpg-container .swiper-navigation .slider-btn,\n\t\t\t\t\t#rt-tpg-container-3602175398.rt-tpg-container .swiper-pagination-bullet,\n\t\t\t\t\t#rt-tpg-container-3602175398 .wc1 .rt-holder .rt-img-holder .overlay .product-more ul li a,\n\t\t\t\t\t#rt-tpg-container-3602175398 .wc2 .rt-detail .rt-wc-add-to-cart,\n\t\t\t\t\t#rt-tpg-container-3602175398 .wc3 .rt-detail .rt-wc-add-to-cart,\n\t\t\t\t\t#rt-tpg-container-3602175398 .wc4 .rt-detail .rt-wc-add-to-cart,\n\t\t\t\t\t#rt-tpg-container-3602175398 .wc-carousel2 .rt-detail .rt-wc-add-to-cart,\n\t\t\t\t\t#rt-tpg-container-3602175398 .wc-isotope2 .rt-detail .rt-wc-add-to-cart,\n\t\t\t\t\t#rt-tpg-container-3602175398 .rt-layout-filter-container .rt-filter-wrap .rt-filter-item-wrap.rt-filter-dropdown-wrap .rt-filter-dropdown,\n\t\t\t\t\t#rt-tpg-container-3602175398 .rt-layout-filter-container .rt-filter-sub-tax.sub-button-group .rt-filter-button-item,\n\t\t\t\t\t#rt-tpg-container-3602175398.rt-tpg-container .rt-pagination-wrap .rt-page-numbers .paginationjs .paginationjs-pages ul li>a,\n\t\t\t\t\t#rt-tpg-container-3602175398 .rt-filter-item-wrap.rt-filter-button-wrap span.rt-filter-button-item,\n\t\t\t\t\t#rt-tpg-container-3602175398.rt-tpg-container .rt-pagination-wrap  .rt-loadmore-btn,\n\t\t\t\t\t#rt-tpg-container-3602175398.rt-tpg-container .rt-pagination-wrap .rt-cb-page-prev-next > *,\n\t\t\t\t\t#rt-tpg-container-3602175398 .rt-read-more,\n\t\t\t\t\t#rt-tooltip-3602175398, #rt-tooltip-3602175398 .rt-tooltip-bottom:after{background-color:#16336a;}#rt-tpg-container-3602175398 .rt-filter-item-wrap.rt-filter-button-wrap span.rt-filter-button-item,\n\t\t\t\t\t#rt-tpg-container-3602175398 .rt-layout-filter-container .rt-filter-sub-tax.sub-button-group .rt-filter-button-item{border-color:#16336a;}#rt-tpg-container-3602175398.rt-tpg-container .layout17 .rt-holder .overlay a.tpg-zoom .fa{color:#16336a;}#rt-tpg-container-3602175398 .rt-holder .read-more a {background-color:#16336a;padding: 8px 15px;}#rt-tpg-container-3602175398 .pagination-list li a:hover,\n\t\t\t\t\t#rt-tpg-container-3602175398 .pagination li a:hover,\n\t\t\t\t\t#rt-tpg-container-3602175398 .rt-tpg-isotope-buttons button:hover,\n\t\t\t\t\t#rt-tpg-container-3602175398 .rt-holder .read-more a:hover,\n\t\t\t\t\t#rt-tpg-container-3602175398 .rt-tpg-utility .rt-tpg-load-more button:hover,\n\t\t\t\t\t#rt-tpg-container-3602175398.rt-tpg-container .swiper-pagination-bullet:hover,\n\t\t\t\t\t#rt-tpg-container-3602175398.rt-tpg-container .swiper-navigation .slider-btn:hover,\n\t\t\t\t\t#rt-tpg-container-3602175398 .wc1 .rt-holder .rt-img-holder .overlay .product-more ul li a:hover,\n\t\t\t\t\t#rt-tpg-container-3602175398 .wc2 .rt-detail .rt-wc-add-to-cart:hover,\n\t\t\t\t\t#rt-tpg-container-3602175398 .wc3 .rt-detail .rt-wc-add-to-cart:hover,\n\t\t\t\t\t#rt-tpg-container-3602175398 .wc4 .rt-detail .rt-wc-add-to-cart:hover,\n\t\t\t\t\t#rt-tpg-container-3602175398 .wc-carousel2 .rt-detail .rt-wc-add-to-cart:hover,\n\t\t\t\t\t#rt-tpg-container-3602175398 .wc-isotope2 .rt-detail .rt-wc-add-to-cart:hover,\n\t\t\t\t\t#rt-tpg-container-3602175398 .rt-layout-filter-container .rt-filter-wrap .rt-filter-item-wrap.rt-filter-dropdown-wrap .rt-filter-dropdown .rt-filter-dropdown-item:hover,\n\t\t\t\t\t#rt-tpg-container-3602175398 .rt-layout-filter-container .rt-filter-wrap .rt-filter-item-wrap.rt-filter-dropdown-wrap .rt-filter-dropdown .rt-filter-dropdown-item.selected,\n\t\t\t\t\t#rt-tpg-container-3602175398 .rt-filter-item-wrap.rt-filter-button-wrap span.rt-filter-button-item:hover,\n\t\t\t\t\t#rt-tpg-container-3602175398 .rt-layout-filter-container .rt-filter-sub-tax.sub-button-group .rt-filter-button-item:hover,\n\t\t\t\t\t#rt-tpg-container-3602175398.rt-tpg-container .rt-pagination-wrap .rt-page-numbers .paginationjs .paginationjs-pages ul li>a:hover,\n\t\t\t\t\t#rt-tpg-container-3602175398.rt-tpg-container .rt-pagination-wrap .rt-cb-page-prev-next > *:hover,\n\t\t\t\t\t#rt-tpg-container-3602175398.rt-tpg-container .rt-pagination-wrap  .rt-loadmore-btn:hover,\n\t\t\t\t\t#rt-tpg-container-3602175398 .rt-read-more:hover,\n\t\t\t\t\t#rt-tpg-container-3602175398 .rt-tpg-utility .rt-tpg-load-more button:hover{background-color:#16336a;}#rt-tpg-container-3602175398 .rt-filter-item-wrap.rt-filter-button-wrap span.rt-filter-button-item:hover,\n\t\t\t\t\t\t#rt-tpg-container-3602175398 .rt-layout-filter-container .rt-filter-sub-tax.sub-button-group .rt-filter-button-item:hover,\n\t\t\t\t\t\t#rt-tpg-container-3602175398.rt-tpg-container .swiper-navigation .slider-btn:hover,\n\t\t\t\t\t\t#rt-tpg-container-3602175398.rt-tpg-container .rt-pagination-wrap .rt-page-numbers .paginationjs .paginationjs-pages ul li>a:hover{border-color:#16336a;}#rt-tpg-container-3602175398.rt-tpg-container .layout17 .rt-holder .overlay a.tpg-zoom:hover .fa{color:#16336a;}#rt-tpg-container-3602175398 .pagination-list li a,\n\t\t\t\t\t#rt-tpg-container-3602175398 .pagination li a,\n\t\t\t\t\t#rt-tpg-container-3602175398 .rt-tpg-isotope-buttons button,\n\t\t\t\t\t#rt-tpg-container-3602175398 .rt-holder .read-more a,\n\t\t\t\t\t#rt-tpg-container-3602175398 .rt-tpg-utility .rt-tpg-load-more button,\n\t\t\t\t\t#rt-tpg-container-3602175398.rt-tpg-container .swiper-navigation .slider-btn,\n\t\t\t\t\t#rt-tpg-container-3602175398 .wc1 .rt-holder .rt-img-holder .overlay .product-more ul li a,\n\t\t\t\t\t#rt-tpg-container-3602175398 .edd1 .rt-holder .rt-img-holder .overlay .product-more ul li a,\n\t\t\t\t\t#rt-tpg-container-3602175398 .wc2 .rt-detail .rt-wc-add-to-cart,\n\t\t\t\t\t#rt-tpg-container-3602175398 .wc3 .rt-detail .rt-wc-add-to-cart,\n\t\t\t\t\t#rt-tpg-container-3602175398 .edd2 .rt-detail .rt-wc-add-to-cart,\n\t\t\t\t\t#rt-tpg-container-3602175398 .wc4 .rt-detail .rt-wc-add-to-cart,\n\t\t\t\t\t#rt-tpg-container-3602175398 .edd3 .rt-detail .rt-wc-add-to-cart,\n\t\t\t\t\t#rt-tpg-container-3602175398 .wc-carousel2 .rt-detail .rt-wc-add-to-cart,\n\t\t\t\t\t#rt-tpg-container-3602175398 .wc-isotope2 .rt-detail .rt-wc-add-to-cart,\n\t\t\t\t\t#rt-tpg-container-3602175398 .rt-tpg-utility .rt-tpg-load-more button,\n\t\t\t\t\t#rt-tooltip-3602175398,\n\t\t\t\t\t#rt-tpg-container-3602175398 .rt-filter-item-wrap.rt-filter-button-wrap span.rt-filter-button-item,\n\t\t\t\t\t#rt-tpg-container-3602175398 .rt-layout-filter-container .rt-filter-sub-tax.sub-button-group .rt-filter-button-item,\n\t\t\t\t\t#rt-tpg-container-3602175398 .rt-layout-filter-container .rt-filter-wrap .rt-filter-item-wrap.rt-sort-order-action,\n\t\t\t\t\t#rt-tpg-container-3602175398 .rt-layout-filter-container .rt-filter-wrap .rt-filter-item-wrap.rt-filter-dropdown-wrap .rt-filter-dropdown .rt-filter-dropdown-item,\n\t\t\t\t\t#rt-tpg-container-3602175398.rt-tpg-container .rt-pagination-wrap .rt-page-numbers .paginationjs .paginationjs-pages ul li>a,\n\t\t\t\t\t#rt-tpg-container-3602175398.rt-tpg-container .rt-pagination-wrap .rt-cb-page-prev-next > *,\n\t\t\t\t\t#rt-tpg-container-3602175398.rt-tpg-container .rt-pagination-wrap  .rt-loadmore-btn,\n\t\t\t\t\t#rt-tpg-container-3602175398 .rt-read-more,\n\t\t\t\t\t#rt-tooltip-3602175398 .rt-tooltip-bottom:after{color:#ffffff;}#rt-tpg-container-3602175398 .rt-filter-item-wrap.rt-filter-button-wrap span.rt-filter-button-item:hover,\n\t\t\t\t\t#rt-tpg-container-3602175398 .rt-holder .read-more a:hover,\n\t\t\t\t\t#rt-tpg-container-3602175398.rt-tpg-container .swiper-navigation .slider-btn:hover,\n\t\t\t\t\t#rt-tpg-container-3602175398 .rt-layout-filter-container .rt-filter-sub-tax.sub-button-group .rt-filter-button-item:hover,\n\t\t\t\t\t#rt-tpg-container-3602175398 .rt-layout-filter-container .rt-filter-wrap .rt-filter-item-wrap.rt-filter-dropdown-wrap .rt-filter-dropdown .rt-filter-dropdown-item:hover,\n\t\t\t\t\t#rt-tpg-container-3602175398 .rt-layout-filter-container .rt-filter-wrap .rt-filter-item-wrap.rt-filter-dropdown-wrap .rt-filter-dropdown .rt-filter-dropdown-item.selected,\n\t\t\t\t\t#rt-tpg-container-3602175398 .rt-layout-filter-container .rt-filter-wrap .rt-filter-item-wrap.rt-sort-order-action:hover,\n\t\t\t\t\t#rt-tpg-container-3602175398.rt-tpg-container .rt-pagination-wrap .rt-page-numbers .paginationjs .paginationjs-pages ul li.active>a:hover,\n\t\t\t\t\t#rt-tpg-container-3602175398 .rt-filter-item-wrap.rt-filter-button-wrap span.rt-filter-button-item.selected,\n\t\t\t\t\t#rt-tpg-container-3602175398 .rt-layout-filter-container .rt-filter-wrap .rt-filter-item-wrap.rt-sort-order-action,\n\t\t\t\t\t#rt-tpg-container-3602175398.rt-tpg-container .rt-pagination-wrap  .rt-loadmore-btn:hover,\n\t\t\t\t\t#rt-tpg-container-3602175398 .rt-read-more:hover,\n\t\t\t\t\t#rt-tpg-container-3602175398.rt-tpg-container .rt-pagination-wrap .rt-page-numbers .paginationjs .paginationjs-pages ul li.active>a{color:#ffffff;}#rt-tpg-container-3602175398 .read-more a{border-radius:15px;}#rt-tpg-container-3602175398 .rt-img-holder img.rt-img-responsive,#rt-tpg-container-3602175398 .rt-img-holder,\n\t\t\t\t\t#rt-tpg-container-3602175398 .rt-post-overlay .post-img,\n\t\t\t\t\t#rt-tpg-container-3602175398 .post-sm .post-img,\n\t\t\t\t\t#rt-tpg-container-3602175398 .rt-post-grid .post-img,\n\t\t\t\t\t#rt-tpg-container-3602175398 .post-img img {border-radius:px;}<\/style><div class='rt-container-fluid rt-tpg-container tpg-shortcode-main-wrapper ' id='rt-tpg-container-3602175398'   data-layout='layout1' data-grid-style='even' data-desktop-col='3'  data-tab-col='2'  data-mobile-col='1' data-sc-id='10247'><div data-title='Loading ...' class='rt-row rt-content-loader   layout1 tpg-even '><div class=\"rt-col-md-4 rt-col-sm-6 rt-col-xs-12 even-grid-item rt-grid-item\" data-id=\"13654\"><div class=\"rt-holder\"><div class='rt-detail'><h3 class=\"entry-title\"><a data-id=\"13654\" class=\"\" href=\"https:\/\/goias.gov.br\/escoladegoverno\/solucoes-criativas-para-problemas-publicos-com-uso-de-ia-na-pratica\/\">Solu\u00e7\u00f5es Criativas para Problemas P\u00fablicos com uso de IA na pr\u00e1tica<\/a><\/h3><div class='post-meta-user  '><span class='post-tags-links'><a href=\"https:\/\/goias.gov.br\/escoladegoverno\/tags\/inscricoes-abertas\/\" rel=\"tag\">Inscri\u00e7\u00f5es Abertas<\/a><\/span><\/div><div class='tpg-excerpt'>(Presencial) \u2013 Capacitar servidores para aplicar IA na solu\u00e7\u00e3o de problemas p\u00fablicos, incentivando inova\u00e7\u00e3o e colabora\u00e7\u00e3o na gest\u00e3o p\u00fablica.<\/div><div class='post-meta '><span class='read-more'><a data-id='13654' class='' href='https:\/\/goias.gov.br\/escoladegoverno\/solucoes-criativas-para-problemas-publicos-com-uso-de-ia-na-pratica\/'>SAIBA MAIS<\/a><\/span><\/div><\/div><\/div><\/div><div class=\"rt-col-md-4 rt-col-sm-6 rt-col-xs-12 even-grid-item rt-grid-item\" data-id=\"7591\"><div class=\"rt-holder\"><div class='rt-detail'><h3 class=\"entry-title\"><a data-id=\"7591\" class=\"\" href=\"https:\/\/goias.gov.br\/escoladegoverno\/transformacao-publica-conectando-governo-e-pessoas\/\">Transforma\u00e7\u00e3o P\u00fablica &#8211; Conectando Governo e Pessoas<\/a><\/h3><div class='tpg-excerpt'>(Presencial) \u2013 Este curso visa apresentar dinamicamente a estrutura e processos da administra\u00e7\u00e3o p\u00fablica, abordando fundamentos de organiza\u00e7\u00e3o administrativa, processos de neg\u00f3cios e gest\u00e3o de servi\u00e7os.<\/div><div class='post-meta '><span class='read-more'><a data-id='7591' class='' href='https:\/\/goias.gov.br\/escoladegoverno\/transformacao-publica-conectando-governo-e-pessoas\/'>SAIBA MAIS<\/a><\/span><\/div><\/div><\/div><\/div><div class=\"rt-col-md-4 rt-col-sm-6 rt-col-xs-12 even-grid-item rt-grid-item\" data-id=\"13366\"><div class=\"rt-holder\"><div class='rt-detail'><h3 class=\"entry-title\"><a data-id=\"13366\" class=\"\" href=\"https:\/\/goias.gov.br\/escoladegoverno\/design-sprint-para-inovacao-no-setor-publico\/\">Design Sprint para Inova\u00e7\u00e3o no Setor P\u00fablico<\/a><\/h3><div class='tpg-excerpt'>(Presencial) \u2013 O curso capacita servidores a usar o Design Sprint para criar solu\u00e7\u00f5es inovadoras rapidamente, promovendo uma cultura de inova\u00e7\u00e3o e melhoria cont\u00ednua na gest\u00e3o p\u00fablica.<\/div><div class='post-meta '><span class='read-more'><a data-id='13366' class='' href='https:\/\/goias.gov.br\/escoladegoverno\/design-sprint-para-inovacao-no-setor-publico\/'>SAIBA MAIS<\/a><\/span><\/div><\/div><\/div><\/div><div class=\"rt-col-md-4 rt-col-sm-6 rt-col-xs-12 even-grid-item rt-grid-item\" data-id=\"13596\"><div class=\"rt-holder\"><div class='rt-detail'><h3 class=\"entry-title\"><a data-id=\"13596\" class=\"\" href=\"https:\/\/goias.gov.br\/escoladegoverno\/gestao-da-mudanca-como-impulsionar-a-inovacao-e-a-transformacao-publica\/\">Gest\u00e3o da Mudan\u00e7a: Como impulsionar a inova\u00e7\u00e3o e a transforma\u00e7\u00e3o p\u00fablica<\/a><\/h3><div class='tpg-excerpt'>(Presencial) \u2013 Capacitar participantes em Gest\u00e3o da Mudan\u00e7a, focando na integra\u00e7\u00e3o de inova\u00e7\u00f5es e transi\u00e7\u00f5es eficazes para aprimorar a gest\u00e3o e os servi\u00e7os p\u00fablicos.<\/div><div class='post-meta '><span class='read-more'><a data-id='13596' class='' href='https:\/\/goias.gov.br\/escoladegoverno\/gestao-da-mudanca-como-impulsionar-a-inovacao-e-a-transformacao-publica\/'>SAIBA MAIS<\/a><\/span><\/div><\/div><\/div><\/div><div class=\"rt-col-md-4 rt-col-sm-6 rt-col-xs-12 even-grid-item rt-grid-item\" data-id=\"13588\"><div class=\"rt-holder\"><div class='rt-detail'><h3 class=\"entry-title\"><a data-id=\"13588\" class=\"\" href=\"https:\/\/goias.gov.br\/escoladegoverno\/carta-de-servicos-planejamento-entrega-e-gestao-de-servicos-publicos-centrados-no-cidadao\/\">Carta de Servi\u00e7os: Planejamento, Entrega e Gest\u00e3o de Servi\u00e7os P\u00fablicos Centrados no Cidad\u00e3o<\/a><\/h3><div class='tpg-excerpt'>(Presencial) \u2013 Capacita\u00e7\u00e3o para implementar e gerenciar a Carta de Servi\u00e7os no Expresso, assegurando conformidade legal e aprimorando a experi\u00eancia do cidad\u00e3o.<\/div><div class='post-meta '><span class='read-more'><a data-id='13588' class='' href='https:\/\/goias.gov.br\/escoladegoverno\/carta-de-servicos-planejamento-entrega-e-gestao-de-servicos-publicos-centrados-no-cidadao\/'>SAIBA MAIS<\/a><\/span><\/div><\/div><\/div><\/div><div class=\"rt-col-md-4 rt-col-sm-6 rt-col-xs-12 even-grid-item rt-grid-item\" data-id=\"13775\"><div class=\"rt-holder\"><div class='rt-detail'><h3 class=\"entry-title\"><a data-id=\"13775\" class=\"\" href=\"https:\/\/goias.gov.br\/escoladegoverno\/design-de-servicos-publicos-na-pratica\/\">Design de Servi\u00e7os P\u00fablicos na Pr\u00e1tica<\/a><\/h3><div class='tpg-excerpt'>(Presencial) \u2013 Capacitar servidores para transformar servi\u00e7os p\u00fablicos com Design de Servi\u00e7os e abordagens centradas no usu\u00e1rio, identificando oportunidades e melhorando a experi\u00eancia do cidad\u00e3o.<\/div><div class='post-meta '><span class='read-more'><a data-id='13775' class='' href='https:\/\/goias.gov.br\/escoladegoverno\/design-de-servicos-publicos-na-pratica\/'>SAIBA MAIS<\/a><\/span><\/div><\/div><\/div><\/div><div class=\"rt-col-md-4 rt-col-sm-6 rt-col-xs-12 even-grid-item rt-grid-item\" data-id=\"13324\"><div class=\"rt-holder\"><div class='rt-detail'><h3 class=\"entry-title\"><a data-id=\"13324\" class=\"\" href=\"https:\/\/goias.gov.br\/escoladegoverno\/design-thinking-para-inovacao-no-setor-publico-2\/\">Design Thinking para Inova\u00e7\u00e3o no Setor P\u00fablico<\/a><\/h3><div class='tpg-excerpt'>(Presencial) \u2013 Apresentar abordagem de inova\u00e7\u00e3o voltada \u00e0 solu\u00e7\u00e3o de problemas complexos (wicked problems), altera\u00e7\u00f5es de produtos, servi\u00e7os e processos inerentes ao setor p\u00fablico, com foco no cidad\u00e3o.<\/div><div class='post-meta '><span class='read-more'><a data-id='13324' class='' href='https:\/\/goias.gov.br\/escoladegoverno\/design-thinking-para-inovacao-no-setor-publico-2\/'>SAIBA MAIS<\/a><\/span><\/div><\/div><\/div><\/div><div class=\"rt-col-md-4 rt-col-sm-6 rt-col-xs-12 even-grid-item rt-grid-item\" data-id=\"11714\"><div class=\"rt-holder\"><div class='rt-detail'><h3 class=\"entry-title\"><a data-id=\"11714\" class=\"\" href=\"https:\/\/goias.gov.br\/escoladegoverno\/inteligencia-artificial-e-ferramentas-generativas\/\">Intelig\u00eancia Artificial e Ferramentas Generativas<\/a><\/h3><div class='post-meta-user  '><span class='post-tags-links'><a href=\"https:\/\/goias.gov.br\/escoladegoverno\/tags\/sempre-abertas\/\" rel=\"tag\">Sempre Abertas<\/a><\/span><\/div><div class='tpg-excerpt'>(EaD Ass\u00edncrono) \u2013 O objetivo do curso \u00e9 capacitar servidores p\u00fablicos estaduais em Intelig\u00eancia Artificial e Ferramentas Generativas, visando otimizar processos, melhorar a efici\u00eancia e fomentar a inova\u00e7\u00e3o.<\/div><div class='post-meta '><span class='read-more'><a data-id='11714' class='' href='https:\/\/goias.gov.br\/escoladegoverno\/inteligencia-artificial-e-ferramentas-generativas\/'>SAIBA MAIS<\/a><\/span><\/div><\/div><\/div><\/div><\/div><\/div>\n\n\n\n<p><\/p>\n","protected":false},"excerpt":{"rendered":"","protected":false},"author":1,"featured_media":0,"parent":0,"menu_order":0,"comment_status":"closed","ping_status":"closed","template":"wppb_theme_template","meta":{"footnotes":""},"class_list":["post-10161","page","type-page","status-publish","hentry"],"rttpg_featured_image_url":null,"rttpg_author":{"display_name":"wagner.viana","author_link":"https:\/\/goias.gov.br\/escoladegoverno\/author\/wagner-viana\/"},"rttpg_comment":0,"rttpg_category":"","rttpg_excerpt":null,"_links":{"self":[{"href":"https:\/\/goias.gov.br\/escoladegoverno\/wp-json\/wp\/v2\/pages\/10161","targetHints":{"allow":["GET"]}}],"collection":[{"href":"https:\/\/goias.gov.br\/escoladegoverno\/wp-json\/wp\/v2\/pages"}],"about":[{"href":"https:\/\/goias.gov.br\/escoladegoverno\/wp-json\/wp\/v2\/types\/page"}],"author":[{"embeddable":true,"href":"https:\/\/goias.gov.br\/escoladegoverno\/wp-json\/wp\/v2\/users\/1"}],"replies":[{"embeddable":true,"href":"https:\/\/goias.gov.br\/escoladegoverno\/wp-json\/wp\/v2\/comments?post=10161"}],"version-history":[{"count":1,"href":"https:\/\/goias.gov.br\/escoladegoverno\/wp-json\/wp\/v2\/pages\/10161\/revisions"}],"predecessor-version":[{"id":12716,"href":"https:\/\/goias.gov.br\/escoladegoverno\/wp-json\/wp\/v2\/pages\/10161\/revisions\/12716"}],"wp:attachment":[{"href":"https:\/\/goias.gov.br\/escoladegoverno\/wp-json\/wp\/v2\/media?parent=10161"}],"curies":[{"name":"wp","href":"https:\/\/api.w.org\/{rel}","templated":true}]}}