
{"id":10153,"date":"2024-04-19T12:09:18","date_gmt":"2024-04-19T15:09:18","guid":{"rendered":"https:\/\/goias.gov.br\/escoladegoverno\/?page_id=10153"},"modified":"2024-04-22T08:38:26","modified_gmt":"2024-04-22T11:38:26","slug":"gestao-basica","status":"publish","type":"page","link":"https:\/\/goias.gov.br\/escoladegoverno\/gestao-basica\/","title":{"rendered":"Gest\u00e3o B\u00e1sica"},"content":{"rendered":"<style type='text\/css' media='all'>#rt-tpg-container-885238109 .rt-holder .rt-woo-info .price{color:#083c22;}body .rt-tpg-container .rt-tpg-isotope-buttons .selected,\n\t\t\t\t\t#rt-tpg-container-885238109 .layout12 .rt-holder:hover .rt-detail,\n\t\t\t\t\t#rt-tpg-container-885238109 .isotope8 .rt-holder:hover .rt-detail,\n\t\t\t\t\t#rt-tpg-container-885238109 .carousel8 .rt-holder:hover .rt-detail,\n\t\t\t\t\t#rt-tpg-container-885238109 .layout13 .rt-holder .overlay .post-info,\n\t\t\t\t\t#rt-tpg-container-885238109 .isotope9 .rt-holder .overlay .post-info,\n\t\t\t\t\t#rt-tpg-container-885238109.rt-tpg-container .layout4 .rt-holder .rt-detail,\n\t\t\t\t\t.rt-modal-885238109 .md-content,\n\t\t\t\t\t.rt-modal-885238109 .md-content > .rt-md-content-holder .rt-md-content,\n\t\t\t\t\t.rt-popup-wrap-885238109.rt-popup-wrap .rt-popup-navigation-wrap,\n\t\t\t\t\t#rt-tpg-container-885238109 .carousel9 .rt-holder .overlay .post-info{background-color:#083c22;}#rt-tpg-container-885238109 .layout5 .rt-holder .overlay, #rt-tpg-container-885238109 .isotope2 .rt-holder .overlay, #rt-tpg-container-885238109 .carousel2 .rt-holder .overlay,#rt-tpg-container-885238109 .layout15 .rt-holder h3, #rt-tpg-container-885238109 .isotope11 .rt-holder h3, #rt-tpg-container-885238109 .carousel11 .rt-holder h3, #rt-tpg-container-885238109 .layout16 .rt-holder h3,\n\t\t\t\t\t#rt-tpg-container-885238109 .isotope12 .rt-holder h3, #rt-tpg-container-885238109 .carousel12 .rt-holder h3 {background-color:rgba(8,60,34,0.8);}#rt-tpg-container-885238109 .pagination-list li a,\n\t\t\t\t\trt-tpg-container-885238109 .pagination-list li span,\n\t\t\t\t\trt-tpg-container-885238109 .pagination li a,\n\t\t\t\t\t#rt-tpg-container-885238109 .rt-tpg-isotope-buttons button,\n\t\t\t\t\t#rt-tpg-container-885238109 .rt-tpg-utility .rt-tpg-load-more button,\n\t\t\t\t\t#rt-tpg-container-885238109.rt-tpg-container .swiper-navigation .slider-btn,\n\t\t\t\t\t#rt-tpg-container-885238109.rt-tpg-container .swiper-pagination-bullet,\n\t\t\t\t\t#rt-tpg-container-885238109 .wc1 .rt-holder .rt-img-holder .overlay .product-more ul li a,\n\t\t\t\t\t#rt-tpg-container-885238109 .wc2 .rt-detail .rt-wc-add-to-cart,\n\t\t\t\t\t#rt-tpg-container-885238109 .wc3 .rt-detail .rt-wc-add-to-cart,\n\t\t\t\t\t#rt-tpg-container-885238109 .wc4 .rt-detail .rt-wc-add-to-cart,\n\t\t\t\t\t#rt-tpg-container-885238109 .wc-carousel2 .rt-detail .rt-wc-add-to-cart,\n\t\t\t\t\t#rt-tpg-container-885238109 .wc-isotope2 .rt-detail .rt-wc-add-to-cart,\n\t\t\t\t\t#rt-tpg-container-885238109 .rt-layout-filter-container .rt-filter-wrap .rt-filter-item-wrap.rt-filter-dropdown-wrap .rt-filter-dropdown,\n\t\t\t\t\t#rt-tpg-container-885238109 .rt-layout-filter-container .rt-filter-sub-tax.sub-button-group .rt-filter-button-item,\n\t\t\t\t\t#rt-tpg-container-885238109.rt-tpg-container .rt-pagination-wrap .rt-page-numbers .paginationjs .paginationjs-pages ul li>a,\n\t\t\t\t\t#rt-tpg-container-885238109 .rt-filter-item-wrap.rt-filter-button-wrap span.rt-filter-button-item,\n\t\t\t\t\t#rt-tpg-container-885238109.rt-tpg-container .rt-pagination-wrap  .rt-loadmore-btn,\n\t\t\t\t\t#rt-tpg-container-885238109.rt-tpg-container .rt-pagination-wrap .rt-cb-page-prev-next > *,\n\t\t\t\t\t#rt-tpg-container-885238109 .rt-read-more,\n\t\t\t\t\t#rt-tooltip-885238109, #rt-tooltip-885238109 .rt-tooltip-bottom:after{background-color:#16336a;}#rt-tpg-container-885238109 .rt-filter-item-wrap.rt-filter-button-wrap span.rt-filter-button-item,\n\t\t\t\t\t#rt-tpg-container-885238109 .rt-layout-filter-container .rt-filter-sub-tax.sub-button-group .rt-filter-button-item{border-color:#16336a;}#rt-tpg-container-885238109.rt-tpg-container .layout17 .rt-holder .overlay a.tpg-zoom .fa{color:#16336a;}#rt-tpg-container-885238109 .rt-holder .read-more a {background-color:#16336a;padding: 8px 15px;}#rt-tpg-container-885238109 .pagination-list li a:hover,\n\t\t\t\t\t#rt-tpg-container-885238109 .pagination li a:hover,\n\t\t\t\t\t#rt-tpg-container-885238109 .rt-tpg-isotope-buttons button:hover,\n\t\t\t\t\t#rt-tpg-container-885238109 .rt-holder .read-more a:hover,\n\t\t\t\t\t#rt-tpg-container-885238109 .rt-tpg-utility .rt-tpg-load-more button:hover,\n\t\t\t\t\t#rt-tpg-container-885238109.rt-tpg-container .swiper-pagination-bullet:hover,\n\t\t\t\t\t#rt-tpg-container-885238109.rt-tpg-container .swiper-navigation .slider-btn:hover,\n\t\t\t\t\t#rt-tpg-container-885238109 .wc1 .rt-holder .rt-img-holder .overlay .product-more ul li a:hover,\n\t\t\t\t\t#rt-tpg-container-885238109 .wc2 .rt-detail .rt-wc-add-to-cart:hover,\n\t\t\t\t\t#rt-tpg-container-885238109 .wc3 .rt-detail .rt-wc-add-to-cart:hover,\n\t\t\t\t\t#rt-tpg-container-885238109 .wc4 .rt-detail .rt-wc-add-to-cart:hover,\n\t\t\t\t\t#rt-tpg-container-885238109 .wc-carousel2 .rt-detail .rt-wc-add-to-cart:hover,\n\t\t\t\t\t#rt-tpg-container-885238109 .wc-isotope2 .rt-detail .rt-wc-add-to-cart:hover,\n\t\t\t\t\t#rt-tpg-container-885238109 .rt-layout-filter-container .rt-filter-wrap .rt-filter-item-wrap.rt-filter-dropdown-wrap .rt-filter-dropdown .rt-filter-dropdown-item:hover,\n\t\t\t\t\t#rt-tpg-container-885238109 .rt-layout-filter-container .rt-filter-wrap .rt-filter-item-wrap.rt-filter-dropdown-wrap .rt-filter-dropdown .rt-filter-dropdown-item.selected,\n\t\t\t\t\t#rt-tpg-container-885238109 .rt-filter-item-wrap.rt-filter-button-wrap span.rt-filter-button-item:hover,\n\t\t\t\t\t#rt-tpg-container-885238109 .rt-layout-filter-container .rt-filter-sub-tax.sub-button-group .rt-filter-button-item:hover,\n\t\t\t\t\t#rt-tpg-container-885238109.rt-tpg-container .rt-pagination-wrap .rt-page-numbers .paginationjs .paginationjs-pages ul li>a:hover,\n\t\t\t\t\t#rt-tpg-container-885238109.rt-tpg-container .rt-pagination-wrap .rt-cb-page-prev-next > *:hover,\n\t\t\t\t\t#rt-tpg-container-885238109.rt-tpg-container .rt-pagination-wrap  .rt-loadmore-btn:hover,\n\t\t\t\t\t#rt-tpg-container-885238109 .rt-read-more:hover,\n\t\t\t\t\t#rt-tpg-container-885238109 .rt-tpg-utility .rt-tpg-load-more button:hover{background-color:#16336a;}#rt-tpg-container-885238109 .rt-filter-item-wrap.rt-filter-button-wrap span.rt-filter-button-item:hover,\n\t\t\t\t\t\t#rt-tpg-container-885238109 .rt-layout-filter-container .rt-filter-sub-tax.sub-button-group .rt-filter-button-item:hover,\n\t\t\t\t\t\t#rt-tpg-container-885238109.rt-tpg-container .swiper-navigation .slider-btn:hover,\n\t\t\t\t\t\t#rt-tpg-container-885238109.rt-tpg-container .rt-pagination-wrap .rt-page-numbers .paginationjs .paginationjs-pages ul li>a:hover{border-color:#16336a;}#rt-tpg-container-885238109.rt-tpg-container .layout17 .rt-holder .overlay a.tpg-zoom:hover .fa{color:#16336a;}#rt-tpg-container-885238109 .pagination-list li a,\n\t\t\t\t\t#rt-tpg-container-885238109 .pagination li a,\n\t\t\t\t\t#rt-tpg-container-885238109 .rt-tpg-isotope-buttons button,\n\t\t\t\t\t#rt-tpg-container-885238109 .rt-holder .read-more a,\n\t\t\t\t\t#rt-tpg-container-885238109 .rt-tpg-utility .rt-tpg-load-more button,\n\t\t\t\t\t#rt-tpg-container-885238109.rt-tpg-container .swiper-navigation .slider-btn,\n\t\t\t\t\t#rt-tpg-container-885238109 .wc1 .rt-holder .rt-img-holder .overlay .product-more ul li a,\n\t\t\t\t\t#rt-tpg-container-885238109 .edd1 .rt-holder .rt-img-holder .overlay .product-more ul li a,\n\t\t\t\t\t#rt-tpg-container-885238109 .wc2 .rt-detail .rt-wc-add-to-cart,\n\t\t\t\t\t#rt-tpg-container-885238109 .wc3 .rt-detail .rt-wc-add-to-cart,\n\t\t\t\t\t#rt-tpg-container-885238109 .edd2 .rt-detail .rt-wc-add-to-cart,\n\t\t\t\t\t#rt-tpg-container-885238109 .wc4 .rt-detail .rt-wc-add-to-cart,\n\t\t\t\t\t#rt-tpg-container-885238109 .edd3 .rt-detail .rt-wc-add-to-cart,\n\t\t\t\t\t#rt-tpg-container-885238109 .wc-carousel2 .rt-detail .rt-wc-add-to-cart,\n\t\t\t\t\t#rt-tpg-container-885238109 .wc-isotope2 .rt-detail .rt-wc-add-to-cart,\n\t\t\t\t\t#rt-tpg-container-885238109 .rt-tpg-utility .rt-tpg-load-more button,\n\t\t\t\t\t#rt-tooltip-885238109,\n\t\t\t\t\t#rt-tpg-container-885238109 .rt-filter-item-wrap.rt-filter-button-wrap span.rt-filter-button-item,\n\t\t\t\t\t#rt-tpg-container-885238109 .rt-layout-filter-container .rt-filter-sub-tax.sub-button-group .rt-filter-button-item,\n\t\t\t\t\t#rt-tpg-container-885238109 .rt-layout-filter-container .rt-filter-wrap .rt-filter-item-wrap.rt-sort-order-action,\n\t\t\t\t\t#rt-tpg-container-885238109 .rt-layout-filter-container .rt-filter-wrap .rt-filter-item-wrap.rt-filter-dropdown-wrap .rt-filter-dropdown .rt-filter-dropdown-item,\n\t\t\t\t\t#rt-tpg-container-885238109.rt-tpg-container .rt-pagination-wrap .rt-page-numbers .paginationjs .paginationjs-pages ul li>a,\n\t\t\t\t\t#rt-tpg-container-885238109.rt-tpg-container .rt-pagination-wrap .rt-cb-page-prev-next > *,\n\t\t\t\t\t#rt-tpg-container-885238109.rt-tpg-container .rt-pagination-wrap  .rt-loadmore-btn,\n\t\t\t\t\t#rt-tpg-container-885238109 .rt-read-more,\n\t\t\t\t\t#rt-tooltip-885238109 .rt-tooltip-bottom:after{color:#ffffff;}#rt-tpg-container-885238109 .rt-filter-item-wrap.rt-filter-button-wrap span.rt-filter-button-item:hover,\n\t\t\t\t\t#rt-tpg-container-885238109 .rt-holder .read-more a:hover,\n\t\t\t\t\t#rt-tpg-container-885238109.rt-tpg-container .swiper-navigation .slider-btn:hover,\n\t\t\t\t\t#rt-tpg-container-885238109 .rt-layout-filter-container .rt-filter-sub-tax.sub-button-group .rt-filter-button-item:hover,\n\t\t\t\t\t#rt-tpg-container-885238109 .rt-layout-filter-container .rt-filter-wrap .rt-filter-item-wrap.rt-filter-dropdown-wrap .rt-filter-dropdown .rt-filter-dropdown-item:hover,\n\t\t\t\t\t#rt-tpg-container-885238109 .rt-layout-filter-container .rt-filter-wrap .rt-filter-item-wrap.rt-filter-dropdown-wrap .rt-filter-dropdown .rt-filter-dropdown-item.selected,\n\t\t\t\t\t#rt-tpg-container-885238109 .rt-layout-filter-container .rt-filter-wrap .rt-filter-item-wrap.rt-sort-order-action:hover,\n\t\t\t\t\t#rt-tpg-container-885238109.rt-tpg-container .rt-pagination-wrap .rt-page-numbers .paginationjs .paginationjs-pages ul li.active>a:hover,\n\t\t\t\t\t#rt-tpg-container-885238109 .rt-filter-item-wrap.rt-filter-button-wrap span.rt-filter-button-item.selected,\n\t\t\t\t\t#rt-tpg-container-885238109 .rt-layout-filter-container .rt-filter-wrap .rt-filter-item-wrap.rt-sort-order-action,\n\t\t\t\t\t#rt-tpg-container-885238109.rt-tpg-container .rt-pagination-wrap  .rt-loadmore-btn:hover,\n\t\t\t\t\t#rt-tpg-container-885238109 .rt-read-more:hover,\n\t\t\t\t\t#rt-tpg-container-885238109.rt-tpg-container .rt-pagination-wrap .rt-page-numbers .paginationjs .paginationjs-pages ul li.active>a{color:#ffffff;}#rt-tpg-container-885238109 .read-more a{border-radius:15px;}#rt-tpg-container-885238109 .rt-img-holder img.rt-img-responsive,#rt-tpg-container-885238109 .rt-img-holder,\n\t\t\t\t\t#rt-tpg-container-885238109 .rt-post-overlay .post-img,\n\t\t\t\t\t#rt-tpg-container-885238109 .post-sm .post-img,\n\t\t\t\t\t#rt-tpg-container-885238109 .rt-post-grid .post-img,\n\t\t\t\t\t#rt-tpg-container-885238109 .post-img img {border-radius:px;}<\/style><div class='rt-container-fluid rt-tpg-container tpg-shortcode-main-wrapper ' id='rt-tpg-container-885238109'   data-layout='layout1' data-grid-style='even' data-desktop-col='3'  data-tab-col='2'  data-mobile-col='1' data-sc-id='10237'><div data-title='Loading ...' class='rt-row rt-content-loader   layout1 tpg-even '><div class=\"rt-col-md-4 rt-col-sm-6 rt-col-xs-12 even-grid-item rt-grid-item\" data-id=\"15714\"><div class=\"rt-holder\"><div class='rt-detail'><h3 class=\"entry-title\"><a data-id=\"15714\" class=\"\" href=\"https:\/\/goias.gov.br\/escoladegoverno\/ingles-instrumental-2\/\" target='_blank'>Ingl\u00eas Instrumental<\/a><\/h3><div class='post-meta-user  '><span class='post-tags-links'><a href=\"https:\/\/goias.gov.br\/escoladegoverno\/tags\/sempre-abertas\/\" rel=\"tag\">Sempre Abertas<\/a><\/span><\/div><div class='tpg-excerpt'>(EaD Ass\u00edncrono) \u2013 Desenvolver leitura e interpreta\u00e7\u00e3o de textos em ingl\u00eas para contextos acad\u00eamicos e profissionais.<\/div><div class='post-meta '><span class='read-more'><a data-id='15714' class='' href='https:\/\/goias.gov.br\/escoladegoverno\/ingles-instrumental-2\/' target='_blank'>SAIBA MAIS<\/a><\/span><\/div><\/div><\/div><\/div><div class=\"rt-col-md-4 rt-col-sm-6 rt-col-xs-12 even-grid-item rt-grid-item\" data-id=\"4881\"><div class=\"rt-holder\"><div class='rt-detail'><h3 class=\"entry-title\"><a data-id=\"4881\" class=\"\" href=\"https:\/\/goias.gov.br\/escoladegoverno\/gestao-de-estoque\/\" target='_blank'>Fundamentos da Gest\u00e3o de Estoques no Setor P\u00fablico II &#8211; Planejamento dos Estoques<\/a><\/h3><div class='tpg-excerpt'>(Presencial) \u2013 Este curso visa apresentar conceitos, aplica\u00e7\u00f5es, t\u00e9cnicas e pr\u00e1ticas fundamentais da gest\u00e3o de estoque.<\/div><div class='post-meta '><span class='read-more'><a data-id='4881' class='' href='https:\/\/goias.gov.br\/escoladegoverno\/gestao-de-estoque\/' target='_blank'>SAIBA MAIS<\/a><\/span><\/div><\/div><\/div><\/div><div class=\"rt-col-md-4 rt-col-sm-6 rt-col-xs-12 even-grid-item rt-grid-item\" data-id=\"15366\"><div class=\"rt-holder\"><div class='rt-detail'><h3 class=\"entry-title\"><a data-id=\"15366\" class=\"\" href=\"https:\/\/goias.gov.br\/escoladegoverno\/cipa-comissao-interna-de-prevencao-de-acidentes-e-assedio-modulo-presencial\/\" target='_blank'>Cipa &#8211; Comiss\u00e3o Interna de Preven\u00e7\u00e3o de Acidentes e Ass\u00e9dio &#8211; Modulo Presencial<\/a><\/h3><div class='tpg-excerpt'>(Presencial) \u2013 Capacitar integrantes da CIPA para compreender as rela\u00e7\u00f5es entre homem e trabalho, promovendo melhorias nas condi\u00e7\u00f5es ambientais e prevenindo acidentes e doen\u00e7as ocupacionais.<\/div><div class='post-meta '><span class='read-more'><a data-id='15366' class='' href='https:\/\/goias.gov.br\/escoladegoverno\/cipa-comissao-interna-de-prevencao-de-acidentes-e-assedio-modulo-presencial\/' target='_blank'>SAIBA MAIS<\/a><\/span><\/div><\/div><\/div><\/div><div class=\"rt-col-md-4 rt-col-sm-6 rt-col-xs-12 even-grid-item rt-grid-item\" data-id=\"6096\"><div class=\"rt-holder\"><div class='rt-detail'><h3 class=\"entry-title\"><a data-id=\"6096\" class=\"\" href=\"https:\/\/goias.gov.br\/escoladegoverno\/reavaliacao-e-depreciacao-de-bens-patrimoniais-moveis-2\/\" target='_blank'>Fundamentos da Gest\u00e3o de Estoques no Setor P\u00fablico I &#8211; Gest\u00e3o de Almoxarifado<\/a><\/h3><div class='tpg-excerpt'>(Presencial) \u2013 Este curso visa entender a gest\u00e3o de estoque no setor p\u00fablico, abrangendo conceitos, t\u00e9cnicas, indicadores, classifica\u00e7\u00e3o de materiais, invent\u00e1rio e boas pr\u00e1ticas.<\/div><div class='post-meta '><span class='read-more'><a data-id='6096' class='' href='https:\/\/goias.gov.br\/escoladegoverno\/reavaliacao-e-depreciacao-de-bens-patrimoniais-moveis-2\/' target='_blank'>SAIBA MAIS<\/a><\/span><\/div><\/div><\/div><\/div><div class=\"rt-col-md-4 rt-col-sm-6 rt-col-xs-12 even-grid-item rt-grid-item\" data-id=\"15136\"><div class=\"rt-holder\"><div class='rt-detail'><h3 class=\"entry-title\"><a data-id=\"15136\" class=\"\" href=\"https:\/\/goias.gov.br\/escoladegoverno\/forcas-de-carater-no-servico-publico-cultivando-bem-estar-e-proposito\/\" target='_blank'>For\u00e7as de Car\u00e1ter no Servi\u00e7o P\u00fablico: Cultivando Bem-Estar e Prop\u00f3sito<\/a><\/h3><div class='tpg-excerpt'>(Presencial) \u2013 Identifique, aplique e cultive suas for\u00e7as de car\u00e1ter, utilizando-as estrategicamente para fortalecer o bem-estar, o engajamento profissional e o prop\u00f3sito no servi\u00e7o p\u00fablico.<\/div><div class='post-meta '><span class='read-more'><a data-id='15136' class='' href='https:\/\/goias.gov.br\/escoladegoverno\/forcas-de-carater-no-servico-publico-cultivando-bem-estar-e-proposito\/' target='_blank'>SAIBA MAIS<\/a><\/span><\/div><\/div><\/div><\/div><div class=\"rt-col-md-4 rt-col-sm-6 rt-col-xs-12 even-grid-item rt-grid-item\" data-id=\"13970\"><div class=\"rt-holder\"><div class='rt-detail'><h3 class=\"entry-title\"><a data-id=\"13970\" class=\"\" href=\"https:\/\/goias.gov.br\/escoladegoverno\/inventario-patrimonial-de-bens-moveis\/\" target='_blank'>Invent\u00e1rio Patrimonial de Bens M\u00f3veis<\/a><\/h3><div class='tpg-excerpt'>(EaD S\u00edncrono) \u2013 Capacitar os participantes para conduzir o invent\u00e1rio anual nos \u00f3rg\u00e3os estaduais, com conhecimentos te\u00f3ricos e pr\u00e1ticos desde o planejamento at\u00e9 a consolida\u00e7\u00e3o dos resultados.<\/div><div class='post-meta '><span class='read-more'><a data-id='13970' class='' href='https:\/\/goias.gov.br\/escoladegoverno\/inventario-patrimonial-de-bens-moveis\/' target='_blank'>SAIBA MAIS<\/a><\/span><\/div><\/div><\/div><\/div><div class=\"rt-col-md-4 rt-col-sm-6 rt-col-xs-12 even-grid-item rt-grid-item\" data-id=\"6879\"><div class=\"rt-holder\"><div class='rt-detail'><h3 class=\"entry-title\"><a data-id=\"6879\" class=\"\" href=\"https:\/\/goias.gov.br\/escoladegoverno\/cipa-comissao-interna-de-prevencao-de-acidentes-e-assedio\/\" target='_blank'>CIPA &#8211; Comiss\u00e3o Interna de Preven\u00e7\u00e3o de Acidentes e Ass\u00e9dio<\/a><\/h3><div class='post-meta-user  '><span class='post-tags-links'><a href=\"https:\/\/goias.gov.br\/escoladegoverno\/tags\/sempre-abertas\/\" rel=\"tag\">Sempre Abertas<\/a><\/span><\/div><div class='tpg-excerpt'>(EaD Ass\u00edncrono) \u2013 Este curso visa capacitar membros da CIPA na identifica\u00e7\u00e3o de riscos, elabora\u00e7\u00e3o de mapa e plano de a\u00e7\u00e3o, proposi\u00e7\u00e3o e acompanhamento de medidas preventivas.<\/div><div class='post-meta '><span class='read-more'><a data-id='6879' class='' href='https:\/\/goias.gov.br\/escoladegoverno\/cipa-comissao-interna-de-prevencao-de-acidentes-e-assedio\/' target='_blank'>SAIBA MAIS<\/a><\/span><\/div><\/div><\/div><\/div><div class=\"rt-col-md-4 rt-col-sm-6 rt-col-xs-12 even-grid-item rt-grid-item\" data-id=\"6829\"><div class=\"rt-holder\"><div class='rt-detail'><h3 class=\"entry-title\"><a data-id=\"6829\" class=\"\" href=\"https:\/\/goias.gov.br\/escoladegoverno\/formacao-basica-para-o-novo-servidor\/\" target='_blank'>Forma\u00e7\u00e3o B\u00e1sica para o novo Servidor<\/a><\/h3><div class='post-meta-user  '><span class='post-tags-links'><a href=\"https:\/\/goias.gov.br\/escoladegoverno\/tags\/sempre-abertas\/\" rel=\"tag\">Sempre Abertas<\/a><\/span><\/div><div class='tpg-excerpt'>(EaD Ass\u00edncrono) \u2013 Este curso visa apresentar os aspectos relevantes da Administra\u00e7\u00e3o P\u00fablica, bem como as disciplinas b\u00e1sicas para o bom desempenho de suas atividades laborais.<\/div><div class='post-meta '><span class='read-more'><a data-id='6829' class='' href='https:\/\/goias.gov.br\/escoladegoverno\/formacao-basica-para-o-novo-servidor\/' target='_blank'>SAIBA MAIS<\/a><\/span><\/div><\/div><\/div><\/div><\/div><\/div>\n","protected":false},"excerpt":{"rendered":"","protected":false},"author":1,"featured_media":0,"parent":0,"menu_order":0,"comment_status":"closed","ping_status":"closed","template":"wppb_theme_template","meta":{"footnotes":""},"class_list":["post-10153","page","type-page","status-publish","hentry"],"rttpg_featured_image_url":null,"rttpg_author":{"display_name":"wagner.viana","author_link":"https:\/\/goias.gov.br\/escoladegoverno\/author\/wagner-viana\/"},"rttpg_comment":0,"rttpg_category":"","rttpg_excerpt":null,"_links":{"self":[{"href":"https:\/\/goias.gov.br\/escoladegoverno\/wp-json\/wp\/v2\/pages\/10153","targetHints":{"allow":["GET"]}}],"collection":[{"href":"https:\/\/goias.gov.br\/escoladegoverno\/wp-json\/wp\/v2\/pages"}],"about":[{"href":"https:\/\/goias.gov.br\/escoladegoverno\/wp-json\/wp\/v2\/types\/page"}],"author":[{"embeddable":true,"href":"https:\/\/goias.gov.br\/escoladegoverno\/wp-json\/wp\/v2\/users\/1"}],"replies":[{"embeddable":true,"href":"https:\/\/goias.gov.br\/escoladegoverno\/wp-json\/wp\/v2\/comments?post=10153"}],"version-history":[{"count":2,"href":"https:\/\/goias.gov.br\/escoladegoverno\/wp-json\/wp\/v2\/pages\/10153\/revisions"}],"predecessor-version":[{"id":10238,"href":"https:\/\/goias.gov.br\/escoladegoverno\/wp-json\/wp\/v2\/pages\/10153\/revisions\/10238"}],"wp:attachment":[{"href":"https:\/\/goias.gov.br\/escoladegoverno\/wp-json\/wp\/v2\/media?parent=10153"}],"curies":[{"name":"wp","href":"https:\/\/api.w.org\/{rel}","templated":true}]}}