
{"id":10145,"date":"2024-04-19T12:05:53","date_gmt":"2024-04-19T15:05:53","guid":{"rendered":"https:\/\/goias.gov.br\/escoladegoverno\/?page_id=10145"},"modified":"2024-04-22T08:33:48","modified_gmt":"2024-04-22T11:33:48","slug":"comunicacao","status":"publish","type":"page","link":"https:\/\/goias.gov.br\/escoladegoverno\/comunicacao\/","title":{"rendered":"Comunica\u00e7\u00e3o"},"content":{"rendered":"<style type='text\/css' media='all'>#rt-tpg-container-2366971416 .rt-holder .rt-woo-info .price{color:#083c22;}body .rt-tpg-container .rt-tpg-isotope-buttons .selected,\n\t\t\t\t\t#rt-tpg-container-2366971416 .layout12 .rt-holder:hover .rt-detail,\n\t\t\t\t\t#rt-tpg-container-2366971416 .isotope8 .rt-holder:hover .rt-detail,\n\t\t\t\t\t#rt-tpg-container-2366971416 .carousel8 .rt-holder:hover .rt-detail,\n\t\t\t\t\t#rt-tpg-container-2366971416 .layout13 .rt-holder .overlay .post-info,\n\t\t\t\t\t#rt-tpg-container-2366971416 .isotope9 .rt-holder .overlay .post-info,\n\t\t\t\t\t#rt-tpg-container-2366971416.rt-tpg-container .layout4 .rt-holder .rt-detail,\n\t\t\t\t\t.rt-modal-2366971416 .md-content,\n\t\t\t\t\t.rt-modal-2366971416 .md-content > .rt-md-content-holder .rt-md-content,\n\t\t\t\t\t.rt-popup-wrap-2366971416.rt-popup-wrap .rt-popup-navigation-wrap,\n\t\t\t\t\t#rt-tpg-container-2366971416 .carousel9 .rt-holder .overlay .post-info{background-color:#083c22;}#rt-tpg-container-2366971416 .layout5 .rt-holder .overlay, #rt-tpg-container-2366971416 .isotope2 .rt-holder .overlay, #rt-tpg-container-2366971416 .carousel2 .rt-holder .overlay,#rt-tpg-container-2366971416 .layout15 .rt-holder h3, #rt-tpg-container-2366971416 .isotope11 .rt-holder h3, #rt-tpg-container-2366971416 .carousel11 .rt-holder h3, #rt-tpg-container-2366971416 .layout16 .rt-holder h3,\n\t\t\t\t\t#rt-tpg-container-2366971416 .isotope12 .rt-holder h3, #rt-tpg-container-2366971416 .carousel12 .rt-holder h3 {background-color:rgba(8,60,34,0.8);}#rt-tpg-container-2366971416 .pagination-list li a,\n\t\t\t\t\trt-tpg-container-2366971416 .pagination-list li span,\n\t\t\t\t\trt-tpg-container-2366971416 .pagination li a,\n\t\t\t\t\t#rt-tpg-container-2366971416 .rt-tpg-isotope-buttons button,\n\t\t\t\t\t#rt-tpg-container-2366971416 .rt-tpg-utility .rt-tpg-load-more button,\n\t\t\t\t\t#rt-tpg-container-2366971416.rt-tpg-container .swiper-navigation .slider-btn,\n\t\t\t\t\t#rt-tpg-container-2366971416.rt-tpg-container .swiper-pagination-bullet,\n\t\t\t\t\t#rt-tpg-container-2366971416 .wc1 .rt-holder .rt-img-holder .overlay .product-more ul li a,\n\t\t\t\t\t#rt-tpg-container-2366971416 .wc2 .rt-detail .rt-wc-add-to-cart,\n\t\t\t\t\t#rt-tpg-container-2366971416 .wc3 .rt-detail .rt-wc-add-to-cart,\n\t\t\t\t\t#rt-tpg-container-2366971416 .wc4 .rt-detail .rt-wc-add-to-cart,\n\t\t\t\t\t#rt-tpg-container-2366971416 .wc-carousel2 .rt-detail .rt-wc-add-to-cart,\n\t\t\t\t\t#rt-tpg-container-2366971416 .wc-isotope2 .rt-detail .rt-wc-add-to-cart,\n\t\t\t\t\t#rt-tpg-container-2366971416 .rt-layout-filter-container .rt-filter-wrap .rt-filter-item-wrap.rt-filter-dropdown-wrap .rt-filter-dropdown,\n\t\t\t\t\t#rt-tpg-container-2366971416 .rt-layout-filter-container .rt-filter-sub-tax.sub-button-group .rt-filter-button-item,\n\t\t\t\t\t#rt-tpg-container-2366971416.rt-tpg-container .rt-pagination-wrap .rt-page-numbers .paginationjs .paginationjs-pages ul li>a,\n\t\t\t\t\t#rt-tpg-container-2366971416 .rt-filter-item-wrap.rt-filter-button-wrap span.rt-filter-button-item,\n\t\t\t\t\t#rt-tpg-container-2366971416.rt-tpg-container .rt-pagination-wrap  .rt-loadmore-btn,\n\t\t\t\t\t#rt-tpg-container-2366971416.rt-tpg-container .rt-pagination-wrap .rt-cb-page-prev-next > *,\n\t\t\t\t\t#rt-tpg-container-2366971416 .rt-read-more,\n\t\t\t\t\t#rt-tooltip-2366971416, #rt-tooltip-2366971416 .rt-tooltip-bottom:after{background-color:#16336a;}#rt-tpg-container-2366971416 .rt-filter-item-wrap.rt-filter-button-wrap span.rt-filter-button-item,\n\t\t\t\t\t#rt-tpg-container-2366971416 .rt-layout-filter-container .rt-filter-sub-tax.sub-button-group .rt-filter-button-item{border-color:#16336a;}#rt-tpg-container-2366971416.rt-tpg-container .layout17 .rt-holder .overlay a.tpg-zoom .fa{color:#16336a;}#rt-tpg-container-2366971416 .rt-holder .read-more a {background-color:#16336a;padding: 8px 15px;}#rt-tpg-container-2366971416 .pagination-list li a:hover,\n\t\t\t\t\t#rt-tpg-container-2366971416 .pagination li a:hover,\n\t\t\t\t\t#rt-tpg-container-2366971416 .rt-tpg-isotope-buttons button:hover,\n\t\t\t\t\t#rt-tpg-container-2366971416 .rt-holder .read-more a:hover,\n\t\t\t\t\t#rt-tpg-container-2366971416 .rt-tpg-utility .rt-tpg-load-more button:hover,\n\t\t\t\t\t#rt-tpg-container-2366971416.rt-tpg-container .swiper-pagination-bullet:hover,\n\t\t\t\t\t#rt-tpg-container-2366971416.rt-tpg-container .swiper-navigation .slider-btn:hover,\n\t\t\t\t\t#rt-tpg-container-2366971416 .wc1 .rt-holder .rt-img-holder .overlay .product-more ul li a:hover,\n\t\t\t\t\t#rt-tpg-container-2366971416 .wc2 .rt-detail .rt-wc-add-to-cart:hover,\n\t\t\t\t\t#rt-tpg-container-2366971416 .wc3 .rt-detail .rt-wc-add-to-cart:hover,\n\t\t\t\t\t#rt-tpg-container-2366971416 .wc4 .rt-detail .rt-wc-add-to-cart:hover,\n\t\t\t\t\t#rt-tpg-container-2366971416 .wc-carousel2 .rt-detail .rt-wc-add-to-cart:hover,\n\t\t\t\t\t#rt-tpg-container-2366971416 .wc-isotope2 .rt-detail .rt-wc-add-to-cart:hover,\n\t\t\t\t\t#rt-tpg-container-2366971416 .rt-layout-filter-container .rt-filter-wrap .rt-filter-item-wrap.rt-filter-dropdown-wrap .rt-filter-dropdown .rt-filter-dropdown-item:hover,\n\t\t\t\t\t#rt-tpg-container-2366971416 .rt-layout-filter-container .rt-filter-wrap .rt-filter-item-wrap.rt-filter-dropdown-wrap .rt-filter-dropdown .rt-filter-dropdown-item.selected,\n\t\t\t\t\t#rt-tpg-container-2366971416 .rt-filter-item-wrap.rt-filter-button-wrap span.rt-filter-button-item:hover,\n\t\t\t\t\t#rt-tpg-container-2366971416 .rt-layout-filter-container .rt-filter-sub-tax.sub-button-group .rt-filter-button-item:hover,\n\t\t\t\t\t#rt-tpg-container-2366971416.rt-tpg-container .rt-pagination-wrap .rt-page-numbers .paginationjs .paginationjs-pages ul li>a:hover,\n\t\t\t\t\t#rt-tpg-container-2366971416.rt-tpg-container .rt-pagination-wrap .rt-cb-page-prev-next > *:hover,\n\t\t\t\t\t#rt-tpg-container-2366971416.rt-tpg-container .rt-pagination-wrap  .rt-loadmore-btn:hover,\n\t\t\t\t\t#rt-tpg-container-2366971416 .rt-read-more:hover,\n\t\t\t\t\t#rt-tpg-container-2366971416 .rt-tpg-utility .rt-tpg-load-more button:hover{background-color:#16336a;}#rt-tpg-container-2366971416 .rt-filter-item-wrap.rt-filter-button-wrap span.rt-filter-button-item:hover,\n\t\t\t\t\t\t#rt-tpg-container-2366971416 .rt-layout-filter-container .rt-filter-sub-tax.sub-button-group .rt-filter-button-item:hover,\n\t\t\t\t\t\t#rt-tpg-container-2366971416.rt-tpg-container .swiper-navigation .slider-btn:hover,\n\t\t\t\t\t\t#rt-tpg-container-2366971416.rt-tpg-container .rt-pagination-wrap .rt-page-numbers .paginationjs .paginationjs-pages ul li>a:hover{border-color:#16336a;}#rt-tpg-container-2366971416.rt-tpg-container .layout17 .rt-holder .overlay a.tpg-zoom:hover .fa{color:#16336a;}#rt-tpg-container-2366971416 .pagination-list li a,\n\t\t\t\t\t#rt-tpg-container-2366971416 .pagination li a,\n\t\t\t\t\t#rt-tpg-container-2366971416 .rt-tpg-isotope-buttons button,\n\t\t\t\t\t#rt-tpg-container-2366971416 .rt-holder .read-more a,\n\t\t\t\t\t#rt-tpg-container-2366971416 .rt-tpg-utility .rt-tpg-load-more button,\n\t\t\t\t\t#rt-tpg-container-2366971416.rt-tpg-container .swiper-navigation .slider-btn,\n\t\t\t\t\t#rt-tpg-container-2366971416 .wc1 .rt-holder .rt-img-holder .overlay .product-more ul li a,\n\t\t\t\t\t#rt-tpg-container-2366971416 .edd1 .rt-holder .rt-img-holder .overlay .product-more ul li a,\n\t\t\t\t\t#rt-tpg-container-2366971416 .wc2 .rt-detail .rt-wc-add-to-cart,\n\t\t\t\t\t#rt-tpg-container-2366971416 .wc3 .rt-detail .rt-wc-add-to-cart,\n\t\t\t\t\t#rt-tpg-container-2366971416 .edd2 .rt-detail .rt-wc-add-to-cart,\n\t\t\t\t\t#rt-tpg-container-2366971416 .wc4 .rt-detail .rt-wc-add-to-cart,\n\t\t\t\t\t#rt-tpg-container-2366971416 .edd3 .rt-detail .rt-wc-add-to-cart,\n\t\t\t\t\t#rt-tpg-container-2366971416 .wc-carousel2 .rt-detail .rt-wc-add-to-cart,\n\t\t\t\t\t#rt-tpg-container-2366971416 .wc-isotope2 .rt-detail .rt-wc-add-to-cart,\n\t\t\t\t\t#rt-tpg-container-2366971416 .rt-tpg-utility .rt-tpg-load-more button,\n\t\t\t\t\t#rt-tooltip-2366971416,\n\t\t\t\t\t#rt-tpg-container-2366971416 .rt-filter-item-wrap.rt-filter-button-wrap span.rt-filter-button-item,\n\t\t\t\t\t#rt-tpg-container-2366971416 .rt-layout-filter-container .rt-filter-sub-tax.sub-button-group .rt-filter-button-item,\n\t\t\t\t\t#rt-tpg-container-2366971416 .rt-layout-filter-container .rt-filter-wrap .rt-filter-item-wrap.rt-sort-order-action,\n\t\t\t\t\t#rt-tpg-container-2366971416 .rt-layout-filter-container .rt-filter-wrap .rt-filter-item-wrap.rt-filter-dropdown-wrap .rt-filter-dropdown .rt-filter-dropdown-item,\n\t\t\t\t\t#rt-tpg-container-2366971416.rt-tpg-container .rt-pagination-wrap .rt-page-numbers .paginationjs .paginationjs-pages ul li>a,\n\t\t\t\t\t#rt-tpg-container-2366971416.rt-tpg-container .rt-pagination-wrap .rt-cb-page-prev-next > *,\n\t\t\t\t\t#rt-tpg-container-2366971416.rt-tpg-container .rt-pagination-wrap  .rt-loadmore-btn,\n\t\t\t\t\t#rt-tpg-container-2366971416 .rt-read-more,\n\t\t\t\t\t#rt-tooltip-2366971416 .rt-tooltip-bottom:after{color:#ffffff;}#rt-tpg-container-2366971416 .rt-filter-item-wrap.rt-filter-button-wrap span.rt-filter-button-item:hover,\n\t\t\t\t\t#rt-tpg-container-2366971416 .rt-holder .read-more a:hover,\n\t\t\t\t\t#rt-tpg-container-2366971416.rt-tpg-container .swiper-navigation .slider-btn:hover,\n\t\t\t\t\t#rt-tpg-container-2366971416 .rt-layout-filter-container .rt-filter-sub-tax.sub-button-group .rt-filter-button-item:hover,\n\t\t\t\t\t#rt-tpg-container-2366971416 .rt-layout-filter-container .rt-filter-wrap .rt-filter-item-wrap.rt-filter-dropdown-wrap .rt-filter-dropdown .rt-filter-dropdown-item:hover,\n\t\t\t\t\t#rt-tpg-container-2366971416 .rt-layout-filter-container .rt-filter-wrap .rt-filter-item-wrap.rt-filter-dropdown-wrap .rt-filter-dropdown .rt-filter-dropdown-item.selected,\n\t\t\t\t\t#rt-tpg-container-2366971416 .rt-layout-filter-container .rt-filter-wrap .rt-filter-item-wrap.rt-sort-order-action:hover,\n\t\t\t\t\t#rt-tpg-container-2366971416.rt-tpg-container .rt-pagination-wrap .rt-page-numbers .paginationjs .paginationjs-pages ul li.active>a:hover,\n\t\t\t\t\t#rt-tpg-container-2366971416 .rt-filter-item-wrap.rt-filter-button-wrap span.rt-filter-button-item.selected,\n\t\t\t\t\t#rt-tpg-container-2366971416 .rt-layout-filter-container .rt-filter-wrap .rt-filter-item-wrap.rt-sort-order-action,\n\t\t\t\t\t#rt-tpg-container-2366971416.rt-tpg-container .rt-pagination-wrap  .rt-loadmore-btn:hover,\n\t\t\t\t\t#rt-tpg-container-2366971416 .rt-read-more:hover,\n\t\t\t\t\t#rt-tpg-container-2366971416.rt-tpg-container .rt-pagination-wrap .rt-page-numbers .paginationjs .paginationjs-pages ul li.active>a{color:#ffffff;}#rt-tpg-container-2366971416 .read-more a{border-radius:15px;}#rt-tpg-container-2366971416 .rt-img-holder img.rt-img-responsive,#rt-tpg-container-2366971416 .rt-img-holder,\n\t\t\t\t\t#rt-tpg-container-2366971416 .rt-post-overlay .post-img,\n\t\t\t\t\t#rt-tpg-container-2366971416 .post-sm .post-img,\n\t\t\t\t\t#rt-tpg-container-2366971416 .rt-post-grid .post-img,\n\t\t\t\t\t#rt-tpg-container-2366971416 .post-img img {border-radius:px;}<\/style><div class='rt-container-fluid rt-tpg-container tpg-shortcode-main-wrapper ' id='rt-tpg-container-2366971416'   data-layout='layout1' data-grid-style='even' data-desktop-col='3'  data-tab-col='2'  data-mobile-col='1' data-sc-id='10231'><div data-title='Loading ...' class='rt-row rt-content-loader   layout1 tpg-even '><div class=\"rt-col-md-4 rt-col-sm-6 rt-col-xs-12 even-grid-item rt-grid-item\" data-id=\"6941\"><div class=\"rt-holder\"><div class='rt-detail'><h3 class=\"entry-title\"><a data-id=\"6941\" class=\"\" href=\"https:\/\/goias.gov.br\/escoladegoverno\/oficina-de-revisao-gramatical-aplicada-a-redacao-oficial\/\" target='_blank'>Oficina de Revis\u00e3o Gramatical Aplicada \u00e0 Reda\u00e7\u00e3o Oficial<\/a><\/h3><div class='post-meta-user  '><span class='post-tags-links'><a href=\"https:\/\/goias.gov.br\/escoladegoverno\/tags\/inscricoes-abertas\/\" rel=\"tag\">Inscri\u00e7\u00f5es Abertas<\/a><\/span><\/div><div class='tpg-excerpt'>(Presencial) \u2013 Este curso visa revisar a parte gramatical relativa \u00e0 constru\u00e7\u00e3o de per\u00edodos sint\u00e1ticos, com a reapresenta\u00e7\u00e3o das classes de palavras e dos termos oracionais.<\/div><div class='post-meta '><span class='read-more'><a data-id='6941' class='' href='https:\/\/goias.gov.br\/escoladegoverno\/oficina-de-revisao-gramatical-aplicada-a-redacao-oficial\/' target='_blank'>SAIBA MAIS<\/a><\/span><\/div><\/div><\/div><\/div><div class=\"rt-col-md-4 rt-col-sm-6 rt-col-xs-12 even-grid-item rt-grid-item\" data-id=\"6939\"><div class=\"rt-holder\"><div class='rt-detail'><h3 class=\"entry-title\"><a data-id=\"6939\" class=\"\" href=\"https:\/\/goias.gov.br\/escoladegoverno\/oficina-de-fotografia-institucional-mobile\/\" target='_blank'>Oficina de Fotografia Institucional Mobile<\/a><\/h3><div class='tpg-excerpt'>(Presencial) \u2013 Neste curso voc\u00ea ir\u00e1 aprender e executar conceitos e t\u00e9cnicas de fotografia institucional com a utiliza\u00e7\u00e3o de aparelhos celulares smartphones.<\/div><div class='post-meta '><span class='read-more'><a data-id='6939' class='' href='https:\/\/goias.gov.br\/escoladegoverno\/oficina-de-fotografia-institucional-mobile\/' target='_blank'>SAIBA MAIS<\/a><\/span><\/div><\/div><\/div><\/div><div class=\"rt-col-md-4 rt-col-sm-6 rt-col-xs-12 even-grid-item rt-grid-item\" data-id=\"15372\"><div class=\"rt-holder\"><div class='rt-detail'><h3 class=\"entry-title\"><a data-id=\"15372\" class=\"\" href=\"https:\/\/goias.gov.br\/escoladegoverno\/elaboracao-de-despachos-oficios-e-portarias-conforme-o-manual-de-redacao-do-governo-do-estado-de-goias-2\/\" target='_blank'>Elabora\u00e7\u00e3o de Despachos, Of\u00edcios e Portarias conforme o Manual de Reda\u00e7\u00e3o do Governo do Estado de Goi\u00e1s<\/a><\/h3><div class='post-meta-user  '><span class='post-tags-links'><a href=\"https:\/\/goias.gov.br\/escoladegoverno\/tags\/inscricoes-abertas\/\" rel=\"tag\">Inscri\u00e7\u00f5es Abertas<\/a><\/span><\/div><div class='tpg-excerpt'>(Presencial) \u2013 Capacitar participantes na elabora\u00e7\u00e3o de despachos, of\u00edcios e portarias conforme o Manual de Reda\u00e7\u00e3o do Governo de Goi\u00e1s (2026), garantindo clareza, padroniza\u00e7\u00e3o e conformidade oficial.<\/div><div class='post-meta '><span class='read-more'><a data-id='15372' class='' href='https:\/\/goias.gov.br\/escoladegoverno\/elaboracao-de-despachos-oficios-e-portarias-conforme-o-manual-de-redacao-do-governo-do-estado-de-goias-2\/' target='_blank'>SAIBA MAIS<\/a><\/span><\/div><\/div><\/div><\/div><div class=\"rt-col-md-4 rt-col-sm-6 rt-col-xs-12 even-grid-item rt-grid-item\" data-id=\"15316\"><div class=\"rt-holder\"><div class='rt-detail'><h3 class=\"entry-title\"><a data-id=\"15316\" class=\"\" href=\"https:\/\/goias.gov.br\/escoladegoverno\/comunicacao-e-oratoria-no-setor-publico-2\/\" target='_blank'>Comunica\u00e7\u00e3o e Orat\u00f3ria no Setor P\u00fablico<\/a><\/h3><div class='tpg-excerpt'>(Presencial) \u2013 Ao final do curso, o(a) aluno(a) ter\u00e1 desenvolvido t\u00e9cnicas e ferramentas para superar a inibi\u00e7\u00e3o, falar com seguran\u00e7a sobre temas que domina e aprimorar sua comunica\u00e7\u00e3o com diferentes<\/div><div class='post-meta '><span class='read-more'><a data-id='15316' class='' href='https:\/\/goias.gov.br\/escoladegoverno\/comunicacao-e-oratoria-no-setor-publico-2\/' target='_blank'>SAIBA MAIS<\/a><\/span><\/div><\/div><\/div><\/div><div class=\"rt-col-md-4 rt-col-sm-6 rt-col-xs-12 even-grid-item rt-grid-item\" data-id=\"5552\"><div class=\"rt-holder\"><div class='rt-detail'><h3 class=\"entry-title\"><a data-id=\"5552\" class=\"\" href=\"https:\/\/goias.gov.br\/escoladegoverno\/lingua-brasileira-sinais-libras\/\" target='_blank'>L\u00edngua Brasileira de Sinais &#8211; LIBRAS<\/a><\/h3><div class='tpg-excerpt'>(Presencial) \u2013 O objetivo do curso \u00e9 facilitar a comunica\u00e7\u00e3o dos servidores com as pessoas com surdez, proporcionando um atendimento de qualidade ao cidad\u00e3o.<\/div><div class='post-meta '><span class='read-more'><a data-id='5552' class='' href='https:\/\/goias.gov.br\/escoladegoverno\/lingua-brasileira-sinais-libras\/' target='_blank'>SAIBA MAIS<\/a><\/span><\/div><\/div><\/div><\/div><div class=\"rt-col-md-4 rt-col-sm-6 rt-col-xs-12 even-grid-item rt-grid-item\" data-id=\"5551\"><div class=\"rt-holder\"><div class='rt-detail'><h3 class=\"entry-title\"><a data-id=\"5551\" class=\"\" href=\"https:\/\/goias.gov.br\/escoladegoverno\/producao-de-oficios-conforme-o-manual-de-redacao-do-governo-do-estado-de-goias\/\" target='_blank'>Produ\u00e7\u00e3o de Of\u00edcios conforme o Manual de Reda\u00e7\u00e3o do Governo do Estado de Goi\u00e1s<\/a><\/h3><div class='tpg-excerpt'>(Presencial) \u2013 Este curso visa levar aos servidores participantes o conhecimento e a produ\u00e7\u00e3o de of\u00edcios devidamente confeccionados.<\/div><div class='post-meta '><span class='read-more'><a data-id='5551' class='' href='https:\/\/goias.gov.br\/escoladegoverno\/producao-de-oficios-conforme-o-manual-de-redacao-do-governo-do-estado-de-goias\/' target='_blank'>SAIBA MAIS<\/a><\/span><\/div><\/div><\/div><\/div><div class=\"rt-col-md-4 rt-col-sm-6 rt-col-xs-12 even-grid-item rt-grid-item\" data-id=\"5391\"><div class=\"rt-holder\"><div class='rt-detail'><h3 class=\"entry-title\"><a data-id=\"5391\" class=\"\" href=\"https:\/\/goias.gov.br\/escoladegoverno\/redacao-oficial-assincrono\/\" target='_blank'>Reda\u00e7\u00e3o Oficial<\/a><\/h3><div class='post-meta-user  '><span class='post-tags-links'><a href=\"https:\/\/goias.gov.br\/escoladegoverno\/tags\/sempre-abertas\/\" rel=\"tag\">Sempre Abertas<\/a><\/span><\/div><div class='tpg-excerpt'>(EaD Ass\u00edncrono) \u2013 Neste curso voc\u00ea ir\u00e1 desenvolver compet\u00eancias para o melhor desempenho das atividades profissionais ligadas \u00e0 reda\u00e7\u00e3o oficial.<\/div><div class='post-meta '><span class='read-more'><a data-id='5391' class='' href='https:\/\/goias.gov.br\/escoladegoverno\/redacao-oficial-assincrono\/' target='_blank'>SAIBA MAIS<\/a><\/span><\/div><\/div><\/div><\/div><div class=\"rt-col-md-4 rt-col-sm-6 rt-col-xs-12 even-grid-item rt-grid-item\" data-id=\"12412\"><div class=\"rt-holder\"><div class='rt-detail'><h3 class=\"entry-title\"><a data-id=\"12412\" class=\"\" href=\"https:\/\/goias.gov.br\/escoladegoverno\/comunicacao-e-oratoria-no-setor-publico\/\" target='_blank'>Comunica\u00e7\u00e3o e Orat\u00f3ria no Setor P\u00fablico<\/a><\/h3><div class='tpg-excerpt'>(Presencial) \u2013 O curso capacitar\u00e1 o aluno com t\u00e9cnicas para vencer a inibi\u00e7\u00e3o, falar com confian\u00e7a sobre temas profissionais e aprimorar a comunica\u00e7\u00e3o com diferentes p\u00fablicos em seu ambiente de<\/div><div class='post-meta '><span class='read-more'><a data-id='12412' class='' href='https:\/\/goias.gov.br\/escoladegoverno\/comunicacao-e-oratoria-no-setor-publico\/' target='_blank'>SAIBA MAIS<\/a><\/span><\/div><\/div><\/div><\/div><div class=\"rt-col-md-4 rt-col-sm-6 rt-col-xs-12 even-grid-item rt-grid-item\" data-id=\"5955\"><div class=\"rt-holder\"><div class='rt-detail'><h3 class=\"entry-title\"><a data-id=\"5955\" class=\"\" href=\"https:\/\/goias.gov.br\/escoladegoverno\/apresentacoes-eficazes-a-construcao-da-narrativa-e-do-visual-para-engajar-seu-publico\/\" target='_blank'>Apresenta\u00e7\u00f5es Eficazes: a constru\u00e7\u00e3o da narrativa e do visual para engajar seu p\u00fablico<\/a><\/h3><div class='tpg-excerpt'>(Presencial) \u2013 Elaborar conte\u00fados educativos efetivos no processo de atrair a aten\u00e7\u00e3o e gerar engajamento em sala de aula.<\/div><div class='post-meta '><span class='read-more'><a data-id='5955' class='' href='https:\/\/goias.gov.br\/escoladegoverno\/apresentacoes-eficazes-a-construcao-da-narrativa-e-do-visual-para-engajar-seu-publico\/' target='_blank'>SAIBA MAIS<\/a><\/span><\/div><\/div><\/div><\/div><div class=\"rt-col-md-4 rt-col-sm-6 rt-col-xs-12 even-grid-item rt-grid-item\" data-id=\"12054\"><div class=\"rt-holder\"><div class='rt-detail'><h3 class=\"entry-title\"><a data-id=\"12054\" class=\"\" href=\"https:\/\/goias.gov.br\/escoladegoverno\/producao-de-portarias-conforme-o-manual-de-redacao-do-governo-do-estado-de-goias\/\" target='_blank'>Produ\u00e7\u00e3o de Portarias conforme o Manual de Reda\u00e7\u00e3o do Governo do Estado de Goi\u00e1s<\/a><\/h3><div class='tpg-excerpt'>(Presencial) \u2013 O objetivo do curso \u00e9 apresentar, aprofundar e analisar conte\u00fados sobre portarias, abordando defini\u00e7\u00f5es, estrutura\u00e7\u00e3o normativa, e destacando a precis\u00e3o textual na reda\u00e7\u00e3o, com an\u00e1lise de exemplos ilustrativos.<\/div><div class='post-meta '><span class='read-more'><a data-id='12054' class='' href='https:\/\/goias.gov.br\/escoladegoverno\/producao-de-portarias-conforme-o-manual-de-redacao-do-governo-do-estado-de-goias\/' target='_blank'>SAIBA MAIS<\/a><\/span><\/div><\/div><\/div><\/div><div class=\"rt-col-md-4 rt-col-sm-6 rt-col-xs-12 even-grid-item rt-grid-item\" data-id=\"6288\"><div class=\"rt-holder\"><div class='rt-detail'><h3 class=\"entry-title\"><a data-id=\"6288\" class=\"\" href=\"https:\/\/goias.gov.br\/escoladegoverno\/oficina-de-textos-oficiais-construcao-e-reconstrucao-textual\/\" target='_blank'>Oficina de Textos Oficiais: Constru\u00e7\u00e3o e Reconstru\u00e7\u00e3o Textual<\/a><\/h3><div class='tpg-excerpt'>(Presencial) \u2013 Aprimorar a reda\u00e7\u00e3o oficial, promovendo a identifica\u00e7\u00e3o e aplica\u00e7\u00e3o de formas adequadas conforme os qualificadores do Manual de Reda\u00e7\u00e3o do Governo de Goi\u00e1s.<\/div><div class='post-meta '><span class='read-more'><a data-id='6288' class='' href='https:\/\/goias.gov.br\/escoladegoverno\/oficina-de-textos-oficiais-construcao-e-reconstrucao-textual\/' target='_blank'>SAIBA MAIS<\/a><\/span><\/div><\/div><\/div><\/div><div class=\"rt-col-md-4 rt-col-sm-6 rt-col-xs-12 even-grid-item rt-grid-item\" data-id=\"5691\"><div class=\"rt-holder\"><div class='rt-detail'><h3 class=\"entry-title\"><a data-id=\"5691\" class=\"\" href=\"https:\/\/goias.gov.br\/escoladegoverno\/producao-de-despachos-conforme-o-novo-manual-de-redacao\/\" target='_blank'>Produ\u00e7\u00e3o de Despachos conforme o Manual de Reda\u00e7\u00e3o do Governo do Estado de Goi\u00e1s<\/a><\/h3><div class='tpg-excerpt'>(Presencial) \u2013 Este curso abordar\u00e1 a produ\u00e7\u00e3o de despachos de acordo com as determina\u00e7\u00f5es do Manual de Reda\u00e7\u00e3o do Governo do Estado de Goi\u00e1s (2020).<\/div><div class='post-meta '><span class='read-more'><a data-id='5691' class='' href='https:\/\/goias.gov.br\/escoladegoverno\/producao-de-despachos-conforme-o-novo-manual-de-redacao\/' target='_blank'>SAIBA MAIS<\/a><\/span><\/div><\/div><\/div><\/div><\/div><\/div>\n","protected":false},"excerpt":{"rendered":"","protected":false},"author":1,"featured_media":0,"parent":0,"menu_order":0,"comment_status":"closed","ping_status":"closed","template":"wppb_theme_template","meta":{"footnotes":""},"class_list":["post-10145","page","type-page","status-publish","hentry"],"rttpg_featured_image_url":null,"rttpg_author":{"display_name":"wagner.viana","author_link":"https:\/\/goias.gov.br\/escoladegoverno\/author\/wagner-viana\/"},"rttpg_comment":0,"rttpg_category":"","rttpg_excerpt":null,"_links":{"self":[{"href":"https:\/\/goias.gov.br\/escoladegoverno\/wp-json\/wp\/v2\/pages\/10145","targetHints":{"allow":["GET"]}}],"collection":[{"href":"https:\/\/goias.gov.br\/escoladegoverno\/wp-json\/wp\/v2\/pages"}],"about":[{"href":"https:\/\/goias.gov.br\/escoladegoverno\/wp-json\/wp\/v2\/types\/page"}],"author":[{"embeddable":true,"href":"https:\/\/goias.gov.br\/escoladegoverno\/wp-json\/wp\/v2\/users\/1"}],"replies":[{"embeddable":true,"href":"https:\/\/goias.gov.br\/escoladegoverno\/wp-json\/wp\/v2\/comments?post=10145"}],"version-history":[{"count":2,"href":"https:\/\/goias.gov.br\/escoladegoverno\/wp-json\/wp\/v2\/pages\/10145\/revisions"}],"predecessor-version":[{"id":10232,"href":"https:\/\/goias.gov.br\/escoladegoverno\/wp-json\/wp\/v2\/pages\/10145\/revisions\/10232"}],"wp:attachment":[{"href":"https:\/\/goias.gov.br\/escoladegoverno\/wp-json\/wp\/v2\/media?parent=10145"}],"curies":[{"name":"wp","href":"https:\/\/api.w.org\/{rel}","templated":true}]}}