
{"id":10143,"date":"2024-04-19T12:05:29","date_gmt":"2024-04-19T15:05:29","guid":{"rendered":"https:\/\/goias.gov.br\/escoladegoverno\/?page_id=10143"},"modified":"2024-04-22T08:29:38","modified_gmt":"2024-04-22T11:29:38","slug":"compliance-publico","status":"publish","type":"page","link":"https:\/\/goias.gov.br\/escoladegoverno\/compliance-publico\/","title":{"rendered":"Compliance P\u00fablico"},"content":{"rendered":"<style type='text\/css' media='all'>#rt-tpg-container-501298010 .rt-holder .rt-woo-info .price{color:#083c22;}body .rt-tpg-container .rt-tpg-isotope-buttons .selected,\n\t\t\t\t\t#rt-tpg-container-501298010 .layout12 .rt-holder:hover .rt-detail,\n\t\t\t\t\t#rt-tpg-container-501298010 .isotope8 .rt-holder:hover .rt-detail,\n\t\t\t\t\t#rt-tpg-container-501298010 .carousel8 .rt-holder:hover .rt-detail,\n\t\t\t\t\t#rt-tpg-container-501298010 .layout13 .rt-holder .overlay .post-info,\n\t\t\t\t\t#rt-tpg-container-501298010 .isotope9 .rt-holder .overlay .post-info,\n\t\t\t\t\t#rt-tpg-container-501298010.rt-tpg-container .layout4 .rt-holder .rt-detail,\n\t\t\t\t\t.rt-modal-501298010 .md-content,\n\t\t\t\t\t.rt-modal-501298010 .md-content > .rt-md-content-holder .rt-md-content,\n\t\t\t\t\t.rt-popup-wrap-501298010.rt-popup-wrap .rt-popup-navigation-wrap,\n\t\t\t\t\t#rt-tpg-container-501298010 .carousel9 .rt-holder .overlay .post-info{background-color:#083c22;}#rt-tpg-container-501298010 .layout5 .rt-holder .overlay, #rt-tpg-container-501298010 .isotope2 .rt-holder .overlay, #rt-tpg-container-501298010 .carousel2 .rt-holder .overlay,#rt-tpg-container-501298010 .layout15 .rt-holder h3, #rt-tpg-container-501298010 .isotope11 .rt-holder h3, #rt-tpg-container-501298010 .carousel11 .rt-holder h3, #rt-tpg-container-501298010 .layout16 .rt-holder h3,\n\t\t\t\t\t#rt-tpg-container-501298010 .isotope12 .rt-holder h3, #rt-tpg-container-501298010 .carousel12 .rt-holder h3 {background-color:rgba(8,60,34,0.8);}#rt-tpg-container-501298010 .pagination-list li a,\n\t\t\t\t\trt-tpg-container-501298010 .pagination-list li span,\n\t\t\t\t\trt-tpg-container-501298010 .pagination li a,\n\t\t\t\t\t#rt-tpg-container-501298010 .rt-tpg-isotope-buttons button,\n\t\t\t\t\t#rt-tpg-container-501298010 .rt-tpg-utility .rt-tpg-load-more button,\n\t\t\t\t\t#rt-tpg-container-501298010.rt-tpg-container .swiper-navigation .slider-btn,\n\t\t\t\t\t#rt-tpg-container-501298010.rt-tpg-container .swiper-pagination-bullet,\n\t\t\t\t\t#rt-tpg-container-501298010 .wc1 .rt-holder .rt-img-holder .overlay .product-more ul li a,\n\t\t\t\t\t#rt-tpg-container-501298010 .wc2 .rt-detail .rt-wc-add-to-cart,\n\t\t\t\t\t#rt-tpg-container-501298010 .wc3 .rt-detail .rt-wc-add-to-cart,\n\t\t\t\t\t#rt-tpg-container-501298010 .wc4 .rt-detail .rt-wc-add-to-cart,\n\t\t\t\t\t#rt-tpg-container-501298010 .wc-carousel2 .rt-detail .rt-wc-add-to-cart,\n\t\t\t\t\t#rt-tpg-container-501298010 .wc-isotope2 .rt-detail .rt-wc-add-to-cart,\n\t\t\t\t\t#rt-tpg-container-501298010 .rt-layout-filter-container .rt-filter-wrap .rt-filter-item-wrap.rt-filter-dropdown-wrap .rt-filter-dropdown,\n\t\t\t\t\t#rt-tpg-container-501298010 .rt-layout-filter-container .rt-filter-sub-tax.sub-button-group .rt-filter-button-item,\n\t\t\t\t\t#rt-tpg-container-501298010.rt-tpg-container .rt-pagination-wrap .rt-page-numbers .paginationjs .paginationjs-pages ul li>a,\n\t\t\t\t\t#rt-tpg-container-501298010 .rt-filter-item-wrap.rt-filter-button-wrap span.rt-filter-button-item,\n\t\t\t\t\t#rt-tpg-container-501298010.rt-tpg-container .rt-pagination-wrap  .rt-loadmore-btn,\n\t\t\t\t\t#rt-tpg-container-501298010.rt-tpg-container .rt-pagination-wrap .rt-cb-page-prev-next > *,\n\t\t\t\t\t#rt-tpg-container-501298010 .rt-read-more,\n\t\t\t\t\t#rt-tooltip-501298010, #rt-tooltip-501298010 .rt-tooltip-bottom:after{background-color:#16336a;}#rt-tpg-container-501298010 .rt-filter-item-wrap.rt-filter-button-wrap span.rt-filter-button-item,\n\t\t\t\t\t#rt-tpg-container-501298010 .rt-layout-filter-container .rt-filter-sub-tax.sub-button-group .rt-filter-button-item{border-color:#16336a;}#rt-tpg-container-501298010.rt-tpg-container .layout17 .rt-holder .overlay a.tpg-zoom .fa{color:#16336a;}#rt-tpg-container-501298010 .rt-holder .read-more a {background-color:#16336a;padding: 8px 15px;}#rt-tpg-container-501298010 .pagination-list li a:hover,\n\t\t\t\t\t#rt-tpg-container-501298010 .pagination li a:hover,\n\t\t\t\t\t#rt-tpg-container-501298010 .rt-tpg-isotope-buttons button:hover,\n\t\t\t\t\t#rt-tpg-container-501298010 .rt-holder .read-more a:hover,\n\t\t\t\t\t#rt-tpg-container-501298010 .rt-tpg-utility .rt-tpg-load-more button:hover,\n\t\t\t\t\t#rt-tpg-container-501298010.rt-tpg-container .swiper-pagination-bullet:hover,\n\t\t\t\t\t#rt-tpg-container-501298010.rt-tpg-container .swiper-navigation .slider-btn:hover,\n\t\t\t\t\t#rt-tpg-container-501298010 .wc1 .rt-holder .rt-img-holder .overlay .product-more ul li a:hover,\n\t\t\t\t\t#rt-tpg-container-501298010 .wc2 .rt-detail .rt-wc-add-to-cart:hover,\n\t\t\t\t\t#rt-tpg-container-501298010 .wc3 .rt-detail .rt-wc-add-to-cart:hover,\n\t\t\t\t\t#rt-tpg-container-501298010 .wc4 .rt-detail .rt-wc-add-to-cart:hover,\n\t\t\t\t\t#rt-tpg-container-501298010 .wc-carousel2 .rt-detail .rt-wc-add-to-cart:hover,\n\t\t\t\t\t#rt-tpg-container-501298010 .wc-isotope2 .rt-detail .rt-wc-add-to-cart:hover,\n\t\t\t\t\t#rt-tpg-container-501298010 .rt-layout-filter-container .rt-filter-wrap .rt-filter-item-wrap.rt-filter-dropdown-wrap .rt-filter-dropdown .rt-filter-dropdown-item:hover,\n\t\t\t\t\t#rt-tpg-container-501298010 .rt-layout-filter-container .rt-filter-wrap .rt-filter-item-wrap.rt-filter-dropdown-wrap .rt-filter-dropdown .rt-filter-dropdown-item.selected,\n\t\t\t\t\t#rt-tpg-container-501298010 .rt-filter-item-wrap.rt-filter-button-wrap span.rt-filter-button-item:hover,\n\t\t\t\t\t#rt-tpg-container-501298010 .rt-layout-filter-container .rt-filter-sub-tax.sub-button-group .rt-filter-button-item:hover,\n\t\t\t\t\t#rt-tpg-container-501298010.rt-tpg-container .rt-pagination-wrap .rt-page-numbers .paginationjs .paginationjs-pages ul li>a:hover,\n\t\t\t\t\t#rt-tpg-container-501298010.rt-tpg-container .rt-pagination-wrap .rt-cb-page-prev-next > *:hover,\n\t\t\t\t\t#rt-tpg-container-501298010.rt-tpg-container .rt-pagination-wrap  .rt-loadmore-btn:hover,\n\t\t\t\t\t#rt-tpg-container-501298010 .rt-read-more:hover,\n\t\t\t\t\t#rt-tpg-container-501298010 .rt-tpg-utility .rt-tpg-load-more button:hover{background-color:#16336a;}#rt-tpg-container-501298010 .rt-filter-item-wrap.rt-filter-button-wrap span.rt-filter-button-item:hover,\n\t\t\t\t\t\t#rt-tpg-container-501298010 .rt-layout-filter-container .rt-filter-sub-tax.sub-button-group .rt-filter-button-item:hover,\n\t\t\t\t\t\t#rt-tpg-container-501298010.rt-tpg-container .swiper-navigation .slider-btn:hover,\n\t\t\t\t\t\t#rt-tpg-container-501298010.rt-tpg-container .rt-pagination-wrap .rt-page-numbers .paginationjs .paginationjs-pages ul li>a:hover{border-color:#16336a;}#rt-tpg-container-501298010.rt-tpg-container .layout17 .rt-holder .overlay a.tpg-zoom:hover .fa{color:#16336a;}#rt-tpg-container-501298010 .pagination-list li a,\n\t\t\t\t\t#rt-tpg-container-501298010 .pagination li a,\n\t\t\t\t\t#rt-tpg-container-501298010 .rt-tpg-isotope-buttons button,\n\t\t\t\t\t#rt-tpg-container-501298010 .rt-holder .read-more a,\n\t\t\t\t\t#rt-tpg-container-501298010 .rt-tpg-utility .rt-tpg-load-more button,\n\t\t\t\t\t#rt-tpg-container-501298010.rt-tpg-container .swiper-navigation .slider-btn,\n\t\t\t\t\t#rt-tpg-container-501298010 .wc1 .rt-holder .rt-img-holder .overlay .product-more ul li a,\n\t\t\t\t\t#rt-tpg-container-501298010 .edd1 .rt-holder .rt-img-holder .overlay .product-more ul li a,\n\t\t\t\t\t#rt-tpg-container-501298010 .wc2 .rt-detail .rt-wc-add-to-cart,\n\t\t\t\t\t#rt-tpg-container-501298010 .wc3 .rt-detail .rt-wc-add-to-cart,\n\t\t\t\t\t#rt-tpg-container-501298010 .edd2 .rt-detail .rt-wc-add-to-cart,\n\t\t\t\t\t#rt-tpg-container-501298010 .wc4 .rt-detail .rt-wc-add-to-cart,\n\t\t\t\t\t#rt-tpg-container-501298010 .edd3 .rt-detail .rt-wc-add-to-cart,\n\t\t\t\t\t#rt-tpg-container-501298010 .wc-carousel2 .rt-detail .rt-wc-add-to-cart,\n\t\t\t\t\t#rt-tpg-container-501298010 .wc-isotope2 .rt-detail .rt-wc-add-to-cart,\n\t\t\t\t\t#rt-tpg-container-501298010 .rt-tpg-utility .rt-tpg-load-more button,\n\t\t\t\t\t#rt-tooltip-501298010,\n\t\t\t\t\t#rt-tpg-container-501298010 .rt-filter-item-wrap.rt-filter-button-wrap span.rt-filter-button-item,\n\t\t\t\t\t#rt-tpg-container-501298010 .rt-layout-filter-container .rt-filter-sub-tax.sub-button-group .rt-filter-button-item,\n\t\t\t\t\t#rt-tpg-container-501298010 .rt-layout-filter-container .rt-filter-wrap .rt-filter-item-wrap.rt-sort-order-action,\n\t\t\t\t\t#rt-tpg-container-501298010 .rt-layout-filter-container .rt-filter-wrap .rt-filter-item-wrap.rt-filter-dropdown-wrap .rt-filter-dropdown .rt-filter-dropdown-item,\n\t\t\t\t\t#rt-tpg-container-501298010.rt-tpg-container .rt-pagination-wrap .rt-page-numbers .paginationjs .paginationjs-pages ul li>a,\n\t\t\t\t\t#rt-tpg-container-501298010.rt-tpg-container .rt-pagination-wrap .rt-cb-page-prev-next > *,\n\t\t\t\t\t#rt-tpg-container-501298010.rt-tpg-container .rt-pagination-wrap  .rt-loadmore-btn,\n\t\t\t\t\t#rt-tpg-container-501298010 .rt-read-more,\n\t\t\t\t\t#rt-tooltip-501298010 .rt-tooltip-bottom:after{color:#ffffff;}#rt-tpg-container-501298010 .rt-filter-item-wrap.rt-filter-button-wrap span.rt-filter-button-item:hover,\n\t\t\t\t\t#rt-tpg-container-501298010 .rt-holder .read-more a:hover,\n\t\t\t\t\t#rt-tpg-container-501298010.rt-tpg-container .swiper-navigation .slider-btn:hover,\n\t\t\t\t\t#rt-tpg-container-501298010 .rt-layout-filter-container .rt-filter-sub-tax.sub-button-group .rt-filter-button-item:hover,\n\t\t\t\t\t#rt-tpg-container-501298010 .rt-layout-filter-container .rt-filter-wrap .rt-filter-item-wrap.rt-filter-dropdown-wrap .rt-filter-dropdown .rt-filter-dropdown-item:hover,\n\t\t\t\t\t#rt-tpg-container-501298010 .rt-layout-filter-container .rt-filter-wrap .rt-filter-item-wrap.rt-filter-dropdown-wrap .rt-filter-dropdown .rt-filter-dropdown-item.selected,\n\t\t\t\t\t#rt-tpg-container-501298010 .rt-layout-filter-container .rt-filter-wrap .rt-filter-item-wrap.rt-sort-order-action:hover,\n\t\t\t\t\t#rt-tpg-container-501298010.rt-tpg-container .rt-pagination-wrap .rt-page-numbers .paginationjs .paginationjs-pages ul li.active>a:hover,\n\t\t\t\t\t#rt-tpg-container-501298010 .rt-filter-item-wrap.rt-filter-button-wrap span.rt-filter-button-item.selected,\n\t\t\t\t\t#rt-tpg-container-501298010 .rt-layout-filter-container .rt-filter-wrap .rt-filter-item-wrap.rt-sort-order-action,\n\t\t\t\t\t#rt-tpg-container-501298010.rt-tpg-container .rt-pagination-wrap  .rt-loadmore-btn:hover,\n\t\t\t\t\t#rt-tpg-container-501298010 .rt-read-more:hover,\n\t\t\t\t\t#rt-tpg-container-501298010.rt-tpg-container .rt-pagination-wrap .rt-page-numbers .paginationjs .paginationjs-pages ul li.active>a{color:#ffffff;}#rt-tpg-container-501298010 .read-more a{border-radius:15px;}#rt-tpg-container-501298010 .rt-img-holder img.rt-img-responsive,#rt-tpg-container-501298010 .rt-img-holder,\n\t\t\t\t\t#rt-tpg-container-501298010 .rt-post-overlay .post-img,\n\t\t\t\t\t#rt-tpg-container-501298010 .post-sm .post-img,\n\t\t\t\t\t#rt-tpg-container-501298010 .rt-post-grid .post-img,\n\t\t\t\t\t#rt-tpg-container-501298010 .post-img img {border-radius:px;}<\/style><div class='rt-container-fluid rt-tpg-container tpg-shortcode-main-wrapper ' id='rt-tpg-container-501298010'   data-layout='layout1' data-grid-style='even' data-desktop-col='3'  data-tab-col='2'  data-mobile-col='1' data-sc-id='10229'><div data-title='Loading ...' class='rt-row rt-content-loader   layout1 tpg-even '><div class=\"rt-col-md-4 rt-col-sm-6 rt-col-xs-12 even-grid-item rt-grid-item\" data-id=\"16638\"><div class=\"rt-holder\"><div class='rt-detail'><h3 class=\"entry-title\"><a data-id=\"16638\" class=\"\" href=\"https:\/\/goias.gov.br\/escoladegoverno\/operacionalizacao-da-gestao-de-riscos-sistema-iris\/\" target='_blank'>Operacionaliza\u00e7\u00e3o da Gest\u00e3o de Riscos \u2013 Sistema IRIS<\/a><\/h3><div class='post-meta-user  '><span class='post-tags-links'><a href=\"https:\/\/goias.gov.br\/escoladegoverno\/tags\/sempre-abertas\/\" rel=\"tag\">Sempre Abertas<\/a><\/span><\/div><div class='tpg-excerpt'>(EAD Ass\u00edncrono) \u2013 Capacita\u00e7\u00e3o dos servidores na operacionaliza\u00e7\u00e3o do sistema IRIS (Intelig\u00eancia de Riscos e Integridade no Setor P\u00fablico).<\/div><div class='post-meta '><span class='read-more'><a data-id='16638' class='' href='https:\/\/goias.gov.br\/escoladegoverno\/operacionalizacao-da-gestao-de-riscos-sistema-iris\/' target='_blank'>SAIBA MAIS<\/a><\/span><\/div><\/div><\/div><\/div><div class=\"rt-col-md-4 rt-col-sm-6 rt-col-xs-12 even-grid-item rt-grid-item\" data-id=\"11901\"><div class=\"rt-holder\"><div class='rt-detail'><h3 class=\"entry-title\"><a data-id=\"11901\" class=\"\" href=\"https:\/\/goias.gov.br\/escoladegoverno\/formacao-para-escritorios-de-compliance\/\" target='_blank'>Forma\u00e7\u00e3o para Escrit\u00f3rios de Compliance<\/a><\/h3><div class='post-meta-user  '><span class='post-tags-links'><a href=\"https:\/\/goias.gov.br\/escoladegoverno\/tags\/inscricoes-abertas\/\" rel=\"tag\">Inscri\u00e7\u00f5es Abertas<\/a><\/span><\/div><div class='tpg-excerpt'>(Presencial) \u2013 Capacitar membros dos Escrit\u00f3rios de Compliance para fortalecer o Programa de Compliance P\u00fablico e sua atua\u00e7\u00e3o na 2\u00aa linha, aprimorando a gest\u00e3o de riscos em todas as suas<\/div><div class='post-meta '><span class='read-more'><a data-id='11901' class='' href='https:\/\/goias.gov.br\/escoladegoverno\/formacao-para-escritorios-de-compliance\/' target='_blank'>SAIBA MAIS<\/a><\/span><\/div><\/div><\/div><\/div><div class=\"rt-col-md-4 rt-col-sm-6 rt-col-xs-12 even-grid-item rt-grid-item\" data-id=\"15974\"><div class=\"rt-holder\"><div class='rt-detail'><h3 class=\"entry-title\"><a data-id=\"15974\" class=\"\" href=\"https:\/\/goias.gov.br\/escoladegoverno\/mediacao-de-conflitos-para-integrantes-da-comissao-permanente-de-mediacao\/\" target='_blank'>Media\u00e7\u00e3o de Conflitos para Integrantes da Comiss\u00e3o Permanente de Media\u00e7\u00e3o<\/a><\/h3><div class='post-meta-user  '><span class='post-tags-links'><a href=\"https:\/\/goias.gov.br\/escoladegoverno\/tags\/inscricoes-abertas\/\" rel=\"tag\">Inscri\u00e7\u00f5es Abertas<\/a><\/span><\/div><div class='tpg-excerpt'>(Presencial) O objetivo \u00e9 apresentar a IN n\u00ba 02\/2024 \u2013 CGE e t\u00e9cnicas de media\u00e7\u00e3o para desenvolver empatia, assertividade e atua\u00e7\u00e3o \u00e9tica na resolu\u00e7\u00e3o de conflitos no ambiente de trabalho.<\/div><div class='post-meta '><span class='read-more'><a data-id='15974' class='' href='https:\/\/goias.gov.br\/escoladegoverno\/mediacao-de-conflitos-para-integrantes-da-comissao-permanente-de-mediacao\/' target='_blank'>SAIBA MAIS<\/a><\/span><\/div><\/div><\/div><\/div><div class=\"rt-col-md-4 rt-col-sm-6 rt-col-xs-12 even-grid-item rt-grid-item\" data-id=\"5013\"><div class=\"rt-holder\"><div class='rt-detail'><h3 class=\"entry-title\"><a data-id=\"5013\" class=\"\" href=\"https:\/\/goias.gov.br\/escoladegoverno\/programa-de-compliance-publico-eixo-4-gestao-de-riscos-2\/\" target='_blank'>Programa de Compliance P\u00fablico &#8211; Eixo 4 &#8211; Gest\u00e3o de Riscos<\/a><\/h3><div class='post-meta-user  '><span class='post-tags-links'><a href=\"https:\/\/goias.gov.br\/escoladegoverno\/tags\/sempre-abertas\/\" rel=\"tag\">Sempre Abertas<\/a><\/span><\/div><div class='tpg-excerpt'>(EaD Ass\u00edncrono) \u2013 Este curso visa capacitar servidores em gest\u00e3o de riscos, com fundamento na ABNT NBR ISO 31000:2018 e normativa estadual sobre o tema.<\/div><div class='post-meta '><span class='read-more'><a data-id='5013' class='' href='https:\/\/goias.gov.br\/escoladegoverno\/programa-de-compliance-publico-eixo-4-gestao-de-riscos-2\/' target='_blank'>SAIBA MAIS<\/a><\/span><\/div><\/div><\/div><\/div><div class=\"rt-col-md-4 rt-col-sm-6 rt-col-xs-12 even-grid-item rt-grid-item\" data-id=\"12392\"><div class=\"rt-holder\"><div class='rt-detail'><h3 class=\"entry-title\"><a data-id=\"12392\" class=\"\" href=\"https:\/\/goias.gov.br\/escoladegoverno\/eixo-2-governo-aberto-e-participacao-cidada-ead\/\" target='_blank'>Programa de Compliance P\u00fablico &#8211; Eixo 2 &#8211; Governo Aberto e Participa\u00e7\u00e3o Cidad\u00e3<\/a><\/h3><div class='tpg-excerpt'>(EaD S\u00edncrono)  \u2013 Proporcionar conhecimento sobre transpar\u00eancia p\u00fablica, compliance, governo aberto, acesso \u00e0 informa\u00e7\u00e3o, participa\u00e7\u00e3o, controle social e ouvidoria, promovendo pr\u00e1ticas de gest\u00e3o p\u00fablica eficazes.<\/div><div class='post-meta '><span class='read-more'><a data-id='12392' class='' href='https:\/\/goias.gov.br\/escoladegoverno\/eixo-2-governo-aberto-e-participacao-cidada-ead\/' target='_blank'>SAIBA MAIS<\/a><\/span><\/div><\/div><\/div><\/div><div class=\"rt-col-md-4 rt-col-sm-6 rt-col-xs-12 even-grid-item rt-grid-item\" data-id=\"12395\"><div class=\"rt-holder\"><div class='rt-detail'><h3 class=\"entry-title\"><a data-id=\"12395\" class=\"\" href=\"https:\/\/goias.gov.br\/escoladegoverno\/ouvidoria-publica-o-que-voce-tem-a-ver-com-isso-ead\/\" target='_blank'>Ouvidoria p\u00fablica: o que voc\u00ea tem a ver com isso?<\/a><\/h3><div class='tpg-excerpt'>(EaD S\u00edncrono) \u2013 Propiciar conhecimento sobre a ouvidoria p\u00fablica no Executivo de Goi\u00e1s, abordando o papel de ouvidores, agentes e servidores no atendimento \u00e0s manifesta\u00e7\u00f5es e aos pedidos de acesso<\/div><div class='post-meta '><span class='read-more'><a data-id='12395' class='' href='https:\/\/goias.gov.br\/escoladegoverno\/ouvidoria-publica-o-que-voce-tem-a-ver-com-isso-ead\/' target='_blank'>SAIBA MAIS<\/a><\/span><\/div><\/div><\/div><\/div><div class=\"rt-col-md-4 rt-col-sm-6 rt-col-xs-12 even-grid-item rt-grid-item\" data-id=\"5693\"><div class=\"rt-holder\"><div class='rt-detail'><h3 class=\"entry-title\"><a data-id=\"5693\" class=\"\" href=\"https:\/\/goias.gov.br\/escoladegoverno\/gestao-de-riscos-na-pratica-operacionalizacao-do-aplicativo-smartsheet\/\" target='_blank'>Gest\u00e3o de Riscos na pr\u00e1tica &#8211; operacionaliza\u00e7\u00e3o do aplicativo Smartsheet&#8217;<\/a><\/h3><div class='tpg-excerpt'>(Presencial) \u2013 O curso capacita servidores na aplica\u00e7\u00e3o da Matriz de Riscos pelo 'smartsheet', seguindo padr\u00f5es da ABNT NBR ISO 31000:2018 e normativas estaduais, vinculados ao Programa de Compliance P\u00fablico.<\/div><div class='post-meta '><span class='read-more'><a data-id='5693' class='' href='https:\/\/goias.gov.br\/escoladegoverno\/gestao-de-riscos-na-pratica-operacionalizacao-do-aplicativo-smartsheet\/' target='_blank'>SAIBA MAIS<\/a><\/span><\/div><\/div><\/div><\/div><div class=\"rt-col-md-4 rt-col-sm-6 rt-col-xs-12 even-grid-item rt-grid-item\" data-id=\"15143\"><div class=\"rt-holder\"><div class='rt-detail'><h3 class=\"entry-title\"><a data-id=\"15143\" class=\"\" href=\"https:\/\/goias.gov.br\/escoladegoverno\/governanca-corporativa-para-estatais\/\" target='_blank'>Governan\u00e7a Corporativa para Estatais<\/a><\/h3><div class='post-meta-user  '><span class='post-tags-links'><a href=\"https:\/\/goias.gov.br\/escoladegoverno\/tags\/sempre-abertas\/\" rel=\"tag\">Sempre Abertas<\/a><\/span><\/div><div class='tpg-excerpt'>(EaD Ass\u00edncrono) - Capacitar servidores em Governan\u00e7a Corporativa para Estatais, abordando crit\u00e9rios pr\u00e1ticos, \u00f3rg\u00e3os de controle e aspectos legais, visando precis\u00e3o t\u00e9cnica e conformidade nas atua\u00e7\u00f5es.<\/div><div class='post-meta '><span class='read-more'><a data-id='15143' class='' href='https:\/\/goias.gov.br\/escoladegoverno\/governanca-corporativa-para-estatais\/' target='_blank'>SAIBA MAIS<\/a><\/span><\/div><\/div><\/div><\/div><div class=\"rt-col-md-4 rt-col-sm-6 rt-col-xs-12 even-grid-item rt-grid-item\" data-id=\"5993\"><div class=\"rt-holder\"><div class='rt-detail'><h3 class=\"entry-title\"><a data-id=\"5993\" class=\"\" href=\"https:\/\/goias.gov.br\/escoladegoverno\/programa-de-compliance-publico-eixo-3-processo-administrativo-de-responsabilizacao-de-pessoas-juridicas-assincrono\/\" target='_blank'>Eixo 3 \u2013 Processo Administrativo de Responsabiliza\u00e7\u00e3o de Pessoas Jur\u00eddicas<\/a><\/h3><div class='post-meta-user  '><span class='post-tags-links'><a href=\"https:\/\/goias.gov.br\/escoladegoverno\/tags\/sempre-abertas\/\" rel=\"tag\">Sempre Abertas<\/a><\/span><\/div><div class='tpg-excerpt'>(EaD Ass\u00edncrono) - Capacitar servidores estaduais para condu\u00e7\u00e3o de PAF, PA e PAR, conforme legisla\u00e7\u00f5es de licita\u00e7\u00f5es, parcerias, estatais e anticorrup\u00e7\u00e3o federais e estaduais.<\/div><div class='post-meta '><span class='read-more'><a data-id='5993' class='' href='https:\/\/goias.gov.br\/escoladegoverno\/programa-de-compliance-publico-eixo-3-processo-administrativo-de-responsabilizacao-de-pessoas-juridicas-assincrono\/' target='_blank'>SAIBA MAIS<\/a><\/span><\/div><\/div><\/div><\/div><div class=\"rt-col-md-4 rt-col-sm-6 rt-col-xs-12 even-grid-item rt-grid-item\" data-id=\"5000\"><div class=\"rt-holder\"><div class='rt-detail'><h3 class=\"entry-title\"><a data-id=\"5000\" class=\"\" href=\"https:\/\/goias.gov.br\/escoladegoverno\/etica-no-servico-publico-com-clovis-de-barros-assincrono\/\" target='_blank'>\u00c9tica no Servi\u00e7o P\u00fablico com Cl\u00f3vis de Barros<\/a><\/h3><div class='post-meta-user  '><span class='post-tags-links'><a href=\"https:\/\/goias.gov.br\/escoladegoverno\/tags\/sempre-abertas\/\" rel=\"tag\">Sempre Abertas<\/a><\/span><\/div><div class='tpg-excerpt'>(EaD Ass\u00edncrono) \u2013  Apresentar a \u00e9tica no servi\u00e7o p\u00fablico, destacando a import\u00e2ncia das escolhas e atitudes para uma atua\u00e7\u00e3o profissional justa, respons\u00e1vel e transformadora na sociedade.<\/div><div class='post-meta '><span class='read-more'><a data-id='5000' class='' href='https:\/\/goias.gov.br\/escoladegoverno\/etica-no-servico-publico-com-clovis-de-barros-assincrono\/' target='_blank'>SAIBA MAIS<\/a><\/span><\/div><\/div><\/div><\/div><div class=\"rt-col-md-4 rt-col-sm-6 rt-col-xs-12 even-grid-item rt-grid-item\" data-id=\"5068\"><div class=\"rt-holder\"><div class='rt-detail'><h3 class=\"entry-title\"><a data-id=\"5068\" class=\"\" href=\"https:\/\/goias.gov.br\/escoladegoverno\/eixo-4-gestao-de-riscos-para-alta-gestao\/\" target='_blank'>Programa de Compliance P\u00fablico &#8211; Eixo 4 &#8211; Gest\u00e3o de Riscos para Alta Gest\u00e3o<\/a><\/h3><div class='post-meta-user  '><span class='post-tags-links'><a href=\"https:\/\/goias.gov.br\/escoladegoverno\/tags\/sempre-abertas\/\" rel=\"tag\">Sempre Abertas<\/a><\/span><\/div><div class='tpg-excerpt'>(EaD\u00a0 Ass\u00edncrono) \u2013 O objetivo \u00e9 capacitar titulares e membros dos Comit\u00eas Setoriais de Compliance em gest\u00e3o de riscos.<\/div><div class='post-meta '><span class='read-more'><a data-id='5068' class='' href='https:\/\/goias.gov.br\/escoladegoverno\/eixo-4-gestao-de-riscos-para-alta-gestao\/' target='_blank'>SAIBA MAIS<\/a><\/span><\/div><\/div><\/div><\/div><div class=\"rt-col-md-4 rt-col-sm-6 rt-col-xs-12 even-grid-item rt-grid-item\" data-id=\"11274\"><div class=\"rt-holder\"><div class='rt-detail'><h3 class=\"entry-title\"><a data-id=\"11274\" class=\"\" href=\"https:\/\/goias.gov.br\/escoladegoverno\/gestao-de-contratos-e-compliance\/\" target='_blank'>Gest\u00e3o de Contratos e Compliance<\/a><\/h3><div class='post-meta-user  '><span class='post-tags-links'><a href=\"https:\/\/goias.gov.br\/escoladegoverno\/tags\/sempre-abertas\/\" rel=\"tag\">Sempre Abertas<\/a><\/span><\/div><div class='tpg-excerpt'>(EaD Ass\u00edncrono) \u2013 O objetivo do curso e capacitar os servidores para que realizem gest\u00e3o de contratos sob a \u00e9gide do Programa de Compliance P\u00fablico do Estado de Goi\u00e1s.<\/div><div class='post-meta '><span class='read-more'><a data-id='11274' class='' href='https:\/\/goias.gov.br\/escoladegoverno\/gestao-de-contratos-e-compliance\/' target='_blank'>SAIBA MAIS<\/a><\/span><\/div><\/div><\/div><\/div><div class=\"rt-col-md-4 rt-col-sm-6 rt-col-xs-12 even-grid-item rt-grid-item\" data-id=\"6597\"><div class=\"rt-holder\"><div class='rt-detail'><h3 class=\"entry-title\"><a data-id=\"6597\" class=\"\" href=\"https:\/\/goias.gov.br\/escoladegoverno\/programa-de-compliance-publico-eixo-3-sindicancia-e-processo-administrativo-disciplinar-assincrono\/\" target='_blank'>Eixo 3 &#8211; Sindic\u00e2ncia e Processo Administrativo Disciplinar<\/a><\/h3><div class='post-meta-user  '><span class='post-tags-links'><a href=\"https:\/\/goias.gov.br\/escoladegoverno\/tags\/sempre-abertas\/\" rel=\"tag\">Sempre Abertas<\/a><\/span><\/div><div class='tpg-excerpt'>(EaD Ass\u00edncrono) - Este curso faz parte da Certifica\u00e7\u00e3o em Compliance P\u00fablico. Ser\u00e3o apresentados aspectos conceituais e legais relacionados \u00e0 Sindic\u00e2ncia de natureza disciplinar e ao Processo Administrativo Disciplinar.<\/div><div class='post-meta '><span class='read-more'><a data-id='6597' class='' href='https:\/\/goias.gov.br\/escoladegoverno\/programa-de-compliance-publico-eixo-3-sindicancia-e-processo-administrativo-disciplinar-assincrono\/' target='_blank'>SAIBA MAIS<\/a><\/span><\/div><\/div><\/div><\/div><\/div><\/div>\n","protected":false},"excerpt":{"rendered":"","protected":false},"author":1,"featured_media":0,"parent":0,"menu_order":0,"comment_status":"closed","ping_status":"closed","template":"wppb_theme_template","meta":{"footnotes":""},"class_list":["post-10143","page","type-page","status-publish","hentry"],"rttpg_featured_image_url":null,"rttpg_author":{"display_name":"wagner.viana","author_link":"https:\/\/goias.gov.br\/escoladegoverno\/author\/wagner-viana\/"},"rttpg_comment":0,"rttpg_category":"","rttpg_excerpt":null,"_links":{"self":[{"href":"https:\/\/goias.gov.br\/escoladegoverno\/wp-json\/wp\/v2\/pages\/10143","targetHints":{"allow":["GET"]}}],"collection":[{"href":"https:\/\/goias.gov.br\/escoladegoverno\/wp-json\/wp\/v2\/pages"}],"about":[{"href":"https:\/\/goias.gov.br\/escoladegoverno\/wp-json\/wp\/v2\/types\/page"}],"author":[{"embeddable":true,"href":"https:\/\/goias.gov.br\/escoladegoverno\/wp-json\/wp\/v2\/users\/1"}],"replies":[{"embeddable":true,"href":"https:\/\/goias.gov.br\/escoladegoverno\/wp-json\/wp\/v2\/comments?post=10143"}],"version-history":[{"count":2,"href":"https:\/\/goias.gov.br\/escoladegoverno\/wp-json\/wp\/v2\/pages\/10143\/revisions"}],"predecessor-version":[{"id":10230,"href":"https:\/\/goias.gov.br\/escoladegoverno\/wp-json\/wp\/v2\/pages\/10143\/revisions\/10230"}],"wp:attachment":[{"href":"https:\/\/goias.gov.br\/escoladegoverno\/wp-json\/wp\/v2\/media?parent=10143"}],"curies":[{"name":"wp","href":"https:\/\/api.w.org\/{rel}","templated":true}]}}