

{"id":431,"date":"2023-11-08T15:08:57","date_gmt":"2023-11-08T18:08:57","guid":{"rendered":"https:\/\/siteshom.goias.gov.br\/entorno\/?page_id=431"},"modified":"2026-02-24T10:46:20","modified_gmt":"2026-02-24T13:46:20","slug":"fale-conosco","status":"publish","type":"page","link":"https:\/\/goias.gov.br\/entorno\/fale-conosco\/","title":{"rendered":"Fale Conosco"},"content":{"rendered":"\t\t<div data-elementor-type=\"wp-page\" data-elementor-id=\"431\" class=\"elementor elementor-431\">\n\t\t\t\t<div class=\"elementor-element elementor-element-34d62e5 e-flex e-con-boxed e-con e-parent\" data-id=\"34d62e5\" data-element_type=\"container\" data-e-type=\"container\">\n\t\t\t\t\t<div class=\"e-con-inner\">\n\t\t<div class=\"elementor-element elementor-element-3107121 e-con-full e-flex e-con e-child\" data-id=\"3107121\" data-element_type=\"container\" data-e-type=\"container\">\n\t\t\t\t<div class=\"elementor-element elementor-element-f0ca74d elementor-widget elementor-widget-shortcode\" data-id=\"f0ca74d\" data-element_type=\"widget\" data-e-type=\"widget\" data-widget_type=\"shortcode.default\">\n\t\t\t\t<div class=\"elementor-widget-container\">\n\t\t\t\t\t\t\t<div class=\"elementor-shortcode\">\n<div class=\"wpcf7 no-js\" id=\"wpcf7-f433-o1\" lang=\"pt-BR\" dir=\"ltr\" data-wpcf7-id=\"433\">\n<div class=\"screen-reader-response\"><p role=\"status\" aria-live=\"polite\" aria-atomic=\"true\"><\/p> <ul><\/ul><\/div>\n<form action=\"\/entorno\/wp-json\/wp\/v2\/pages\/431#wpcf7-f433-o1\" method=\"post\" class=\"wpcf7-form init\" aria-label=\"Formul\u00e1rios de contato\" novalidate=\"novalidate\" data-status=\"init\">\n<fieldset class=\"hidden-fields-container\"><input type=\"hidden\" name=\"_wpcf7\" value=\"433\" \/><input type=\"hidden\" name=\"_wpcf7_version\" value=\"6.1.5\" \/><input type=\"hidden\" name=\"_wpcf7_locale\" value=\"pt_BR\" \/><input type=\"hidden\" name=\"_wpcf7_unit_tag\" value=\"wpcf7-f433-o1\" \/><input type=\"hidden\" name=\"_wpcf7_container_post\" value=\"0\" \/><input type=\"hidden\" name=\"_wpcf7_posted_data_hash\" value=\"\" \/>\n<\/fieldset>\n<p><label> Nome<br \/>\n<span class=\"wpcf7-form-control-wrap\" data-name=\"your-name\"><input size=\"40\" maxlength=\"400\" class=\"wpcf7-form-control wpcf7-text wpcf7-validates-as-required\" aria-required=\"true\" aria-invalid=\"false\" value=\"\" type=\"text\" name=\"your-name\" \/><\/span> <\/label>\n<\/p>\n<p><label> E-mail<br \/>\n<span class=\"wpcf7-form-control-wrap\" data-name=\"your-email\"><input size=\"40\" maxlength=\"400\" class=\"wpcf7-form-control wpcf7-email wpcf7-validates-as-required wpcf7-text wpcf7-validates-as-email\" aria-required=\"true\" aria-invalid=\"false\" value=\"\" type=\"email\" name=\"your-email\" \/><\/span> <\/label>\n<\/p>\n<p><label> Assunto<br \/>\n<span class=\"wpcf7-form-control-wrap\" data-name=\"your-subject\"><input size=\"40\" maxlength=\"400\" class=\"wpcf7-form-control wpcf7-text wpcf7-validates-as-required\" aria-required=\"true\" aria-invalid=\"false\" value=\"\" type=\"text\" name=\"your-subject\" \/><\/span> <\/label>\n<\/p>\n<p><label> Mensagem<br \/>\n<span class=\"wpcf7-form-control-wrap\" data-name=\"your-message\"><textarea cols=\"40\" rows=\"10\" maxlength=\"2000\" class=\"wpcf7-form-control wpcf7-textarea wpcf7-validates-as-required\" aria-required=\"true\" aria-invalid=\"false\" name=\"your-message\"><\/textarea><\/span> <\/label>\n<\/p>\n<p><input class=\"wpcf7-form-control wpcf7-submit has-spinner\" type=\"submit\" value=\"Enviar\" \/>\n<\/p><div class=\"wpcf7-response-output\" aria-hidden=\"true\"><\/div>\n<\/form>\n<\/div>\n<\/div>\n\t\t\t\t\t\t<\/div>\n\t\t\t\t<\/div>\n\t\t\t\t<\/div>\n\t\t<div class=\"elementor-element elementor-element-b975dc0 e-con-full e-flex e-con e-child\" data-id=\"b975dc0\" data-element_type=\"container\" data-e-type=\"container\">\n\t\t<div class=\"elementor-element elementor-element-f9ae4fa e-con-full e-flex e-con e-child\" data-id=\"f9ae4fa\" data-element_type=\"container\" data-e-type=\"container\">\n\t\t\t\t<div class=\"elementor-element elementor-element-3345a62 elementor-widget elementor-widget-text-editor\" data-id=\"3345a62\" data-element_type=\"widget\" data-e-type=\"widget\" data-widget_type=\"text-editor.default\">\n\t\t\t\t<div class=\"elementor-widget-container\">\n\t\t\t\t\t\t\t\t\t<p>O atendimento presencial \u00e9 realizado de segunda \u00e0 sexta-feira, das\u00a0<strong>8h \u00e0s 17h.<\/strong><br \/><strong>Endere\u00e7o:<\/strong>\u00a0Edif\u00edcio Alvoran, Setor de Administra\u00e7\u00e3o Federal\u00a0Sul, Q2, Lote 9, Bras\u00edlia-DF \u2013\u00a0CEP: 70070-600<br \/><strong>Telefone:<\/strong>\u00a0(62) 3270-8680\u00a0 \u00a0 (62) 99472 5889<\/p>\t\t\t\t\t\t\t\t<\/div>\n\t\t\t\t<\/div>\n\t\t\t\t<div class=\"elementor-element elementor-element-0f47bfd elementor-widget-divider--view-line elementor-widget elementor-widget-divider\" data-id=\"0f47bfd\" data-element_type=\"widget\" data-e-type=\"widget\" data-widget_type=\"divider.default\">\n\t\t\t\t<div class=\"elementor-widget-container\">\n\t\t\t\t\t\t\t<div class=\"elementor-divider\">\n\t\t\t<span class=\"elementor-divider-separator\">\n\t\t\t\t\t\t<\/span>\n\t\t<\/div>\n\t\t\t\t\t\t<\/div>\n\t\t\t\t<\/div>\n\t\t\t\t<\/div>\n\t\t<div class=\"elementor-element elementor-element-08a107e e-con-full e-flex e-con e-child\" data-id=\"08a107e\" data-element_type=\"container\" data-e-type=\"container\">\n\t\t\t\t<div class=\"elementor-element elementor-element-03d83a0 elementor-widget elementor-widget-text-editor\" data-id=\"03d83a0\" data-element_type=\"widget\" data-e-type=\"widget\" data-widget_type=\"text-editor.default\">\n\t\t\t\t<div class=\"elementor-widget-container\">\n\t\t\t\t\t\t\t\t\t<p><strong>Ouvidoria<\/strong><br \/>E-mail:\u00a0<a href=\"mailto:gabinete.sedf@goias.gov.br\" target=\"_blank\" rel=\"noopener\">ouvidoria.sedf@goias.gov.br<\/a><a href=\"http:\/\/ouvidoria.sedf@goias.gov.br%20\/\">\u00a0<\/a><br \/>Para informa\u00e7\u00f5es, elogios ou reclama\u00e7\u00f5es,\u00a0acesse:\u00a0<a href=\"https:\/\/www.go.gov.br\/servicos-digitais\/cge\/nova-ouvidoria\" target=\"_blank\" rel=\"noopener\">www.go.gov.br\/servicos-digitais\/cge\/nova-ouvidoria<\/a><\/p>\t\t\t\t\t\t\t\t<\/div>\n\t\t\t\t<\/div>\n\t\t\t\t<div class=\"elementor-element elementor-element-4561fd5 elementor-widget-divider--view-line elementor-widget elementor-widget-divider\" data-id=\"4561fd5\" data-element_type=\"widget\" data-e-type=\"widget\" data-widget_type=\"divider.default\">\n\t\t\t\t<div class=\"elementor-widget-container\">\n\t\t\t\t\t\t\t<div class=\"elementor-divider\">\n\t\t\t<span class=\"elementor-divider-separator\">\n\t\t\t\t\t\t<\/span>\n\t\t<\/div>\n\t\t\t\t\t\t<\/div>\n\t\t\t\t<\/div>\n\t\t\t\t<\/div>\n\t\t<div class=\"elementor-element elementor-element-0fd8054 e-con-full e-flex e-con e-child\" data-id=\"0fd8054\" data-element_type=\"container\" data-e-type=\"container\">\n\t\t\t\t<div class=\"elementor-element elementor-element-1017797 elementor-widget elementor-widget-text-editor\" data-id=\"1017797\" data-element_type=\"widget\" data-e-type=\"widget\" data-widget_type=\"text-editor.default\">\n\t\t\t\t<div class=\"elementor-widget-container\">\n\t\t\t\t\t\t\t\t\t<p><a href=\"https:\/\/goias.gov.br\/entorno\/cargos-e-seus-ocupantes\/\">Para informa\u00e7\u00f5es de imprensa, entre em contato com a Comunica\u00e7\u00e3o Setorial<\/a><\/p>\t\t\t\t\t\t\t\t<\/div>\n\t\t\t\t<\/div>\n\t\t\t\t<\/div>\n\t\t\t\t<\/div>\n\t\t\t\t\t<\/div>\n\t\t\t\t<\/div>\n\t\t\t\t<\/div>\n\t\t","protected":false},"excerpt":{"rendered":"<p>O atendimento presencial \u00e9 realizado de segunda \u00e0 sexta-feira, das\u00a08h \u00e0s 17h.Endere\u00e7o:\u00a0Edif\u00edcio Alvoran, Setor de Administra\u00e7\u00e3o Federal\u00a0Sul, Q2, Lote 9, Bras\u00edlia-DF \u2013\u00a0CEP: 70070-600Telefone:\u00a0(62) 3270-8680\u00a0 \u00a0 (62) 99472 5889 OuvidoriaE-mail:\u00a0ouvidoria.sedf@goias.gov.br\u00a0Para informa\u00e7\u00f5es, elogios ou reclama\u00e7\u00f5es,\u00a0acesse:\u00a0www.go.gov.br\/servicos-digitais\/cge\/nova-ouvidoria Para informa\u00e7\u00f5es de imprensa, entre em contato com a Comunica\u00e7\u00e3o Setorial<\/p>\n","protected":false},"author":7,"featured_media":0,"parent":0,"menu_order":0,"comment_status":"closed","ping_status":"closed","template":"","meta":{"footnotes":""},"class_list":["post-431","page","type-page","status-publish","hentry"],"rttpg_featured_image_url":null,"rttpg_author":{"display_name":"gustavogoncalves","author_link":"https:\/\/goias.gov.br\/entorno\/author\/gustavogoncalves\/"},"rttpg_comment":0,"rttpg_category":null,"rttpg_excerpt":"O atendimento presencial \u00e9 realizado de segunda \u00e0 sexta-feira, das\u00a08h \u00e0s 17h.Endere\u00e7o:\u00a0Edif\u00edcio Alvoran, Setor de Administra\u00e7\u00e3o Federal\u00a0Sul, Q2, Lote 9, Bras\u00edlia-DF \u2013\u00a0CEP: 70070-600Telefone:\u00a0(62) 3270-8680\u00a0 \u00a0 (62) 99472 5889 OuvidoriaE-mail:\u00a0ouvidoria.sedf@goias.gov.br\u00a0Para informa\u00e7\u00f5es, elogios ou reclama\u00e7\u00f5es,\u00a0acesse:\u00a0www.go.gov.br\/servicos-digitais\/cge\/nova-ouvidoria Para informa\u00e7\u00f5es de imprensa, entre em contato com a Comunica\u00e7\u00e3o Setorial","_links":{"self":[{"href":"https:\/\/goias.gov.br\/entorno\/wp-json\/wp\/v2\/pages\/431","targetHints":{"allow":["GET"]}}],"collection":[{"href":"https:\/\/goias.gov.br\/entorno\/wp-json\/wp\/v2\/pages"}],"about":[{"href":"https:\/\/goias.gov.br\/entorno\/wp-json\/wp\/v2\/types\/page"}],"author":[{"embeddable":true,"href":"https:\/\/goias.gov.br\/entorno\/wp-json\/wp\/v2\/users\/7"}],"replies":[{"embeddable":true,"href":"https:\/\/goias.gov.br\/entorno\/wp-json\/wp\/v2\/comments?post=431"}],"version-history":[{"count":2,"href":"https:\/\/goias.gov.br\/entorno\/wp-json\/wp\/v2\/pages\/431\/revisions"}],"predecessor-version":[{"id":11141,"href":"https:\/\/goias.gov.br\/entorno\/wp-json\/wp\/v2\/pages\/431\/revisions\/11141"}],"wp:attachment":[{"href":"https:\/\/goias.gov.br\/entorno\/wp-json\/wp\/v2\/media?parent=431"}],"curies":[{"name":"wp","href":"https:\/\/api.w.org\/{rel}","templated":true}]}}