

{"id":9207,"date":"2021-02-24T13:50:14","date_gmt":"2021-02-24T16:50:14","guid":{"rendered":"https:\/\/goias.gov.br\/emater\/?page_id=9207"},"modified":"2024-08-12T16:35:48","modified_gmt":"2024-08-12T19:35:48","slug":"arranjo-produtivo-local-apl","status":"publish","type":"page","link":"https:\/\/goias.gov.br\/emater\/arranjo-produtivo-local-apl\/","title":{"rendered":"Arranjo Produtivo Local (APL)"},"content":{"rendered":"<div class=\"page-content\"> <!-- Deixa o texto com a cor cinza --><\/p>\n<div class=\"container\">  <!-- Deixa o texto alinhado em um container mais a dentro --><\/p>\n<div id=\"historia\" class=\"container\">\n<p align=\"right\">Publicado: Fevereiro 2021<\/br><br \/>\n\u00daltima Atualiza\u00e7\u00e3o: Junho 2024<\/p>\n<\/div>\n<div id=\"historia\" class=\"container\"> <!-- Deixa o texto alinhado em um container mais a dentro --><\/p>\n<h2>Arranjos Produtivos Locais (APL)<\/h2>\n<p align=\"right\"><img decoding=\"async\" src=\"https:\/\/goias.gov.br\/emater\/wp-content\/uploads\/sites\/62\/2024\/08\/programa_arranjos_produtivos_locais.jpeg\" width=\"98%\" \/><\/p>\n<p>O programa dos Arranjos Produtivos Locais do Estado de Goi\u00e1s (APL Goiano), atua no desenvolvimento regional, por meio do apoio e fomento das cadeias produtivas goianas. Incentiva o empreendedorismo e competitividade das micro, pequenas e m\u00e9dias empresas. A iniciativa se baseia na intera\u00e7\u00e3o, coopera\u00e7\u00e3o e aproxima\u00e7\u00e3o do setor produtivo com \u00f3rg\u00e3os governamentais.<br \/>\n\u00c9 um aglomerado de agentes econ\u00f4micos, pol\u00edticos e sociais, localizados em um mesmo territ\u00f3rio, operando em atividades correlacionadas e que apresentam v\u00ednculos expressivos de articula\u00e7\u00e3o, intera\u00e7\u00e3o, coopera\u00e7\u00e3o e aprendizagem.<\/p>\n<p class=\"maior col-md-pre-wrap\"><strong>Objetivo do programa<\/strong><\/p>\n<p>Trabalhar de forma sistematizada as cadeias produtivas de produtos oriundos da atividade agropecu\u00e1ria de determinadas regi\u00f5es do estado, com foco no planejamento, organiza\u00e7\u00e3o dos produtores rurais e produ\u00e7\u00e3o. Al\u00e9m disso, dar maior alcance aos empreendedores familiares rurais, principalmente \u00e0queles localizados em regi\u00f5es do estado de maior vulnerabilidade social.<\/p>\n<p class=\"maior\"><strong>A\u00e7\u00f5es e Atividades<\/strong><\/p>\n<p>\u2022 Participa\u00e7\u00e3o na estrutura\u00e7\u00e3o e desenvolvimento dos Arranjos Produtivos priorizados.<br \/>\n\u2022 Apoio aos atores na elabora\u00e7\u00e3o das pe\u00e7as de planejamento (Diagn\u00f3stico e no Plano de Desenvolvimento Provis\u00f3rio).<br \/>\n\u2022 Aux\u00edlio na elabora\u00e7\u00e3o dos projetos de capta\u00e7\u00e3o de recursos para os produtores rurais e suas organiza\u00e7\u00f5es, com o objetivo de melhorar a estrutura produtiva e operacional.<br \/>\n\u2022 Assessoramento na elabora\u00e7\u00e3o dos planos de a\u00e7\u00f5es das comunidades contempladas com bens de produ\u00e7\u00e3o do programa.<\/p>\n<\/div>\n<\/div>\n<\/div>\n","protected":false},"excerpt":{"rendered":"<p>Publicado: Fevereiro 2021 \u00daltima Atualiza\u00e7\u00e3o: Junho 2024 Arranjos Produtivos Locais (APL) O programa dos Arranjos Produtivos Locais do Estado de Goi\u00e1s (APL Goiano), atua no desenvolvimento regional, por meio do apoio e fomento das cadeias produtivas goianas. Incentiva o empreendedorismo e competitividade das micro, pequenas e m\u00e9dias empresas. A iniciativa se baseia na intera\u00e7\u00e3o, coopera\u00e7\u00e3o [&hellip;]<\/p>\n","protected":false},"author":1,"featured_media":0,"parent":0,"menu_order":0,"comment_status":"closed","ping_status":"closed","template":"template-meta-data-filter.php","meta":{"_acf_changed":false,"footnotes":""},"class_list":["post-9207","page","type-page","status-publish","hentry"],"acf":[],"rttpg_featured_image_url":null,"rttpg_author":{"display_name":"wagner.viana","author_link":"https:\/\/goias.gov.br\/emater\/author\/wagner-viana\/"},"rttpg_comment":0,"rttpg_category":null,"rttpg_excerpt":"Publicado: Fevereiro 2021 \u00daltima Atualiza\u00e7\u00e3o: Junho 2024 Arranjos Produtivos Locais (APL) O programa dos Arranjos Produtivos Locais do Estado de Goi\u00e1s (APL Goiano), atua no desenvolvimento regional, por meio do apoio e fomento das cadeias produtivas goianas. Incentiva o empreendedorismo e competitividade das micro, pequenas e m\u00e9dias empresas. A iniciativa se baseia na intera\u00e7\u00e3o, coopera\u00e7\u00e3o&hellip;","_links":{"self":[{"href":"https:\/\/goias.gov.br\/emater\/wp-json\/wp\/v2\/pages\/9207","targetHints":{"allow":["GET"]}}],"collection":[{"href":"https:\/\/goias.gov.br\/emater\/wp-json\/wp\/v2\/pages"}],"about":[{"href":"https:\/\/goias.gov.br\/emater\/wp-json\/wp\/v2\/types\/page"}],"author":[{"embeddable":true,"href":"https:\/\/goias.gov.br\/emater\/wp-json\/wp\/v2\/users\/1"}],"replies":[{"embeddable":true,"href":"https:\/\/goias.gov.br\/emater\/wp-json\/wp\/v2\/comments?post=9207"}],"version-history":[{"count":0,"href":"https:\/\/goias.gov.br\/emater\/wp-json\/wp\/v2\/pages\/9207\/revisions"}],"wp:attachment":[{"href":"https:\/\/goias.gov.br\/emater\/wp-json\/wp\/v2\/media?parent=9207"}],"curies":[{"name":"wp","href":"https:\/\/api.w.org\/{rel}","templated":true}]}}