

{"id":8703,"date":"2021-01-28T14:15:29","date_gmt":"2021-01-28T17:15:29","guid":{"rendered":"https:\/\/goias.gov.br\/emater\/?page_id=8703"},"modified":"2024-08-12T16:32:32","modified_gmt":"2024-08-12T19:32:32","slug":"programa-produzir-brasil","status":"publish","type":"page","link":"https:\/\/goias.gov.br\/emater\/programa-produzir-brasil\/","title":{"rendered":"Programa Produzir Brasil"},"content":{"rendered":"<div class=\"page-content\"> <!-- Deixa o texto com a cor cinza --><\/p>\n<div class=\"container\">  <!-- Deixa o texto alinhado em um container mais a dentro --><\/p>\n<div id=\"historia\" class=\"container\">\n<p align=\"right\">Publicado: Janeiro 2021<\/br><br \/>\n\u00daltima Atualiza\u00e7\u00e3o: Junho 2024<\/p>\n<\/div>\n<div id=\"historia\" class=\"container\"> <!-- Deixa o texto alinhado em um container mais a dentro --><\/p>\n<h2>Produzir Brasil<\/h2>\n<p align=\"right\"><img decoding=\"async\" src=\"https:\/\/goias.gov.br\/emater\/wp-content\/uploads\/sites\/62\/2024\/08\/programa_produzir_brasil.jpeg\" width=\"98%\" \/><\/p>\n<p>O Programa Produzir Brasil \u00e9 uma iniciativa do Governo de Goi\u00e1s em parceria com a Emater Goi\u00e1s, Minist\u00e9rio da Agricultura, Pecu\u00e1ria e Abastecimento (MAPA) e o Instituto Nacional de Coloniza\u00e7\u00e3o e Reforma Agr\u00e1ria (INCRA). O objetivo \u00e9 fornecer assist\u00eancia t\u00e9cnica e extens\u00e3o rural \u00e0s fam\u00edlias produtoras rurais de 53 assentamentos, pertencentes a 32 munic\u00edpios do estado de Goi\u00e1s.<\/p>\n<p>O objetivo do projeto \u00e9 contribuir para reverter o \u00eaxodo rural, incentivando a sucess\u00e3o familiar, a disponibiliza\u00e7\u00e3o de inova\u00e7\u00e3o tecnol\u00f3gica de produ\u00e7\u00e3o, apoio ao cooperativismo, promo\u00e7\u00e3o do acesso \u00e0s pol\u00edticas p\u00fablicas e desenvolver o capital humano e social de forma que as a\u00e7\u00f5es fortale\u00e7am a estrutura e autonomia dos assentamentos. <\/p>\n<p>As atividades de assist\u00eancia t\u00e9cnica e extens\u00e3o rural consideram um ciclo de atua\u00e7\u00e3o que envolve cinco etapas:<br \/>\n\u2022 Defini\u00e7\u00e3o de p\u00fablico;<br \/>\n\u2022 Diagn\u00f3stico e planejamento;<br \/>\n\u2022 Elabora\u00e7\u00e3o e entrega dos produtos;<br \/>\n\u2022 Interven\u00e7\u00f5es t\u00e9cnicas;<br \/>\n\u2022 Avalia\u00e7\u00e3o.<\/p>\n<p><\/br><br \/>\n<\/br><\/p>\n<\/div>\n<\/div>\n<\/div>\n","protected":false},"excerpt":{"rendered":"<p>Publicado: Janeiro 2021 \u00daltima Atualiza\u00e7\u00e3o: Junho 2024 Produzir Brasil O Programa Produzir Brasil \u00e9 uma iniciativa do Governo de Goi\u00e1s em parceria com a Emater Goi\u00e1s, Minist\u00e9rio da Agricultura, Pecu\u00e1ria e Abastecimento (MAPA) e o Instituto Nacional de Coloniza\u00e7\u00e3o e Reforma Agr\u00e1ria (INCRA). O objetivo \u00e9 fornecer assist\u00eancia t\u00e9cnica e extens\u00e3o rural \u00e0s fam\u00edlias produtoras [&hellip;]<\/p>\n","protected":false},"author":1,"featured_media":0,"parent":0,"menu_order":0,"comment_status":"closed","ping_status":"closed","template":"template-meta-data-filter.php","meta":{"_acf_changed":false,"footnotes":""},"class_list":["post-8703","page","type-page","status-publish","hentry"],"acf":[],"rttpg_featured_image_url":null,"rttpg_author":{"display_name":"wagner.viana","author_link":"https:\/\/goias.gov.br\/emater\/author\/wagner-viana\/"},"rttpg_comment":0,"rttpg_category":null,"rttpg_excerpt":"Publicado: Janeiro 2021 \u00daltima Atualiza\u00e7\u00e3o: Junho 2024 Produzir Brasil O Programa Produzir Brasil \u00e9 uma iniciativa do Governo de Goi\u00e1s em parceria com a Emater Goi\u00e1s, Minist\u00e9rio da Agricultura, Pecu\u00e1ria e Abastecimento (MAPA) e o Instituto Nacional de Coloniza\u00e7\u00e3o e Reforma Agr\u00e1ria (INCRA). O objetivo \u00e9 fornecer assist\u00eancia t\u00e9cnica e extens\u00e3o rural \u00e0s fam\u00edlias produtoras&hellip;","_links":{"self":[{"href":"https:\/\/goias.gov.br\/emater\/wp-json\/wp\/v2\/pages\/8703","targetHints":{"allow":["GET"]}}],"collection":[{"href":"https:\/\/goias.gov.br\/emater\/wp-json\/wp\/v2\/pages"}],"about":[{"href":"https:\/\/goias.gov.br\/emater\/wp-json\/wp\/v2\/types\/page"}],"author":[{"embeddable":true,"href":"https:\/\/goias.gov.br\/emater\/wp-json\/wp\/v2\/users\/1"}],"replies":[{"embeddable":true,"href":"https:\/\/goias.gov.br\/emater\/wp-json\/wp\/v2\/comments?post=8703"}],"version-history":[{"count":0,"href":"https:\/\/goias.gov.br\/emater\/wp-json\/wp\/v2\/pages\/8703\/revisions"}],"wp:attachment":[{"href":"https:\/\/goias.gov.br\/emater\/wp-json\/wp\/v2\/media?parent=8703"}],"curies":[{"name":"wp","href":"https:\/\/api.w.org\/{rel}","templated":true}]}}