

{"id":8021,"date":"2021-01-18T15:45:03","date_gmt":"2021-01-18T18:45:03","guid":{"rendered":"https:\/\/goias.gov.br\/emater\/?page_id=8021"},"modified":"2022-05-24T07:51:29","modified_gmt":"2022-05-24T10:51:29","slug":"programa-de-melhoria-da-qualidade-genetica-do-rebanho-bovino","status":"publish","type":"page","link":"https:\/\/goias.gov.br\/emater\/programa-de-melhoria-da-qualidade-genetica-do-rebanho-bovino\/","title":{"rendered":"Programa de Melhoria da Qualidade Gen\u00e9tica do Rebanho Bovino"},"content":{"rendered":"<div class=\"page-content\"> <!-- Deixa o texto com a cor cinza --><\/p>\n<div class=\"container\">  <!-- Deixa o texto alinhado em um container mais a dentro --><\/p>\n<div id=\"historia\" class=\"container\">\n<p align=\"right\">Publicado: janeiro 2021<\/br>Atualizado: maio 2022<\/p>\n<\/div>\n<div id=\"historia\" class=\"container\"> <!-- Deixa o texto alinhado em um container mais a dentro --><\/p>\n<h2>Programa de Melhoria da Qualidade Gen\u00e9tica do Rebanho Bovino<\/h2>\n<p>O Pr\u00f3-Gen\u00e9tica \u2013 Programa de Melhoria da Qualidade Gen\u00e9tica do Rebanho Bovino \u2013 trabalha com a oferta de touros melhoradores a pre\u00e7os acess\u00edveis como meio de carrear gen\u00e9tica superior para os planteis de empreendimentos familiares rurais que atuam na produ\u00e7\u00e3o comercial da bovinocultura de corte e de leite. O programa prev\u00ea o aprimoramento do rebanho bovino do Estado e o consequente fortalecimento de uma produ\u00e7\u00e3o sustent\u00e1vel das cadeias produtivas da carne e do leite de origem bovina.<\/p>\n<p class=\"maior col-md-pre-wrap\"><strong>Realiza\u00e7\u00e3o<\/strong><\/p>\n<p class=\"maior col-md-pre-wrap\">O sucesso do Pr\u00f3-Gen\u00e9tica depende da sinergia de diversos segmentos. Em Goi\u00e1s ele \u00e9 realizado por meio de parceria entre a proponente, Associa\u00e7\u00e3o Brasileira de Criadores de Zebu (ABCZ), com atua\u00e7\u00e3o principal no gerenciamento da gen\u00e9tica melhoradora, criadores (ofertantes) de Zebu e o Governo de Goi\u00e1s, por meio da Ag\u00eancia Goiana de Assist\u00eancia T\u00e9cnica, Extens\u00e3o Rural e Pesquisa Agropecu\u00e1ria (Emater Goi\u00e1s), que realiza o levantamento de demandas de acordo com a necessidade dos produtores rurais, com prioridade aos pequenos e m\u00e9dios. Assim, os t\u00e9cnicos atuam esclarecendo e mobilizando esses produtores a participarem dos eventos, sendo tamb\u00e9m mediadores na comercializa\u00e7\u00e3o.<\/p>\n<p class=\"maior\"><strong>Como funciona<\/strong><\/p>\n<p>A oferta dos touros tem sido feita, preferencialmente*, atrav\u00e9s da realiza\u00e7\u00e3o de feiras comerciais, onde selecionadores (ofertantes) e pequenos e m\u00e9dios produtores rurais (compradores) s\u00e3o convidados a participar. Desta maneira, a negocia\u00e7\u00e3o \u00e9 livre e mediada pelos t\u00e9cnicos da Emater e ABCZ. Pela miss\u00e3o do programa, o pre\u00e7o sugerido para a comercializa\u00e7\u00e3o dos animais \u00e9 correspondente de 40 a 60 @ de boi gordo.<br \/>\nOs selecionadores necessitam de seguir alguns crit\u00e9rios para ofertar os touros, sendo elas:<br \/>\n\u2022 Possuir registro geneal\u00f3gico como Puros de Origem (PO);<br \/>\n\u2022 O touro necessita ter idade m\u00e1xima at\u00e9 42 (quarenta e dois) meses na data do evento, de forma a possibilitar ao pequeno e m\u00e9dio produtor rural o seu uso imediato no rebanho, aproveitando-o durante toda a sua vida \u00fatil;<br \/>\n\u2022 Possuir exame androl\u00f3gico positivo, atestando sua qualidade como reprodutor;<br \/>\n\u2022 Possuir exame negativo para brucelose e tuberculose;<br \/>\n\u2022 Peso m\u00ednimo de acordo com a ra\u00e7a, idade e regime alimentar.<br \/>\n*<font size=\"1\">A comercializa\u00e7\u00e3o dos touros pelo pr\u00f3-gen\u00e9tica no Estado de Goi\u00e1s iniciou-se em 2014 e at\u00e9 o ano de 2019 as feiras foram realizadas no formato presencial com exposi\u00e7\u00e3o de touros. A partir de 2020, em virtude da pandemia da Covid-19, a continua\u00e7\u00e3o desse projeto ser\u00e1 baseada na realiza\u00e7\u00e3o de feiras em formatos virtuais ou semi-virtuais.<\/font><\/p>\n<p class=\"maior\"><strong>Regulamento<\/strong><\/p>\n<p class=\"maior\">\n<a href=\"http:\/\/www.abcz.org.br\/abczUploads\/Arquivos\/3705.pdf\">Clique aqui para ter acesso ao Passo a Passo e Regulamento da ABCZ<\/a><\/p>\n<p>Acesse a ABCZ: <a href=\"http:\/\/www.abcz.org.br\/\">http:\/\/www.abcz.org.br\/<\/a><\/p>\n<p class=\"maior\"><strong>Demanda Pr\u00f3-Gen\u00e9tica<\/strong><\/p>\n<p class=\"maior\">\n<a href=\"https:\/\/docs.google.com\/forms\/d\/e\/1FAIpQLSddLwJqXJm0wwc6_QwMWEQMlmVJwhne_sC6vPacwTA2a2IsTQ\/viewform\">Clique aqui para ter acesso ao Formul\u00e1rio &#8220;Demanda Pr\u00f3-Gen\u00e9tica&#8221;<\/a><\/p>\n<\/div>\n<\/div>\n","protected":false},"excerpt":{"rendered":"<p>Publicado: janeiro 2021Atualizado: maio 2022 Programa de Melhoria da Qualidade Gen\u00e9tica do Rebanho Bovino O Pr\u00f3-Gen\u00e9tica \u2013 Programa de Melhoria da Qualidade Gen\u00e9tica do Rebanho Bovino \u2013 trabalha com a oferta de touros melhoradores a pre\u00e7os acess\u00edveis como meio de carrear gen\u00e9tica superior para os planteis de empreendimentos familiares rurais que atuam na produ\u00e7\u00e3o comercial [&hellip;]<\/p>\n","protected":false},"author":1,"featured_media":0,"parent":0,"menu_order":0,"comment_status":"closed","ping_status":"closed","template":"template-meta-data-filter.php","meta":{"_acf_changed":false,"footnotes":""},"class_list":["post-8021","page","type-page","status-publish","hentry"],"acf":[],"rttpg_featured_image_url":null,"rttpg_author":{"display_name":"wagner.viana","author_link":"https:\/\/goias.gov.br\/emater\/author\/wagner-viana\/"},"rttpg_comment":0,"rttpg_category":null,"rttpg_excerpt":"Publicado: janeiro 2021Atualizado: maio 2022 Programa de Melhoria da Qualidade Gen\u00e9tica do Rebanho Bovino O Pr\u00f3-Gen\u00e9tica \u2013 Programa de Melhoria da Qualidade Gen\u00e9tica do Rebanho Bovino \u2013 trabalha com a oferta de touros melhoradores a pre\u00e7os acess\u00edveis como meio de carrear gen\u00e9tica superior para os planteis de empreendimentos familiares rurais que atuam na produ\u00e7\u00e3o comercial&hellip;","_links":{"self":[{"href":"https:\/\/goias.gov.br\/emater\/wp-json\/wp\/v2\/pages\/8021","targetHints":{"allow":["GET"]}}],"collection":[{"href":"https:\/\/goias.gov.br\/emater\/wp-json\/wp\/v2\/pages"}],"about":[{"href":"https:\/\/goias.gov.br\/emater\/wp-json\/wp\/v2\/types\/page"}],"author":[{"embeddable":true,"href":"https:\/\/goias.gov.br\/emater\/wp-json\/wp\/v2\/users\/1"}],"replies":[{"embeddable":true,"href":"https:\/\/goias.gov.br\/emater\/wp-json\/wp\/v2\/comments?post=8021"}],"version-history":[{"count":0,"href":"https:\/\/goias.gov.br\/emater\/wp-json\/wp\/v2\/pages\/8021\/revisions"}],"wp:attachment":[{"href":"https:\/\/goias.gov.br\/emater\/wp-json\/wp\/v2\/media?parent=8021"}],"curies":[{"name":"wp","href":"https:\/\/api.w.org\/{rel}","templated":true}]}}