

{"id":7927,"date":"2021-01-18T11:06:26","date_gmt":"2021-01-18T14:06:26","guid":{"rendered":"https:\/\/goias.gov.br\/emater\/?page_id=7927"},"modified":"2025-11-06T17:15:09","modified_gmt":"2025-11-06T20:15:09","slug":"mudas-nativas-do-cerrado","status":"publish","type":"page","link":"https:\/\/goias.gov.br\/emater\/mudas-nativas-do-cerrado\/","title":{"rendered":"Oferta de Mudas de Esp\u00e9cies Nativas do Cerrado"},"content":{"rendered":"<div class=\"page-content\"> <!-- Deixa o texto com a cor cinza --><\/p>\n<div class=\"container\">  <!-- Deixa o texto alinhado em um container mais a dentro --><\/p>\n<div class=\"container\">\n<p align=\"right\">Publicado: jan. 2021 <br \/>\u00daltima Atualiza\u00e7\u00e3o: novembro 2025<\/p>\n<\/div>\n<div class=\"container\"> <!-- Deixa o texto alinhado em um container mais a dentro --><\/p>\n<h2>O servi\u00e7o n\u00e3o est\u00e1 dispon\u00edvel, pois, no momento, n\u00e3o h\u00e1 mudas para serem comercializadas na Emater.<\/h2>\n<\/div>\n<\/div>\n<div align=center>\n<img decoding=\"async\" src=\"https:\/\/goias.gov.br\/emater\/wp-content\/uploads\/sites\/62\/2021\/07\/MudasdeJulho.png\" alt=\"\" width=\"65%\" class=\"aligncenter size-medium wp-image-7908\" \/>\n<\/div>\n<\/div>\n","protected":false},"excerpt":{"rendered":"<p>Publicado: jan. 2021 \u00daltima Atualiza\u00e7\u00e3o: novembro 2025 O servi\u00e7o n\u00e3o est\u00e1 dispon\u00edvel, pois, no momento, n\u00e3o h\u00e1 mudas para serem comercializadas na Emater.<\/p>\n","protected":false},"author":1,"featured_media":0,"parent":0,"menu_order":0,"comment_status":"closed","ping_status":"closed","template":"","meta":{"_acf_changed":false,"footnotes":""},"class_list":["post-7927","page","type-page","status-publish","hentry"],"acf":[],"rttpg_featured_image_url":null,"rttpg_author":{"display_name":"wagner.viana","author_link":"https:\/\/goias.gov.br\/emater\/author\/wagner-viana\/"},"rttpg_comment":0,"rttpg_category":null,"rttpg_excerpt":"Publicado: jan. 2021 \u00daltima Atualiza\u00e7\u00e3o: novembro 2025 O servi\u00e7o n\u00e3o est\u00e1 dispon\u00edvel, pois, no momento, n\u00e3o h\u00e1 mudas para serem comercializadas na Emater.","_links":{"self":[{"href":"https:\/\/goias.gov.br\/emater\/wp-json\/wp\/v2\/pages\/7927","targetHints":{"allow":["GET"]}}],"collection":[{"href":"https:\/\/goias.gov.br\/emater\/wp-json\/wp\/v2\/pages"}],"about":[{"href":"https:\/\/goias.gov.br\/emater\/wp-json\/wp\/v2\/types\/page"}],"author":[{"embeddable":true,"href":"https:\/\/goias.gov.br\/emater\/wp-json\/wp\/v2\/users\/1"}],"replies":[{"embeddable":true,"href":"https:\/\/goias.gov.br\/emater\/wp-json\/wp\/v2\/comments?post=7927"}],"version-history":[{"count":1,"href":"https:\/\/goias.gov.br\/emater\/wp-json\/wp\/v2\/pages\/7927\/revisions"}],"predecessor-version":[{"id":292803,"href":"https:\/\/goias.gov.br\/emater\/wp-json\/wp\/v2\/pages\/7927\/revisions\/292803"}],"wp:attachment":[{"href":"https:\/\/goias.gov.br\/emater\/wp-json\/wp\/v2\/media?parent=7927"}],"curies":[{"name":"wp","href":"https:\/\/api.w.org\/{rel}","templated":true}]}}