

{"id":7920,"date":"2021-01-18T10:43:22","date_gmt":"2021-01-18T13:43:22","guid":{"rendered":"https:\/\/goias.gov.br\/emater\/?page_id=7920"},"modified":"2025-10-08T09:15:58","modified_gmt":"2025-10-08T12:15:58","slug":"mudas-sementes","status":"publish","type":"page","link":"https:\/\/goias.gov.br\/emater\/mudas-sementes\/","title":{"rendered":"Mudas e Sementes"},"content":{"rendered":"<div id=\"historia\" class=\"container\">\n<p align=\"right\">Publicado: janeiro 2021<\/br><br \/>\n\u00daltima Atualiza\u00e7\u00e3o: outubro 2025<\/p>\n<\/div>\n<p>O servi\u00e7o n\u00e3o est\u00e1 dispon\u00edvel, pois, no momento, n\u00e3o h\u00e1 sementes para serem comercializadas na Emater.<\/p>\n<div class=\"container\" style=\"text-align: center;\">\n<table style=\"width:100%\">\n<tr>\n<th><a href=\"https:\/\/goias.gov.br\/emater\/horto-de-plantas-bioativas-2\/\"><img fetchpriority=\"high\" decoding=\"async\" src=\"https:\/\/goias.gov.br\/emater\/wp-content\/uploads\/sites\/62\/2021\/10\/horto-de-plantas-bioativas.png\" alt=\"\" width=\"300\" height=\"221\" class=\"aligncenter size-medium wp-image-7908\" \/><\/a><\/th>\n<th><a href=\"https:\/\/goias.gov.br\/emater\/mudas-nativas-do-cerrado\/\"><img decoding=\"async\" src=\"https:\/\/goias.gov.br\/emater\/wp-content\/uploads\/sites\/62\/2021\/01\/mudas-nativas.png\" alt=\"\" width=\"300\" height=\"221\" class=\"aligncenter size-medium wp-image-7908\" \/><\/a><\/th>\n<th><a href=\"https:\/\/goias.gov.br\/emater\/sementes-melhoradas-para-plantio\/\"><img decoding=\"async\" src=\"https:\/\/goias.gov.br\/emater\/wp-content\/uploads\/sites\/62\/2021\/01\/melhoradas-plantio.png\" alt=\"\" width=\"300\" height=\"221\" class=\"aligncenter size-medium wp-image-7908\" \/><\/a><\/th>\n<\/tr>\n<th><a href=\"https:\/\/goias.gov.br\/emater\/aquisicao_mudas_de_pequi\/\"><img loading=\"lazy\" decoding=\"async\" src=\"https:\/\/goias.gov.br\/emater\/wp-content\/uploads\/sites\/62\/2022\/10\/aquisicao_de_mudas_de_pequi_quadrado.jpeg\" alt=\"\" width=\"300\" height=\"221\" class=\"aligncenter size-medium wp-image-7908\" \/><\/a><\/th>\n<th><\/th>\n<th><\/th>\n<\/tr>\n<\/table>\n<\/div>\n","protected":false},"excerpt":{"rendered":"<p>Publicado: janeiro 2021 \u00daltima Atualiza\u00e7\u00e3o: outubro 2025 O servi\u00e7o n\u00e3o est\u00e1 dispon\u00edvel, pois, no momento, n\u00e3o h\u00e1 sementes para serem comercializadas na Emater.<\/p>\n","protected":false},"author":1,"featured_media":0,"parent":0,"menu_order":0,"comment_status":"closed","ping_status":"closed","template":"","meta":{"_acf_changed":false,"footnotes":""},"class_list":["post-7920","page","type-page","status-publish","hentry"],"acf":[],"rttpg_featured_image_url":null,"rttpg_author":{"display_name":"wagner.viana","author_link":"https:\/\/goias.gov.br\/emater\/author\/wagner-viana\/"},"rttpg_comment":0,"rttpg_category":null,"rttpg_excerpt":"Publicado: janeiro 2021 \u00daltima Atualiza\u00e7\u00e3o: outubro 2025 O servi\u00e7o n\u00e3o est\u00e1 dispon\u00edvel, pois, no momento, n\u00e3o h\u00e1 sementes para serem comercializadas na Emater.","_links":{"self":[{"href":"https:\/\/goias.gov.br\/emater\/wp-json\/wp\/v2\/pages\/7920","targetHints":{"allow":["GET"]}}],"collection":[{"href":"https:\/\/goias.gov.br\/emater\/wp-json\/wp\/v2\/pages"}],"about":[{"href":"https:\/\/goias.gov.br\/emater\/wp-json\/wp\/v2\/types\/page"}],"author":[{"embeddable":true,"href":"https:\/\/goias.gov.br\/emater\/wp-json\/wp\/v2\/users\/1"}],"replies":[{"embeddable":true,"href":"https:\/\/goias.gov.br\/emater\/wp-json\/wp\/v2\/comments?post=7920"}],"version-history":[{"count":2,"href":"https:\/\/goias.gov.br\/emater\/wp-json\/wp\/v2\/pages\/7920\/revisions"}],"predecessor-version":[{"id":291261,"href":"https:\/\/goias.gov.br\/emater\/wp-json\/wp\/v2\/pages\/7920\/revisions\/291261"}],"wp:attachment":[{"href":"https:\/\/goias.gov.br\/emater\/wp-json\/wp\/v2\/media?parent=7920"}],"curies":[{"name":"wp","href":"https:\/\/api.w.org\/{rel}","templated":true}]}}