

{"id":3178,"date":"2019-06-28T11:53:49","date_gmt":"2019-06-28T14:53:49","guid":{"rendered":"https:\/\/goias.gov.br\/emater\/?page_id=3178"},"modified":"2023-02-07T15:16:41","modified_gmt":"2023-02-07T18:16:41","slug":"mudas-e-sementes","status":"publish","type":"page","link":"https:\/\/goias.gov.br\/emater\/mudas-e-sementes\/","title":{"rendered":"Tecnologia para Inova\u00e7\u00e3o no Campo: Sementes com alto padr\u00e3o de qualidade para os Empreendedores Rurais"},"content":{"rendered":"<div class=\"page-content\"> <!-- Deixa o texto com a cor cinza --><\/p>\n<div class=\"container\">  <!-- Deixa o texto alinhado em um container mais a dentro --><\/p>\n<div id=\"historia\" class=\"container\">\n<p align=\"right\">Publicado: novembro 2020<\/br><br \/>\n\u00daltima Atualiza\u00e7\u00e3o: Fevereiro 2023<\/p>\n<\/div>\n<div id=\"historia\" class=\"container\"> <!-- Deixa o texto alinhado em um container mais a dentro --><\/p>\n<h2>Tecnologia para Inova\u00e7\u00e3o no Campo: Sementes com alto padr\u00e3o de qualidade para os Empreendedores Rurais<\/h2>\n<p class=\"maior col-md-pre-wrap\" align=\"justify\">O Estado de Goi\u00e1s figura entre os maiores produtores de gr\u00e3os em n\u00edvel nacional e compete \u00e0 Ag\u00eancia EMATER a execu\u00e7\u00e3o da Pol\u00edtica Estadual de Assist\u00eancia T\u00e9cnica, Extens\u00e3o Rural, Pesquisa Agropecu\u00e1ria no desenvolvimento rural sustent\u00e1vel, atendendo prioritariamente a agricultura familiar do estado de Goi\u00e1s. Essa agricultura familiar \u00e9 muito diversificada em produ\u00e7\u00e3o e corresponde a 63% do total das propriedades goianas.<\/p>\n<p class=\"maior col-md-pre-wrap\" align=\"justify\">Consciente de que um dos problemas associados \u00e0 baixa produtividade do cultivo de milho na pequena propriedade \u00e9 o baixo uso de sementes de boa qualidade, pela baixa assimila\u00e7\u00e3o de tecnologias e uso de gr\u00e3o pr\u00f3prio, a EMATER se prop\u00f4s a ofertar essa tecnologia que assegura alto padr\u00e3o de qualidade f\u00edsica, fisiol\u00f3gica e sanit\u00e1ria, com precifica\u00e7\u00e3o competitiva por considerar a rela\u00e7\u00e3o com custo de produ\u00e7\u00e3o, ofertando assim sementes com pre\u00e7o inferior ao mercado.<\/p>\n<p class=\"maior col-md-pre-wrap\" align=\"justify\">Assim, desde a d\u00e9cada de 80, a EMATER instituiu o servi\u00e7o de produ\u00e7\u00e3o de sementes, pois contribuiria no processo evolutivo de desenvolvimento pela oferta dessa tecnologia, com aplicabilidade pr\u00e1tica e direta, nas propriedades rurais de Goi\u00e1s.<\/p>\n<p class=\"maior col-md-pre-wrap\" align=\"justify\">Como o milho apresenta grande destaque no sistema produtivo de Goi\u00e1s e o mercado est\u00e1 dominado por empresas multinacionais, esse produto tem se tornado de dif\u00edcil acesso pelos pequenos e m\u00e9dios produtores, devido \u00e0 suas condi\u00e7\u00f5es econ\u00f4micas. Nesse contexto a EMATER tem colocado esfor\u00e7o na produ\u00e7\u00e3o de sementes de milho do tipo varietal, como excelente op\u00e7\u00e3o de cultivo para esses agricultores.<\/p>\n<p class=\"maior col-md-pre-wrap\" align=\"justify\">Desta forma, o acesso do produtor a essa tecnologia, \u201csemente com alto padr\u00e3o de qualidade\u201d, a pre\u00e7o inferior ao praticado no mercado, minimiza a perda na produ\u00e7\u00e3o com aumento da produtividade, tendo como consequ\u00eancia um aumento de renda e qualidade de vida dessas fam\u00edlias no meio rural.<\/p>\n<p class=\"maior col-md-pre-wrap\" align=\"justify\">Ao mesmo tempo, a EMATER cumpre sua miss\u00e3o com transpar\u00eancia, na utiliza\u00e7\u00e3o dos recursos p\u00fablicos, ao mostrar a distribui\u00e7\u00e3o das sementes produzidas para os agricultores nos munic\u00edpios goianos, refletindo a \u00e1rea plantada pela ado\u00e7\u00e3o desta tecnologia.\u200b<\/p>\n<table>\n<tr>\n<td align=center><a href=\"https:\/\/goias.gov.br\/emater\/wp-content\/uploads\/sites\/62\/2023\/02\/infografico-safra-2021-2022.png\"><img decoding=\"async\" src=\"https:\/\/goias.gov.br\/emater\/wp-content\/uploads\/sites\/62\/2023\/02\/infografico-safra-2021-2022.png\" width=\"98%\"  \/><\/a><\/td>\n<\/tr>\n<\/table>\n<p class=\"maior col-md-pre-wrap\" align=\"right\"><a href=\"https:\/\/www.facebook.com\/ematergoias\" target=\"_blank\" rel=\"noopener noreferrer\"><i class=\"fa fa-facebook-official\" aria-hidden=\"true\" style=\"font-size: 15px; color: black; padding: 0 3px;\"> <\/i><\/a> <a href=\"https:\/\/www.youtube.com\/channel\/UC18XGUxPslfpM2qXJfQOP7Q\" target=\"_blank\" rel=\"noopener noreferrer\"><i class=\"fa fa-youtube-play\" aria-hidden=\"true\" style=\"font-size: 15px; color: black; padding: 0 3px;\"> <\/i><\/a> <a href=\"https:\/\/instagram.com\/ematergoias?igshid=11e6ph9ei7zau\" target=\"_blank\" rel=\"noopener noreferrer\"><i  aria-hidden=\"true\" class=\"fa fa-instagram\" style=\"font-size: 15px; color: black; padding: 0 3px;\"> <\/i><\/a> <a href=\"https:\/\/twitter.com\/EmaterGoias\" target=\"_blank\" rel=\"noopener noreferrer\"><i  aria-hidden=\"true\" class=\"fa fa-twitter-square\" style=\"font-size: 15px; color: black; padding: 0 3px;\"> <\/i><\/a><\/p>\n<\/div>\n<\/div>\n","protected":false},"excerpt":{"rendered":"<p>Publicado: novembro 2020 \u00daltima Atualiza\u00e7\u00e3o: Fevereiro 2023 Tecnologia para Inova\u00e7\u00e3o no Campo: Sementes com alto padr\u00e3o de qualidade para os Empreendedores Rurais O Estado de Goi\u00e1s figura entre os maiores produtores de gr\u00e3os em n\u00edvel nacional e compete \u00e0 Ag\u00eancia EMATER a execu\u00e7\u00e3o da Pol\u00edtica Estadual de Assist\u00eancia T\u00e9cnica, Extens\u00e3o Rural, Pesquisa Agropecu\u00e1ria no desenvolvimento [&hellip;]<\/p>\n","protected":false},"author":1,"featured_media":0,"parent":0,"menu_order":0,"comment_status":"closed","ping_status":"closed","template":"template-meta-data-filter.php","meta":{"_acf_changed":false,"footnotes":""},"class_list":["post-3178","page","type-page","status-publish","hentry"],"acf":[],"rttpg_featured_image_url":null,"rttpg_author":{"display_name":"wagner.viana","author_link":"https:\/\/goias.gov.br\/emater\/author\/wagner-viana\/"},"rttpg_comment":0,"rttpg_category":null,"rttpg_excerpt":"Publicado: novembro 2020 \u00daltima Atualiza\u00e7\u00e3o: Fevereiro 2023 Tecnologia para Inova\u00e7\u00e3o no Campo: Sementes com alto padr\u00e3o de qualidade para os Empreendedores Rurais O Estado de Goi\u00e1s figura entre os maiores produtores de gr\u00e3os em n\u00edvel nacional e compete \u00e0 Ag\u00eancia EMATER a execu\u00e7\u00e3o da Pol\u00edtica Estadual de Assist\u00eancia T\u00e9cnica, Extens\u00e3o Rural, Pesquisa Agropecu\u00e1ria no desenvolvimento&hellip;","_links":{"self":[{"href":"https:\/\/goias.gov.br\/emater\/wp-json\/wp\/v2\/pages\/3178","targetHints":{"allow":["GET"]}}],"collection":[{"href":"https:\/\/goias.gov.br\/emater\/wp-json\/wp\/v2\/pages"}],"about":[{"href":"https:\/\/goias.gov.br\/emater\/wp-json\/wp\/v2\/types\/page"}],"author":[{"embeddable":true,"href":"https:\/\/goias.gov.br\/emater\/wp-json\/wp\/v2\/users\/1"}],"replies":[{"embeddable":true,"href":"https:\/\/goias.gov.br\/emater\/wp-json\/wp\/v2\/comments?post=3178"}],"version-history":[{"count":0,"href":"https:\/\/goias.gov.br\/emater\/wp-json\/wp\/v2\/pages\/3178\/revisions"}],"wp:attachment":[{"href":"https:\/\/goias.gov.br\/emater\/wp-json\/wp\/v2\/media?parent=3178"}],"curies":[{"name":"wp","href":"https:\/\/api.w.org\/{rel}","templated":true}]}}