

{"id":293845,"date":"2026-02-10T10:35:58","date_gmt":"2026-02-10T13:35:58","guid":{"rendered":"https:\/\/goias.gov.br\/emater\/?page_id=293845"},"modified":"2026-02-10T10:59:05","modified_gmt":"2026-02-10T13:59:05","slug":"aviso-de-licitacao-2026","status":"publish","type":"page","link":"https:\/\/goias.gov.br\/emater\/aviso-de-licitacao-2026\/","title":{"rendered":"Aviso de Licita\u00e7\u00e3o &#8211; 2026"},"content":{"rendered":"<div class=\"page-content\"> <!-- Deixa o texto com a cor cinza --><\/p>\n<div class=\"container\">  <!-- Deixa o texto alinhado em um container mais a dentro --><\/p>\n<div id=\"historia\" class=\"container\">\n<p align=\"right\">Publicado: Fevereiro 2026<\/br>Atualizado: Fevereiro 2026<\/p>\n<\/div>\n<div id=\"historia\" class=\"container\"> <!-- Deixa o texto alinhado em um container mais a dentro --><\/p>\n<h2>Aviso de Licita\u00e7\u00e3o &#8211; 2026<\/h2>\n<div class=\"body\">\n<p style=\"text-align: center;\"><strong>PREG\u00c3O ELETR\u00d4NICO &#8211; PE N\u00ba 42\/2025 \u2013 EMATER PROCESSO N\u00b0 202500005023907<\/strong>  <\/p>\n<p style=\"text-align: justify;\"><strong>Data de Abertura:<\/strong> 27\/02\/2026.<\/p>\n<p><!-- \n\n<p style=\"text-align: justify;\"><strong>In\u00edcio da Sess\u00e3o P\u00fablica e da fase de lances: <\/strong> <\/p>\n\n --><\/p>\n<p style=\"text-align: justify;\"><strong>Objeto:<\/strong> Equipamentos para cumprimento das metas do Conv\u00eanio 969270\/2024 MDA <\/p>\n<p style=\"text-align: justify;\"><strong>Tipo:<\/strong> MENOR PRE\u00c7O (POR ITEM)<\/p>\n<p style=\"text-align: justify;\"><strong>Tipo de Execu\u00e7\u00e3o: <\/strong> PREG\u00c3O ELETR\u00d4NICO<\/p>\n<p style=\"text-align: justify;\"><strong>Processo:<\/strong> 202500005023907<\/p>\n<p><!-- \n\n<p style=\"text-align: justify;\"><a href=\"\" target=\"_blank\">Termo de Refer\u00eancia<\/a><\/p>\n\n --><\/p>\n<p style=\"text-align: justify;\"><a href=\"https:\/\/goias.gov.br\/emater\/wp-content\/uploads\/sites\/62\/2026\/02\/PE-42-2025.pdf\" target=\"_blank\">Aviso de Licita\u00e7\u00e3o<\/a><\/p>\n<hr \/>\n<p style=\"text-align: center;\"><strong>PREG\u00c3O ELETR\u00d4NICO &#8211; PE N\u00ba 1411\/2025 \u2013 EMATER PROCESSO N\u00b0 202400005003079<\/strong>  <\/p>\n<p style=\"text-align: justify;\"><strong>Data de Abertura:<\/strong> 26\/02\/2026.<\/p>\n<p><!-- \n\n<p style=\"text-align: justify;\"><strong>In\u00edcio da Sess\u00e3o P\u00fablica e da fase de lances: <\/strong> <\/p>\n\n --><\/p>\n<p style=\"text-align: justify;\"><strong>Objeto:<\/strong> Aquisi\u00e7\u00e3o de Equipamentos de Inform\u00e1tica para modernizar a estrutura das Unidades Locais da EMATER ap\u00f3s realiza\u00e7\u00e3o do Processo Seletivo Simplificado 004\/2022 para contrata\u00e7\u00e3o tempor\u00e1ria de 120 (cento e vinte) T\u00e9cnicos Agr\u00edcolas para atendimento das Metas do Conv\u00eanio 942858\/2023 celebrado com o Minist\u00e9rio do Desenvolvimento Agr\u00e1rio e Agricultura Familiar, com fundamento legal na Portaria Conjunta MGI\/MF\/CGU n\u00ba 33 de 30 de agosto de 2023. <\/p>\n<p style=\"text-align: justify;\"><strong>Tipo:<\/strong> MENOR PRE\u00c7O (POR ITEM)<\/p>\n<p style=\"text-align: justify;\"><strong>Tipo de Execu\u00e7\u00e3o: <\/strong> PREG\u00c3O ELETR\u00d4NICO<\/p>\n<p style=\"text-align: justify;\"><strong>Processo:<\/strong> 202400005003079<\/p>\n<p><!-- \n\n<p style=\"text-align: justify;\"><a href=\"\" target=\"_blank\">Termo de Refer\u00eancia<\/a><\/p>\n\n --><\/p>\n<p style=\"text-align: justify;\"><a href=\"https:\/\/goias.gov.br\/emater\/wp-content\/uploads\/sites\/62\/2026\/02\/PE-1411-2025.pdf\" target=\"_blank\">Aviso de Licita\u00e7\u00e3o<\/a><\/p>\n<hr \/>\n<\/div>\n<\/div>\n<\/div>\n","protected":false},"excerpt":{"rendered":"<p>Publicado: Fevereiro 2026Atualizado: Fevereiro 2026 Aviso de Licita\u00e7\u00e3o &#8211; 2026 PREG\u00c3O ELETR\u00d4NICO &#8211; PE N\u00ba 42\/2025 \u2013 EMATER PROCESSO N\u00b0 202500005023907 Data de Abertura: 27\/02\/2026. Objeto: Equipamentos para cumprimento das metas do Conv\u00eanio 969270\/2024 MDA Tipo: MENOR PRE\u00c7O (POR ITEM) Tipo de Execu\u00e7\u00e3o: PREG\u00c3O ELETR\u00d4NICO Processo: 202500005023907 Aviso de Licita\u00e7\u00e3o PREG\u00c3O ELETR\u00d4NICO &#8211; PE N\u00ba [&hellip;]<\/p>\n","protected":false},"author":699,"featured_media":0,"parent":0,"menu_order":0,"comment_status":"closed","ping_status":"closed","template":"wppb_theme_template","meta":{"_acf_changed":false,"footnotes":""},"class_list":["post-293845","page","type-page","status-publish","hentry"],"acf":[],"rttpg_featured_image_url":null,"rttpg_author":{"display_name":"leticiacarvalho","author_link":"https:\/\/goias.gov.br\/emater\/author\/leticiacarvalho\/"},"rttpg_comment":0,"rttpg_category":null,"rttpg_excerpt":"Publicado: Fevereiro 2026Atualizado: Fevereiro 2026 Aviso de Licita\u00e7\u00e3o &#8211; 2026 PREG\u00c3O ELETR\u00d4NICO &#8211; PE N\u00ba 42\/2025 \u2013 EMATER PROCESSO N\u00b0 202500005023907 Data de Abertura: 27\/02\/2026. Objeto: Equipamentos para cumprimento das metas do Conv\u00eanio 969270\/2024 MDA Tipo: MENOR PRE\u00c7O (POR ITEM) Tipo de Execu\u00e7\u00e3o: PREG\u00c3O ELETR\u00d4NICO Processo: 202500005023907 Aviso de Licita\u00e7\u00e3o PREG\u00c3O ELETR\u00d4NICO &#8211; PE N\u00ba&hellip;","_links":{"self":[{"href":"https:\/\/goias.gov.br\/emater\/wp-json\/wp\/v2\/pages\/293845","targetHints":{"allow":["GET"]}}],"collection":[{"href":"https:\/\/goias.gov.br\/emater\/wp-json\/wp\/v2\/pages"}],"about":[{"href":"https:\/\/goias.gov.br\/emater\/wp-json\/wp\/v2\/types\/page"}],"author":[{"embeddable":true,"href":"https:\/\/goias.gov.br\/emater\/wp-json\/wp\/v2\/users\/699"}],"replies":[{"embeddable":true,"href":"https:\/\/goias.gov.br\/emater\/wp-json\/wp\/v2\/comments?post=293845"}],"version-history":[{"count":3,"href":"https:\/\/goias.gov.br\/emater\/wp-json\/wp\/v2\/pages\/293845\/revisions"}],"predecessor-version":[{"id":293879,"href":"https:\/\/goias.gov.br\/emater\/wp-json\/wp\/v2\/pages\/293845\/revisions\/293879"}],"wp:attachment":[{"href":"https:\/\/goias.gov.br\/emater\/wp-json\/wp\/v2\/media?parent=293845"}],"curies":[{"name":"wp","href":"https:\/\/api.w.org\/{rel}","templated":true}]}}