

{"id":290948,"date":"2025-10-01T10:36:09","date_gmt":"2025-10-01T13:36:09","guid":{"rendered":"https:\/\/goias.gov.br\/emater\/agenda-de-autoridades\/"},"modified":"2026-04-22T02:00:40","modified_gmt":"2026-04-22T05:00:40","slug":"agenda-de-autoridades","status":"publish","type":"page","link":"https:\/\/goias.gov.br\/emater\/agenda-de-autoridades\/","title":{"rendered":"Agenda de Autoridades"},"content":{"rendered":"<p><strong style='margin-block-end: -1.8rem'><a href='https:\/\/goias.gov.br\/emater\/presidente\/'>Presidente<\/a><\/strong><br \/>RAFAEL MAGALHAES DE GOUVEIA<\/p>\n<p><strong style='margin-block-end: -1.8rem'><a href='https:\/\/goias.gov.br\/emater\/chefe-de-gabinete\/'>Chefe de Gabinete<\/a><\/strong><br \/>EDILSON GOMES DA SILVA ALENCAR<\/p>\n<p><strong style='margin-block-end: -1.8rem'><a href='https:\/\/goias.gov.br\/emater\/diretor-de-gestao-integrada\/'>Diretor de Gest\u00e3o Integrada<\/a><\/strong><br \/>IGOR RICARDO SILVA CAVALCANTE<\/p>\n<p><strong style='margin-block-end: -1.8rem'><a href='https:\/\/goias.gov.br\/emater\/diretor-de-assistencia-tecnica-e-extensao-rural\/'>Diretor de Assist\u00eancia T\u00e9cnica e Extens\u00e3o Rural<\/a><\/strong><br \/>KIN CARLOS GOMIDES<\/p>\n<p><strong style='margin-block-end: -1.8rem'><a href='https:\/\/goias.gov.br\/emater\/diretor-de-pesquisa-agropecuaria\/'>Diretor de Pesquisa Agropecu\u00e1ria<\/a><\/strong><br \/>SERGIO PAULO COELHO<\/p>\n<p><strong style='margin-block-end: -1.8rem'><a href='https:\/\/goias.gov.br\/emater\/chefe-de-comunicacao-setorial\/'>Chefe de Comunica\u00e7\u00e3o Setorial<\/a><\/strong><br \/>ELZENUBIA MOREIRA DA SILVA<\/p>\n<p><strong style='margin-block-end: -1.8rem'><a href='https:\/\/goias.gov.br\/emater\/chefe-da-procuradoria-setorial\/'>Chefe da Procuradoria Setorial<\/a><\/strong><br \/>WELBER FERREIRA DA FONSECA<\/p>\n","protected":false},"excerpt":{"rendered":"<p>PresidenteRAFAEL MAGALHAES DE GOUVEIA Chefe de GabineteEDILSON GOMES DA SILVA ALENCAR Diretor de Gest\u00e3o IntegradaIGOR RICARDO SILVA CAVALCANTE Diretor de Assist\u00eancia T\u00e9cnica e Extens\u00e3o RuralKIN CARLOS GOMIDES Diretor de Pesquisa Agropecu\u00e1riaSERGIO PAULO COELHO Chefe de Comunica\u00e7\u00e3o SetorialELZENUBIA MOREIRA DA SILVA Chefe da Procuradoria SetorialWELBER FERREIRA DA FONSECA<\/p>\n","protected":false},"author":699,"featured_media":0,"parent":0,"menu_order":0,"comment_status":"closed","ping_status":"closed","template":"","meta":{"_acf_changed":false,"footnotes":""},"class_list":["post-290948","page","type-page","status-publish","hentry"],"acf":[],"rttpg_featured_image_url":null,"rttpg_author":{"display_name":"leticiacarvalho","author_link":"https:\/\/goias.gov.br\/emater\/author\/leticiacarvalho\/"},"rttpg_comment":0,"rttpg_category":null,"rttpg_excerpt":"PresidenteRAFAEL MAGALHAES DE GOUVEIA Chefe de GabineteEDILSON GOMES DA SILVA ALENCAR Diretor de Gest\u00e3o IntegradaIGOR RICARDO SILVA CAVALCANTE Diretor de Assist\u00eancia T\u00e9cnica e Extens\u00e3o RuralKIN CARLOS GOMIDES Diretor de Pesquisa Agropecu\u00e1riaSERGIO PAULO COELHO Chefe de Comunica\u00e7\u00e3o SetorialELZENUBIA MOREIRA DA SILVA Chefe da Procuradoria SetorialWELBER FERREIRA DA FONSECA","_links":{"self":[{"href":"https:\/\/goias.gov.br\/emater\/wp-json\/wp\/v2\/pages\/290948","targetHints":{"allow":["GET"]}}],"collection":[{"href":"https:\/\/goias.gov.br\/emater\/wp-json\/wp\/v2\/pages"}],"about":[{"href":"https:\/\/goias.gov.br\/emater\/wp-json\/wp\/v2\/types\/page"}],"author":[{"embeddable":true,"href":"https:\/\/goias.gov.br\/emater\/wp-json\/wp\/v2\/users\/699"}],"replies":[{"embeddable":true,"href":"https:\/\/goias.gov.br\/emater\/wp-json\/wp\/v2\/comments?post=290948"}],"version-history":[{"count":2,"href":"https:\/\/goias.gov.br\/emater\/wp-json\/wp\/v2\/pages\/290948\/revisions"}],"predecessor-version":[{"id":297087,"href":"https:\/\/goias.gov.br\/emater\/wp-json\/wp\/v2\/pages\/290948\/revisions\/297087"}],"wp:attachment":[{"href":"https:\/\/goias.gov.br\/emater\/wp-json\/wp\/v2\/media?parent=290948"}],"curies":[{"name":"wp","href":"https:\/\/api.w.org\/{rel}","templated":true}]}}