

{"id":273643,"date":"2025-04-15T14:14:19","date_gmt":"2025-04-15T17:14:19","guid":{"rendered":"https:\/\/goias.gov.br\/emater\/?page_id=273643"},"modified":"2025-08-28T16:23:24","modified_gmt":"2025-08-28T19:23:24","slug":"mapa-do-site","status":"publish","type":"page","link":"https:\/\/goias.gov.br\/emater\/mapa-do-site\/","title":{"rendered":"Mapa do Site"},"content":{"rendered":"<div id=\"custom-sitemap\" class=\"sitemap-container\"><div class='sitemap-group'><h3>A<\/h3><ul><li><a href='https:\/\/goias.gov.br\/emater\/agenda-de-autoridades\/' target='_blank'>AGENDA DE AUTORIDADES<\/a><\/li><li><a href='https:\/\/goias.gov.br\/emater\/agrocolegio\/' target='_blank'>AGROCOL\u00c9GIO<\/a><\/li><li><a href='https:\/\/goias.gov.br\/emater\/programa-agroecologia\/' target='_blank'>AGROECOLOGIA<\/a><\/li><li><a href='https:\/\/goias.gov.br\/emater\/arranjo-produtivo-local-apl\/' target='_blank'>APOIO AOS ARRANJO PRODUTIVOS LOCAIS<\/a><\/li><li><a href='https:\/\/goias.gov.br\/emater\/programa-aconchego-rural\/' target='_blank'>ACONCHEGO RURAL<\/a><\/li><li><a href='https:\/\/goias.gov.br\/emater\/acesso-a-informacao\/' target='_blank'>ACESSO \u00c0 INFORMA\u00c7\u00c3O<\/a><\/li><li><a href='https:\/\/portal.al.go.leg.br\/' target='_blank'>ASSEMBLEIA LEGISLATIVA DO ESTADO DE GOI\u00c1S<\/a><\/li><li><a href='https:\/\/goias.gov.br\/emater\/agenda-de-autoridades\/' target='_blank'>AGENDA DE AUTORIDADES<\/a><\/li><li><a href='https:\/\/goias.gov.br\/emater\/acordos-sem-transferencia-de-recursos\/' target='_blank'>ACORDOS SEM TRANSFER\u00caNCIA DE RECURSOS<\/a><\/li><li><a href='https:\/\/goias.gov.br\/emater\/autoridade-de-monitoramento-da-lei\/' target='_blank'>AUTORIDADE DE MONITORAMENTO DE APLICA\u00c7\u00c3O DA LAI<\/a><\/li><li><a href='https:\/\/goias.gov.br\/emater\/audiencias-publicas\/' target='_blank'>AUDI\u00caNCIAS P\u00daBLICAS<\/a><\/li><\/ul><\/div><div class='sitemap-group'><h3>B<\/h3><ul><li><a href='https:\/\/goias.gov.br\/emater\/programa-bovinocultura-sustentavel\/' target='_blank'>BOVINOCULTURA SUSTENT\u00c1VEL<\/a><\/li><li><a href='https:\/\/goias.gov.br\/emater\/wp-content\/uploads\/sites\/62\/2025\/08\/RELATORIO-DE-BENS-PERMANENTE.pdf' target='_blank'>BENS M\u00d3VEIS<\/a><\/li><li><a href='https:\/\/www.transparencia.go.gov.br\/wp-content\/uploads\/sites\/2\/painel\/lai.php?painel=bens_imoveis&orgao=emater' target='_blank'>BENS IM\u00d3VEIS<\/a><\/li><li><a href='https:\/\/goias.gov.br\/economia\/prestacao-de-contas-de-governo\/' target='_blank'>BALAN\u00c7O GERAL DO ESTADO<\/a><\/li><\/ul><\/div><div class='sitemap-group'><h3>C<\/h3><ul><li><a href='https:\/\/www.go.gov.br\/servicos\/servicos-por-orgao\/agencia-goiana-de-assistencia-tecnica-extensao-rural-e-pesquisa-agropecuaria' target='_blank'>CARTA DE SERVI\u00c7OS<\/a><\/li><li><a href='https:\/\/goias.gov.br\/emater\/programa-credito-social\/' target='_blank'>CR\u00c9DITO SOCIAL<\/a><\/li><li><a href='https:\/\/goias.gov.br\/emater\/credito-rural\/' target='_blank'>CR\u00c9DITO RURAL<\/a><\/li><li><a href='https:\/\/goias.gov.br\/emater\/canais-de-atendimento\/' target='_blank'>CONTATOS<\/a><\/li><li><a href='https:\/\/legisla.casacivil.go.gov.br\/pesquisa_legislacao\/103904\/decreto-9837' target='_blank'>C\u00d3DIGO DE \u00c9TICA<\/a><\/li><li><a href='https:\/\/goias.gov.br\/controladoria' target='_blank'>CONTROLADORIA-GERAL DO ESTADO DE GOI\u00c1S<\/a><\/li><li><a href='https:\/\/goias.gov.br\/governo\/cadastro-de-autoridade\/' target='_blank'>CADASTRO DE AUTORIDADES<\/a><\/li><li><a href='https:\/\/goias.gov.br\/emater\/conselhos\/' target='_blank'>CONSELHOS<\/a><\/li><li><a href='https:\/\/goias.gov.br\/emater\/wp-content\/uploads\/sites\/62\/2025\/06\/codigo-de-etica-e-conduta-da-emater-go.pdf' target='_blank'>C\u00d3DIGO DE \u00c9TICA E CONDUTA DA EMATER<\/a><\/li><li><a href='https:\/\/legisla.casacivil.go.gov.br\/pesquisa_legislacao\/108525\/lei-22555' target='_blank'>CRIA\u00c7\u00c3O DO AGROCOL\u00c9GIO<\/a><\/li><li><a href='https:\/\/goias.gov.br\/emater\/convenios-recebidos\/' target='_blank'>CONV\u00caNIOS RECEBIDOS<\/a><\/li><li><a href='https:\/\/goias.gov.br\/emater\/convenios-concedidos\/' target='_blank'>CONV\u00caNIOS CONCEDIDOS<\/a><\/li><li><a href='http:\/\/www.comprasnet.go.gov.br\/' target='_blank'>COMPRASNET<\/a><\/li><li><a href='http:\/\/www.transparencia.go.gov.br\/lai.php?painel=contratos_detalhamento&orgao=emater' target='_blank'>CONTRATOS<\/a><\/li><li><a href='https:\/\/www.transparencia.go.gov.br\/wp-content\/uploads\/sites\/2\/painel\/lai.php?painel=contratos_emergenciais&orgao=emater' target='_blank'>CONTRATOS EMERGENCIAIS<\/a><\/li><li><a href='https:\/\/goias.gov.br\/emater\/contratos-de-locacao-de-imoveis\/' target='_blank'>CONTRATOS DE LOCA\u00c7\u00c3O DE IM\u00d3VEIS<\/a><\/li><li><a href='https:\/\/goias.gov.br\/emater\/classificacao-das-informacoes-sigilosas\/' target='_blank'>CLASSIFICA\u00c7\u00c3O DAS INFORMA\u00c7\u00d5ES SIGILOSAS<\/a><\/li><li><a href='https:\/\/goias.gov.br\/emater\/consultas-publicas\/' target='_blank'>CONSULTAS P\u00daBLICAS<\/a><\/li><\/ul><\/div><div class='sitemap-group'><h3>D<\/h3><ul><li><a href='https:\/\/dadosabertos.go.gov.br\/' target='_blank'>DADOS ABERTOS<\/a><\/li><li><a href='https:\/\/www.go.gov.br\/servicos-digitais\/cge\/nova-ouvidoria\/nova-manifestacao\/tela-negativo' target='_blank'>DENUNCIAS CONTRA CORRUP\u00c7\u00c3O<\/a><\/li><li><a href='http:\/\/diariooficial.abc.go.gov.br\/' target='_blank'>DI\u00c1RIO OFICIAL<\/a><\/li><li><a href='https:\/\/dadosabertos.go.gov.br\/' target='_blank'>DADOS ABERTOS GOI\u00c1S<\/a><\/li><li><a href='https:\/\/goias.gov.br\/emater\/doacoes\/' target='_blank'>DOA\u00c7\u00d5ES<\/a><\/li><li><a href='http:\/\/www.transparencia.go.gov.br\/lai.php?painel=diarias&orgao=emater' target='_blank'>DI\u00c1RIAS<\/a><\/li><\/ul><\/div><div class='sitemap-group'><h3>E<\/h3><ul><li><a href='https:\/\/www.go.gov.br\/servicos-digitais\/cge\/nova-ouvidoria\/nova-manifestacao?orgao=12' target='_blank'>E-SIC<\/a><\/li><li><a href='https:\/\/www.go.gov.br\/servicos-digitais\/cge\/nova-ouvidoria\/nova-manifestacao?orgao=12' target='_blank'>E-SIC \u2013 SERVI\u00c7O ELETR\u00d4NICO DE INFORMA\u00c7\u00c3O AO CIDAD\u00c3O<\/a><\/li><li><a href='https:\/\/www.go.gov.br\/' target='_blank'>EXPRESSO GOI\u00c1S<\/a><\/li><li><a href='https:\/\/portal.go.gov.br\/' target='_blank'>EXPRESSO APLICA\u00c7\u00d5ES<\/a><\/li><li><a href='https:\/\/www.go.gov.br\/' target='_blank'>EXPRESSO SERVIDOR<\/a><\/li><li><a href='https:\/\/goias.gov.br\/escoladegoverno\/' target='_blank'>ESCOLA DE GOVERNO<\/a><\/li><li><a href='https:\/\/outlook.office.com\/mail\/' target='_blank'>E-MAIL CORPORATIVO<\/a><\/li><li><a href='https:\/\/goias.gov.br\/administracao\/ema-1\/' target='_blank'>ESTRUTURA ORGANIZACIONAL<\/a><\/li><li><a href='https:\/\/goias.gov.br\/emater\/telefones-enderecos-email-horarios-de-atendimento\/' target='_blank'>ENDERE\u00c7OS, TELEFONES, E-MAILS E HOR\u00c1RIOS DE ATENDIMENTO<\/a><\/li><li><a href='http:\/\/www.transparencia.go.gov.br\/lai.php?painel=empenhos&orgao=emater' target='_blank'>EMPENHOS E PAGAMENTOS<\/a><\/li><li><a href='http:\/\/www.transparencia.go.gov.br\/lai.php?painel=execucao_orcamentaria_visao_geral&orgao=emater' target='_blank'>EXECU\u00c7\u00c3O OR\u00c7AMENT\u00c1RIA<\/a><\/li><li><a href='https:\/\/goias.gov.br\/emater\/emendas-parlamentares-de-goias\/' target='_blank'>EMENDAS PARLAMENTARES ESTADUAIS<\/a><\/li><li><a href='https:\/\/goias.gov.br\/emater\/emendas-parlamentares-federais\/' target='_blank'>EMENDAS PARLAMENTARES FEDERAIS<\/a><\/li><li><a href='https:\/\/www.go.gov.br\/servicos-digitais\/cge\/nova-ouvidoria\/nova-manifestacao?orgao=12' target='_blank'>E-SIC ELETR\u00d4NICO<\/a><\/li><li><a href='https:\/\/goias.gov.br\/emater\/lei-geral-de-protecao-de-dados\/' target='_blank'>ENCARREGADO PELO TRATAMENTO DOS DADOS PESSOAIS<\/a><\/li><\/ul><\/div><div class='sitemap-group'><h3>F<\/h3><ul><li><a href='https:\/\/goias.gov.br\/emater\/programa-fomento-rural\/' target='_blank'>FOMENTO RURAL<\/a><\/li><li><a href='https:\/\/goias.gov.br\/emater\/canais-de-atendimento\/' target='_blank'>FALE CONOSCO<\/a><\/li><li><a href='http:\/\/www.transparencia.go.gov.br\/lai.php?painel=folha_de_pagamento_salarios_de_servidores_ativos&orgao=emater' target='_blank'>FOLHA DE PAGAMENTO<\/a><\/li><\/ul><\/div><div class='sitemap-group'><h3>G<\/h3><ul><li><a href='https:\/\/goias.gov.br\/emater\/programa-gestao-de-solo-e-agua\/' target='_blank'>GEST\u00c3O DE SOLO E \u00c1GUA<\/a><\/li><li><a href='https:\/\/www.gov.br\/' target='_blank'>GOVERNO FEDERAL<\/a><\/li><li><a href='http:\/\/www.transparencia.go.gov.br\/' target='_blank'>GOI\u00c1S TRANSPAR\u00caNCIA<\/a><\/li><li><a href='http:\/\/www.transparencia.go.gov.br\/lai.php?painel=gastos_governamentais&orgao=emater' target='_blank'>GASTOS GOVERNAMENTAIS<\/a><\/li><li><a href='http:\/\/www.transparencia.go.gov.br\/lai.php?painel=publicidade_propaganda&orgao=emater' target='_blank'>GASTOS\u00a0EM PUBLICIDADE E PROPAGANDA<\/a><\/li><\/ul><\/div><div class='sitemap-group'><h3>I<\/h3><ul><li><a href='https:\/\/goias.gov.br\/emater\/institucional\/' target='_blank'>INSTITUCIONAL<\/a><\/li><li><a href='https:\/\/goias.gov.br\/emater\/programa-indicacao-geografica-e-marca-coletiva\/' target='_blank'>INDICA\u00c7\u00c3O GEOGR\u00c1FICA E MARCA COLETIVA<\/a><\/li><li><a href='\/emater\/biblioteca-virtual\/?tipos_materiais=informativos' target='_blank'>INSTITUCIONAIS<\/a><\/li><li><a href='https:\/\/www.transparencia.go.gov.br\/wp-content\/uploads\/sites\/2\/painel\/lai.php?painel=pda&orgao=emater\/' target='_blank'>INVENT\u00c1RIO DE DADOS<\/a><\/li><\/ul><\/div><div class='sitemap-group'><h3>J<\/h3><ul><li><a href='https:\/\/goias.gov.br\/emater\/julgamento-das-contas-pelo-tce-go\/' target='_blank'>JULGAMENTO DAS CONTAS PELO TCE-GO<\/a><\/li><\/ul><\/div><div class='sitemap-group'><h3>L<\/h3><ul><li><a href='https:\/\/goias.gov.br\/emater\/licitacoes-emater\/' target='_blank'>LICITA\u00c7\u00d5ES EMATER<\/a><\/li><li><a href='https:\/\/goias.gov.br\/emater\/lei-geral-de-protecao-de-dados\/' target='_blank'>LGPD<\/a><\/li><li><a href='https:\/\/goias.gov.br\/emater\/legislacao-aplicavel\/' target='_blank'>LEGISLA\u00c7\u00c3O APLIC\u00c1VEL<\/a><\/li><li><a href='https:\/\/www.transparencia.go.gov.br\/wp-content\/uploads\/sites\/2\/painel\/lai.php?painel=folha_de_pagamento_salarios_de_estagiarios_ativos&orgao=emater' target='_blank'>LISTA DE ESTAGI\u00c1RIOS<\/a><\/li><li><a href='http:\/\/www.transparencia.go.gov.br\/lai.php?painel=licitacoes_licitacoes_concluidas&orgao=emater' target='_blank'>LICITA\u00c7\u00d5ES - COMPRASNET<\/a><\/li><li><a href='https:\/\/www.transparencia.go.gov.br\/wp-content\/uploads\/sites\/2\/painel\/lai.php?painel=licitacoes_concluidas_sislog&orgao=emater' target='_blank'>LICITA\u00c7\u00d5ES - SISLOG<\/a><\/li><li><a href='https:\/\/transparencia.go.gov.br\/fornecedores-impedidos\/' target='_blank'>LICITANTES SANCIONADOS ADMINISTRATIVAMENTE<\/a><\/li><li><a href='https:\/\/transparencia.go.gov.br\/orcamento-e-planejamento-pecas\/' target='_blank'>LDO\/LOA<\/a><\/li><li><a href='https:\/\/legisla.casacivil.go.gov.br\/pesquisa_legislacao\/90142\/lei-18025' target='_blank'>LEI DE ACESSO \u00c0 INFORMA\u00c7\u00c3O ESTADUAL<\/a><\/li><\/ul><\/div><div class='sitemap-group'><h3>M<\/h3><ul><li><a href='https:\/\/goias.gov.br\/emater\/mapa-do-site\/' target='_blank'>MAPA DO SITE<\/a><\/li><li><a href='https:\/\/www.mpgo.mp.br\/portal\/' target='_blank'>MINIST\u00c9RIO P\u00daBLICO DO ESTADO DE GOI\u00c1S<\/a><\/li><li><a href='https:\/\/goias.gov.br\/emater\/relatorio-de-monitoramento-de-programas-projetos-acoes-e-atividades\/' target='_blank'>MONITORAMENTO DE PROGRAMAS, PROJETOS, A\u00c7\u00d5ES E ATIVIDADES<\/a><\/li><\/ul><\/div><div class='sitemap-group'><h3>N<\/h3><ul><li><a href='\/emater\/categoria\/noticias\/' target='_blank'>NOT\u00cdCIAS<\/a><\/li><\/ul><\/div><div class='sitemap-group'><h3>O<\/h3><ul><li><a href='https:\/\/goias.gov.br\/emater\/o-agro-e-social' target='_blank'>O AGRO \u00c9 SOCIAL<\/a><\/li><li><a href='https:\/\/www.go.gov.br\/servicos-digitais\/cge\/nova-ouvidoria' target='_blank'>OUVIDORIA<\/a><\/li><li><a href='https:\/\/www.go.gov.br\/servicos-digitais\/cge\/nova-ouvidoria?orgao=12' target='_blank'>OUVIDORIA (EXPRESSO)<\/a><\/li><li><a href='https:\/\/goias.gov.br\/emater\/ouvidoria\/' target='_blank'>OUVIDORIA \u2013 ATENDIMENTO PRESENCIAL<\/a><\/li><li><a href='http:\/\/www.transparencia.go.gov.br\/lai.php?painel=ordem_cronologica_despesas&orgao=emater' target='_blank'>ORDEM CRONOL\u00d3GICA DE PAGAMENTOS<\/a><\/li><li><a href='https:\/\/app.powerbi.com\/view?r=eyJrIjoiODgwN2QzNjItODFiZC00OGZiLTg2YjAtN2Q1ZTk4Zjg2MmY5IiwidCI6IjY3ZmQ0MzFjLWIyYWQtNDg2Ny04MWJjLWQ3NTYyMjBiNTZkNCJ9&pageName=ReportSectiond755217298c2706b71dc' target='_blank'>OBRAS<\/a><\/li><li><a href='https:\/\/app.powerbi.com\/view?r=eyJrIjoiODgwN2QzNjItODFiZC00OGZiLTg2YjAtN2Q1ZTk4Zjg2MmY5IiwidCI6IjY3ZmQ\r\n0MzFjLWIyYWQtNDg2Ny04MWJjLWQ3NTYyMjBiNTZkNCJ9&pageName=ReportSection8f435ccde7de8820eb54' target='_blank'>OBRAS PARALISADAS<\/a><\/li><li><a href='https:\/\/goias.gov.br\/emater\/obras-audiencias-consultas-publicas\/' target='_blank'>OBRAS \u2013 AUDI\u00caNCIAS\/CONSULTAS P\u00daBLICAS<\/a><\/li><li><a href='https:\/\/goias.gov.br\/emater\/ouvidoria\/' target='_blank'>OUVIDORIA - ATENDIMENTO PRESENCIAL<\/a><\/li><\/ul><\/div><div class='sitemap-group'><h3>P<\/h3><ul><li><a href='https:\/\/goias.gov.br\/emater\/programa-produzir-brasil\/' target='_blank'>PROGRAMA PRODUZIR BRASIL<\/a><\/li><li><a href='https:\/\/goias.gov.br\/emater\/projeto-plantando-saberes\/' target='_blank'>PLANTANDO SABERES<\/a><\/li><li><a href='https:\/\/goias.gov.br\/emater\/programa-de-compliance-publico-do-governo-de-goias\/' target='_blank'>PROGRAMA DE COMPLIANCE P\u00daBLICO \u2013 PCP<\/a><\/li><li><a href='https:\/\/transparencia.go.gov.br\/' target='_blank'>PORTAL DA TRANSPAR\u00caNCIA<\/a><\/li><li><a href='https:\/\/goias.gov.br\/controladoria\/programa-de-compliance-publico-do-governo-de-goias\/' target='_blank'>PCP<\/a><\/li><li><a href='http:\/\/portal.emater.go.gov.br' target='_blank'>PORTAL DE SISTEMAS<\/a><\/li><li><a href='https:\/\/goias.gov.br\/procuradoria\/' target='_blank'>PROCURADORIA-GERAL DO ESTADO DE GOI\u00c1S<\/a><\/li><li><a href='https:\/\/goias.gov.br\/emater\/programa-de-compliance-publico-do-governo-de-goias\/' target='_blank'>PROGRAMA DE COMPLIANCE P\u00daBLICO - PCP<\/a><\/li><li><a href='https:\/\/goias.gov.br\/emater\/perguntas-frequentes\/' target='_blank'>PERGUNTAS E RESPOSTAS FREQUENTES<\/a><\/li><li><a href='https:\/\/sislog.go.gov.br\/pca\/' target='_blank'>PCA - PLANO DE CONTRATA\u00c7\u00d5ES ANUAL<\/a><\/li><li><a href='https:\/\/www.gov.br\/pncp\/pt-br\/acesso-a-informacao\/painel-pncp-em-numeros\/pncp-em-numeros-contratacoes\/pncp-em-numeros-municipio\/' target='_blank'>PNCP<\/a><\/li><li><a href='https:\/\/goias.gov.br\/emater\/licitacoes-emater-2016-a-2026\/ ' target='_blank'>PREG\u00d5ES ELETR\u00d4NICOS - EMATER<\/a><\/li><li><a href='https:\/\/goias.gov.br\/emater\/parcerias-com-oscs\/' target='_blank'>PARCERIAS COM OSCS<\/a><\/li><li><a href='https:\/\/goias.gov.br\/emater\/planejamento-estrategico-institucional\/' target='_blank'>PLANO ESTRAT\u00c9GICO INSTITUCIONAL<\/a><\/li><li><a href='https:\/\/www.ppa.go.gov.br' target='_blank'>PPA<\/a><\/li><li><a href='https:\/\/www.planalto.gov.br\/ccivil_03\/_ato2015-2018\/2018\/lei\/l13709.htm' target='_blank'>POL\u00cdTICA DE PRIVACIDADE E PROTE\u00c7\u00c3O DE DADOS<\/a><\/li><li><a href='https:\/\/app.powerbi.com\/view?r=eyJrIjoiNmRhN2MzZmYtMWZkMi00ODdmLWJhNGQtYTJkODcwNDJlMTU4IiwidCI6IjY3ZmQ0MzFjLWIyYWQtNDg2Ny04MWJjLWQ3NTYyMjBiNTZkNCJ9' target='_blank'>PESQUISAS DE SATISFA\u00c7\u00c3O<\/a><\/li><li><a href='http:\/\/www.transparencia.go.gov.br\/' target='_blank'>PORTAL GOI\u00c1S TRANSPARENTE<\/a><\/li><li><a href='https:\/\/goias.gov.br\/emater\/projetos-de-participacao-social\/' target='_blank'>PROJETOS DE PARTICIPA\u00c7\u00c3O SOCIAL<\/a><\/li><li><a href='https:\/\/goias.gov.br\/emater\/projetos-de-inovacao-no-setor-publico\/' target='_blank'>PROJETOS DE INOVA\u00c7\u00c3O NO SETOR P\u00daBLICO<\/a><\/li><\/ul><\/div><div class='sitemap-group'><h3>R<\/h3><ul><li><a href='https:\/\/radardatransparencia.atricon.org.br\/' target='_blank'>RADAR DA TRANSPAR\u00caNCIA<\/a><\/li><li><a href='https:\/\/transparencia.go.gov.br\/regulamentacao-da-lai\/' target='_blank'>REGULAMENTA\u00c7\u00c3O DA LAI<\/a><\/li><li><a href='https:\/\/legisla.casacivil.go.gov.br\/pesquisa_legislacao\/108420\/decreto-10403' target='_blank'>REGULAMENTO<\/a><\/li><li><a href='http:\/\/www.transparencia.go.gov.br\/lai.php?painel=receitas_estaduais&orgao=emater' target='_blank'>RECEITA ESTADUAL<\/a><\/li><li><a href='https:\/\/goias.gov.br\/emater\/relacao-de-terceirizado\/' target='_blank'>RELA\u00c7\u00c3O DE TERCEIRIZADOS<\/a><\/li><li><a href='https:\/\/www.transparencia.go.gov.br\/wp-content\/uploads\/sites\/2\/painel\/lai.php?painel=contratos_fiscais_e_gestores&orgao=emater' target='_blank'>RELA\u00c7\u00c3O DOS FISCAIS DOS CONTRATOS<\/a><\/li><li><a href='https:\/\/goias.gov.br\/emater\/relacao-de-veiculos\/' target='_blank'>RELA\u00c7\u00c3O DE VE\u00cdCULOS<\/a><\/li><li><a href='https:\/\/goias.gov.br\/emater\/relatorio-de-gestao-ou-atividades\/' target='_blank'>RELAT\u00d3RIO DE GEST\u00c3O OU ATIVIDADES <\/a><\/li><li><a href='https:\/\/transparencia.go.gov.br\/gestao-fiscal-e-governamental-rgf\/' target='_blank'>RGF<\/a><\/li><li><a href='https:\/\/transparencia.go.gov.br\/rreo\/' target='_blank'>RREO<\/a><\/li><li><a href='https:\/\/www.ouvidoriageral.go.gov.br\/api\/relatorio_gestao.php?tipo=7&orgao=12' target='_blank'>RELAT\u00d3RIO DE PEDIDOS DE ACESSO \u00c0 INFORMA\u00c7\u00c3O<\/a><\/li><li><a href='https:\/\/goias.gov.br\/emater\/wp-content\/uploads\/sites\/62\/2026\/02\/RELATORIO-ANUAL-DE-GESTAO-2025-OUVIDORIA-ADJUNTA.pdf' target='_blank'>RELAT\u00d3RIO DE GEST\u00c3O DE OUVIDORIA<\/a><\/li><li><a href='https:\/\/goias.gov.br\/emater\/wp-content\/uploads\/sites\/62\/2025\/10\/Relatorio-pesquisa-de-satisfacao-Ouvidoria-Adjunta-2025.pdf' target='_blank'>RELAT\u00d3RIO DE PESQUISA DE SATISFA\u00c7\u00c3O - OUVIDORIA ADJUNTA<\/a><\/li><\/ul><\/div><div class='sitemap-group'><h3>S<\/h3><ul><li><a href='https:\/\/goias.gov.br\/emater\/emater-goias-lanca-programa-semear-social-para-recuperacao-de-pastagens-em-todo-o-estado\/' target='_blank'>SEMEAR SOCIAL<\/a><\/li><li><a href='https:\/\/goias.gov.br\/emater\/selo-produtor-assistido\/' target='_blank'>SELO PRODUTOR ASSISTIDO<\/a><\/li><li><a href='https:\/\/goias.gov.br\/administracao\/siga-eng\/' target='_blank'>SIGA<\/a><\/li><li><a href='http:\/\/vaptvupt.goias.gov.br\/unidades' target='_blank'>SIC \u2013 SERVI\u00c7O DE INFORMA\u00c7\u00c3O AO CIDAD\u00c3O<\/a><\/li><li><a href='https:\/\/sei.go.gov.br\/sei\/modulos\/goias\/login-sei\/MdGoiasLoginSEI.php?acao=md_goias_login_SEI&sigla_orgao_sistema=GOVERNADORIA&sigla_sistema=SEI&infra_url=L3NlaS8=' target='_blank'>SEI GOVERNADORIA<\/a><\/li><li><a href='https:\/\/sigater.emater.go.gov.br' target='_blank'>SIGATER<\/a><\/li><li><a href='https:\/\/sislog.go.gov.br\/' target='_blank'>SISLOG<\/a><\/li><li><a href='https:\/\/www.vaptvupt.go.gov.br\/unidades' target='_blank'>SIC F\u00cdSICO - UNIDADES DO VAPT VUPT<\/a><\/li><\/ul><\/div><div class='sitemap-group'><h3>T<\/h3><ul><li><a href='\/emater\/biblioteca-virtual\/?tipos_materiais=tecnicos-cientificos' target='_blank'>T\u00c9CNICOS CIENT\u00cdFICOS<\/a><\/li><li><a href='https:\/\/goias.gov.br\/emater\/tempo-real\/' target='_blank'>TEMPO REAL<\/a><\/li><li><a href='https:\/\/www.tjgo.jus.br\/' target='_blank'>TRIBUNAL DE JUSTI\u00c7A DO ESTADO DE GOI\u00c1S<\/a><\/li><\/ul><\/div><div class='sitemap-group'><h3>V<\/h3><ul><li><a href='https:\/\/www.youtube.com\/channel\/UC18XGUxPslfpM2qXJfQOP7Q\/videos' target='_blank'>V\u00cdDEOS<\/a><\/li><\/ul><\/div><\/div>\n","protected":false},"excerpt":{"rendered":"","protected":false},"author":1,"featured_media":0,"parent":0,"menu_order":0,"comment_status":"closed","ping_status":"closed","template":"","meta":{"_acf_changed":false,"footnotes":""},"class_list":["post-273643","page","type-page","status-publish","hentry"],"acf":[],"rttpg_featured_image_url":null,"rttpg_author":{"display_name":"wagner.viana","author_link":"https:\/\/goias.gov.br\/emater\/author\/wagner-viana\/"},"rttpg_comment":0,"rttpg_category":null,"rttpg_excerpt":null,"_links":{"self":[{"href":"https:\/\/goias.gov.br\/emater\/wp-json\/wp\/v2\/pages\/273643","targetHints":{"allow":["GET"]}}],"collection":[{"href":"https:\/\/goias.gov.br\/emater\/wp-json\/wp\/v2\/pages"}],"about":[{"href":"https:\/\/goias.gov.br\/emater\/wp-json\/wp\/v2\/types\/page"}],"author":[{"embeddable":true,"href":"https:\/\/goias.gov.br\/emater\/wp-json\/wp\/v2\/users\/1"}],"replies":[{"embeddable":true,"href":"https:\/\/goias.gov.br\/emater\/wp-json\/wp\/v2\/comments?post=273643"}],"version-history":[{"count":2,"href":"https:\/\/goias.gov.br\/emater\/wp-json\/wp\/v2\/pages\/273643\/revisions"}],"predecessor-version":[{"id":287409,"href":"https:\/\/goias.gov.br\/emater\/wp-json\/wp\/v2\/pages\/273643\/revisions\/287409"}],"wp:attachment":[{"href":"https:\/\/goias.gov.br\/emater\/wp-json\/wp\/v2\/media?parent=273643"}],"curies":[{"name":"wp","href":"https:\/\/api.w.org\/{rel}","templated":true}]}}