

{"id":19471,"date":"2024-06-28T10:29:21","date_gmt":"2024-06-28T13:29:21","guid":{"rendered":"https:\/\/goias.gov.br\/emater\/?page_id=19471"},"modified":"2024-08-12T16:37:20","modified_gmt":"2024-08-12T19:37:20","slug":"programa-credito-social","status":"publish","type":"page","link":"https:\/\/goias.gov.br\/emater\/programa-credito-social\/","title":{"rendered":"Cr\u00e9dito Social"},"content":{"rendered":"<div class=\"page-content\"> <!-- Deixa o texto com a cor cinza --><\/p>\n<div class=\"container\">  <!-- Deixa o texto alinhado em um container mais a dentro --><\/p>\n<div id=\"historia\" class=\"container\">\n<p align=\"right\">Publicado: Janeiro 2021<\/br><br \/>\n\u00daltima Atualiza\u00e7\u00e3o: Junho 2024<\/p>\n<\/div>\n<div id=\"historia\" class=\"container\"> <!-- Deixa o texto alinhado em um container mais a dentro --><\/p>\n<h2>Cr\u00e9dito Social<\/h2>\n<p align=\"right\"><img decoding=\"async\" src=\"https:\/\/goias.gov.br\/emater\/wp-content\/uploads\/sites\/62\/2024\/08\/programa_credito_social.jpeg\" width=\"98%\" \/><\/p>\n<p>O Programa de Cr\u00e9dito Social \u00e9 uma iniciativa do Governo de Goi\u00e1s em parceria com a Emater Goi\u00e1s e possui o objetivo de gerar oportunidades e reduzir as desigualdades sociais e econ\u00f4micas, com a\u00e7\u00f5es de inclus\u00e3o social das fam\u00edlias, por meio de mecanismos de suporte financeiro, profissionalizante e de empreendedorismo.<\/p>\n<p>         As a\u00e7\u00f5es do programa s\u00e3o coordenadas pelo Gabinete de Pol\u00edcias Sociais (GPS), Secretaria de Estado de Agricultura, Pecu\u00e1ria e Abastecimento (SEAPA), Retomada, Emater Goi\u00e1s e outros \u00f3rg\u00e3os estaduais. A maioria dos recursos para o Cr\u00e9dito Social vem do Fundo de Prote\u00e7\u00e3o Social do Estado de Goi\u00e1s (Fundo de Prote\u00e7\u00e3o Social do Estado de Goi\u00e1s &#8211; Protege Goi\u00e1s).<\/p>\n<p>Com essa articula\u00e7\u00e3o entre apoio t\u00e9cnico, capacita\u00e7\u00e3o e  financeiro, surge uma oportunidade para as fam\u00edlias beneficiadas de se estruturar e ampliar a capacidade produtiva. Assim, \u00e9 poss\u00edvel aumentar e diversificar atividades geradoras de renda que contribuam para a melhoria da seguran\u00e7a alimentar e nutricional e, consequentemente, a melhoria da qualidade de vida.<\/p>\n<p>Ap\u00f3s concluir um curso profissionalizante da Emater Emater Goi\u00e1s, o produtor pode estar apto a receber um cart\u00e3o com saldo de at\u00e9 R$ 5 mil para iniciar ou melhorar o projeto produtivo. O valor s\u00f3 \u00e9 repassado depois da conclus\u00e3o do curso e ter recebido a certifica\u00e7\u00e3o. Os cart\u00f5es dever\u00e3o ser utilizados no com\u00e9rcio local cadastrado, fomentando ainda mais o desenvolvimento local. <\/p>\n<p class=\"maior\"><strong>Quem pode receber o  Cr\u00e9dito Social?<\/strong><\/p>\n<p>\u2022 As fam\u00edlias inscritas no Cadastro \u00danico, prioritariamente do meio rural e em situa\u00e7\u00e3o de vulnerabilidade social, consideradas de extrema pobreza, pobreza ou baixa renda;<br \/>\n\u2022 Ou identificados por meio de busca ativa dos \u00f3rg\u00e3os estaduais, municipais e considerados em situa\u00e7\u00e3o de risco social ou de vulnerabilidade;<br \/>\n\u2022 Participantes de uma capacita\u00e7\u00e3o fornecida pela Emater Goi\u00e1s, com certifica\u00e7\u00e3o.<\/p>\n<p class=\"maior\"><strong>Que tipos de projetos podem ser trabalhados?<\/strong><\/p>\n<p>\u2022 Horticultura<br \/>\n\u2022 Avicultura<br \/>\n\u2022 Bovinocultura de Corte<br \/>\n\u2022 Bovinocultura de Leite<br \/>\n\u2022 Panifica\u00e7\u00e3o<br \/>\n\u2022 Doces Cristalizados<br \/>\n\u2022 Apicultura<br \/>\n\u2022 Piscicultura<br \/>\n\u2022 Produ\u00e7\u00e3o de Salgados<br \/>\n\u2022 Produtos de Higiene e Limpeza<br \/>\n\u2022 Produ\u00e7\u00e3o de Conservas<br \/>\n\u2022 Fruticultura<br \/>\n\u2022 Artesanato<br \/>\n\u2022 Processamento de Carnes<br \/>\n\u2022 Processamento de Leite<br \/>\n\u2022 Produ\u00e7\u00e3o de Tortas<br \/>\n\u2022 Produ\u00e7\u00e3o de Quitandas<\/p>\n<p class=\"maior\"><strong>Assessoramento T\u00e9cnico<\/strong><\/p>\n<p>Al\u00e9m de oferecer as capacita\u00e7\u00f5es e promover a Gest\u00e3o do Programa, a Emater Goi\u00e1s tamb\u00e9m acompanha a aplica\u00e7\u00e3o correta do cr\u00e9dito social e presta assessoramento t\u00e9cnico no desenvolvimento dos projetos de cada fam\u00edlia. O acompanhamento social e produtivo das fam\u00edlias \u00e9 um elemento fundamental para melhorar as condi\u00e7\u00f5es de vida. Por meio de visitas t\u00e9cnicas peri\u00f3dicas, fortalece-se os la\u00e7os entre as fam\u00edlias atendidas e os t\u00e9cnicos que as acompanham.<\/p>\n<p><\/br><br \/>\n<\/br><\/p>\n<\/div>\n<\/div>\n<\/div>\n","protected":false},"excerpt":{"rendered":"<p>Publicado: Janeiro 2021 \u00daltima Atualiza\u00e7\u00e3o: Junho 2024 Cr\u00e9dito Social O Programa de Cr\u00e9dito Social \u00e9 uma iniciativa do Governo de Goi\u00e1s em parceria com a Emater Goi\u00e1s e possui o objetivo de gerar oportunidades e reduzir as desigualdades sociais e econ\u00f4micas, com a\u00e7\u00f5es de inclus\u00e3o social das fam\u00edlias, por meio de mecanismos de suporte financeiro, [&hellip;]<\/p>\n","protected":false},"author":6,"featured_media":0,"parent":0,"menu_order":0,"comment_status":"closed","ping_status":"closed","template":"template-meta-data-filter.php","meta":{"_acf_changed":false,"footnotes":""},"class_list":["post-19471","page","type-page","status-publish","hentry"],"acf":[],"rttpg_featured_image_url":null,"rttpg_author":{"display_name":"fabriciocarlos","author_link":"https:\/\/goias.gov.br\/emater\/author\/fabriciocarlos\/"},"rttpg_comment":0,"rttpg_category":null,"rttpg_excerpt":"Publicado: Janeiro 2021 \u00daltima Atualiza\u00e7\u00e3o: Junho 2024 Cr\u00e9dito Social O Programa de Cr\u00e9dito Social \u00e9 uma iniciativa do Governo de Goi\u00e1s em parceria com a Emater Goi\u00e1s e possui o objetivo de gerar oportunidades e reduzir as desigualdades sociais e econ\u00f4micas, com a\u00e7\u00f5es de inclus\u00e3o social das fam\u00edlias, por meio de mecanismos de suporte financeiro,&hellip;","_links":{"self":[{"href":"https:\/\/goias.gov.br\/emater\/wp-json\/wp\/v2\/pages\/19471","targetHints":{"allow":["GET"]}}],"collection":[{"href":"https:\/\/goias.gov.br\/emater\/wp-json\/wp\/v2\/pages"}],"about":[{"href":"https:\/\/goias.gov.br\/emater\/wp-json\/wp\/v2\/types\/page"}],"author":[{"embeddable":true,"href":"https:\/\/goias.gov.br\/emater\/wp-json\/wp\/v2\/users\/6"}],"replies":[{"embeddable":true,"href":"https:\/\/goias.gov.br\/emater\/wp-json\/wp\/v2\/comments?post=19471"}],"version-history":[{"count":0,"href":"https:\/\/goias.gov.br\/emater\/wp-json\/wp\/v2\/pages\/19471\/revisions"}],"wp:attachment":[{"href":"https:\/\/goias.gov.br\/emater\/wp-json\/wp\/v2\/media?parent=19471"}],"curies":[{"name":"wp","href":"https:\/\/api.w.org\/{rel}","templated":true}]}}