

{"id":19467,"date":"2024-06-28T10:28:29","date_gmt":"2024-06-28T13:28:29","guid":{"rendered":"https:\/\/goias.gov.br\/emater\/?page_id=19467"},"modified":"2024-08-29T14:14:01","modified_gmt":"2024-08-29T17:14:01","slug":"programa-aconchego-rural","status":"publish","type":"page","link":"https:\/\/goias.gov.br\/emater\/programa-aconchego-rural\/","title":{"rendered":"Aconchego Rural"},"content":{"rendered":"<div class=\"page-content\"> <!-- Deixa o texto com a cor cinza --><\/p>\n<div class=\"container\">  <!-- Deixa o texto alinhado em um container mais a dentro --><\/p>\n<div id=\"historia\" class=\"container\">\n<p align=\"right\">Publicado: Janeiro 2021<\/br><br \/>\n\u00daltima Atualiza\u00e7\u00e3o: Agosto 2024<\/p>\n<\/div>\n<div id=\"historia\" class=\"container\"> <!-- Deixa o texto alinhado em um container mais a dentro --><\/p>\n<h2>Aconchego Rural<\/h2>\n<p align=\"right\"><img decoding=\"async\" src=\"https:\/\/goias.gov.br\/emater\/wp-content\/uploads\/sites\/62\/2024\/08\/programa_aconchego_rural.jpeg\" width=\"98%\" \/><\/p>\n<p> \tO Aconchego Rural \u00e9 uma forma de turismo que se desenvolve em \u00e1reas rurais, muitas vezes em comunidades pequenas e afastadas dos centros urbanos. Ele envolve atividades que permitem aos visitantes vivenciar e interagir com a vida no campo, como agricultura, artesanato, culin\u00e1ria local, atividades ao ar livre, entre outras.<br \/>\nGeralmente, os turistas buscam experi\u00eancias aut\u00eanticas e contato com a natureza, fugindo do ambiente urbano, para aproveitar a tranquilidade e a beleza das \u00e1reas rurais. O tipo de turismo tamb\u00e9m pode contribuir para o desenvolvimento econ\u00f4mico das comunidades locais, pois promove a preserva\u00e7\u00e3o cultural e ambiental. <\/p>\n<p> \tA Goi\u00e1s Turismo organizou o Mapa com o roteiro tur\u00edstico do estado de Goi\u00e1s.<\/p>\n<p align=\"right\"><a target=\"_blank\" href=\"https:\/\/goias.gov.br\/emater\/wp-content\/uploads\/sites\/62\/2024\/08\/MAPA-DO-TURISMO.pdf\" rel=\"noopener\"><img decoding=\"async\" src=\"https:\/\/goias.gov.br\/emater\/wp-content\/uploads\/sites\/62\/2024\/08\/MAPA-DO-TURISMO.jpg\" alt=\"MAPA DO TURISMO GOI\u00c1S\" width=\"98%\" \/><\/a><\/p>\n<p> \tConhe\u00e7a o que tem de melhor em Goi\u00e1s acessando cada Regi\u00e3o:<\/p>\n<p>\u2022 Regi\u00e3o do Ouro<br \/>\n\u2022 Regi\u00e3o de Terra Ronca<br \/>\n\u2022 Regi\u00e3o Vale do Araguaia<br \/>\n\u2022 Regi\u00e3o Chapada das Emas<br \/>\n\u2022 Regi\u00e3o das \u00c1guas Quentes<br \/>\n\u2022 Regi\u00e3o Lagos do Parana\u00edba<br \/>\n\u2022 Regi\u00e3o da Estrada de Ferro<br \/>\n\u2022 Regi\u00e3o Pegadas no Cerrado<br \/>\n\u2022 Regi\u00e3o Neg\u00f3cios e Tradi\u00e7\u00f5es<br \/>\n\u2022 Regi\u00e3o Vale da Serra da Mesa<br \/>\n\u2022 Regi\u00e3o Chapada dos Veadeiros<br \/>\n\u2022 Regi\u00e3o Encantos do Planalto Central<\/p>\n<p> \tO objetivo \u00e9 fortalecer as fam\u00edlias rurais, principalmente as que est\u00e3o em condi\u00e7\u00f5es de vulnerabilidade e in\u00e9rcia social, por meio da entrega de servi\u00e7os essenciais da Emater Goi\u00e1s. Al\u00e9m disso, promover a gera\u00e7\u00e3o de renda e empreendedorismo das fam\u00edlias atendidas, por meio de um conjunto de pol\u00edticas p\u00fablicas voltadas a este p\u00fablico. <\/p>\n<p class=\"maior\"><strong>Segmentos do Turismo Rural:<\/strong><\/p>\n<p>\u2022 Agroturismo;<br \/>\n\u2022 Degusta\u00e7\u00e3o de Produtos Locais;<br \/>\n\u2022 Turismo de Base Comunit\u00e1ria;<br \/>\n\u2022 Oficinas de Artesanato;<br \/>\n\u2022 Turismo Gastron\u00f4mico;<br \/>\n\u2022 Eventos Culturais e Festivais;<br \/>\n\u2022 Turismo de Experi\u00eancia;<br \/>\n\u2022 Observa\u00e7\u00e3o de Fauna e Flora;<br \/>\n\u2022 Turismo T\u00e9cnico-Cient\u00edfico;<br \/>\n\u2022 Turismo de Aventura;<br \/>\n\u2022 Roteiros Gastron\u00f4micos.<\/p>\n<p class=\"maior\"><strong>Metodologia:<\/strong><\/p>\n<p>\u2022 Programas de Educa\u00e7\u00e3o Ambiental;<br \/>\n\u2022 Articula\u00e7\u00e3o institucional;<br \/>\n\u2022 Mapeamento do potencial tur\u00edstico.<\/p>\n<p class=\"maior\"><strong>Resultados Esperados:<\/strong><\/p>\n<p>\u2022 Engajamento comunit\u00e1rio;<br \/>\n\u2022 Diversifica\u00e7\u00e3o econ\u00f4mica;<br \/>\n\u2022 Desenvolvimento de roteiros tur\u00edsticos;<br \/>\n\u2022 Preserva\u00e7\u00e3o cultural e patrimonial;<br \/>\n\u2022 Infraestrutura e servi\u00e7os tur\u00edsticos;<br \/>\n\u2022 Conserva\u00e7\u00e3o ambiental;<br \/>\n\u2022 Capacita\u00e7\u00e3o e qualifica\u00e7\u00e3o profissional;<br \/>\n\u2022 Desenvolvimento local\/ regional;<br \/>\n\u2022 Marketing e promo\u00e7\u00e3o A\u00e7\u00f5es;<br \/>\n\u2022 Desenvolvimento das comunidades locais;<br \/>\n\u2022 Promo\u00e7\u00e3o do interc\u00e2mbio cultural e social.<\/p>\n<p class=\"maior\"><strong>A\u00e7\u00f5es:<\/strong><\/p>\n<p>\u2022 Gera\u00e7\u00e3o de renda local;<br \/>\n\u2022 Hospedagem em Fazendas e Casas no Campo (Aconchego Rural);<br \/>\n\u2022 Cria\u00e7\u00e3o de empregos;<br \/>\n\u2022 Est\u00edmulo ao empreendedorismo;<br \/>\n\u2022 Passeios e Trilhas Guiadas;<br \/>\n\u2022 Desenvolvimento de infraestrutura;<br \/>\n\u2022 Atividades Agr\u00edcolas Participativas;<br \/>\n\u2022 Est\u00edmulo ao desenvolvimento agr\u00edcola.<\/p>\n<p><\/br><br \/>\n<\/br><\/p>\n<\/div>\n<\/div>\n<\/div>\n","protected":false},"excerpt":{"rendered":"<p>Publicado: Janeiro 2021 \u00daltima Atualiza\u00e7\u00e3o: Agosto 2024 Aconchego Rural O Aconchego Rural \u00e9 uma forma de turismo que se desenvolve em \u00e1reas rurais, muitas vezes em comunidades pequenas e afastadas dos centros urbanos. Ele envolve atividades que permitem aos visitantes vivenciar e interagir com a vida no campo, como agricultura, artesanato, culin\u00e1ria local, atividades ao [&hellip;]<\/p>\n","protected":false},"author":6,"featured_media":0,"parent":0,"menu_order":0,"comment_status":"closed","ping_status":"closed","template":"template-meta-data-filter.php","meta":{"_acf_changed":false,"footnotes":""},"class_list":["post-19467","page","type-page","status-publish","hentry"],"acf":[],"rttpg_featured_image_url":null,"rttpg_author":{"display_name":"fabriciocarlos","author_link":"https:\/\/goias.gov.br\/emater\/author\/fabriciocarlos\/"},"rttpg_comment":0,"rttpg_category":null,"rttpg_excerpt":"Publicado: Janeiro 2021 \u00daltima Atualiza\u00e7\u00e3o: Agosto 2024 Aconchego Rural O Aconchego Rural \u00e9 uma forma de turismo que se desenvolve em \u00e1reas rurais, muitas vezes em comunidades pequenas e afastadas dos centros urbanos. Ele envolve atividades que permitem aos visitantes vivenciar e interagir com a vida no campo, como agricultura, artesanato, culin\u00e1ria local, atividades ao&hellip;","_links":{"self":[{"href":"https:\/\/goias.gov.br\/emater\/wp-json\/wp\/v2\/pages\/19467","targetHints":{"allow":["GET"]}}],"collection":[{"href":"https:\/\/goias.gov.br\/emater\/wp-json\/wp\/v2\/pages"}],"about":[{"href":"https:\/\/goias.gov.br\/emater\/wp-json\/wp\/v2\/types\/page"}],"author":[{"embeddable":true,"href":"https:\/\/goias.gov.br\/emater\/wp-json\/wp\/v2\/users\/6"}],"replies":[{"embeddable":true,"href":"https:\/\/goias.gov.br\/emater\/wp-json\/wp\/v2\/comments?post=19467"}],"version-history":[{"count":0,"href":"https:\/\/goias.gov.br\/emater\/wp-json\/wp\/v2\/pages\/19467\/revisions"}],"wp:attachment":[{"href":"https:\/\/goias.gov.br\/emater\/wp-json\/wp\/v2\/media?parent=19467"}],"curies":[{"name":"wp","href":"https:\/\/api.w.org\/{rel}","templated":true}]}}