

{"id":19463,"date":"2024-06-28T10:27:38","date_gmt":"2024-06-28T13:27:38","guid":{"rendered":"https:\/\/goias.gov.br\/emater\/?page_id=19463"},"modified":"2024-08-12T16:34:39","modified_gmt":"2024-08-12T19:34:39","slug":"programa-indicacao-geografica-e-marca-coletiva","status":"publish","type":"page","link":"https:\/\/goias.gov.br\/emater\/programa-indicacao-geografica-e-marca-coletiva\/","title":{"rendered":"Indica\u00e7\u00e3o Geogr\u00e1fica e Marca Coletiva"},"content":{"rendered":"<div class=\"page-content\"> <!-- Deixa o texto com a cor cinza --><\/p>\n<div class=\"container\">  <!-- Deixa o texto alinhado em um container mais a dentro --><\/p>\n<div id=\"historia\" class=\"container\">\n<p align=\"right\">Publicado: Janeiro 2021<\/br><br \/>\n\u00daltima Atualiza\u00e7\u00e3o: Junho 2024<\/p>\n<\/div>\n<div id=\"historia\" class=\"container\"> <!-- Deixa o texto alinhado em um container mais a dentro --><\/p>\n<h2>Indica\u00e7\u00e3o Geogr\u00e1fica e Marca Coletiva<\/h2>\n<p align=\"right\"><img decoding=\"async\" src=\"https:\/\/goias.gov.br\/emater\/wp-content\/uploads\/sites\/62\/2024\/08\/programa_indicacao_geografica.jpeg\" width=\"98%\" \/><\/p>\n<p>Indica\u00e7\u00e3o Geogr\u00e1fica (IG) \u00e9 a legalidade de um produto ou servi\u00e7o como sendo origin\u00e1rio de uma regi\u00e3o ou local, quando suas qualidades, reputa\u00e7\u00f5es ou caracter\u00edsticas s\u00e3o atribu\u00eddas \u00e0 regi\u00e3o onde foi produzido. O uso da IG \u00e9 exclusivo dos produtores dentro da \u00e1rea delimitada.<\/p>\n<p>O objetivo do programa \u00e9 oferecer uma oportunidade valiosa para os empreendedores que buscam diferenciar seus produtos no mercado global. Com a crescente valoriza\u00e7\u00e3o de produtos aut\u00eanticos e de qualidade, a IG se torna uma ferramenta estrat\u00e9gica para o desenvolvimento sustent\u00e1vel e a preserva\u00e7\u00e3o de tradi\u00e7\u00f5es culturais.<\/p>\n<p class=\"maior\"><strong>Existem dois tipos de Indica\u00e7\u00e3o Geogr\u00e1fica:<\/strong><\/p>\n<p>\u2022 <strong>IG Indica\u00e7\u00e3o de Proced\u00eancia \u2013 IP<\/strong><br \/>\nO nome geogr\u00e1fico do pa\u00eds, cidade, regi\u00e3o ou localidade de seu territ\u00f3rio, que se tenha tornado conhecido como centro de extra\u00e7\u00e3o, produ\u00e7\u00e3o ou fabrica\u00e7\u00e3o de determinado produto ou de presta\u00e7\u00e3o de determinado servi\u00e7o.<\/p>\n<p>\u2022 <strong>IG Denomina\u00e7\u00e3o de Origem \u2013 DO<\/strong><br \/>\nO nome geogr\u00e1fico do pa\u00eds, cidade, regi\u00e3o ou localidade de seu territ\u00f3rio, que designe produto ou servi\u00e7o cujas qualidades ou caracter\u00edsticas se devam exclusiva ou essencialmente ao meio geogr\u00e1fico, inclu\u00eddos fatores naturais e humanos.<\/p>\n<p class=\"maior\"><strong>Marca Coletiva (MC)<\/strong><\/p>\n<p>A Marca Coletiva \u00e9 um sinal distintivo usado para identificar produtos ou servi\u00e7os provindos de membros de uma determinada entidade e os distinguir de outros id\u00eanticos ou semelhantes de entidades distintas.<\/p>\n<p>Trata-se de uma marca usada por muitos, mas que s\u00f3 pode ser requerida por uma pessoa jur\u00eddica representante da coletividade (cooperativa, associa\u00e7\u00e3o etc.). Todos os membros vinculados ao ente coletivo, desde que sigam o Regulamento de Utiliza\u00e7\u00e3o da marca, criado e fiscalizado por tal entidade, podem utilizar a marca para identificar que o seu produto tem origem naquela coletividade.<\/p>\n<p class=\"maior\"><strong>Benef\u00edcios da Indica\u00e7\u00e3o Geogr\u00e1fica e Marca Coletiva<\/strong><\/p>\n<p>\u2022 Prote\u00e7\u00e3o dos produtores inclu\u00eddos na \u00e1rea delimitada contra os clandestinos;<br \/>\n\u2022 Prote\u00e7\u00e3o aos consumidores;<br \/>\n\u2022 Evita que produtores, n\u00e3o inclu\u00eddos na zona de produ\u00e7\u00e3o delimitada, usem indevidamente a IG ou marca coletiva;<br \/>\n\u2022 Gera\u00e7\u00e3o de Renda e Emprego;<br \/>\n\u2022 Garantia de produtos de notoriedade, originais e de qualidade;<br \/>\n\u2022 Reconhecimento internacional;<br \/>\n\u2022 Acesso ao mercado como um produto de origem garantida;<br \/>\n\u2022 Identifica\u00e7\u00e3o do produto pelo consumidor dentre outros, ou seja, h\u00e1 uma diferencia\u00e7\u00e3o do produto ou servi\u00e7o no mercado;<br \/>\n\u2022 Ocasiona a fideliza\u00e7\u00e3o do consumidor e uma maior garantia de mercado;<br \/>\n\u2022 Crescimento do turismo na regi\u00e3o. (Exemplo: Vale dos Vinhedos e Canastra);<br \/>\n\u2022 Valor agregado ao produto;<br \/>\n\u2022 Valoriza\u00e7\u00e3o dos im\u00f3veis na regi\u00e3o;<br \/>\n\u2022 Est\u00edmulos aos investimentos na pr\u00f3pria zona de produ\u00e7\u00e3o;<br \/>\n\u2022 Est\u00edmulo ao desenvolvimento de outros setores ligados a cadeia produtiva;<br \/>\n\u2022 Visibilidade da regi\u00e3o perante o agroneg\u00f3cio estadual e nacional.<\/p>\n<p><\/br><br \/>\n<\/br><\/p>\n<\/div>\n<\/div>\n<\/div>\n","protected":false},"excerpt":{"rendered":"<p>Publicado: Janeiro 2021 \u00daltima Atualiza\u00e7\u00e3o: Junho 2024 Indica\u00e7\u00e3o Geogr\u00e1fica e Marca Coletiva Indica\u00e7\u00e3o Geogr\u00e1fica (IG) \u00e9 a legalidade de um produto ou servi\u00e7o como sendo origin\u00e1rio de uma regi\u00e3o ou local, quando suas qualidades, reputa\u00e7\u00f5es ou caracter\u00edsticas s\u00e3o atribu\u00eddas \u00e0 regi\u00e3o onde foi produzido. O uso da IG \u00e9 exclusivo dos produtores dentro da \u00e1rea [&hellip;]<\/p>\n","protected":false},"author":6,"featured_media":0,"parent":0,"menu_order":0,"comment_status":"closed","ping_status":"closed","template":"","meta":{"_acf_changed":false,"footnotes":""},"class_list":["post-19463","page","type-page","status-publish","hentry"],"acf":[],"rttpg_featured_image_url":null,"rttpg_author":{"display_name":"fabriciocarlos","author_link":"https:\/\/goias.gov.br\/emater\/author\/fabriciocarlos\/"},"rttpg_comment":0,"rttpg_category":null,"rttpg_excerpt":"Publicado: Janeiro 2021 \u00daltima Atualiza\u00e7\u00e3o: Junho 2024 Indica\u00e7\u00e3o Geogr\u00e1fica e Marca Coletiva Indica\u00e7\u00e3o Geogr\u00e1fica (IG) \u00e9 a legalidade de um produto ou servi\u00e7o como sendo origin\u00e1rio de uma regi\u00e3o ou local, quando suas qualidades, reputa\u00e7\u00f5es ou caracter\u00edsticas s\u00e3o atribu\u00eddas \u00e0 regi\u00e3o onde foi produzido. O uso da IG \u00e9 exclusivo dos produtores dentro da \u00e1rea&hellip;","_links":{"self":[{"href":"https:\/\/goias.gov.br\/emater\/wp-json\/wp\/v2\/pages\/19463","targetHints":{"allow":["GET"]}}],"collection":[{"href":"https:\/\/goias.gov.br\/emater\/wp-json\/wp\/v2\/pages"}],"about":[{"href":"https:\/\/goias.gov.br\/emater\/wp-json\/wp\/v2\/types\/page"}],"author":[{"embeddable":true,"href":"https:\/\/goias.gov.br\/emater\/wp-json\/wp\/v2\/users\/6"}],"replies":[{"embeddable":true,"href":"https:\/\/goias.gov.br\/emater\/wp-json\/wp\/v2\/comments?post=19463"}],"version-history":[{"count":0,"href":"https:\/\/goias.gov.br\/emater\/wp-json\/wp\/v2\/pages\/19463\/revisions"}],"wp:attachment":[{"href":"https:\/\/goias.gov.br\/emater\/wp-json\/wp\/v2\/media?parent=19463"}],"curies":[{"name":"wp","href":"https:\/\/api.w.org\/{rel}","templated":true}]}}