

{"id":19458,"date":"2024-06-28T10:19:34","date_gmt":"2024-06-28T13:19:34","guid":{"rendered":"https:\/\/goias.gov.br\/emater\/?page_id=19458"},"modified":"2024-08-12T16:33:25","modified_gmt":"2024-08-12T19:33:25","slug":"programa-agroecologia","status":"publish","type":"page","link":"https:\/\/goias.gov.br\/emater\/programa-agroecologia\/","title":{"rendered":"Agroecologia"},"content":{"rendered":"<div class=\"page-content\"> <!-- Deixa o texto com a cor cinza --><\/p>\n<div class=\"container\">  <!-- Deixa o texto alinhado em um container mais a dentro --><\/p>\n<div id=\"historia\" class=\"container\">\n<p align=\"right\">Publicado: Janeiro 2021<\/br><br \/>\n\u00daltima Atualiza\u00e7\u00e3o: Junho 2024<\/p>\n<\/div>\n<div id=\"historia\" class=\"container\"> <!-- Deixa o texto alinhado em um container mais a dentro --><\/p>\n<h2>Agroecologia<\/h2>\n<p align=\"right\"><img decoding=\"async\" src=\"https:\/\/goias.gov.br\/emater\/wp-content\/uploads\/sites\/62\/2024\/08\/programa_agroecologia.jpeg\" width=\"98%\" \/><\/p>\n<p>As a\u00e7\u00f5es de Agroecologia s\u00e3o desenvolvidas em propriedades rurais por meio de presta\u00e7\u00e3o de servi\u00e7os de assist\u00eancia t\u00e9cnica e extens\u00e3o rural, onde a Emater Goi\u00e1s realiza interven\u00e7\u00f5es nas propriedades rurais com o objetivo de promover a mudan\u00e7a dos manejos no sistema de produ\u00e7\u00e3o. <\/p>\n<p>A proposta visa passar de um modelo convencional para a pr\u00e1tica de agricultura com princ\u00edpios e tecnologias de base ecol\u00f3gica. Com o intuito de desenvolver atividades que venham contribuir para a transi\u00e7\u00e3o agroecol\u00f3gica, a Emater Goi\u00e1s atua no desenvolvimento de pr\u00e1ticas mais sustent\u00e1veis e de preserva\u00e7\u00e3o dos recursos naturais.<\/p>\n<p>O projeto \u00e9 desenvolvido em parceria com os produtores rurais, associa\u00e7\u00f5es, cooperativas, Embrapa, universidades, Saneago e Minist\u00e9rio P\u00fablico do Estado de Goi\u00e1s.<\/p>\n<p>O p\u00fablico-alvo s\u00e3o agricultores familiares, assentados, escola fam\u00edlia rural e produtores rurais e suas fam\u00edlias situadas em munic\u00edpios de Goi\u00e1s.<\/p>\n<p><\/br><br \/>\n<\/br><\/p>\n<\/div>\n<\/div>\n<\/div>\n","protected":false},"excerpt":{"rendered":"<p>Publicado: Janeiro 2021 \u00daltima Atualiza\u00e7\u00e3o: Junho 2024 Agroecologia As a\u00e7\u00f5es de Agroecologia s\u00e3o desenvolvidas em propriedades rurais por meio de presta\u00e7\u00e3o de servi\u00e7os de assist\u00eancia t\u00e9cnica e extens\u00e3o rural, onde a Emater Goi\u00e1s realiza interven\u00e7\u00f5es nas propriedades rurais com o objetivo de promover a mudan\u00e7a dos manejos no sistema de produ\u00e7\u00e3o. A proposta visa passar [&hellip;]<\/p>\n","protected":false},"author":6,"featured_media":0,"parent":0,"menu_order":0,"comment_status":"closed","ping_status":"closed","template":"template-meta-data-filter.php","meta":{"_acf_changed":false,"footnotes":""},"class_list":["post-19458","page","type-page","status-publish","hentry"],"acf":[],"rttpg_featured_image_url":null,"rttpg_author":{"display_name":"fabriciocarlos","author_link":"https:\/\/goias.gov.br\/emater\/author\/fabriciocarlos\/"},"rttpg_comment":0,"rttpg_category":null,"rttpg_excerpt":"Publicado: Janeiro 2021 \u00daltima Atualiza\u00e7\u00e3o: Junho 2024 Agroecologia As a\u00e7\u00f5es de Agroecologia s\u00e3o desenvolvidas em propriedades rurais por meio de presta\u00e7\u00e3o de servi\u00e7os de assist\u00eancia t\u00e9cnica e extens\u00e3o rural, onde a Emater Goi\u00e1s realiza interven\u00e7\u00f5es nas propriedades rurais com o objetivo de promover a mudan\u00e7a dos manejos no sistema de produ\u00e7\u00e3o. A proposta visa passar&hellip;","_links":{"self":[{"href":"https:\/\/goias.gov.br\/emater\/wp-json\/wp\/v2\/pages\/19458","targetHints":{"allow":["GET"]}}],"collection":[{"href":"https:\/\/goias.gov.br\/emater\/wp-json\/wp\/v2\/pages"}],"about":[{"href":"https:\/\/goias.gov.br\/emater\/wp-json\/wp\/v2\/types\/page"}],"author":[{"embeddable":true,"href":"https:\/\/goias.gov.br\/emater\/wp-json\/wp\/v2\/users\/6"}],"replies":[{"embeddable":true,"href":"https:\/\/goias.gov.br\/emater\/wp-json\/wp\/v2\/comments?post=19458"}],"version-history":[{"count":0,"href":"https:\/\/goias.gov.br\/emater\/wp-json\/wp\/v2\/pages\/19458\/revisions"}],"wp:attachment":[{"href":"https:\/\/goias.gov.br\/emater\/wp-json\/wp\/v2\/media?parent=19458"}],"curies":[{"name":"wp","href":"https:\/\/api.w.org\/{rel}","templated":true}]}}