

{"id":19455,"date":"2024-06-28T10:18:18","date_gmt":"2024-06-28T13:18:18","guid":{"rendered":"https:\/\/goias.gov.br\/emater\/?page_id=19455"},"modified":"2024-08-12T16:31:51","modified_gmt":"2024-08-12T19:31:51","slug":"programa-bovinocultura-sustentavel","status":"publish","type":"page","link":"https:\/\/goias.gov.br\/emater\/programa-bovinocultura-sustentavel\/","title":{"rendered":"Programa Bovinocultura Sustent\u00e1vel"},"content":{"rendered":"<div class=\"page-content\"> <!-- Deixa o texto com a cor cinza --><\/p>\n<div class=\"container\">  <!-- Deixa o texto alinhado em um container mais a dentro --><\/p>\n<div id=\"historia\" class=\"container\">\n<p align=\"right\">Publicado: Janeiro 2021<\/br><br \/>\n\u00daltima Atualiza\u00e7\u00e3o: Junho 2024<\/p>\n<\/div>\n<div id=\"historia\" class=\"container\"> <!-- Deixa o texto alinhado em um container mais a dentro --><\/p>\n<h2>Bovinocultura Sustent\u00e1vel<\/h2>\n<p align=\"right\"><img decoding=\"async\" src=\"https:\/\/goias.gov.br\/emater\/wp-content\/uploads\/sites\/62\/2024\/08\/programa_bovinocultura_sustentavel.jpeg\" width=\"98%\" \/><\/p>\n<p>O Programa Bovinocultura Sustent\u00e1vel \u00e9 uma iniciativa da Emater Goi\u00e1s e possui o objetivo de levar ao campo uma proposta inovadora dentro dos princ\u00edpios econ\u00f4mico, ambiental e social, com assist\u00eancia t\u00e9cnica continuada, personalizada, qualificada e eficiente.<\/p>\n<p>A execu\u00e7\u00e3o se d\u00e1 na integra\u00e7\u00e3o e conscientiza\u00e7\u00e3o do ser humano acerca da produ\u00e7\u00e3o de alimentos de alta qualidade com seguran\u00e7a alimentar, por meio do processo de estrutura\u00e7\u00e3o do solo, da forrageira e da intera\u00e7\u00e3o com os animais. Dessa forma, realiza-se o manejo correto das pastagens, melhora a gest\u00e3o da propriedade e refor\u00e7a o conceito de empresa rural.<\/p>\n<p>O programa visa atender \u00e0s demandas da agricultura familiar, sejam pequenas e m\u00e9dias propriedades rurais, utilizando o m\u00e1ximo de recursos dispon\u00edveis na propriedade. A finalidade \u00e9 dar a oportunidade de produtores com poucas condi\u00e7\u00f5es financeiras explorar a atividade com lucratividade. <\/p>\n<p>O in\u00edcio da implanta\u00e7\u00e3o da URT e UD \u00e9 realizada mediante Visita T\u00e9cnica individual para cada benefici\u00e1rio selecionado, quando dever\u00e1 ser discutido, preenchido e assinado o formul\u00e1rio Marco Zero. Em seguida, ser\u00e1 realizada mensalmente uma Visita T\u00e9cnica individual.<\/p>\n<p>Deve-se coletar amostras de solo, para an\u00e1lise do estado atual da fertilidade do solo, para melhor direcionar as a\u00e7\u00f5es de manejo do solo. Depois, realiza-se a recomenda\u00e7\u00e3o e interven\u00e7\u00f5es que o t\u00e9cnico julgar necess\u00e1rio.<\/p>\n<p>Durante o acompanhamento com o t\u00e9cnico, deve-se preencher um relat\u00f3rio das recomenda\u00e7\u00f5es realizadas, colher assinaturas e enviar junto os registros fotogr\u00e1ficos para o gestor do programa. Nas visitas t\u00e9cnicas, o extensionista dever\u00e1 tratar os seguintes eixos:<\/p>\n<p class=\"maior\"><strong>Econ\u00f4mico<\/strong><\/p>\n<p>&#8211; Visitar a propriedade, ouvir as pessoas e levantar dados;<br \/>\n&#8211; Elaborar um projeto de sustentabilidade, apresentar e discutir com os envolvidos;<br \/>\n&#8211; Elaborar um planejamento anual de: <\/p>\n<p>\u2022 pastagens<br \/>\n\u2022 alimenta\u00e7\u00e3o<br \/>\n\u2022 m\u00e3o de obra<br \/>\n\u2022 reprodu\u00e7\u00e3o<br \/>\n\u2022 descarte<br \/>\n\u2022 venda de animais<br \/>\n\u2022 limpeza de pastagem<br \/>\n\u2022 sanidade e comercializa\u00e7\u00e3o<\/p>\n<p>&#8211; Iniciar o projeto, respeitando o tempo do produtor;<br \/>\n&#8211; Acompanhar e explicar aos funcion\u00e1rios e propriet\u00e1rios o comportamento do solo e das forrageiras;<br \/>\n-Implementar um sistema de manejo das pastagens atrav\u00e9s de acompanhamento da parte a\u00e9rea e radicular da forrageira;<br \/>\n&#8211; Manejar pasto de acordo com a categoria animal e esta\u00e7\u00f5es do ano;<br \/>\n&#8211; Implementar o melhoramento gen\u00e9tico atrav\u00e9s de IA;<br \/>\n&#8211; Implementar um sistema de acompanhamento nutricional por categoria e \u00e9poca do ano;<br \/>\n&#8211; Alimentar o software de gest\u00e3o de propriedade;<br \/>\n&#8211; Ter metas mensais, semestrais e anuais;<br \/>\n&#8211; Avaliar metas periodicamente a cada 30 dias. <\/p>\n<p class=\"maior\"><strong>Ambiental<\/strong><\/p>\n<p>&#8211; Aplica\u00e7\u00e3o da legisla\u00e7\u00e3o ambiental;<br \/>\n&#8211; Verificar o CAR da propriedade;<br \/>\n&#8211; Levantamento da situa\u00e7\u00e3o da reserva legal, APP\u2019s e nascentes;<br \/>\n&#8211; Implantar pr\u00e1ticas de conserva\u00e7\u00e3o de solo:<\/p>\n<p>\u2022 Vegetativa;<br \/>\n\u2022 Ed\u00e1ficas;<br \/>\n\u2022 Mec\u00e2nica.<\/p>\n<p>&#8211; Melhorar cobertura de solo com manejo de pastagem e contribuir no sequestro de carbono, para gerar ativos ambientais para a propriedade rural;<br \/>\n&#8211; Melhorar a absor\u00e7\u00e3o de \u00e1gua da chuva pelo solo por meio do manejo de pastagem;<br \/>\n&#8211; Recomposi\u00e7\u00e3o vegetal com nativas do cerrado;<br \/>\n&#8211; Saneamento ambiental rural;<br \/>\n&#8211; Destino correto do lixo com separa\u00e7\u00e3o de recicl\u00e1veis e compostagem dos org\u00e2nicos;<br \/>\n&#8211; Uso e manejo adequado de agrot\u00f3xicos com recolhimento das embalagens dos produtos;<br \/>\n&#8211; 5 S;<br \/>\n&#8211; Educa\u00e7\u00e3o ambiental;<br \/>\n&#8211; Avaliar metas periodicamente a cada 30 dias;<br \/>\n&#8211; Enviar relat\u00f3rios mensais para gestores do programa.<\/p>\n<p class=\"maior\"><strong>Social<\/strong><\/p>\n<p> &#8211; Valoriza\u00e7\u00e3o do ser humano inserido no processo produtivo da empresa rural;<br \/>\n&#8211; Rela\u00e7\u00f5es interpessoais, empoderamento, autoestima, educa\u00e7\u00e3o para sa\u00fade da fam\u00edlia rural;<br \/>\n&#8211; Inser\u00e7\u00e3o da mulher na gest\u00e3o e produ\u00e7\u00e3o rural;<br \/>\n&#8211; Diversifica\u00e7\u00e3o e agrega\u00e7\u00e3o de valor \u00e0 produ\u00e7\u00e3o;<br \/>\n&#8211; Melhoria da alimenta\u00e7\u00e3o da fam\u00edlia;<br \/>\n&#8211; Aproveitamento de excedentes, processamento de alimentos;<br \/>\n&#8211; Sucess\u00e3o familiar;<br \/>\n&#8211; Inser\u00e7\u00e3o em programas sociais e compras governamentais.<\/p>\n<p><\/br><br \/>\n<\/br><\/p>\n<\/div>\n<\/div>\n<\/div>\n","protected":false},"excerpt":{"rendered":"<p>Publicado: Janeiro 2021 \u00daltima Atualiza\u00e7\u00e3o: Junho 2024 Bovinocultura Sustent\u00e1vel O Programa Bovinocultura Sustent\u00e1vel \u00e9 uma iniciativa da Emater Goi\u00e1s e possui o objetivo de levar ao campo uma proposta inovadora dentro dos princ\u00edpios econ\u00f4mico, ambiental e social, com assist\u00eancia t\u00e9cnica continuada, personalizada, qualificada e eficiente. A execu\u00e7\u00e3o se d\u00e1 na integra\u00e7\u00e3o e conscientiza\u00e7\u00e3o do ser [&hellip;]<\/p>\n","protected":false},"author":6,"featured_media":0,"parent":0,"menu_order":0,"comment_status":"closed","ping_status":"closed","template":"template-meta-data-filter.php","meta":{"_acf_changed":false,"footnotes":""},"class_list":["post-19455","page","type-page","status-publish","hentry"],"acf":[],"rttpg_featured_image_url":null,"rttpg_author":{"display_name":"fabriciocarlos","author_link":"https:\/\/goias.gov.br\/emater\/author\/fabriciocarlos\/"},"rttpg_comment":0,"rttpg_category":null,"rttpg_excerpt":"Publicado: Janeiro 2021 \u00daltima Atualiza\u00e7\u00e3o: Junho 2024 Bovinocultura Sustent\u00e1vel O Programa Bovinocultura Sustent\u00e1vel \u00e9 uma iniciativa da Emater Goi\u00e1s e possui o objetivo de levar ao campo uma proposta inovadora dentro dos princ\u00edpios econ\u00f4mico, ambiental e social, com assist\u00eancia t\u00e9cnica continuada, personalizada, qualificada e eficiente. A execu\u00e7\u00e3o se d\u00e1 na integra\u00e7\u00e3o e conscientiza\u00e7\u00e3o do ser&hellip;","_links":{"self":[{"href":"https:\/\/goias.gov.br\/emater\/wp-json\/wp\/v2\/pages\/19455","targetHints":{"allow":["GET"]}}],"collection":[{"href":"https:\/\/goias.gov.br\/emater\/wp-json\/wp\/v2\/pages"}],"about":[{"href":"https:\/\/goias.gov.br\/emater\/wp-json\/wp\/v2\/types\/page"}],"author":[{"embeddable":true,"href":"https:\/\/goias.gov.br\/emater\/wp-json\/wp\/v2\/users\/6"}],"replies":[{"embeddable":true,"href":"https:\/\/goias.gov.br\/emater\/wp-json\/wp\/v2\/comments?post=19455"}],"version-history":[{"count":0,"href":"https:\/\/goias.gov.br\/emater\/wp-json\/wp\/v2\/pages\/19455\/revisions"}],"wp:attachment":[{"href":"https:\/\/goias.gov.br\/emater\/wp-json\/wp\/v2\/media?parent=19455"}],"curies":[{"name":"wp","href":"https:\/\/api.w.org\/{rel}","templated":true}]}}