

{"id":19451,"date":"2024-06-28T10:17:17","date_gmt":"2024-06-28T13:17:17","guid":{"rendered":"https:\/\/goias.gov.br\/emater\/?page_id=19451"},"modified":"2024-08-12T16:29:55","modified_gmt":"2024-08-12T19:29:55","slug":"programa-gestao-de-solo-e-agua","status":"publish","type":"page","link":"https:\/\/goias.gov.br\/emater\/programa-gestao-de-solo-e-agua\/","title":{"rendered":"Gest\u00e3o de Solo e \u00c1gua"},"content":{"rendered":"<div class=\"page-content\"> <!-- Deixa o texto com a cor cinza --><\/p>\n<div class=\"container\">  <!-- Deixa o texto alinhado em um container mais a dentro --><\/p>\n<div id=\"historia\" class=\"container\">\n<p align=\"right\">Publicado: Janeiro 2021<\/br><br \/>\n\u00daltima Atualiza\u00e7\u00e3o: Junho 2024<\/p>\n<\/div>\n<div id=\"historia\" class=\"container\"> <!-- Deixa o texto alinhado em um container mais a dentro --><\/p>\n<h2>Gest\u00e3o de Solo e \u00c1gua<\/h2>\n<p align=\"right\"><img decoding=\"async\" src=\"https:\/\/goias.gov.br\/emater\/wp-content\/uploads\/sites\/62\/2024\/08\/programa_gestao_solo_e_agua.jpeg\" width=\"98%\" \/><\/p>\n<p>O Projeto de Gest\u00e3o de Solo e \u00c1gua em bacias hidrogr\u00e1ficas \u00e9 desenvolvido em propriedades rurais em processo de degrada\u00e7\u00e3o desses bens naturais. Por meio de presta\u00e7\u00e3o de servi\u00e7os de assist\u00eancia t\u00e9cnica e extens\u00e3o rural, a Emater Goi\u00e1s realiza interven\u00e7\u00f5es nas propriedades rurais situadas nas bacias hidrogr\u00e1ficas participantes do projeto, promovendo, principalmente, a recomposi\u00e7\u00e3o de nascentes e conserva\u00e7\u00e3o do solo. <\/p>\n<p>O objetivo do projeto \u00e9 desenvolver atividades que contribuam para minimizar os efeitos da crise h\u00eddrica no estado de Goi\u00e1s. Para isso, a Emater atua em projetos que contribuem para a recarga do len\u00e7ol fre\u00e1tico e para a preserva\u00e7\u00e3o de recursos h\u00eddricos.<\/p>\n<p>O projeto \u00e9 desenvolvido em parceria com o Minist\u00e9rio P\u00fablico do Estado de Goi\u00e1s (MPGO-Ser Natureza), Saneago, prefeituras municipais, Embrapa, universidades e produtores rurais.<\/p>\n<p><\/br><br \/>\n<\/br><\/p>\n<\/div>\n<\/div>\n<\/div>\n","protected":false},"excerpt":{"rendered":"<p>Publicado: Janeiro 2021 \u00daltima Atualiza\u00e7\u00e3o: Junho 2024 Gest\u00e3o de Solo e \u00c1gua O Projeto de Gest\u00e3o de Solo e \u00c1gua em bacias hidrogr\u00e1ficas \u00e9 desenvolvido em propriedades rurais em processo de degrada\u00e7\u00e3o desses bens naturais. Por meio de presta\u00e7\u00e3o de servi\u00e7os de assist\u00eancia t\u00e9cnica e extens\u00e3o rural, a Emater Goi\u00e1s realiza interven\u00e7\u00f5es nas propriedades rurais [&hellip;]<\/p>\n","protected":false},"author":6,"featured_media":0,"parent":0,"menu_order":0,"comment_status":"closed","ping_status":"closed","template":"template-meta-data-filter.php","meta":{"_acf_changed":false,"footnotes":""},"class_list":["post-19451","page","type-page","status-publish","hentry"],"acf":[],"rttpg_featured_image_url":null,"rttpg_author":{"display_name":"fabriciocarlos","author_link":"https:\/\/goias.gov.br\/emater\/author\/fabriciocarlos\/"},"rttpg_comment":0,"rttpg_category":null,"rttpg_excerpt":"Publicado: Janeiro 2021 \u00daltima Atualiza\u00e7\u00e3o: Junho 2024 Gest\u00e3o de Solo e \u00c1gua O Projeto de Gest\u00e3o de Solo e \u00c1gua em bacias hidrogr\u00e1ficas \u00e9 desenvolvido em propriedades rurais em processo de degrada\u00e7\u00e3o desses bens naturais. Por meio de presta\u00e7\u00e3o de servi\u00e7os de assist\u00eancia t\u00e9cnica e extens\u00e3o rural, a Emater Goi\u00e1s realiza interven\u00e7\u00f5es nas propriedades rurais&hellip;","_links":{"self":[{"href":"https:\/\/goias.gov.br\/emater\/wp-json\/wp\/v2\/pages\/19451","targetHints":{"allow":["GET"]}}],"collection":[{"href":"https:\/\/goias.gov.br\/emater\/wp-json\/wp\/v2\/pages"}],"about":[{"href":"https:\/\/goias.gov.br\/emater\/wp-json\/wp\/v2\/types\/page"}],"author":[{"embeddable":true,"href":"https:\/\/goias.gov.br\/emater\/wp-json\/wp\/v2\/users\/6"}],"replies":[{"embeddable":true,"href":"https:\/\/goias.gov.br\/emater\/wp-json\/wp\/v2\/comments?post=19451"}],"version-history":[{"count":0,"href":"https:\/\/goias.gov.br\/emater\/wp-json\/wp\/v2\/pages\/19451\/revisions"}],"wp:attachment":[{"href":"https:\/\/goias.gov.br\/emater\/wp-json\/wp\/v2\/media?parent=19451"}],"curies":[{"name":"wp","href":"https:\/\/api.w.org\/{rel}","templated":true}]}}