

{"id":19447,"date":"2024-06-28T10:16:04","date_gmt":"2024-06-28T13:16:04","guid":{"rendered":"https:\/\/goias.gov.br\/emater\/?page_id=19447"},"modified":"2024-08-12T16:29:10","modified_gmt":"2024-08-12T19:29:10","slug":"programa-fomento-rural","status":"publish","type":"page","link":"https:\/\/goias.gov.br\/emater\/programa-fomento-rural\/","title":{"rendered":"Fomento Rural"},"content":{"rendered":"<div class=\"page-content\"> <!-- Deixa o texto com a cor cinza --><\/p>\n<div class=\"container\">  <!-- Deixa o texto alinhado em um container mais a dentro --><\/p>\n<div id=\"historia\" class=\"container\">\n<p align=\"right\">Publicado: Janeiro 2021<\/br><br \/>\n\u00daltima Atualiza\u00e7\u00e3o: Junho 2024<\/p>\n<\/div>\n<div id=\"historia\" class=\"container\"> <!-- Deixa o texto alinhado em um container mais a dentro --><\/p>\n<h2>Fomento Rural<\/h2>\n<p align=\"right\"><img decoding=\"async\" src=\"https:\/\/goias.gov.br\/emater\/wp-content\/uploads\/sites\/62\/2024\/08\/programa_fomento_rural.jpeg\" width=\"98%\" \/><\/p>\n<p>O Programa de Fomento \u00e0s Atividades Produtivas Rurais (ou Programa Fomento Rural) combina duas a\u00e7\u00f5es: acompanhamento social e produtivo e transfer\u00eancia direta de recursos financeiros n\u00e3o-reembols\u00e1veis, no valor de R$ 4,6 mil, para que todas as fam\u00edlias rurais possam desenvolver seus projetos produtivos.<\/p>\n<p>Com a articula\u00e7\u00e3o entre apoio t\u00e9cnico e financeiro, espera-se que as fam\u00edlias benefici\u00e1rias possam se estruturar ou ampliar sua capacidade produtiva, de modo a aumentar ou diversificar a produ\u00e7\u00e3o de alimentos e as atividades geradoras de renda, contribuindo para a melhoria da seguran\u00e7a alimentar e nutricional e a supera\u00e7\u00e3o da situa\u00e7\u00e3o de pobreza.<\/p>\n<p>Cada fam\u00edlia recebe um \u00fanico benef\u00edcio, em duas parcelas, sendo a primeira parcela de R$ 2,6 mil, logo quando inicia o projeto. A segunda, de R$ 2 mil, ap\u00f3s um intervalo de pelo menos 3 meses, e de acordo com o acompanhamento do projeto em desenvolvimento.<\/p>\n<p>O pagamento \u00e9 feito pela Caixa Econ\u00f4mica Federal, por meio do mesmo cart\u00e3o do Programa Bolsa Fam\u00edlia, ou, caso a fam\u00edlia n\u00e3o tenha este cart\u00e3o, por meio do Cart\u00e3o Cidad\u00e3o ou por saque direto na ag\u00eancia.<\/p>\n<p>Para receber as parcelas do Fomento Rural, a fam\u00edlia interessada precisa estar inscrita no Cadastro \u00danico e ser residente no meio rural e estar em situa\u00e7\u00e3o de vulnerabilidade (renda mensal at\u00e9 R$ 218,00 por pessoa da fam\u00edlia). Em geral, s\u00e3o fam\u00edlias da agricultura familiar ou de povos e comunidades tradicionais, como ind\u00edgenas, quilombolas e extrativistas.<\/p>\n<p>O Programa Fomento Rural pode apoiar uma grande diversidade de projetos, como:<\/p>\n<p>\u2022 Agr\u00edcolas: cria\u00e7\u00e3o de pequenos animais, cultivo de hortas;<br \/>\n\u2022 N\u00e3o agr\u00edcolas (por exemplo: artesanato, sal\u00e3o de beleza, produ\u00e7\u00e3o de polpas);<br \/>\n\u2022 Realizados por uma fam\u00edlia ou por um coletivo de fam\u00edlias;<br \/>\n\u2022 Simples: com apenas uma atividade produtiva (por exemplo: cria\u00e7\u00e3o de galinhas ou combinados) ou com mais de uma atividade (por exemplo: horta e panifica\u00e7\u00e3o).<\/p>\n<p><\/br><br \/>\n<\/br><\/p>\n<\/div>\n<\/div>\n<\/div>\n","protected":false},"excerpt":{"rendered":"<p>Publicado: Janeiro 2021 \u00daltima Atualiza\u00e7\u00e3o: Junho 2024 Fomento Rural O Programa de Fomento \u00e0s Atividades Produtivas Rurais (ou Programa Fomento Rural) combina duas a\u00e7\u00f5es: acompanhamento social e produtivo e transfer\u00eancia direta de recursos financeiros n\u00e3o-reembols\u00e1veis, no valor de R$ 4,6 mil, para que todas as fam\u00edlias rurais possam desenvolver seus projetos produtivos. Com a articula\u00e7\u00e3o [&hellip;]<\/p>\n","protected":false},"author":6,"featured_media":0,"parent":0,"menu_order":0,"comment_status":"closed","ping_status":"closed","template":"template-meta-data-filter.php","meta":{"_acf_changed":false,"footnotes":""},"class_list":["post-19447","page","type-page","status-publish","hentry"],"acf":[],"rttpg_featured_image_url":null,"rttpg_author":{"display_name":"fabriciocarlos","author_link":"https:\/\/goias.gov.br\/emater\/author\/fabriciocarlos\/"},"rttpg_comment":0,"rttpg_category":null,"rttpg_excerpt":"Publicado: Janeiro 2021 \u00daltima Atualiza\u00e7\u00e3o: Junho 2024 Fomento Rural O Programa de Fomento \u00e0s Atividades Produtivas Rurais (ou Programa Fomento Rural) combina duas a\u00e7\u00f5es: acompanhamento social e produtivo e transfer\u00eancia direta de recursos financeiros n\u00e3o-reembols\u00e1veis, no valor de R$ 4,6 mil, para que todas as fam\u00edlias rurais possam desenvolver seus projetos produtivos. Com a articula\u00e7\u00e3o&hellip;","_links":{"self":[{"href":"https:\/\/goias.gov.br\/emater\/wp-json\/wp\/v2\/pages\/19447","targetHints":{"allow":["GET"]}}],"collection":[{"href":"https:\/\/goias.gov.br\/emater\/wp-json\/wp\/v2\/pages"}],"about":[{"href":"https:\/\/goias.gov.br\/emater\/wp-json\/wp\/v2\/types\/page"}],"author":[{"embeddable":true,"href":"https:\/\/goias.gov.br\/emater\/wp-json\/wp\/v2\/users\/6"}],"replies":[{"embeddable":true,"href":"https:\/\/goias.gov.br\/emater\/wp-json\/wp\/v2\/comments?post=19447"}],"version-history":[{"count":0,"href":"https:\/\/goias.gov.br\/emater\/wp-json\/wp\/v2\/pages\/19447\/revisions"}],"wp:attachment":[{"href":"https:\/\/goias.gov.br\/emater\/wp-json\/wp\/v2\/media?parent=19447"}],"curies":[{"name":"wp","href":"https:\/\/api.w.org\/{rel}","templated":true}]}}