

{"id":15576,"date":"2023-02-17T14:47:19","date_gmt":"2023-02-17T17:47:19","guid":{"rendered":"https:\/\/goias.gov.br\/emater\/?page_id=15576"},"modified":"2023-02-17T14:48:22","modified_gmt":"2023-02-17T17:48:22","slug":"inexigibilidade-2023","status":"publish","type":"page","link":"https:\/\/goias.gov.br\/emater\/inexigibilidade-2023\/","title":{"rendered":"Inexigibilidade 2023"},"content":{"rendered":"<div class=\"page-content\"> <!-- Deixa o texto com a cor cinza --><\/p>\n<div class=\"container\">  <!-- Deixa o texto alinhado em um container mais a dentro --><\/p>\n<div id=\"historia\" class=\"container\">\n<p align=\"right\">Publicado: Fevereiro 2023<\/br>Atualizado: Fevereiro 2023<\/p>\n<\/div>\n<div id=\"historia\" class=\"container\"> <!-- Deixa o texto alinhado em um container mais a dentro --><\/p>\n<h2>Inexigibilidade 2023<\/h2>\n<div class=\"body\">\n<p style=\"text-align: center;\"><strong>Contrata\u00e7\u00e3o de Servi\u00e7o P\u00fablico<\/strong><\/p>\n<p style=\"text-align: justify;\"><strong>Objeto: <\/strong>apostilar ao Empenho n\u00ba 2021.3262.00500069 de 14.09.2021, o acr\u00e9scimo quantitativo ao objeto contratado em 25% (vinte e cinco por cento), de conformidade com o artigo 65, \u00a71\u00ba, da Lei n\u00ba. 8.666\/93, correspondendo ao valor de R$ 2.147,60 (dois mil cento e quarenta e sete reais e sessenta centavos), considerando o aumento da demanda durante o presente exerc\u00edcio.\n<\/p>\n<p style=\"text-align: justify;\"><strong>Valor Anual: <\/strong>R$2.147,60<\/p>\n<p style=\"text-align: justify;\"><strong>Vig\u00eancia: <\/strong>Prazo indeterminado<\/p>\n<p style=\"text-align: justify;\"><strong>Gestor: <\/strong>Paulo Borges de Resende<\/p>\n<p style=\"text-align: justify;\"><a href=\"https:\/\/goias.gov.br\/emater\/wp-content\/uploads\/sites\/62\/2023\/02\/dou_imprensa_nacional_empenho_2021326200500069.pdf\" target=\"_blank\">Apostila DOU &#8211; Imprensa Nacional<\/a><\/p>\n<p style=\"text-align: justify;\"><a href=\"https:\/\/goias.gov.br\/emater\/wp-content\/uploads\/sites\/62\/2023\/02\/doego_ratificacao_inex_006-2021.pdf\" target=\"_blank\">Extrato DOE-GO &#8211; Termo de Ratifica\u00e7\u00e3o da Inexibilidade de Licita\u00e7\u00e3o 006-2021<\/a><\/p>\n<p style=\"text-align: justify;\"><a href=\"https:\/\/goias.gov.br\/emater\/wp-content\/uploads\/sites\/62\/2023\/02\/portaria_gestor_imprensa_nacional_empenho_2021326200500069.pdf\" target=\"_blank\">Portaria de Gestor<\/a><\/p>\n<hr \/>\n<\/div>\n<\/div>\n<\/div>\n<\/div>\n","protected":false},"excerpt":{"rendered":"<p>Publicado: Fevereiro 2023Atualizado: Fevereiro 2023 Inexigibilidade 2023 Contrata\u00e7\u00e3o de Servi\u00e7o P\u00fablico Objeto: apostilar ao Empenho n\u00ba 2021.3262.00500069 de 14.09.2021, o acr\u00e9scimo quantitativo ao objeto contratado em 25% (vinte e cinco por cento), de conformidade com o artigo 65, \u00a71\u00ba, da Lei n\u00ba. 8.666\/93, correspondendo ao valor de R$ 2.147,60 (dois mil cento e quarenta e [&hellip;]<\/p>\n","protected":false},"author":6,"featured_media":0,"parent":0,"menu_order":0,"comment_status":"closed","ping_status":"closed","template":"template-meta-data-filter.php","meta":{"_acf_changed":false,"footnotes":""},"class_list":["post-15576","page","type-page","status-publish","hentry"],"acf":[],"rttpg_featured_image_url":null,"rttpg_author":{"display_name":"fabriciocarlos","author_link":"https:\/\/goias.gov.br\/emater\/author\/fabriciocarlos\/"},"rttpg_comment":0,"rttpg_category":null,"rttpg_excerpt":"Publicado: Fevereiro 2023Atualizado: Fevereiro 2023 Inexigibilidade 2023 Contrata\u00e7\u00e3o de Servi\u00e7o P\u00fablico Objeto: apostilar ao Empenho n\u00ba 2021.3262.00500069 de 14.09.2021, o acr\u00e9scimo quantitativo ao objeto contratado em 25% (vinte e cinco por cento), de conformidade com o artigo 65, \u00a71\u00ba, da Lei n\u00ba. 8.666\/93, correspondendo ao valor de R$ 2.147,60 (dois mil cento e quarenta e&hellip;","_links":{"self":[{"href":"https:\/\/goias.gov.br\/emater\/wp-json\/wp\/v2\/pages\/15576","targetHints":{"allow":["GET"]}}],"collection":[{"href":"https:\/\/goias.gov.br\/emater\/wp-json\/wp\/v2\/pages"}],"about":[{"href":"https:\/\/goias.gov.br\/emater\/wp-json\/wp\/v2\/types\/page"}],"author":[{"embeddable":true,"href":"https:\/\/goias.gov.br\/emater\/wp-json\/wp\/v2\/users\/6"}],"replies":[{"embeddable":true,"href":"https:\/\/goias.gov.br\/emater\/wp-json\/wp\/v2\/comments?post=15576"}],"version-history":[{"count":0,"href":"https:\/\/goias.gov.br\/emater\/wp-json\/wp\/v2\/pages\/15576\/revisions"}],"wp:attachment":[{"href":"https:\/\/goias.gov.br\/emater\/wp-json\/wp\/v2\/media?parent=15576"}],"curies":[{"name":"wp","href":"https:\/\/api.w.org\/{rel}","templated":true}]}}