

{"id":13364,"date":"2022-04-28T10:54:56","date_gmt":"2022-04-28T13:54:56","guid":{"rendered":"https:\/\/goias.gov.br\/emater\/?page_id=13364"},"modified":"2022-11-01T10:56:18","modified_gmt":"2022-11-01T13:56:18","slug":"dispensa-de-licitacao-2022","status":"publish","type":"page","link":"https:\/\/goias.gov.br\/emater\/dispensa-de-licitacao-2022\/","title":{"rendered":"Dispensa de Licita\u00e7\u00e3o 2022"},"content":{"rendered":"<div class=\"page-content\"> <!-- Deixa o texto com a cor cinza --><\/p>\n<div class=\"container\">  <!-- Deixa o texto alinhado em um container mais a dentro --><\/p>\n<div id=\"historia\" class=\"container\">\n<p align=\"right\">Publicado: Abril 2022<\/br>Atualizado: Novembro 2022<\/p>\n<\/div>\n<div id=\"historia\" class=\"container\"> <!-- Deixa o texto alinhado em um container mais a dentro --><\/p>\n<h2>Dispensa de Licita\u00e7\u00e3o 2022<\/h2>\n<div class=\"body\">\n<p style=\"text-align: center;\"><strong>DISPENSA DE LICITA\u00c7\u00c3O 007\/2022<\/strong> &#8211; <strong>Processo: <\/strong>202212404001605<\/p>\n<p style=\"text-align: justify;\"><strong>Objeto: <\/strong> O presente Instrumento tem por objeto a contrata\u00e7\u00e3o de empresa especializada para a execu\u00e7\u00e3o dos servi\u00e7os de emolduramento de fotografias para instala\u00e7\u00e3o de Galeria de ex-Presidentes da Emater.<\/p>\n<p style=\"text-align: justify;\"><strong>Contratada: <\/strong> EMUNA  DISTRIBUI\u00c7\u00d5ES  LTDA &#8211; CNPJ: 46.817.575\/0001-00<\/p>\n<p style=\"text-align: justify;\"><strong>Valor: <\/strong>: R$5.980,00<\/p>\n<p style=\"text-align: justify;\"><strong>Processo: <\/strong> 202212404001605<\/p>\n<p style=\"text-align: justify;\"><a href=\"https:\/\/goias.gov.br\/emater\/wp-content\/uploads\/sites\/62\/2022\/11\/empenho-DISPENSA-007-2022-2.pdf\" target=\"_blank\">Empenho<\/a><\/p>\n<p style=\"text-align: justify;\"><a href=\"https:\/\/goias.gov.br\/emater\/wp-content\/uploads\/sites\/62\/2022\/11\/Termo-de-Referencia-DISPENSA-007-2022-2.pdf\" target=\"_blank\">Termo de Refer\u00eancia<\/a><\/p>\n<hr \/>\n<div class=\"body\">\n<p style=\"text-align: center;\"><strong>DISPENSA DE LICITA\u00c7\u00c3O 007\/2022<\/strong> &#8211; <strong>Processo: <\/strong>202212404001410<\/p>\n<p style=\"text-align: justify;\"><strong>Objeto: <\/strong>Contrata\u00e7\u00e3o de empresa para confec\u00e7\u00e3o de crach\u00e1s com fita personalizada de 12 mm em pl\u00e1stico PVC com impress\u00e3o frente e verso, nas dimens\u00f5es de 5&#215;8 cm, com foto em arquivo digital e dados funcionais do servidor, logomarca do \u00d3rg\u00e3o, com fita personalizada com 85 cm de comprimento, 12 mm de largura, em tecido 100% poli\u00e9ster na cor Azul e logomarca do \u00d3rg\u00e3o escrito em branco e presilha jacar\u00e9.<\/p>\n<p style=\"text-align: justify;\"><strong>Contratada: <\/strong> EMUNA  DISTRIBUI\u00c7\u00d5ES  LTDA &#8211; CNPJ: 46.817.575\/0001-00<\/p>\n<p style=\"text-align: justify;\"><strong>Valor: <\/strong>: R$4.495,00 <\/p>\n<p style=\"text-align: justify;\"><strong>Processo: <\/strong> 202212404001410<\/p>\n<p style=\"text-align: justify;\"><a href=\"https:\/\/goias.gov.br\/emater\/wp-content\/uploads\/sites\/62\/2022\/09\/empenho-DISPENSA-007-2022.pdf\" target=\"_blank\">Empenho<\/a><\/p>\n<p style=\"text-align: justify;\"><a href=\"https:\/\/goias.gov.br\/emater\/wp-content\/uploads\/sites\/62\/2022\/09\/Termo-de-Referencia-DISPENSA-007-2022.pdf\" target=\"_blank\">Termo de Refer\u00eancia<\/a><\/p>\n<hr \/>\n<p style=\"text-align: center;\"><strong>DISPENSA DE LICITA\u00c7\u00c3O 006\/2022<\/strong> &#8211; <strong>Processo: <\/strong>202212404000898<\/p>\n<p style=\"text-align: justify;\"><strong>Objeto: <\/strong> Subsidiar na contrata\u00e7\u00e3o direta de empresas especializadas na confe\u00e7\u00e3o de adesivos para plotagem de ve\u00edculos impressos em policromia digital, a aplica\u00e7\u00e3o em ve\u00edculos pertencentes a frota da Emater.<\/p>\n<p style=\"text-align: justify;\"><strong>Contratada: <\/strong> RAUL  BARBOSA  BORGES<\/p>\n<p style=\"text-align: justify;\"><strong>Valor: <\/strong>: R$5.499,00 <\/p>\n<p style=\"text-align: justify;\"><strong>Processo: <\/strong> 202212404000898<\/p>\n<p style=\"text-align: justify;\"><a href=\"https:\/\/goias.gov.br\/emater\/wp-content\/uploads\/sites\/62\/2022\/08\/empenho-DISPENSA-006-2022.pdf\" target=\"_blank\">Empenho<\/a><\/p>\n<p style=\"text-align: justify;\"><a href=\"https:\/\/goias.gov.br\/emater\/wp-content\/uploads\/sites\/62\/2022\/08\/Termo-de-Referencia-DISPENSA-006-2022.pdf\" target=\"_blank\">Termo de Refer\u00eancia<\/a><\/p>\n<hr \/>\n<p style=\"text-align: center;\"><strong>DISPENSA DE LICITA\u00c7\u00c3O 005\/2022<\/strong> &#8211; <strong>Processo: <\/strong>202212404000617<\/p>\n<p style=\"text-align: justify;\"><strong>Objeto: <\/strong>  Aquisi\u00e7\u00e3o de Servi\u00e7o que ateste o funcionamento dos sistemas de SPDA, Ilumina\u00e7\u00e3o de Emerg\u00eancia e Instala\u00e7\u00f5es el\u00e9tricas utilizadas no Complexo de Laborat\u00f3rios da EMATER com \u00e1rea total a ser constru\u00edda de 1.553,40 m\u00b2.<\/p>\n<p style=\"text-align: justify;\"><strong>Contratada: <\/strong>ANEXO ENERGIA ESCO GOIAS EIRELI, CNPJ: 24.399.208\/0001-93 &#8211; MATRIZ  <\/p>\n<p style=\"text-align: justify;\"><strong>Valor: <\/strong>: R$3.350,00 <\/p>\n<p style=\"text-align: justify;\"><strong>Processo: <\/strong>202212404000617<\/p>\n<p style=\"text-align: justify;\"><a href=\"https:\/\/goias.gov.br\/emater\/wp-content\/uploads\/sites\/62\/2022\/06\/empenho-DISPENSA-005-2022.pdf\" target=\"_blank\">Empenho<\/a><\/p>\n<p style=\"text-align: justify;\"><a href=\"https:\/\/goias.gov.br\/emater\/wp-content\/uploads\/sites\/62\/2022\/06\/Termo-de-Referencia-DISPENSA-005-2022.pdf\" target=\"_blank\">Termo de Refer\u00eancia<\/a><\/p>\n<hr \/>\n<p style=\"text-align: center;\"><strong>DISPENSA DE LICITA\u00c7\u00c3O 004\/2022<\/strong> &#8211; <strong>Processo: <\/strong>202212404000537<\/p>\n<p style=\"text-align: justify;\"><strong>Objeto: <\/strong> Aquisi\u00e7\u00e3o de dois conjuntos de base com quatro mastros para bandeiras.<\/p>\n<p style=\"text-align: justify;\"><strong>Contratada: <\/strong>GSM CONSTRUCOES E COMERCIO LTDA, CNPJ: 40.997.613\/0001-60 <\/p>\n<p style=\"text-align: justify;\"><strong>Valor: <\/strong>: R$1.474,00<\/p>\n<p style=\"text-align: justify;\"><strong>Processo: <\/strong>202212404000537<\/p>\n<p style=\"text-align: justify;\"><a href=\"https:\/\/goias.gov.br\/emater\/wp-content\/uploads\/sites\/62\/2022\/06\/empenho-DISPENSA-004-2022.pdf\" target=\"_blank\">Empenho<\/a><\/p>\n<p style=\"text-align: justify;\"><a href=\"https:\/\/goias.gov.br\/emater\/wp-content\/uploads\/sites\/62\/2022\/06\/Termo-de-Referencia-DISPENSA-004-2022.pdf\" target=\"_blank\">Termo de Refer\u00eancia<\/a><\/p>\n<hr \/>\n<p style=\"text-align: center;\"><strong>DISPENSA DE LICITA\u00c7\u00c3O 003\/2022<\/strong> &#8211; <strong>Processo: <\/strong>202212404000956<\/p>\n<p style=\"text-align: justify;\"><strong>Objeto: <\/strong>O presente Termo de Refer\u00eancia tem como finalidade a aquisi\u00e7\u00e3o de chuveiros el\u00e9tricos com prote\u00e7\u00e3o &#8220;DR&#8221; para estruturar os banheiros do Centro de Tecnologia e Capacita\u00e7\u00e3o (CENTRER) da Ag\u00eancia Goiana de Assist\u00eancia T\u00e9cnica, Extens\u00e3o Rural e Pesquisa Agropecu\u00e1ria (EMATER), de forma que esses possam entrar em pleno funcionamento e cumprir com a finalidade junto ao p\u00fablico da EMATER, ou seja: capacita\u00e7\u00e3o de t\u00e9cnicos, pesquisadores, produtores, estudantes e afins. <\/p>\n<p style=\"text-align: justify;\"><strong>Contratada: <\/strong>ALVES ENGENHARIA E COMERCIO LTDA, CNPJ: 40.867.461\/0001-80 <\/p>\n<p style=\"text-align: justify;\"><strong>Valor: <\/strong>: R$1.107,00<\/p>\n<p style=\"text-align: justify;\"><strong>Processo: <\/strong>202212404000956<\/p>\n<p style=\"text-align: justify;\"><a href=\"https:\/\/goias.gov.br\/emater\/wp-content\/uploads\/sites\/62\/2022\/06\/empenho-DISPENSA-003-2022.pdf\" target=\"_blank\">Empenho<\/a><\/p>\n<p style=\"text-align: justify;\"><a href=\"https:\/\/goias.gov.br\/emater\/wp-content\/uploads\/sites\/62\/2022\/06\/Termo-de-Referencia-DISPENSA-003-2022.pdf\" target=\"_blank\">Termo de Refer\u00eancia<\/a><\/p>\n<hr \/>\n<p style=\"text-align: center;\"><strong>DISPENSA DE LICITA\u00c7\u00c3O 002\/2022<\/strong> &#8211; <strong>Processo: <\/strong>202012404000131<\/p>\n<p style=\"text-align: justify;\"><strong>Objeto: <\/strong>Contrata\u00e7\u00e3o do remanescente de servi\u00e7o pactuado no \u00e2mbito do Contrato n\u00ba. 09\/2020, visando a limpeza, asseio, conserva\u00e7\u00e3o e portaria, incluindo o fornecimento de materiais, produtos, uniformes, equipamento de prote\u00e7\u00e3o individual e coletiva do complexo administrativo Emater.<\/p>\n<p style=\"text-align: justify;\"><strong>Contratada: <\/strong>SAMMA SERVI\u00c7OS LTDA, CNPJ: 21.419.761\/0001-52<\/p>\n<p style=\"text-align: justify;\"><strong>Valor: <\/strong>: R$69.973,44<\/p>\n<p style=\"text-align: justify;\"><strong>Processo: <\/strong>202012404000131<\/p>\n<p style=\"text-align: justify;\"><a href=\"https:\/\/goias.gov.br\/emater\/wp-content\/uploads\/sites\/62\/2022\/05\/declaracao_dispensa_0022022.pdf\" target=\"_blank\">Declara\u00e7\u00e3o de Dispensa<\/a><\/p>\n<p style=\"text-align: justify;\"><a href=\"https:\/\/goias.gov.br\/emater\/wp-content\/uploads\/sites\/62\/2022\/05\/publicacao_doego_dispensa_0022022.pdf\" target=\"_blank\">Aviso DOE-GO<\/a><\/p>\n<hr \/>\n<p style=\"text-align: center;\"><strong>DISPENSA DE LICITA\u00c7\u00c3O 001\/2022<\/strong> &#8211; <strong>Processo: <\/strong>202212404000861<\/p>\n<p style=\"text-align: justify;\"><strong>Objeto: <\/strong>Aquisi\u00e7\u00e3o em car\u00e1ter de urg\u00eancia, de 01 (uma) unidade condensadora &#8220;danfoss hjm064d20v 380v trif\u00e1sica 5.5hp&#8221;, para substituir a unidade da c\u00e2mara fria do BAG &#8211; Banco de Germoplasma de Materiais Gen\u00e9ticos.<\/p>\n<p style=\"text-align: justify;\"><strong>Contratada: <\/strong>AR CONDICIONADO E REF. ASSOCIADA LTDA, CNPJ: 26.946.293\/0001-98<\/p>\n<p style=\"text-align: justify;\"><strong>Valor: <\/strong>: R$ 8.455,00<\/p>\n<p style=\"text-align: justify;\"><strong>Processo: <\/strong>202212404000861<\/p>\n<p style=\"text-align: justify;\"><a href=\"https:\/\/goias.gov.br\/emater\/wp-content\/uploads\/sites\/62\/2022\/04\/declaracao_dispensa_0012022.pdf\" target=\"_blank\">Declara\u00e7\u00e3o de Dispensa<\/a><\/p>\n<p style=\"text-align: justify;\"><a href=\"https:\/\/goias.gov.br\/emater\/wp-content\/uploads\/sites\/62\/2022\/04\/empenho_dispensa_0012022.pdf\" target=\"_blank\">Empenho<\/a><\/p>\n<p style=\"text-align: justify;\"><a href=\"https:\/\/goias.gov.br\/emater\/wp-content\/uploads\/sites\/62\/2022\/04\/publicacao_doego_dispensa_0012022.pdf\" target=\"_blank\">Aviso DOE-GO<\/a><\/p>\n<p style=\"text-align: justify;\"><a href=\"https:\/\/goias.gov.br\/emater\/wp-content\/uploads\/sites\/62\/2022\/04\/termo_de_referencia_dispensa_0012022.pdf\" target=\"_blank\">Termo de Refer\u00eancia<\/a><\/p>\n<hr \/>\n<p><!--------------------------------------------------------------------------><br \/>\n<!--\n\n\n<p style=\"text-align: center;\"><strong>EXTRATO DE COMPRAS - DISPENSA DE LICITA\u00c7\u00c3O <\/strong><\/p>\n\n\n\n\n<p style=\"text-align: justify;\"><a href=\"https:\/\/goias.gov.br\/emater\/wp-content\/uploads\/sites\/62\/2022\/05\/Extrato-Compra-Dispensa-Licita\u00e7\u00e3o-Comprasnet.go_.pdf\" target=\"_blank\">EXTRATO<\/a><\/p>\n\n\n\n\n\n<hr \/>\n\n\n-->\n<\/div>\n<\/div>\n<\/div>\n<\/div>\n","protected":false},"excerpt":{"rendered":"<p>Publicado: Abril 2022Atualizado: Novembro 2022 Dispensa de Licita\u00e7\u00e3o 2022 DISPENSA DE LICITA\u00c7\u00c3O 007\/2022 &#8211; Processo: 202212404001605 Objeto: O presente Instrumento tem por objeto a contrata\u00e7\u00e3o de empresa especializada para a execu\u00e7\u00e3o dos servi\u00e7os de emolduramento de fotografias para instala\u00e7\u00e3o de Galeria de ex-Presidentes da Emater. Contratada: EMUNA DISTRIBUI\u00c7\u00d5ES LTDA &#8211; CNPJ: 46.817.575\/0001-00 Valor: : R$5.980,00 [&hellip;]<\/p>\n","protected":false},"author":6,"featured_media":0,"parent":0,"menu_order":0,"comment_status":"closed","ping_status":"closed","template":"template-meta-data-filter.php","meta":{"_acf_changed":false,"footnotes":""},"class_list":["post-13364","page","type-page","status-publish","hentry"],"acf":[],"rttpg_featured_image_url":null,"rttpg_author":{"display_name":"fabriciocarlos","author_link":"https:\/\/goias.gov.br\/emater\/author\/fabriciocarlos\/"},"rttpg_comment":0,"rttpg_category":null,"rttpg_excerpt":"Publicado: Abril 2022Atualizado: Novembro 2022 Dispensa de Licita\u00e7\u00e3o 2022 DISPENSA DE LICITA\u00c7\u00c3O 007\/2022 &#8211; Processo: 202212404001605 Objeto: O presente Instrumento tem por objeto a contrata\u00e7\u00e3o de empresa especializada para a execu\u00e7\u00e3o dos servi\u00e7os de emolduramento de fotografias para instala\u00e7\u00e3o de Galeria de ex-Presidentes da Emater. Contratada: EMUNA DISTRIBUI\u00c7\u00d5ES LTDA &#8211; CNPJ: 46.817.575\/0001-00 Valor: : R$5.980,00&hellip;","_links":{"self":[{"href":"https:\/\/goias.gov.br\/emater\/wp-json\/wp\/v2\/pages\/13364","targetHints":{"allow":["GET"]}}],"collection":[{"href":"https:\/\/goias.gov.br\/emater\/wp-json\/wp\/v2\/pages"}],"about":[{"href":"https:\/\/goias.gov.br\/emater\/wp-json\/wp\/v2\/types\/page"}],"author":[{"embeddable":true,"href":"https:\/\/goias.gov.br\/emater\/wp-json\/wp\/v2\/users\/6"}],"replies":[{"embeddable":true,"href":"https:\/\/goias.gov.br\/emater\/wp-json\/wp\/v2\/comments?post=13364"}],"version-history":[{"count":0,"href":"https:\/\/goias.gov.br\/emater\/wp-json\/wp\/v2\/pages\/13364\/revisions"}],"wp:attachment":[{"href":"https:\/\/goias.gov.br\/emater\/wp-json\/wp\/v2\/media?parent=13364"}],"curies":[{"name":"wp","href":"https:\/\/api.w.org\/{rel}","templated":true}]}}