

{"id":12633,"date":"2022-02-23T09:05:07","date_gmt":"2022-02-23T12:05:07","guid":{"rendered":"https:\/\/goias.gov.br\/emater\/?page_id=12633"},"modified":"2022-07-19T12:35:28","modified_gmt":"2022-07-19T15:35:28","slug":"inexigibilidade-2022","status":"publish","type":"page","link":"https:\/\/goias.gov.br\/emater\/inexigibilidade-2022\/","title":{"rendered":"Inexigibilidade 2022"},"content":{"rendered":"<div class=\"page-content\"> <!-- Deixa o texto com a cor cinza --><\/p>\n<div class=\"container\">  <!-- Deixa o texto alinhado em um container mais a dentro --><\/p>\n<div id=\"historia\" class=\"container\">\n<p align=\"right\">Publicado: Fevereiro 2022<\/br>Atualizado: julho 2022<\/p>\n<\/div>\n<div id=\"historia\" class=\"container\"> <!-- Deixa o texto alinhado em um container mais a dentro --><\/p>\n<h2>Inexigibilidade 2022<\/h2>\n<div class=\"body\">\n<p style=\"text-align: center;\"><strong>INEXIGIBILIDADE DE LICITA\u00c7\u00c3O 004\/2022<\/strong><\/p>\n<p style=\"text-align: justify;\"><strong>Objeto: <\/strong>Pagamento da contribui\u00e7\u00e3o associativa para a Associa\u00e7\u00e3o Brasileira das Entidades de Assist\u00eancia T\u00e9cnica e Extens\u00e3o Rural &#8211; ASBRAER<\/p>\n<p style=\"text-align: justify;\"><strong>Contratada: <\/strong>ASBRAER, CNPJ: 26.446.062\/0001-15<\/p>\n<p style=\"text-align: justify;\"><strong>Valor Anual: <\/strong>R$66.109,80<\/p>\n<p style=\"text-align: justify;\"><strong>Processo: <\/strong>201312404001618<\/p>\n<p style=\"text-align: justify;\"><a href=\"https:\/\/goias.gov.br\/emater\/wp-content\/uploads\/sites\/62\/2022\/07\/declaracao_inexibilidade_042022.pdf\" target=\"_blank\">Declara\u00e7\u00e3o<\/a><\/p>\n<p style=\"text-align: justify;\"><a href=\"https:\/\/goias.gov.br\/emater\/wp-content\/uploads\/sites\/62\/2022\/07\/publicacao_doego_inexibilidade_042022.pdf\" target=\"_blank\">Publica\u00e7\u00e3o DOE-GO<\/a><\/p>\n<hr \/>\n<p style=\"text-align: center;\"><strong>INEXIGIBILIDADE DE LICITA\u00c7\u00c3O 003\/2022<\/strong><\/p>\n<p style=\"text-align: justify;\"><strong>Objeto: <\/strong>Presta\u00e7\u00e3o de servi\u00e7os banc\u00e1rios, pelo per\u00edodo de 48 (quarenta e oito) meses.<\/p>\n<p style=\"text-align: justify;\"><strong>Contratada: <\/strong>Banco do Brasil S\/A , CNPJ: 00.000.000\/0001-91<\/p>\n<p style=\"text-align: justify;\"><strong>Valor Anual: <\/strong>R$24.000,00<\/p>\n<p style=\"text-align: justify;\"><strong>Processo: <\/strong>202112404000522<\/p>\n<p style=\"text-align: justify;\"><a href=\"https:\/\/goias.gov.br\/emater\/wp-content\/uploads\/sites\/62\/2022\/05\/declaracao_inexibilidade_032022.pdf\" target=\"_blank\">Declara\u00e7\u00e3o<\/a><\/p>\n<p style=\"text-align: justify;\"><a href=\"https:\/\/goias.gov.br\/emater\/wp-content\/uploads\/sites\/62\/2022\/05\/publicacao_doego_inexibilidade_032022.pdf\" target=\"_blank\">Publica\u00e7\u00e3o DOE-GO<\/a><\/p>\n<hr \/>\n<p style=\"text-align: center;\"><strong>INEXIGIBILIDADE DE LICITA\u00c7\u00c3O 002\/2022<\/strong><\/p>\n<p style=\"text-align: justify;\"><strong>Objeto: <\/strong>Cobertura de despesa com a continuidade da filia\u00e7\u00e3o\u00a0da Ag\u00eancia Goiana de Assist\u00eancia T\u00e9cnica, Extens\u00e3o Rural e Pesquisa Agropecu\u00e1ria \u2013 EMATER ao Conselho Nacional do Sistema Estadual de Pesquisa Agropecu\u00e1ria \u2013 CONSEPA.<\/p>\n<p style=\"text-align: justify;\"><strong>Contratada: <\/strong>CONSEPA, CNPJ: 00.065.941\/0001-03<\/p>\n<p style=\"text-align: justify;\"><strong>Valor Anual: <\/strong>R$14.592,00<\/p>\n<p style=\"text-align: justify;\"><strong>Processo: <\/strong>201712404000017<\/p>\n<p style=\"text-align: justify;\"><a href=\"https:\/\/goias.gov.br\/emater\/wp-content\/uploads\/sites\/62\/2022\/05\/declaracao_inexibilidade_022022.pdf\" target=\"_blank\">Declara\u00e7\u00e3o<\/a><\/p>\n<p style=\"text-align: justify;\"><a href=\"https:\/\/goias.gov.br\/emater\/wp-content\/uploads\/sites\/62\/2022\/05\/publicacao_doego_inexibilidade_022022.pdf\" target=\"_blank\">Publica\u00e7\u00e3o DOE-GO<\/a><\/p>\n<hr \/>\n<p style=\"text-align: center;\"><strong>INEXIGIBILIDADE DE LICITA\u00c7\u00c3O 001\/2022-EMATER<\/strong><\/p>\n<p style=\"text-align: justify;\"><strong>Objeto: <\/strong>Contrato de presta\u00e7\u00e3o de servi\u00e7os de publica\u00e7\u00e3o no di\u00e1rio oficial do estado que entre si celebram a Ag\u00eancia Brasil Central \u2013 ABC e\u00a0a EMATER.\n<\/p>\n<p style=\"text-align: justify;\"><strong>Contratada: <\/strong>Ag\u00eancia Brasil Central \u2013 ABC<\/p>\n<p style=\"text-align: justify;\"><strong>Valor Anual: <\/strong>R$63.000,00 <\/p>\n<p style=\"text-align: justify;\"><strong>Processo: <\/strong>202212404000263<\/p>\n<p style=\"text-align: justify;\"><a href=\"https:\/\/goias.gov.br\/emater\/wp-content\/uploads\/sites\/62\/2022\/02\/Declaracao_de_Inexigibilidade_de_Licitacao_012022.pdf\" target=\"_blank\">Declara\u00e7\u00e3o<\/a><\/p>\n<p style=\"text-align: justify;\"><a href=\"https:\/\/goias.gov.br\/emater\/wp-content\/uploads\/sites\/62\/2022\/02\/publicacao_DOE23744.pdf\" target=\"_blank\">Publica\u00e7\u00e3o DOE-GO<\/a><\/p>\n<hr \/>\n<\/div>\n<\/div>\n<\/div>\n<\/div>\n","protected":false},"excerpt":{"rendered":"<p>Publicado: Fevereiro 2022Atualizado: julho 2022 Inexigibilidade 2022 INEXIGIBILIDADE DE LICITA\u00c7\u00c3O 004\/2022 Objeto: Pagamento da contribui\u00e7\u00e3o associativa para a Associa\u00e7\u00e3o Brasileira das Entidades de Assist\u00eancia T\u00e9cnica e Extens\u00e3o Rural &#8211; ASBRAER Contratada: ASBRAER, CNPJ: 26.446.062\/0001-15 Valor Anual: R$66.109,80 Processo: 201312404001618 Declara\u00e7\u00e3o Publica\u00e7\u00e3o DOE-GO INEXIGIBILIDADE DE LICITA\u00c7\u00c3O 003\/2022 Objeto: Presta\u00e7\u00e3o de servi\u00e7os banc\u00e1rios, pelo per\u00edodo de 48 [&hellip;]<\/p>\n","protected":false},"author":1,"featured_media":0,"parent":0,"menu_order":0,"comment_status":"closed","ping_status":"closed","template":"template-meta-data-filter.php","meta":{"_acf_changed":false,"footnotes":""},"class_list":["post-12633","page","type-page","status-publish","hentry"],"acf":[],"rttpg_featured_image_url":null,"rttpg_author":{"display_name":"wagner.viana","author_link":"https:\/\/goias.gov.br\/emater\/author\/wagner-viana\/"},"rttpg_comment":0,"rttpg_category":null,"rttpg_excerpt":"Publicado: Fevereiro 2022Atualizado: julho 2022 Inexigibilidade 2022 INEXIGIBILIDADE DE LICITA\u00c7\u00c3O 004\/2022 Objeto: Pagamento da contribui\u00e7\u00e3o associativa para a Associa\u00e7\u00e3o Brasileira das Entidades de Assist\u00eancia T\u00e9cnica e Extens\u00e3o Rural &#8211; ASBRAER Contratada: ASBRAER, CNPJ: 26.446.062\/0001-15 Valor Anual: R$66.109,80 Processo: 201312404001618 Declara\u00e7\u00e3o Publica\u00e7\u00e3o DOE-GO INEXIGIBILIDADE DE LICITA\u00c7\u00c3O 003\/2022 Objeto: Presta\u00e7\u00e3o de servi\u00e7os banc\u00e1rios, pelo per\u00edodo de 48&hellip;","_links":{"self":[{"href":"https:\/\/goias.gov.br\/emater\/wp-json\/wp\/v2\/pages\/12633","targetHints":{"allow":["GET"]}}],"collection":[{"href":"https:\/\/goias.gov.br\/emater\/wp-json\/wp\/v2\/pages"}],"about":[{"href":"https:\/\/goias.gov.br\/emater\/wp-json\/wp\/v2\/types\/page"}],"author":[{"embeddable":true,"href":"https:\/\/goias.gov.br\/emater\/wp-json\/wp\/v2\/users\/1"}],"replies":[{"embeddable":true,"href":"https:\/\/goias.gov.br\/emater\/wp-json\/wp\/v2\/comments?post=12633"}],"version-history":[{"count":0,"href":"https:\/\/goias.gov.br\/emater\/wp-json\/wp\/v2\/pages\/12633\/revisions"}],"wp:attachment":[{"href":"https:\/\/goias.gov.br\/emater\/wp-json\/wp\/v2\/media?parent=12633"}],"curies":[{"name":"wp","href":"https:\/\/api.w.org\/{rel}","templated":true}]}}