

{"id":11673,"date":"2021-11-22T10:10:14","date_gmt":"2021-11-22T13:10:14","guid":{"rendered":"https:\/\/goias.gov.br\/emater\/?page_id=11673"},"modified":"2022-05-06T13:58:31","modified_gmt":"2022-05-06T16:58:31","slug":"aviso-de-licitacao-2020","status":"publish","type":"page","link":"https:\/\/goias.gov.br\/emater\/aviso-de-licitacao-2020\/","title":{"rendered":"Aviso de Licita\u00e7\u00e3o &#8211; 2020"},"content":{"rendered":"<div class=\"page-content\"> <!-- Deixa o texto com a cor cinza --><\/p>\n<div class=\"container\">  <!-- Deixa o texto alinhado em um container mais a dentro --><\/p>\n<div id=\"historia\" class=\"container\">\n<p align=\"right\">Publicado: Janeiro 2020<\/br><br \/>\nAtualizado: maio 2022<\/p>\n<\/div>\n<div id=\"historia\" class=\"container\"> <!-- Deixa o texto alinhado em um container mais a dentro --><\/p>\n<h2>Avisos de licita\u00e7\u00f5es &#8211; 2020<\/h2>\n<div class=\"body\">\n<p style=\"text-align: center;\"><strong>Preg\u00e3o Eletr\u00f4nico 09\/2020 \u2013 Processo n\u00ba 2020120404000759<\/strong><\/p>\n<p style=\"text-align: justify;\"><strong>Data de Abertura:<\/strong> 29\/12\/2020<\/p>\n<p style=\"text-align: justify;\"><strong>Objeto:<\/strong> Aquisi\u00e7\u00e3o de 3 (tr\u00eas) Tablets 10,1&#8243;\n<\/p>\n<p style=\"text-align: justify;\"><strong>Tipo:<\/strong> MENOR PRE\u00c7O (POR ITEM)<\/p>\n<p style=\"text-align: justify;\"><strong>Tipo de Execu\u00e7\u00e3o:<\/strong> Preg\u00e3o Eletr\u00f4nico<\/p>\n<p style=\"text-align: justify;\"><strong>Processo:<\/strong> 2020120404000759<\/p>\n<p style=\"text-align: justify;\"><a href=\"https:\/\/goias.gov.br\/emater\/wp-content\/uploads\/sites\/62\/2020\/12\/AVISO-DE-LICITA%C3%87%C3%83O-PE-009-2020.docx\" target=\"_blank\">Aviso de Licita\u00e7\u00e3o<\/a><\/p>\n<p style=\"text-align: justify;\"><a href=\"https:\/\/goias.gov.br\/emater\/wp-content\/uploads\/sites\/62\/2020\/12\/EDITAL-DE-LICITA%C3%87%C3%83O-PE-009.pdf\" target=\"_blank\">Edital de Licita\u00e7\u00e3o<\/a><\/p>\n<hr \/>\n<p style=\"text-align: center;\"><strong>Preg\u00e3o Eletr\u00f4nico 08\/2020 \u2013 Processo n\u00ba 202012404000758<\/strong><\/p>\n<p style=\"text-align: justify;\"><strong>Data de Abertura:<\/strong> 30\/12\/2020<\/p>\n<p style=\"text-align: justify;\"><strong>Objeto:<\/strong> Aquisi\u00e7\u00e3o  de 50  (cinquenta)  Note  Book  para atender  ao  CONV\u00caNIO MAPA N\u00ba 893382\/2019, celebrado com a UNI\u00c3O, por interm\u00e9dio do Minist\u00e9rio da<br \/>\nAgricultura,  Pecu\u00e1ria  e  Abastecimento  (MAPA)  e  a  Agencia  Goiana  de  Assist\u00eancia  T\u00e9cnica, Extens\u00e3o Rural e Pesquisa Agropecu\u00e1ria (EMATER), cujo objeto \u00e9 a estrutura\u00e7\u00e3o de entidades  de  Assist\u00eancia  T\u00e9cnica  e  Extens\u00e3o  Rural  (ATER).\n<\/p>\n<p style=\"text-align: justify;\"><strong>Tipo:<\/strong> MENOR PRE\u00c7O (POR ITEM)<\/p>\n<p style=\"text-align: justify;\"><strong>Tipo de Execu\u00e7\u00e3o:<\/strong> Preg\u00e3o Eletr\u00f4nico<\/p>\n<p style=\"text-align: justify;\"><strong>Processo:<\/strong> 202012404000758<\/p>\n<p style=\"text-align: justify;\"><a href=\"https:\/\/goias.gov.br\/emater\/wp-content\/uploads\/sites\/62\/2020\/12\/AVISOS-DE-LICITA%C3%87%C3%83O-PE-008.pdf\" target=\"_blank\">Aviso de Licita\u00e7\u00e3o<\/a><\/p>\n<p style=\"text-align: justify;\"><a href=\"https:\/\/goias.gov.br\/emater\/wp-content\/uploads\/sites\/62\/2020\/12\/EDITAL-DE-LICITA%C3%87%C3%83O-PE-008.pdf\" target=\"_blank\">Edital de Licita\u00e7\u00e3o<\/a><\/p>\n<hr \/>\n<p style=\"text-align: center;\"><strong>Preg\u00e3o Eletr\u00f4nico 07\/2020 \u2013 Processo n\u00ba 202012404000757<\/strong><\/p>\n<p style=\"text-align: justify;\"><strong>Data de Abertura:<\/strong> 23\/12\/2020<\/p>\n<p style=\"text-align: justify;\"><strong>Objeto:<\/strong> Aquisi\u00e7\u00e3o de 07 (sete) Ve\u00edculos Pick Up para atender ao CONV\u00caNIO MAPA N\u00ba 893382\/2019, cujo objeto \u00e9 a estrutura\u00e7\u00e3o de entidades de Assist\u00eancia T\u00e9cnica e Extens\u00e3o Rural (ATER).\n<\/p>\n<p style=\"text-align: justify;\"><strong>Tipo:<\/strong> MENOR PRE\u00c7O (POR ITEM)<\/p>\n<p style=\"text-align: justify;\"><strong>Tipo de Execu\u00e7\u00e3o:<\/strong> Preg\u00e3o Eletr\u00f4nico<\/p>\n<p style=\"text-align: justify;\"><strong>Processo:<\/strong> 202012404000757<\/p>\n<p style=\"text-align: justify;\"><a href=\"https:\/\/goias.gov.br\/emater\/wp-content\/uploads\/sites\/62\/2020\/12\/ERRATA-AO-AVISO-DE-LICITA%C3%87%C3%83O-PE-007-2020.pdf\" target=\"_blank\">ERRATA AO AVISO DE LICITA\u00c7\u00c3O<\/a><\/p>\n<p style=\"text-align: justify;\"><a href=\"https:\/\/goias.gov.br\/emater\/wp-content\/uploads\/sites\/62\/2020\/12\/AVISO-DE-LICITA%C3%87%C3%83O-PE-007-2020.pdf\" target=\"_blank\">Aviso de Licita\u00e7\u00e3o<\/a><\/p>\n<p style=\"text-align: justify;\"><a href=\"https:\/\/goias.gov.br\/emater\/wp-content\/uploads\/sites\/62\/2020\/12\/EDITAL-DE-LICITA%C3%87%C3%83O-PE-007.pdf\" target=\"_blank\">Edital de Licita\u00e7\u00e3o<\/a><\/p>\n<hr \/>\n<p style=\"text-align: center;\"><strong>Preg\u00e3o Eletr\u00f4nico 06\/2020 \u2013 Processo n\u00ba  201912404000964<\/strong><\/p>\n<p style=\"text-align: justify;\"><strong>Data de Abertura:<\/strong> 11\/08\/2020<\/p>\n<p style=\"text-align: justify;\"><strong>Objeto:<\/strong>  Aquisi\u00e7\u00e3o de Material de Limpeza  \u2013 para uso geral, visando ao atendimento da demanda desta Ag\u00eancia\/EMATER, relativo ao Processo Administrativo n\u00ba<br \/>\n201912404000964, que ser\u00e1 regida pela Lei Federal 10.520 de 17 de julho de 2002, Decreto Estadual n\u00ba 9.666 de 21 de maio de 2020, Lei Complementar n\u00ba 123 de 14 de dezembro de 2006, Decreto Estadual n\u00ba 7.466 de 18 de outubro de 2011, e  suplementarmente  ao disposto na Lei Estadual n\u00ba. 17.928 de  27 de  dezembro  de  2012,  e  outras  demais  regulamentares  aplic\u00e1veis  \u00e0  esp\u00e9cie,  todas  subsidiariamente pela Lei Federal n\u00ba 8.666 de  21 de junho de 1993  e suas altera\u00e7\u00f5es e pelas condi\u00e7\u00f5es  estabelecidas no Edital e seus anexos.\n<\/p>\n<p style=\"text-align: justify;\"><strong>Tipo:<\/strong> MENOR PRE\u00c7O (POR LOTE)<\/p>\n<p style=\"text-align: justify;\"><strong>Tipo de Execu\u00e7\u00e3o:<\/strong> Preg\u00e3o Eletr\u00f4nico<\/p>\n<p style=\"text-align: justify;\"><strong>Processo:<\/strong> 201912404000964<\/p>\n<p style=\"text-align: justify;\"><a href=\"https:\/\/goias.gov.br\/emater\/wp-content\/uploads\/sites\/62\/2020\/07\/AVISO-DE-LICITA%C3%87%C3%83O-PREG%C3%83O-ELETR%C3%94NICO-N%C2%BA-006-2020-%E2%80%93-EMATER-GO.pdf\" target=\"_blank\">Aviso de Licita\u00e7\u00e3o<\/a><\/p>\n<hr \/>\n<p style=\"text-align: center;\"><strong>Preg\u00e3o Eletr\u00f4nico 05\/2020 \u2013 Processo n\u00ba  202012404000131<\/strong><\/p>\n<p style=\"text-align: justify;\"><strong>Data de Reabertura:<\/strong> 28\/05\/2020<\/p>\n<p style=\"text-align: justify;\"><strong>Objeto:<\/strong> Contrata\u00e7\u00e3o de empresa especializada na presta\u00e7\u00e3o de servi\u00e7o de limpeza conserva\u00e7\u00e3o, higieniza\u00e7\u00e3o e portaria com fornecimento de materiais, para atender a sede Administrativa da EMATER e Centro de Treinamento, no campus II da UFG pelo per\u00edodo<br \/>\nde 12 (doze) meses.\n<\/p>\n<p style=\"text-align: justify;\"><strong>Tipo:<\/strong> MENOR PRE\u00c7O (POR LOTE)<\/p>\n<p style=\"text-align: justify;\"><strong>Tipo de Execu\u00e7\u00e3o:<\/strong> Preg\u00e3o Eletr\u00f4nico<\/p>\n<p style=\"text-align: justify;\"><strong>Processo:<\/strong> 202012404000131<\/p>\n<p style=\"text-align: justify;\"><a href=\"https:\/\/goias.gov.br\/emater\/wp-content\/uploads\/sites\/62\/2020\/05\/Aviso-de-Sess%C3%A3o-PE-005-2020-EMATER-Comprasnet-28-05-2020-1.pdf\" target=\"_blank\">Aviso de Sess\u00e3o 28-05-2020 <\/a><\/p>\n<p style=\"text-align: justify;\"><a href=\"https:\/\/goias.gov.br\/emater\/wp-content\/uploads\/sites\/62\/2020\/05\/ATA-COMPLEMENTAR-28-05-2020-PE-n.%C2%BA-005-2020-EMATER.pdf\" target=\"_blank\">Ata Complementar PE n. 005-2020 \u2013 28-05-2020<\/a><\/p>\n<p style=\"text-align: justify;\"><a href=\"https:\/\/goias.gov.br\/emater\/wp-content\/uploads\/sites\/62\/2020\/05\/Aviso-de-Reabertura-da-Sess%C3%A3o-PE-n.-005-2020-20-05-2020.pdf\" target=\"_blank\">Aviso de Sess\u00e3o 20-05-2020<\/a><\/p>\n<p style=\"text-align: justify;\"><a href=\"https:\/\/goias.gov.br\/emater\/wp-content\/uploads\/sites\/62\/2020\/05\/Ata-Complementar-PE-n.-005-2020-20-05-2020.pdf\" target=\"_blank\">Ata Complementar PE n. 005-2020 \u2013 20-05-2020<\/a><\/p>\n<hr \/>\n<p style=\"text-align: center;\"><strong>Preg\u00e3o Eletr\u00f4nico 15\/2016 \u2013 Processo n\u00ba 201612404000516<\/strong><\/p>\n<p style=\"text-align: justify;\"><strong>Data de Abertura:<\/strong> 17\/10\/2016<\/p>\n<p style=\"text-align: justify;\"><strong>Objeto:<\/strong> Confec\u00e7\u00e3o de 260 placas em ACM, para identifica\u00e7\u00e3o dos pr\u00e9dios da EMATER.\n<\/p>\n<p style=\"text-align: justify;\"><strong>Tipo:<\/strong> MENOR PRE\u00c7O (POR LOTE)<\/p>\n<p style=\"text-align: justify;\"><strong>Tipo de Execu\u00e7\u00e3o:<\/strong> Preg\u00e3o Eletr\u00f4nico<\/p>\n<p style=\"text-align: justify;\"><strong>Processo:<\/strong> 201612404000516<\/p>\n<p style=\"text-align: justify;\"><a href=\"https:\/\/goias.gov.br\/emater\/wp-content\/uploads\/sites\/62\/2018\/11\/Aviso-de-Licita%C3%A7%C3%A3o-4.doc\" target=\"_blank\">Aviso de Licita\u00e7\u00e3o<\/a><\/p>\n<p style=\"text-align: justify;\"><a href=\"https:\/\/goias.gov.br\/emater\/wp-content\/uploads\/sites\/62\/2018\/11\/Edital-Publicado.pdf\" target=\"_blank\">Edital de Licita\u00e7\u00e3o<\/a><\/p>\n<hr \/>\n<p style=\"text-align: center;\"><strong>Preg\u00e3o Eletr\u00f4nico 13\/2016 \u2013 Processo n\u00ba 201612404000516<\/strong><\/p>\n<p style=\"text-align: justify;\"><strong>Data de Abertura:<\/strong> 30\/09\/2016<\/p>\n<p style=\"text-align: justify;\"><strong>Objeto:<\/strong> Aquisi\u00e7\u00e3o de Defensivos Fitossanit\u00e1rios: Herbicida, Inseticida e Fungicida.\n<\/p>\n<p style=\"text-align: justify;\"><strong>Tipo:<\/strong> MENOR PRE\u00c7O (POR LOTE)<\/p>\n<p style=\"text-align: justify;\"><strong>Tipo de Execu\u00e7\u00e3o:<\/strong> Preg\u00e3o Eletr\u00f4nico<\/p>\n<p style=\"text-align: justify;\"><strong>Processo:<\/strong> 201612404000516<\/p>\n<p style=\"text-align: justify;\"><a href=\"https:\/\/goias.gov.br\/emater\/wp-content\/uploads\/sites\/62\/2018\/11\/Aviso-Publica%C3%A7%C3%A3o-Herbicida-Inset-Fungicida-desemp-1.pdf\" target=\"_blank\">Aviso de Licita\u00e7\u00e3o<\/a><\/p>\n<p style=\"text-align: justify;\"><a href=\"https:\/\/goias.gov.br\/emater\/wp-content\/uploads\/sites\/62\/2018\/11\/Edital-Herbicida-Inseticidas-Fungicidas-2016-cData.pdf\" target=\"_blank\">Edital de Licita\u00e7\u00e3o<\/a><\/p>\n<hr \/>\n<p style=\"text-align: center;\"><strong>Preg\u00e3o Eletr\u00f4nico 12\/2016 \u2013 Processo n\u00ba 201612404000280<\/strong><\/p>\n<p style=\"text-align: justify;\"><strong>Data de Abertura:<\/strong> 04\/10\/2016<\/p>\n<p style=\"text-align: justify;\"><strong>Objeto:<\/strong> Aquisi\u00e7\u00e3o de 40 scanners de mesa.\n<\/p>\n<p style=\"text-align: justify;\"><strong>Tipo:<\/strong> MENOR PRE\u00c7O (POR LOTE)<\/p>\n<p style=\"text-align: justify;\"><strong>Tipo de Execu\u00e7\u00e3o:<\/strong> Preg\u00e3o Eletr\u00f4nico<\/p>\n<p style=\"text-align: justify;\"><strong>Processo:<\/strong> 201612404000280<\/p>\n<p style=\"text-align: justify;\"><a href=\"https:\/\/goias.gov.br\/emater\/wp-content\/uploads\/sites\/62\/2018\/11\/Aviso-de-Licita%C3%A7%C3%A3o.doc\" target=\"_blank\">Aviso de Licita\u00e7\u00e3o<\/a><\/p>\n<p style=\"text-align: justify;\"><a href=\"https:\/\/goias.gov.br\/emater\/wp-content\/uploads\/sites\/62\/2018\/11\/Edital-Publicado-SCANNERS-DE-MESA.pdf\" target=\"_blank\">Edital de Licita\u00e7\u00e3o<\/a><\/p>\n<hr \/>\n<p style=\"text-align: center;\"><strong>Preg\u00e3o Eletr\u00f4nico 11\/2016 \u2013 Processo n\u00ba 20161240400057<\/strong><\/p>\n<p style=\"text-align: justify;\"><strong>Data de Abertura:<\/strong> 09\/09\/2016<\/p>\n<p style=\"text-align: justify;\"><strong>Objeto:<\/strong> Aquisi\u00e7\u00e3o de Fertilizantes: &#8211; 190 toneladas de Adubo de Plantio:<br \/>\nFormulado 08-28-18+3% de micronutrientes (Zn, Mn, Cu, Mo e B) \u2013<br \/>\nSaca de 50 kg. &#8211; 60 toneladas de Adubo de Cobertura:<br \/>\nUr\u00e9ia agr\u00edcola 45% de Nitrog\u00eanio \u2013 Saca de 50 kg.\n<\/p>\n<p style=\"text-align: justify;\"><strong>Tipo:<\/strong> MENOR PRE\u00c7O (POR LOTE)<\/p>\n<p style=\"text-align: justify;\"><strong>Tipo de Execu\u00e7\u00e3o:<\/strong> Preg\u00e3o Eletr\u00f4nico<\/p>\n<p style=\"text-align: justify;\"><strong>Processo:<\/strong> 20161240400057<\/p>\n<p style=\"text-align: justify;\"><a href=\"https:\/\/goias.gov.br\/emater\/wp-content\/uploads\/sites\/62\/2018\/11\/Aviso-de-Licita%C3%A7%C3%A3o-adubo.pdf\" target=\"_blank\">Aviso de Licita\u00e7\u00e3o<\/a><\/p>\n<p style=\"text-align: justify;\"><a href=\"https:\/\/goias.gov.br\/emater\/wp-content\/uploads\/sites\/62\/2018\/11\/Edital-Aquisi%C3%A7%C3%A3o-Adubo-e-Ureia.pdf\" target=\"_blank\">Edital de Licita\u00e7\u00e3o<\/a><\/p>\n<hr \/>\n<\/div>\n<\/div>\n<\/div>\n","protected":false},"excerpt":{"rendered":"<p>Publicado: Janeiro 2020 Atualizado: maio 2022 Avisos de licita\u00e7\u00f5es &#8211; 2020 Preg\u00e3o Eletr\u00f4nico 09\/2020 \u2013 Processo n\u00ba 2020120404000759 Data de Abertura: 29\/12\/2020 Objeto: Aquisi\u00e7\u00e3o de 3 (tr\u00eas) Tablets 10,1&#8243; Tipo: MENOR PRE\u00c7O (POR ITEM) Tipo de Execu\u00e7\u00e3o: Preg\u00e3o Eletr\u00f4nico Processo: 2020120404000759 Aviso de Licita\u00e7\u00e3o Edital de Licita\u00e7\u00e3o Preg\u00e3o Eletr\u00f4nico 08\/2020 \u2013 Processo n\u00ba 202012404000758 Data [&hellip;]<\/p>\n","protected":false},"author":1,"featured_media":0,"parent":0,"menu_order":0,"comment_status":"closed","ping_status":"closed","template":"template-meta-data-filter.php","meta":{"_acf_changed":false,"footnotes":""},"class_list":["post-11673","page","type-page","status-publish","hentry"],"acf":[],"rttpg_featured_image_url":null,"rttpg_author":{"display_name":"wagner.viana","author_link":"https:\/\/goias.gov.br\/emater\/author\/wagner-viana\/"},"rttpg_comment":0,"rttpg_category":null,"rttpg_excerpt":"Publicado: Janeiro 2020 Atualizado: maio 2022 Avisos de licita\u00e7\u00f5es &#8211; 2020 Preg\u00e3o Eletr\u00f4nico 09\/2020 \u2013 Processo n\u00ba 2020120404000759 Data de Abertura: 29\/12\/2020 Objeto: Aquisi\u00e7\u00e3o de 3 (tr\u00eas) Tablets 10,1&#8243; Tipo: MENOR PRE\u00c7O (POR ITEM) Tipo de Execu\u00e7\u00e3o: Preg\u00e3o Eletr\u00f4nico Processo: 2020120404000759 Aviso de Licita\u00e7\u00e3o Edital de Licita\u00e7\u00e3o Preg\u00e3o Eletr\u00f4nico 08\/2020 \u2013 Processo n\u00ba 202012404000758 Data&hellip;","_links":{"self":[{"href":"https:\/\/goias.gov.br\/emater\/wp-json\/wp\/v2\/pages\/11673","targetHints":{"allow":["GET"]}}],"collection":[{"href":"https:\/\/goias.gov.br\/emater\/wp-json\/wp\/v2\/pages"}],"about":[{"href":"https:\/\/goias.gov.br\/emater\/wp-json\/wp\/v2\/types\/page"}],"author":[{"embeddable":true,"href":"https:\/\/goias.gov.br\/emater\/wp-json\/wp\/v2\/users\/1"}],"replies":[{"embeddable":true,"href":"https:\/\/goias.gov.br\/emater\/wp-json\/wp\/v2\/comments?post=11673"}],"version-history":[{"count":0,"href":"https:\/\/goias.gov.br\/emater\/wp-json\/wp\/v2\/pages\/11673\/revisions"}],"wp:attachment":[{"href":"https:\/\/goias.gov.br\/emater\/wp-json\/wp\/v2\/media?parent=11673"}],"curies":[{"name":"wp","href":"https:\/\/api.w.org\/{rel}","templated":true}]}}