

{"id":11197,"date":"2021-10-08T16:25:04","date_gmt":"2021-10-08T19:25:04","guid":{"rendered":"https:\/\/goias.gov.br\/emater\/?page_id=11197"},"modified":"2021-10-08T16:28:11","modified_gmt":"2021-10-08T19:28:11","slug":"horto-de-plantas-bioativas-2","status":"publish","type":"page","link":"https:\/\/goias.gov.br\/emater\/horto-de-plantas-bioativas-2\/","title":{"rendered":"Horto de Plantas Bioativas"},"content":{"rendered":"<div class=\"page-content\"> <!-- Deixa o texto com a cor cinza --><\/p>\n<div class=\"container\">  <!-- Deixa o texto alinhado em um container mais a dentro --><\/p>\n<div class=\"container\">\n<p align=\"right\">Publicado: out. 2021<br \/>\n\u00daltima Atualiza\u00e7\u00e3o: outubro 2021<\/p>\n<\/div>\n<div class=\"container\"> <!-- Deixa o texto alinhado em um container mais a dentro --><\/p>\n<h2>Oferta de Mudas do Horto de Plantas Bioativas<\/h2>\n<\/div>\n<\/div>\n<div align=\"center\">\n<img decoding=\"async\" src=\"https:\/\/goias.gov.br\/emater\/wp-content\/uploads\/sites\/62\/2021\/10\/INFOGRAFICO-NATIVAS-DO-CERRADO.png\" alt=\"\" width=\"65%\" class=\"aligncenter size-medium wp-image-7908\"><\/div>\n<\/div>\n","protected":false},"excerpt":{"rendered":"<p>Publicado: out. 2021 \u00daltima Atualiza\u00e7\u00e3o: outubro 2021 Oferta de Mudas do Horto de Plantas Bioativas<\/p>\n","protected":false},"author":1,"featured_media":0,"parent":0,"menu_order":0,"comment_status":"closed","ping_status":"closed","template":"template-meta-data-filter.php","meta":{"_acf_changed":false,"footnotes":""},"class_list":["post-11197","page","type-page","status-publish","hentry"],"acf":[],"rttpg_featured_image_url":null,"rttpg_author":{"display_name":"wagner.viana","author_link":"https:\/\/goias.gov.br\/emater\/author\/wagner-viana\/"},"rttpg_comment":0,"rttpg_category":null,"rttpg_excerpt":"Publicado: out. 2021 \u00daltima Atualiza\u00e7\u00e3o: outubro 2021 Oferta de Mudas do Horto de Plantas Bioativas","_links":{"self":[{"href":"https:\/\/goias.gov.br\/emater\/wp-json\/wp\/v2\/pages\/11197","targetHints":{"allow":["GET"]}}],"collection":[{"href":"https:\/\/goias.gov.br\/emater\/wp-json\/wp\/v2\/pages"}],"about":[{"href":"https:\/\/goias.gov.br\/emater\/wp-json\/wp\/v2\/types\/page"}],"author":[{"embeddable":true,"href":"https:\/\/goias.gov.br\/emater\/wp-json\/wp\/v2\/users\/1"}],"replies":[{"embeddable":true,"href":"https:\/\/goias.gov.br\/emater\/wp-json\/wp\/v2\/comments?post=11197"}],"version-history":[{"count":0,"href":"https:\/\/goias.gov.br\/emater\/wp-json\/wp\/v2\/pages\/11197\/revisions"}],"wp:attachment":[{"href":"https:\/\/goias.gov.br\/emater\/wp-json\/wp\/v2\/media?parent=11197"}],"curies":[{"name":"wp","href":"https:\/\/api.w.org\/{rel}","templated":true}]}}