

{"id":10763,"date":"2021-09-01T10:37:14","date_gmt":"2021-09-01T13:37:14","guid":{"rendered":"https:\/\/goias.gov.br\/emater\/?page_id=10763"},"modified":"2022-05-06T13:57:30","modified_gmt":"2022-05-06T16:57:30","slug":"inexigibilidade-2019","status":"publish","type":"page","link":"https:\/\/goias.gov.br\/emater\/inexigibilidade-2019\/","title":{"rendered":"Inexigibilidade 2019"},"content":{"rendered":"<div class=\"page-content\"> <!-- Deixa o texto com a cor cinza --><\/p>\n<div class=\"container\">  <!-- Deixa o texto alinhado em um container mais a dentro --><\/p>\n<div id=\"historia\" class=\"container\">\n<p align=\"right\">Publicado: agosto 2021<\/br><br \/>\n\u00daltima Atualiza\u00e7\u00e3o: maio 2022<\/p>\n<\/div>\n<div id=\"historia\" class=\"container\"> <!-- Deixa o texto alinhado em um container mais a dentro --><\/p>\n<h2>Inexigibilidade 2019<\/h2>\n<div class=\"body\">\n<p style=\"text-align: center;\"><strong>INEXIGIBILIDADE DE LICITA\u00c7\u00c3O 001\/2019-EMATER<\/strong><\/p>\n<p style=\"text-align: justify;\"><strong>Objeto: <\/strong>Contrata\u00e7\u00e3o de Servi\u00e7os de Publica\u00e7\u00f5es no Di\u00e1rio Oficial da Uni\u00e3o.\n<\/p>\n<p style=\"text-align: justify;\"><strong>Contratada: <\/strong>IMPRENSA NACIONAL<\/p>\n<p style=\"text-align: justify;\"><strong>Valor Anual: <\/strong>8.590,40 (Oito mil, quinhentos e noventa reais e quarenta centavos).<\/p>\n<p style=\"text-align: justify;\"><strong>Processo: <\/strong>201912404000874<\/p>\n<p style=\"text-align: justify;\"><a href=\"https:\/\/goias.gov.br\/emater\/wp-content\/uploads\/sites\/62\/2021\/09\/Termo-de-Refer\u00eancia.pdf\">Ato de Inexigibilidade de Licita\u00e7\u00e3o<\/a><\/p>\n<p style=\"text-align: justify;\"><a href=\"https:\/\/goias.gov.br\/emater\/wp-content\/uploads\/sites\/62\/2021\/09\/PORTARIA_N__20__DE_1__DE_FEVEREIRO_DE_2017_______Imprensa_Nacional.pdf\">Publica\u00e7\u00e3o no Di\u00e1rio Oficial do Estado<\/a><\/p>\n<hr \/>\n<p style=\"text-align: center;\"><strong>INEXIGIBILIDADE DE LICITA\u00c7\u00c3O 002\/2019-EMATER<\/strong><\/p>\n<p style=\"text-align: justify;\"><strong>Objeto: <\/strong>Solicita\u00e7\u00e3o referente a Tarifas Banc\u00e1rias para o per\u00edodo de janeiro a dezembro de 2019, conforme contrato desta Ag\u00eancia e o Banco do Brasil S\/A, sob o n\u00ba 00.000.000\/0001-91.\n<\/p>\n<p style=\"text-align: justify;\"><strong>Contratada: <\/strong>BANCO DO BRASIL<\/p>\n<p style=\"text-align: justify;\"><strong>Valor Anual: <\/strong>3.500,00 (Tr\u00eas mil e quinhentos reais).<\/p>\n<p style=\"text-align: justify;\"><strong>Processo: <\/strong>201612404000212<\/p>\n<p style=\"text-align: justify;\"><a href=\"https:\/\/goias.gov.br\/emater\/wp-content\/uploads\/sites\/62\/2021\/09\/Requisi\u00e7\u00e3o-de-Despesa-1.pdf\">Ato de Inexigibilidade de Licita\u00e7\u00e3o<\/a><\/p>\n<hr \/>\n<\/div>\n<\/div>\n<\/div>\n<\/div>\n","protected":false},"excerpt":{"rendered":"<p>Publicado: agosto 2021 \u00daltima Atualiza\u00e7\u00e3o: maio 2022 Inexigibilidade 2019 INEXIGIBILIDADE DE LICITA\u00c7\u00c3O 001\/2019-EMATER Objeto: Contrata\u00e7\u00e3o de Servi\u00e7os de Publica\u00e7\u00f5es no Di\u00e1rio Oficial da Uni\u00e3o. Contratada: IMPRENSA NACIONAL Valor Anual: 8.590,40 (Oito mil, quinhentos e noventa reais e quarenta centavos). Processo: 201912404000874 Ato de Inexigibilidade de Licita\u00e7\u00e3o Publica\u00e7\u00e3o no Di\u00e1rio Oficial do Estado INEXIGIBILIDADE DE LICITA\u00c7\u00c3O [&hellip;]<\/p>\n","protected":false},"author":1,"featured_media":0,"parent":0,"menu_order":0,"comment_status":"closed","ping_status":"closed","template":"template-meta-data-filter.php","meta":{"_acf_changed":false,"footnotes":""},"class_list":["post-10763","page","type-page","status-publish","hentry"],"acf":[],"rttpg_featured_image_url":null,"rttpg_author":{"display_name":"wagner.viana","author_link":"https:\/\/goias.gov.br\/emater\/author\/wagner-viana\/"},"rttpg_comment":0,"rttpg_category":null,"rttpg_excerpt":"Publicado: agosto 2021 \u00daltima Atualiza\u00e7\u00e3o: maio 2022 Inexigibilidade 2019 INEXIGIBILIDADE DE LICITA\u00c7\u00c3O 001\/2019-EMATER Objeto: Contrata\u00e7\u00e3o de Servi\u00e7os de Publica\u00e7\u00f5es no Di\u00e1rio Oficial da Uni\u00e3o. Contratada: IMPRENSA NACIONAL Valor Anual: 8.590,40 (Oito mil, quinhentos e noventa reais e quarenta centavos). Processo: 201912404000874 Ato de Inexigibilidade de Licita\u00e7\u00e3o Publica\u00e7\u00e3o no Di\u00e1rio Oficial do Estado INEXIGIBILIDADE DE LICITA\u00c7\u00c3O&hellip;","_links":{"self":[{"href":"https:\/\/goias.gov.br\/emater\/wp-json\/wp\/v2\/pages\/10763","targetHints":{"allow":["GET"]}}],"collection":[{"href":"https:\/\/goias.gov.br\/emater\/wp-json\/wp\/v2\/pages"}],"about":[{"href":"https:\/\/goias.gov.br\/emater\/wp-json\/wp\/v2\/types\/page"}],"author":[{"embeddable":true,"href":"https:\/\/goias.gov.br\/emater\/wp-json\/wp\/v2\/users\/1"}],"replies":[{"embeddable":true,"href":"https:\/\/goias.gov.br\/emater\/wp-json\/wp\/v2\/comments?post=10763"}],"version-history":[{"count":0,"href":"https:\/\/goias.gov.br\/emater\/wp-json\/wp\/v2\/pages\/10763\/revisions"}],"wp:attachment":[{"href":"https:\/\/goias.gov.br\/emater\/wp-json\/wp\/v2\/media?parent=10763"}],"curies":[{"name":"wp","href":"https:\/\/api.w.org\/{rel}","templated":true}]}}