

{"id":10749,"date":"2021-09-01T10:29:44","date_gmt":"2021-09-01T13:29:44","guid":{"rendered":"https:\/\/goias.gov.br\/emater\/?page_id=10749"},"modified":"2022-05-06T13:57:35","modified_gmt":"2022-05-06T16:57:35","slug":"inexigibilidade-2020","status":"publish","type":"page","link":"https:\/\/goias.gov.br\/emater\/inexigibilidade-2020\/","title":{"rendered":"Inexigibilidade 2020"},"content":{"rendered":"<div class=\"page-content\"> <!-- Deixa o texto com a cor cinza --><\/p>\n<div class=\"container\">  <!-- Deixa o texto alinhado em um container mais a dentro --><\/p>\n<div id=\"historia\" class=\"container\">\n<p align=\"right\">Publicado: agosto 2021<\/br><br \/>\n\u00daltima Atualiza\u00e7\u00e3o: maio 2022<\/p>\n<\/div>\n<div id=\"historia\" class=\"container\"> <!-- Deixa o texto alinhado em um container mais a dentro --><\/p>\n<h2>Inexigibilidade 2020<\/h2>\n<div class=\"body\">\n<p style=\"text-align: center;\"><strong>INEXIGIBILIDADE DE LICITA\u00c7\u00c3O 001\/2020-EMATER<\/strong><\/p>\n<p style=\"text-align: justify;\"><strong>Objeto: <\/strong>Contrata\u00e7\u00e3o do servi\u00e7o de transporte p\u00fablico para os servidores da Emater, mediante a\u00a0entrega de vales-transportes urbanos\n<\/p>\n<p style=\"text-align: justify;\"><strong>Contratada: <\/strong>REDEMOB CONS\u00d3RCIO<\/p>\n<p style=\"text-align: justify;\"><strong>Valor Anual: <\/strong>448.404,00 (Quatrocentos e quarenta e oito mil, quatrocentos e quatro reais).<\/p>\n<p style=\"text-align: justify;\"><strong>Processo: <\/strong>202012404000081<\/p>\n<p style=\"text-align: justify;\"><a href=\"https:\/\/goias.gov.br\/emater\/wp-content\/uploads\/sites\/62\/2021\/09\/Declara\u00e7\u00e3o-de-Inexigibilidade-de-Licita\u00e7\u00e3o-5.pdf\">Ato de Inexigibilidade de Licita\u00e7\u00e3o<\/a><\/p>\n<p style=\"text-align: justify;\"><a href=\"https:\/\/goias.gov.br\/emater\/wp-content\/uploads\/sites\/62\/2021\/09\/extrato_do_contrato_publicado_no_DOE.pdf\">Publica\u00e7\u00e3o no Di\u00e1rio Oficial do Estado<\/a><\/p>\n<hr \/>\n<p style=\"text-align: center;\"><strong>INEXIGIBILIDADE DE LICITA\u00c7\u00c3O 002\/2020-EMATER<\/strong><\/p>\n<p style=\"text-align: justify;\"><strong>Objeto: <\/strong>Solicita\u00e7\u00e3o referente a Tarifas Banc\u00e1rias para o per\u00edodo de janeiro a dezembro de 2020, conforme contrato desta Ag\u00eancia e o Banco do Brasil S\/A, sob o n\u00ba 00.000.000\/0001-91.\n<\/p>\n<p style=\"text-align: justify;\"><strong>Contratada: <\/strong>BANCO DO BRASIL<\/p>\n<p style=\"text-align: justify;\"><strong>Valor Anual: <\/strong>4.400,00 (Quatro mil e quatrocentos reais).<\/p>\n<p style=\"text-align: justify;\"><strong>Processo: <\/strong>201612404000212<\/p>\n<p style=\"text-align: justify;\"><a href=\"https:\/\/goias.gov.br\/emater\/wp-content\/uploads\/sites\/62\/2021\/09\/Requisi\u00e7\u00e3o-de-Despesa.pdf\">Ato de Inexigibilidade de Licita\u00e7\u00e3o<\/a><\/p>\n<hr \/>\n<p style=\"text-align: center;\"><strong>INEXIGIBILIDADE DE LICITA\u00c7\u00c3O 003\/2020-EMATER<\/strong><\/p>\n<p style=\"text-align: justify;\"><strong>Objeto: <\/strong>DESPESA CONT\u00cdNUA &#8211; SUBSTITUIR\u00c1 O PROCESSO 201412404000209 (com seu prazo de vig\u00eancia terminando em 03\/08\/2021) &#8211; AUMENTO DE 179,14% SE COMPARADO AO LIQUIDADO EM 2019 &#8211; VALOR ESTIMADO PR\u00d3XIMO AO VALOR ESTIMADO NO 1\u00ba TERMO ADITIVO AO CONTRATO VIGENTE QUE SER\u00c1 SUBSTITU\u00cdDO ( estimado mensal de R$ 3.564,50): Contrata\u00e7\u00e3o de empresa para fornecimento de energia el\u00e9trica em alta\/baixa tens\u00e3o segundo a estrutura Tarif\u00e1ria convencional\/sazonal, grupo B ou A (subgrupo 4), para uso exclusivo na Unidade Consumidora, em conformidade com as disposi\u00e7\u00f5es deste Projeto B\u00e1sico e Anexos, para desenvolvimento da atividade de administra\u00e7\u00e3o p\u00fablica em geral. * Unidade Consumidora 840058159 &#8211; Unidade da Emater localizada na cidade de Porangatu &#8211; GO, que \u00e9 respons\u00e1vel por v\u00e1rias atividades de pesquisas agropecu\u00e1rias aplicadas com fruteiras, hortali\u00e7as, gr\u00e3os, ra\u00edzes e pequenos animais, possuindo inclusive planta\u00e7\u00f5es com sistema de irriga\u00e7\u00e3o, necessitando, assim, de utiliza\u00e7\u00e3o de energia el\u00e9trica em quantidade suficiente para atendimento de sua finalidade institucional;\n<\/p>\n<p style=\"text-align: justify;\"><strong>Contratada: <\/strong>ENEL DISTRIBUI\u00c7\u00c3O GOIAS<\/p>\n<p style=\"text-align: justify;\"><strong>Valor Anual: <\/strong>134.738,29 (Cento e trinta e quatro mil, setecentos e trinta e oito reais e vinte e nove centavos).<\/p>\n<p style=\"text-align: justify;\"><strong>Processo: <\/strong>202012404000157<\/p>\n<p style=\"text-align: justify;\"><a href=\"https:\/\/goias.gov.br\/emater\/wp-content\/uploads\/sites\/62\/2021\/09\/Declara\u00e7\u00e3o-de-Inexigibilidade-de-Licita\u00e7\u00e3o-6.pdf\">Ato de Inexigibilidade de Licita\u00e7\u00e3o<\/a><\/p>\n<p style=\"text-align: justify;\"><a href=\"https:\/\/goias.gov.br\/emater\/wp-content\/uploads\/sites\/62\/2021\/09\/Publicacao_DOE___ENEL.pdf\">Publica\u00e7\u00e3o no Di\u00e1rio Oficial do Estado<\/a><\/p>\n<hr \/>\n<p style=\"text-align: center;\"><strong>INEXIGIBILIDADE DE LICITA\u00c7\u00c3O 004\/2020-EMATER<\/strong><\/p>\n<p style=\"text-align: justify;\"><strong>Objeto: <\/strong>NOVA CONTRATA\u00c7\u00c3O &#8211; DESPESA CONT\u00cdNUA &#8211; AUMENTO DE 202,46% SE COMPARADO AO LIQUIDADO EM 2019 &#8211; Solicita\u00e7\u00e3o de empenho pr\u00e9vio estimativo referente ao pagamento de energia el\u00e9trica da unidade consumidora 20472729 do grupo \u201cA\u201d pelo per\u00edodo de 36 (Trinta e Seis ) meses.\n<\/p>\n<p style=\"text-align: justify;\"><strong>Contratada: <\/strong>ENEL DISTRIBUI\u00c7\u00c3O GOIAS<\/p>\n<p style=\"text-align: justify;\"><strong>Valor Anual: <\/strong>347.721,12 (Trezentos e quarenta e sete mil, setecentos e vinte e um reais e doze centavos).<\/p>\n<p style=\"text-align: justify;\"><strong>Processo: <\/strong>202012404000160<\/p>\n<p style=\"text-align: justify;\"><a href=\"https:\/\/goias.gov.br\/emater\/wp-content\/uploads\/sites\/62\/2021\/09\/Declara\u00e7\u00e3o-de-Inexigibilidade-de-Licita\u00e7\u00e3o-7.pdf\">Ato de Inexigibilidade de Licita\u00e7\u00e3o<\/a><\/p>\n<p style=\"text-align: justify;\"><a href=\"https:\/\/goias.gov.br\/emater\/wp-content\/uploads\/sites\/62\/2021\/09\/Publicacao_DOE___ENEL-1.pdf\">Publica\u00e7\u00e3o no Di\u00e1rio Oficial do Estado<\/a><\/p>\n<hr \/>\n<p style=\"text-align: center;\"><strong>INEXIGIBILIDADE DE LICITA\u00c7\u00c3O 005\/2020-EMATER<\/strong><\/p>\n<p style=\"text-align: justify;\"><strong>Objeto: <\/strong>Contrata\u00e7\u00e3o da empresa Enel Distribui\u00e7\u00e3o Goi\u00e1s, inscrita no CNPJ sob o n\u00ba. 01.543.032\/0001-04, visando a presta\u00e7\u00e3o de servi\u00e7o de fornecimento de energia el\u00e9trica referente \u00e0\u00a0Unidade Consumidora 11319331\u00a0do grupo \u201cA\u201d\n<\/p>\n<p style=\"text-align: justify;\"><strong>Contratada: <\/strong>ENEL DISTRIBUI\u00c7\u00c3O GOIAS<\/p>\n<p style=\"text-align: justify;\"><strong>Valor Anual: <\/strong>521.169,08 (Quinhentos e vinte e um mil, cento e sessenta e nove reais e oito centavos).<\/p>\n<p style=\"text-align: justify;\"><strong>Processo: <\/strong>202012404000161<\/p>\n<p style=\"text-align: justify;\"><a href=\"https:\/\/goias.gov.br\/emater\/wp-content\/uploads\/sites\/62\/2021\/09\/Declara\u00e7\u00e3o-de-Inexigibilidade-de-Licita\u00e7\u00e3o-8.pdf\">Ato de Inexigibilidade de Licita\u00e7\u00e3o<\/a><\/p>\n<p style=\"text-align: justify;\"><a href=\"https:\/\/goias.gov.br\/emater\/wp-content\/uploads\/sites\/62\/2021\/09\/EXTRATO_19.04.2021.pdf\">Publica\u00e7\u00e3o no Di\u00e1rio Oficial do Estado<\/a><\/p>\n<hr \/>\n<p style=\"text-align: center;\"><strong>INEXIGIBILIDADE DE LICITA\u00c7\u00c3O 006\/2020-EMATER<\/strong><\/p>\n<p style=\"text-align: justify;\"><strong>Objeto: <\/strong>Trata-se de procedimento de Inexigibilidade de Licita\u00e7\u00e3o, visando o pagamento da contribui\u00e7\u00e3o associativa para a Associa\u00e7\u00e3o Brasileira das Entidades de Assist\u00eancia T\u00e9cnica e Extens\u00e3o Rural &#8211; ASBRAER, inscrita no CNPJ sob o n\u00ba. 26.446.062\/0001-15, para que a Ag\u00eancia Goiana de Assist\u00eancia Tecnica, Extens\u00e3o Rural e Pesquisa Agropecu\u00e1ria &#8211; EMATER, continue filiada \u00e0 referida Associa\u00e7\u00e3o, pelo per\u00edodo de 12 (doze) meses, no per\u00edodo de Abril de 2021 a Mar\u00e7o de 2022.\n<\/p>\n<p style=\"text-align: justify;\"><strong>Contratada: <\/strong>ASBRAER<\/p>\n<p style=\"text-align: justify;\"><strong>Valor Anual: <\/strong>66.109,80 (Sessenta e seis mil, cento e nove reais e oitenta centavos).<\/p>\n<p style=\"text-align: justify;\"><strong>Processo: <\/strong>201312404001618<\/p>\n<p style=\"text-align: justify;\"><a href=\"https:\/\/goias.gov.br\/emater\/wp-content\/uploads\/sites\/62\/2021\/09\/Declara\u00e7\u00e3o-de-Inexigibilidade-de-Licita\u00e7\u00e3o-9.pdf\">Ato de Inexigibilidade de Licita\u00e7\u00e3o<\/a><\/p>\n<p style=\"text-align: justify;\"><a href=\"https:\/\/goias.gov.br\/emater\/wp-content\/uploads\/sites\/62\/2021\/09\/diario_oficial_2021_07_29_completo-1.pdf\">Publica\u00e7\u00e3o no Di\u00e1rio Oficial do Estado<\/a><\/p>\n<hr \/>\n<\/div>\n<\/div>\n<\/div>\n<\/div>\n","protected":false},"excerpt":{"rendered":"<p>Publicado: agosto 2021 \u00daltima Atualiza\u00e7\u00e3o: maio 2022 Inexigibilidade 2020 INEXIGIBILIDADE DE LICITA\u00c7\u00c3O 001\/2020-EMATER Objeto: Contrata\u00e7\u00e3o do servi\u00e7o de transporte p\u00fablico para os servidores da Emater, mediante a\u00a0entrega de vales-transportes urbanos Contratada: REDEMOB CONS\u00d3RCIO Valor Anual: 448.404,00 (Quatrocentos e quarenta e oito mil, quatrocentos e quatro reais). Processo: 202012404000081 Ato de Inexigibilidade de Licita\u00e7\u00e3o Publica\u00e7\u00e3o no [&hellip;]<\/p>\n","protected":false},"author":1,"featured_media":0,"parent":0,"menu_order":0,"comment_status":"closed","ping_status":"closed","template":"template-meta-data-filter.php","meta":{"_acf_changed":false,"footnotes":""},"class_list":["post-10749","page","type-page","status-publish","hentry"],"acf":[],"rttpg_featured_image_url":null,"rttpg_author":{"display_name":"wagner.viana","author_link":"https:\/\/goias.gov.br\/emater\/author\/wagner-viana\/"},"rttpg_comment":0,"rttpg_category":null,"rttpg_excerpt":"Publicado: agosto 2021 \u00daltima Atualiza\u00e7\u00e3o: maio 2022 Inexigibilidade 2020 INEXIGIBILIDADE DE LICITA\u00c7\u00c3O 001\/2020-EMATER Objeto: Contrata\u00e7\u00e3o do servi\u00e7o de transporte p\u00fablico para os servidores da Emater, mediante a\u00a0entrega de vales-transportes urbanos Contratada: REDEMOB CONS\u00d3RCIO Valor Anual: 448.404,00 (Quatrocentos e quarenta e oito mil, quatrocentos e quatro reais). Processo: 202012404000081 Ato de Inexigibilidade de Licita\u00e7\u00e3o Publica\u00e7\u00e3o no&hellip;","_links":{"self":[{"href":"https:\/\/goias.gov.br\/emater\/wp-json\/wp\/v2\/pages\/10749","targetHints":{"allow":["GET"]}}],"collection":[{"href":"https:\/\/goias.gov.br\/emater\/wp-json\/wp\/v2\/pages"}],"about":[{"href":"https:\/\/goias.gov.br\/emater\/wp-json\/wp\/v2\/types\/page"}],"author":[{"embeddable":true,"href":"https:\/\/goias.gov.br\/emater\/wp-json\/wp\/v2\/users\/1"}],"replies":[{"embeddable":true,"href":"https:\/\/goias.gov.br\/emater\/wp-json\/wp\/v2\/comments?post=10749"}],"version-history":[{"count":0,"href":"https:\/\/goias.gov.br\/emater\/wp-json\/wp\/v2\/pages\/10749\/revisions"}],"wp:attachment":[{"href":"https:\/\/goias.gov.br\/emater\/wp-json\/wp\/v2\/media?parent=10749"}],"curies":[{"name":"wp","href":"https:\/\/api.w.org\/{rel}","templated":true}]}}