

{"id":10732,"date":"2021-09-01T09:59:50","date_gmt":"2021-09-01T12:59:50","guid":{"rendered":"https:\/\/goias.gov.br\/emater\/?page_id=10732"},"modified":"2022-05-06T13:57:41","modified_gmt":"2022-05-06T16:57:41","slug":"inexigibilidade-2021","status":"publish","type":"page","link":"https:\/\/goias.gov.br\/emater\/inexigibilidade-2021\/","title":{"rendered":"Inexigibilidade 2021"},"content":{"rendered":"<div class=\"page-content\"> <!-- Deixa o texto com a cor cinza --><\/p>\n<div class=\"container\">  <!-- Deixa o texto alinhado em um container mais a dentro --><\/p>\n<div id=\"historia\" class=\"container\">\n<p align=\"right\">Publicado: agosto 2021<\/br><br \/>\n\u00daltima Atualiza\u00e7\u00e3o: maio 2022<\/p>\n<\/div>\n<div id=\"historia\" class=\"container\"> <!-- Deixa o texto alinhado em um container mais a dentro --><\/p>\n<h2>Inexigibilidade 2021<\/h2>\n<div class=\"body\">\n<p style=\"text-align: center;\"><strong>INEXIGIBILIDADE DE LICITA\u00c7\u00c3O 001\/2021-EMATER<\/strong><\/p>\n<p style=\"text-align: justify;\"><strong>Objeto: <\/strong>Contrato de presta\u00e7\u00e3o de servi\u00e7os banc\u00e1rios entre a AG\u00caNCIA GOIANA DE ASSIST\u00caNCIA T\u00c9CNICA, EXTENS\u00c3O RURAL E PESQUISA AGROPECU\u00c1RIA &#8211; EMATER e o BANCO DO BRASIL S\/A.\n<\/p>\n<p style=\"text-align: justify;\"><strong>Contratada: <\/strong>Banco do Brasil S\/A<\/p>\n<p style=\"text-align: justify;\"><strong>Valor Anual: <\/strong>6.000,00 (Seis mil reais).<\/p>\n<p style=\"text-align: justify;\"><strong>Processo: <\/strong>202112404000522<\/p>\n<p style=\"text-align: justify;\"><a href=\"https:\/\/goias.gov.br\/emater\/wp-content\/uploads\/sites\/62\/2021\/09\/DOE___INEXIGIBILIDADE_BB.pdf\">Ato de Inexigibilidade de Licita\u00e7\u00e3o<\/a><\/p>\n<p style=\"text-align: justify;\"><a href=\"https:\/\/goias.gov.br\/emater\/wp-content\/uploads\/sites\/62\/2021\/09\/Declara\u00e7\u00e3o-de-Inexigibilidade-de-Licita\u00e7\u00e3o.pdf\">Publica\u00e7\u00e3o no Di\u00e1rio Oficial do Estado<\/a><\/p>\n<hr \/>\n<p style=\"text-align: center;\"><strong>INEXIGIBILIDADE DE LICITA\u00c7\u00c3O 002\/2021-EMATER<\/strong><\/p>\n<p style=\"text-align: justify;\"><strong>Objeto: <\/strong>Cobertura de despesa com a continuidade da filia\u00e7\u00e3o da Ag\u00eancia Goiana de Assist\u00eancia T\u00e9cnica, Extens\u00e3o Rural e Pesquisa Agropecu\u00e1ria \u2013 EM Conselho Nacional do Sistema Estadual de Pesquisa Agropecu\u00e1ria \u2013 CONSEPA.\n<\/p>\n<p style=\"text-align: justify;\"><strong>Contratada: <\/strong>CONSEPA<\/p>\n<p style=\"text-align: justify;\"><strong>Valor Anual: <\/strong>8.755,20 (Oito mil, setecentos e cinquenta e cinco reais e vinte centavos).<\/p>\n<p style=\"text-align: justify;\"><strong>Processo: <\/strong>201712404000017<\/p>\n<p style=\"text-align: justify;\"><a href=\"https:\/\/goias.gov.br\/emater\/wp-content\/uploads\/sites\/62\/2021\/09\/Declara\u00e7\u00e3o-de-Inexigibilidade-de-Licita\u00e7\u00e3o-1.pdf\">Ato de Inexigibilidade de Licita\u00e7\u00e3o<\/a><\/p>\n<p style=\"text-align: justify;\"><a href=\"https:\/\/goias.gov.br\/emater\/wp-content\/uploads\/sites\/62\/2021\/09\/decla_inex004.pdf\">Publica\u00e7\u00e3o no Di\u00e1rio Oficial do Estado<\/a><\/p>\n<hr \/>\n<p style=\"text-align: center;\"><strong>INEXIGIBILIDADE DE LICITA\u00c7\u00c3O 003\/2021-EMATER<\/strong><\/p>\n<p style=\"text-align: justify;\"><strong>Objeto: <\/strong>Contrata\u00e7\u00e3o de um banco de dados que contenha pre\u00e7os praticados por outras institui\u00e7\u00f5es da Administra\u00e7\u00e3o P\u00fablica, com base em resultados de licita\u00e7\u00f5es homologadas, ARP&#8217;s e contratos firmados, visando \u00e0 simplifica\u00e7\u00e3o e agilidade na cota\u00e7\u00e3o de pre\u00e7os no \u00e2mbito da Autarquia.\n<\/p>\n<p style=\"text-align: justify;\"><strong>Contratada: <\/strong>NP<\/p>\n<p style=\"text-align: justify;\"><strong>Valor Anual: <\/strong>24.687,49 (Vinte e quatro mil, seiscentos e oitenta e sete reais e quarenta e nove centavos).<\/p>\n<p style=\"text-align: justify;\"><strong>Processo: <\/strong>202112404000069<\/p>\n<p style=\"text-align: justify;\"><a href=\"https:\/\/goias.gov.br\/emater\/wp-content\/uploads\/sites\/62\/2021\/09\/inexigibilidade_n003.pdf\">Ato de Inexigibilidade de Licita\u00e7\u00e3o<\/a><\/p>\n<p style=\"text-align: justify;\"><a href=\"https:\/\/goias.gov.br\/emater\/wp-content\/uploads\/sites\/62\/2021\/09\/Declara\u00e7\u00e3o-de-Inexigibilidade-de-Licita\u00e7\u00e3o-2.pdf\">Publica\u00e7\u00e3o no Di\u00e1rio Oficial do Estado<\/a><\/p>\n<hr \/>\n<p style=\"text-align: center;\"><strong>INEXIGIBILIDADE DE LICITA\u00c7\u00c3O 004\/2021-EMATER<\/strong><\/p>\n<p style=\"text-align: justify;\"><strong>Objeto: <\/strong>Trata-se de procedimento de Inexigibilidade de Licita\u00e7\u00e3o, visando o pagamento da contribui\u00e7\u00e3o associativa para a Associa\u00e7\u00e3o Brasileira das Entidades de Assist\u00eancia T\u00e9cnica e Extens\u00e3o Rural &#8211; ASBRAER, inscrita no CNPJ sob o n\u00ba. 26.446.062\/0001-15, para que a Ag\u00eancia Goiana de Assist\u00eancia Tecnica, Extens\u00e3o Rural e Pesquisa Agropecu\u00e1ria &#8211; EMATER, continue filiada \u00e0 referida Associa\u00e7\u00e3o, pelo per\u00edodo de 12 (doze) meses, no per\u00edodo de Abril de 2021 a Mar\u00e7o de 2022.\n<\/p>\n<p style=\"text-align: justify;\"><strong>Contratada: <\/strong>ASBRAER<\/p>\n<p style=\"text-align: justify;\"><strong>Valor Anual: <\/strong>66.509,15 (Sessenta e seis mil, quinhentos e nove reais e quinze centavos).<\/p>\n<p style=\"text-align: justify;\"><strong>Processo: <\/strong>201312404001618<\/p>\n<p style=\"text-align: justify;\"><a href=\"https:\/\/goias.gov.br\/emater\/wp-content\/uploads\/sites\/62\/2021\/09\/Declara\u00e7\u00e3o-de-Inexigibilidade-de-Licita\u00e7\u00e3o-3.pdf\">Ato de Inexigibilidade de Licita\u00e7\u00e3o<\/a><\/p>\n<p style=\"text-align: justify;\"><a href=\"https:\/\/goias.gov.br\/emater\/wp-content\/uploads\/sites\/62\/2021\/09\/diario_oficial_2021_07_29_completo.pdf\">Publica\u00e7\u00e3o no Di\u00e1rio Oficial do Estado<\/a><\/p>\n<hr \/>\n<p style=\"text-align: center;\"><strong>INEXIGIBILIDADE DE LICITA\u00c7\u00c3O 005\/2021-EMATER<\/strong><\/p>\n<p style=\"text-align: justify;\"><strong>Objeto: <\/strong>Contrata\u00e7\u00e3o de presta\u00e7\u00e3o de servi\u00e7os continuados de conserva\u00e7\u00e3o e manuten\u00e7\u00e3o preventiva (mensal) e corretiva de elevadores com execu\u00e7\u00e3o regime de empreitada global, para atender as necessidades da Ag\u00eancia Goiana de Assist\u00eancia T\u00e9cnica, Extens\u00e3o Rural e Pesquisa Agropecu\u00e1ria, E do referido objeto ocorrer\u00e1 atrav\u00e9s de inexigibilidade de licita\u00e7\u00e3o, visto que a presta\u00e7\u00e3o dos servi\u00e7os de manuten\u00e7\u00e3o nos elevadores instalado Administrativa desta EMATER devem ser executados pela pr\u00f3pria OTIS, a fim de se manter a Garantia de F\u00e1brica dos equipamentos pelo per\u00edodo de Ressalvando que os elevadores s\u00f3 ter\u00e3o sua efetiva ativa\u00e7\u00e3o ap\u00f3s o contrato de manuten\u00e7\u00e3o firmado. Atendendo ao Artigo 26, inciso III, constat empresa OTIS (evento Sei n\u00b0 000020572669) apresentou a proposta comercial vantajosa em rela\u00e7\u00e3o aos outros dois or\u00e7amentos obtidos, send empresas Axetec (evento Sei n\u00b0 000020572859) e Interlifts (evento Sei n\u00b0 000020572943).\n<\/p>\n<p style=\"text-align: justify;\"><strong>Contratada: <\/strong>Elevadores Otis<\/p>\n<p style=\"text-align: justify;\"><strong>Valor Anual: <\/strong>7.200,00 (Sete mil e duzentos reais).<\/p>\n<p style=\"text-align: justify;\"><strong>Processo: <\/strong>202112404000545<\/p>\n<p style=\"text-align: justify;\"><a href=\"https:\/\/goias.gov.br\/emater\/wp-content\/uploads\/sites\/62\/2021\/09\/Publicacao___Inexigibilidade.pdf\">Ato de Inexigibilidade de Licita\u00e7\u00e3o<\/a><\/p>\n<p style=\"text-align: justify;\"><a href=\"https:\/\/goias.gov.br\/emater\/wp-content\/uploads\/sites\/62\/2021\/09\/Declara\u00e7\u00e3o-de-Inexigibilidade-de-Licita\u00e7\u00e3o-4.pdf\">Publica\u00e7\u00e3o no Di\u00e1rio Oficial do Estado<\/a><\/p>\n<hr \/>\n<p style=\"text-align: center;\"><strong>INEXIGIBILIDADE DE LICITA\u00c7\u00c3O 006\/2021-EMATER<\/strong><\/p>\n<p style=\"text-align: justify;\"><strong>Objeto: <\/strong>Contrata\u00e7\u00e3o da Imprensa Nacional para presta\u00e7\u00e3o de servi\u00e7o de publica\u00e7\u00e3o no Di\u00e1rio Oficial da Uni\u00e3o, de atos oficiais e demais mat\u00e9rias de interesse da EMATER, pelo per\u00edodo de 24(vinte e quatro) meses.\n<\/p>\n<p style=\"text-align: justify;\"><strong>Contratada: <\/strong>IMPRENSA NACIONAL<\/p>\n<p style=\"text-align: justify;\"><strong>Valor Anual: <\/strong>R$ 8.590,40 (oito mil quinhentos e noventa reais e quarenta centavos).<\/p>\n<p style=\"text-align: justify;\"><strong>Processo: <\/strong>202112404000749<\/p>\n<p style=\"text-align: justify;\"><a href=\"https:\/\/goias.gov.br\/emater\/wp-content\/uploads\/sites\/62\/2021\/09\/Declara\u00e7\u00e3o-de-Inexigibilidade-de-Licita\u00e7\u00e3o-006-2021.pdf\">Ato de Inexigibilidade de Licita\u00e7\u00e3o<\/a><\/p>\n<p style=\"text-align: justify;\"><a href=\"https:\/\/goias.gov.br\/emater\/wp-content\/uploads\/sites\/62\/2021\/09\/PUBLICA\u00c7\u00c3O-DOE.pdf\">Publica\u00e7\u00e3o no Di\u00e1rio Oficial do Estado<\/a><\/p>\n<hr \/>\n<\/div>\n<\/div>\n<\/div>\n<\/div>\n","protected":false},"excerpt":{"rendered":"<p>Publicado: agosto 2021 \u00daltima Atualiza\u00e7\u00e3o: maio 2022 Inexigibilidade 2021 INEXIGIBILIDADE DE LICITA\u00c7\u00c3O 001\/2021-EMATER Objeto: Contrato de presta\u00e7\u00e3o de servi\u00e7os banc\u00e1rios entre a AG\u00caNCIA GOIANA DE ASSIST\u00caNCIA T\u00c9CNICA, EXTENS\u00c3O RURAL E PESQUISA AGROPECU\u00c1RIA &#8211; EMATER e o BANCO DO BRASIL S\/A. Contratada: Banco do Brasil S\/A Valor Anual: 6.000,00 (Seis mil reais). Processo: 202112404000522 Ato de [&hellip;]<\/p>\n","protected":false},"author":1,"featured_media":0,"parent":0,"menu_order":0,"comment_status":"closed","ping_status":"closed","template":"template-meta-data-filter.php","meta":{"_acf_changed":false,"footnotes":""},"class_list":["post-10732","page","type-page","status-publish","hentry"],"acf":[],"rttpg_featured_image_url":null,"rttpg_author":{"display_name":"wagner.viana","author_link":"https:\/\/goias.gov.br\/emater\/author\/wagner-viana\/"},"rttpg_comment":0,"rttpg_category":null,"rttpg_excerpt":"Publicado: agosto 2021 \u00daltima Atualiza\u00e7\u00e3o: maio 2022 Inexigibilidade 2021 INEXIGIBILIDADE DE LICITA\u00c7\u00c3O 001\/2021-EMATER Objeto: Contrato de presta\u00e7\u00e3o de servi\u00e7os banc\u00e1rios entre a AG\u00caNCIA GOIANA DE ASSIST\u00caNCIA T\u00c9CNICA, EXTENS\u00c3O RURAL E PESQUISA AGROPECU\u00c1RIA &#8211; EMATER e o BANCO DO BRASIL S\/A. Contratada: Banco do Brasil S\/A Valor Anual: 6.000,00 (Seis mil reais). Processo: 202112404000522 Ato de&hellip;","_links":{"self":[{"href":"https:\/\/goias.gov.br\/emater\/wp-json\/wp\/v2\/pages\/10732","targetHints":{"allow":["GET"]}}],"collection":[{"href":"https:\/\/goias.gov.br\/emater\/wp-json\/wp\/v2\/pages"}],"about":[{"href":"https:\/\/goias.gov.br\/emater\/wp-json\/wp\/v2\/types\/page"}],"author":[{"embeddable":true,"href":"https:\/\/goias.gov.br\/emater\/wp-json\/wp\/v2\/users\/1"}],"replies":[{"embeddable":true,"href":"https:\/\/goias.gov.br\/emater\/wp-json\/wp\/v2\/comments?post=10732"}],"version-history":[{"count":0,"href":"https:\/\/goias.gov.br\/emater\/wp-json\/wp\/v2\/pages\/10732\/revisions"}],"wp:attachment":[{"href":"https:\/\/goias.gov.br\/emater\/wp-json\/wp\/v2\/media?parent=10732"}],"curies":[{"name":"wp","href":"https:\/\/api.w.org\/{rel}","templated":true}]}}