

{"id":10713,"date":"2021-09-01T08:55:15","date_gmt":"2021-09-01T11:55:15","guid":{"rendered":"https:\/\/goias.gov.br\/emater\/?page_id=10713"},"modified":"2022-05-06T13:56:27","modified_gmt":"2022-05-06T16:56:27","slug":"dispensa-de-licitacao-2019","status":"publish","type":"page","link":"https:\/\/goias.gov.br\/emater\/dispensa-de-licitacao-2019\/","title":{"rendered":"Dispensa de Licita\u00e7\u00e3o 2019"},"content":{"rendered":"<div class=\"page-content\"> <!-- Deixa o texto com a cor cinza --><\/p>\n<div class=\"container\">  <!-- Deixa o texto alinhado em um container mais a dentro --><\/p>\n<div id=\"historia\" class=\"container\">\n<p align=\"right\">Publicado: agosto 2021<\/br><br \/>\n\u00daltima Atualiza\u00e7\u00e3o: maio 2022<\/p>\n<\/div>\n<div id=\"historia\" class=\"container\"> <!-- Deixa o texto alinhado em um container mais a dentro --><\/p>\n<h2>Dispensa de Licita\u00e7\u00e3o 2019<\/h2>\n<div class=\"body\">\n<p style=\"text-align: center;\"><strong>ATO DE DISPENSA DE LICITA\u00c7\u00c3O N\u00ba 001\/2019-EMATER<\/strong><\/p>\n<p style=\"text-align: justify;\"><strong>Objeto: <\/strong>Contrata\u00e7\u00e3o de empresa especializada na presta\u00e7\u00e3o de servi\u00e7o de limpeza conserva\u00e7\u00e3o, limpeza, higieniza\u00e7\u00e3o e portaria com fornecimento de materiais, para atender a sede Administrativa da EMATER e Centro de Treinamento, no campus II da UFG pelo per\u00edodo de 03 (tr\u00eas) meses,\u00a0em car\u00e1ter de emergencial.\n<\/p>\n<p style=\"text-align: justify;\"><strong>Contratada: <\/strong>PRESTA CONSTRUTORA E SERVI\u00c7OS GERAIS<\/p>\n<p style=\"text-align: justify;\"><strong>Valor: <\/strong>497.361,72 (Quatrocentos e noventa e sete mil, trezentos e sessenta e um reais e setenta e dois centavos).<\/p>\n<p style=\"text-align: justify;\"><strong>Processo: <\/strong>201912404000930<\/p>\n<p style=\"text-align: justify;\"><a href=\"https:\/\/goias.gov.br\/emater\/wp-content\/uploads\/sites\/62\/2021\/09\/Contrato_n__005___2019.pdf\">Declara\u00e7\u00e3o<\/a><\/p>\n<p style=\"text-align: justify;\"><a href=\"https:\/\/goias.gov.br\/emater\/wp-content\/uploads\/sites\/62\/2021\/09\/Portaria_2019_EMATER_433.pdf\">Portaria<\/a><\/p>\n<p style=\"text-align: justify;\"><a href=\"https:\/\/goias.gov.br\/emater\/wp-content\/uploads\/sites\/62\/2021\/09\/PUBLICACAO_ATO_DE_DISPENSA.pdf\">Publica\u00e7\u00e3o do Ato de Dispensa<\/a><\/p>\n<p style=\"text-align: justify;\"><a href=\"https:\/\/goias.gov.br\/emater\/wp-content\/uploads\/sites\/62\/2021\/09\/Declara\u00e7\u00e3o-de-Dispensa-de-Licita\u00e7\u00e3o-2.pdf\">Extrato de Dispensa<\/a><\/p>\n<p style=\"text-align: justify;\"><a href=\"https:\/\/goias.gov.br\/emater\/wp-content\/uploads\/sites\/62\/2021\/09\/ERRATA___PRESTA.pdf\">Extrato de Dispensa &#8211; Errata<\/a><\/p>\n<hr \/>\n<p style=\"text-align: center;\"><strong>ATO DE DISPENSA DE LICITA\u00c7\u00c3O N\u00ba 002\/2019-EMATER<\/strong><\/p>\n<p style=\"text-align: justify;\"><strong>Objeto: <\/strong>AQUISI\u00c7\u00c3O DE INSETICIDAS E HERBICIDAS PARA A LAVOURA DE PRODU\u00c7\u00c3O DE SEMENTES DE 2019, POR DISPENSA DE LICITA\u00c7\u00c3O, AP\u00d3S DUAS TENTATIVAS FRACASSADAS DE AQUISI\u00c7\u00c3O VIA PREG\u00c3O ELETR\u00d4NICO.\n<\/p>\n<p style=\"text-align: justify;\"><strong>Contratada: <\/strong>SOLOAGRO JC COMERCIAL LTDA<\/p>\n<p style=\"text-align: justify;\"><strong>Valor: <\/strong>89.703,67 (Oitenta e nove mil, setecentos e tr\u00eas reais e sessenta e sete centavos).<\/p>\n<p style=\"text-align: justify;\"><strong>Processo: <\/strong>201812404000422<\/p>\n<p style=\"text-align: justify;\"><a href=\"https:\/\/goias.gov.br\/emater\/wp-content\/uploads\/sites\/62\/2021\/09\/Declara\u00e7\u00e3o-de-Dispensa-de-Licita\u00e7\u00e3o-3.pdf\">Declara\u00e7\u00e3o<\/a><\/p>\n<p style=\"text-align: justify;\"><a href=\"https:\/\/goias.gov.br\/emater\/wp-content\/uploads\/sites\/62\/2021\/09\/PORTARIA_DE_RECEBIMENTO_DE_MATERIAIS.pdf\">Portaria<\/a><\/p>\n<p style=\"text-align: justify;\"><a href=\"https:\/\/goias.gov.br\/emater\/wp-content\/uploads\/sites\/62\/2021\/09\/DO_defensivos.pdf\">Extrato de Dispensa<\/a><\/p>\n<p style=\"text-align: justify;\"><a href=\"https:\/\/goias.gov.br\/emater\/wp-content\/uploads\/sites\/62\/2021\/09\/Ratifica\u00e7\u00e3o-da-Dispensa-de-Licita\u00e7\u00e3o.pdf\">Extrato de Dispensa &#8211; Ratifica\u00e7\u00e3o<\/a><\/p>\n<hr \/>\n<p style=\"text-align: center;\"><strong>ATO DE DISPENSA DE LICITA\u00c7\u00c3O N\u00ba 003\/2019-EMATER<\/strong><\/p>\n<p style=\"text-align: justify;\"><strong>Objeto: <\/strong>Aquisi\u00e7\u00e3o de Poltrona para a Presid\u00eancia da EMATER.\n<\/p>\n<p style=\"text-align: justify;\"><strong>Contratada: <\/strong>ROGERIO FIGUEIRA DA COSTA \u2013 18.129.799\/0001- 86<\/p>\n<p style=\"text-align: justify;\"><strong>Valor: <\/strong>639,00 (Seiscentos e trinta e nove reais).<\/p>\n<p style=\"text-align: justify;\"><strong>Processo: <\/strong>201912404000229<\/p>\n<p style=\"text-align: justify;\"><a href=\"https:\/\/goias.gov.br\/emater\/wp-content\/uploads\/sites\/62\/2021\/09\/NOTA_DE_EMPENHO.pdf\">Nota de Empenho<\/a><\/p>\n<p style=\"text-align: justify;\"><a href=\"https:\/\/goias.gov.br\/emater\/wp-content\/uploads\/sites\/62\/2021\/09\/Termo_de_Referencia.pdf\">Termo de Refer\u00eancia<\/a><\/p>\n<hr \/>\n<p style=\"text-align: center;\"><strong>ATO DE DISPENSA DE LICITA\u00c7\u00c3O N\u00ba 004\/2019-EMATER<\/strong><\/p>\n<p style=\"text-align: justify;\"><strong>Objeto: <\/strong>Aquisi\u00e7\u00e3o de equipamentos de para as demandas de Manuten\u00e7\u00e3o e Conserva\u00e7\u00e3o das \u00e1reas do Centro de Inova\u00e7\u00e3o Rural e Esta\u00e7\u00e3o Experimental Nativas do Cerrado.\n<\/p>\n<p style=\"text-align: justify;\"><strong>Contratada: <\/strong>PH DAMAS COM\u00c9RCIO E PRESTA\u00c7\u00c3O DE SERVI\u00c7O \u2013 26.079.645\/0001-55<\/p>\n<p style=\"text-align: justify;\"><strong>Valor: <\/strong>7.910,00 (Sete mil, novecentos e dez reais).<\/p>\n<p style=\"text-align: justify;\"><strong>Processo: <\/strong>201912404001020<\/p>\n<p style=\"text-align: justify;\"><a href=\"https:\/\/goias.gov.br\/emater\/wp-content\/uploads\/sites\/62\/2021\/09\/empenho.pdf\">Nota de Empenho<\/a><\/p>\n<p style=\"text-align: justify;\"><a href=\"https:\/\/goias.gov.br\/emater\/wp-content\/uploads\/sites\/62\/2021\/09\/Termo_de_Referencia_Equipamentos_Nativas_do_Cerrado.pdf\">Termo de Refer\u00eancia<\/a><\/p>\n<hr \/>\n<p style=\"text-align: center;\"><strong>ATO DE DISPENSA DE LICITA\u00c7\u00c3O N\u00ba 005\/2019-EMATER<\/strong><\/p>\n<p style=\"text-align: justify;\"><strong>Objeto: <\/strong>Aquisi\u00e7\u00e3o de Material para manuten\u00e7\u00e3o das edifica\u00e7\u00f5es e instala\u00e7\u00f5es el\u00e9tricas, hidr\u00e1ulicas e telef\u00f4nicas no pr\u00e9dio central da Emater.\n<\/p>\n<p style=\"text-align: justify;\"><strong>Contratada: <\/strong>N-TECH ENGENHARIA LDA \u2013 15.582.483\/0001-57<\/p>\n<p style=\"text-align: justify;\"><strong>Valor: <\/strong>6.350,00 (Seis mil, trezentos e cinquenta reais).<\/p>\n<p style=\"text-align: justify;\"><strong>Processo: <\/strong>201912404001032<\/p>\n<p style=\"text-align: justify;\"><a href=\"https:\/\/goias.gov.br\/emater\/wp-content\/uploads\/sites\/62\/2021\/09\/EMPENHO_8_54.pdf\">Nota de Empenho<\/a><\/p>\n<p style=\"text-align: justify;\"><a href=\"https:\/\/goias.gov.br\/emater\/wp-content\/uploads\/sites\/62\/2021\/09\/Termo-de-Refer\u00eancia-4.pdf\">Termo de Refer\u00eancia<\/a><\/p>\n<hr \/>\n<p style=\"text-align: center;\"><strong>ATO DE DISPENSA DE LICITA\u00c7\u00c3O N\u00ba 006\/2019-EMATER<\/strong><\/p>\n<p style=\"text-align: justify;\"><strong>Objeto: <\/strong>Contrata\u00e7\u00e3o de prestadora de se servi\u00e7o de artefatos de borracha para revestimento emborrachado da rolaria e preenchimento das bases dos rolamentos da impressora Off set  ROLAND PRATICA 01.\n<\/p>\n<p style=\"text-align: justify;\"><strong>Contratada: <\/strong>RUBBERNEW IND E COM DE ARTEFATOS DE BORRACHA LTDA \u2013 03.869.945\/0001-32<\/p>\n<p style=\"text-align: justify;\"><strong>Valor: <\/strong>4.711,00 (Quatro mil, setecentos e onze reais).<\/p>\n<p style=\"text-align: justify;\"><strong>Processo: <\/strong>201912404001072<\/p>\n<p style=\"text-align: justify;\"><a href=\"https:\/\/goias.gov.br\/emater\/wp-content\/uploads\/sites\/62\/2021\/09\/Empenho_grafica.pdf\">Nota de Empenho<\/a><\/p>\n<p style=\"text-align: justify;\"><a href=\"https:\/\/goias.gov.br\/emater\/wp-content\/uploads\/sites\/62\/2021\/09\/Termo-de-Refer\u00eancia-5.pdf\">Termo de Refer\u00eancia<\/a><\/p>\n<hr \/>\n<p style=\"text-align: center;\"><strong>ATO DE DISPENSA DE LICITA\u00c7\u00c3O N\u00ba 007\/2019-EMATER<\/strong><\/p>\n<p style=\"text-align: justify;\"><strong>Objeto: <\/strong>Aquisi\u00e7\u00e3o de 50 kg (cinquenta quilogramas) de sementes de hortali\u00e7as.\n<\/p>\n<p style=\"text-align: justify;\"><strong>Contratada: <\/strong>COSTA E SEABRA COMERCIO E SERVI\u00c7OS LTDA \u2013 08.986.761\/0001-76<\/p>\n<p style=\"text-align: justify;\"><strong>Valor: <\/strong>5.500,00 (Cinco mil e quinhentos reais).<\/p>\n<p style=\"text-align: justify;\"><strong>Processo: <\/strong>201912404001014<\/p>\n<p style=\"text-align: justify;\"><a href=\"https:\/\/goias.gov.br\/emater\/wp-content\/uploads\/sites\/62\/2021\/09\/EMPENHO.pdf\">Nota de Empenho<\/a><\/p>\n<p style=\"text-align: justify;\"><a href=\"https:\/\/goias.gov.br\/emater\/wp-content\/uploads\/sites\/62\/2021\/09\/Termo-de-Refer\u00eancia-6.pdf\">Termo de Refer\u00eancia<\/a><\/p>\n<hr \/>\n<p style=\"text-align: center;\"><strong>ATO DE DISPENSA DE LICITA\u00c7\u00c3O N\u00ba 008\/2019-EMATER<\/strong><\/p>\n<p style=\"text-align: justify;\"><strong>Objeto: <\/strong>Contrata\u00e7\u00e3o de Empresa Especializada na confec\u00e7\u00e3o de Crach\u00e1s de Identifica\u00e7\u00e3o.\n<\/p>\n<p style=\"text-align: justify;\"><strong>Contratada: <\/strong>COSTA E SEABRA COMERCIO E SERVI\u00c7OS LTDA \u2013 08.986.761\/0001-76<\/p>\n<p style=\"text-align: justify;\"><strong>Valor: <\/strong>5.500,00 (Cinco mil e quinhentos reais).<\/p>\n<p style=\"text-align: justify;\"><strong>Processo: <\/strong>201912404001014<\/p>\n<p style=\"text-align: justify;\"><a href=\"https:\/\/goias.gov.br\/emater\/wp-content\/uploads\/sites\/62\/2021\/09\/EMPENHO.pdf\">Nota de Empenho<\/a><\/p>\n<p style=\"text-align: justify;\"><a href=\"https:\/\/goias.gov.br\/emater\/wp-content\/uploads\/sites\/62\/2021\/09\/Termo-de-Refer\u00eancia-6.pdf\">Termo de Refer\u00eancia<\/a><\/p>\n<hr \/>\n<p style=\"text-align: center;\"><strong>ATO DE DISPENSA DE LICITA\u00c7\u00c3O N\u00ba 009\/2019-EMATER<\/strong><\/p>\n<p style=\"text-align: justify;\"><strong>Objeto: <\/strong>Contrata\u00e7\u00e3o de Empresa Especializada na confec\u00e7\u00e3o de Crach\u00e1s de Identifica\u00e7\u00e3o.\n<\/p>\n<p style=\"text-align: justify;\"><strong>Contratada: <\/strong>COSTA E SEABRA COMERCIO E SERVI\u00c7OS LTDA \u2013 08.986.761\/0001-76<\/p>\n<p style=\"text-align: justify;\"><strong>Valor: <\/strong>7.794,00 (Sete mil, setecentos e noventa e quatro reais).<\/p>\n<p style=\"text-align: justify;\"><strong>Processo: <\/strong>201912404001104<\/p>\n<p style=\"text-align: justify;\"><a href=\"https:\/\/goias.gov.br\/emater\/wp-content\/uploads\/sites\/62\/2021\/09\/emp_costa_seabra.pdf\">Nota de Empenho<\/a><\/p>\n<p style=\"text-align: justify;\"><a href=\"https:\/\/goias.gov.br\/emater\/wp-content\/uploads\/sites\/62\/2021\/09\/Termo-de-Refer\u00eancia-7.pdf\">Termo de Refer\u00eancia<\/a><\/p>\n<hr \/>\n<\/div>\n<\/div>\n<\/div>\n<\/div>\n","protected":false},"excerpt":{"rendered":"<p>Publicado: agosto 2021 \u00daltima Atualiza\u00e7\u00e3o: maio 2022 Dispensa de Licita\u00e7\u00e3o 2019 ATO DE DISPENSA DE LICITA\u00c7\u00c3O N\u00ba 001\/2019-EMATER Objeto: Contrata\u00e7\u00e3o de empresa especializada na presta\u00e7\u00e3o de servi\u00e7o de limpeza conserva\u00e7\u00e3o, limpeza, higieniza\u00e7\u00e3o e portaria com fornecimento de materiais, para atender a sede Administrativa da EMATER e Centro de Treinamento, no campus II da UFG pelo [&hellip;]<\/p>\n","protected":false},"author":1,"featured_media":0,"parent":0,"menu_order":0,"comment_status":"closed","ping_status":"closed","template":"template-meta-data-filter.php","meta":{"_acf_changed":false,"footnotes":""},"class_list":["post-10713","page","type-page","status-publish","hentry"],"acf":[],"rttpg_featured_image_url":null,"rttpg_author":{"display_name":"wagner.viana","author_link":"https:\/\/goias.gov.br\/emater\/author\/wagner-viana\/"},"rttpg_comment":0,"rttpg_category":null,"rttpg_excerpt":"Publicado: agosto 2021 \u00daltima Atualiza\u00e7\u00e3o: maio 2022 Dispensa de Licita\u00e7\u00e3o 2019 ATO DE DISPENSA DE LICITA\u00c7\u00c3O N\u00ba 001\/2019-EMATER Objeto: Contrata\u00e7\u00e3o de empresa especializada na presta\u00e7\u00e3o de servi\u00e7o de limpeza conserva\u00e7\u00e3o, limpeza, higieniza\u00e7\u00e3o e portaria com fornecimento de materiais, para atender a sede Administrativa da EMATER e Centro de Treinamento, no campus II da UFG pelo&hellip;","_links":{"self":[{"href":"https:\/\/goias.gov.br\/emater\/wp-json\/wp\/v2\/pages\/10713","targetHints":{"allow":["GET"]}}],"collection":[{"href":"https:\/\/goias.gov.br\/emater\/wp-json\/wp\/v2\/pages"}],"about":[{"href":"https:\/\/goias.gov.br\/emater\/wp-json\/wp\/v2\/types\/page"}],"author":[{"embeddable":true,"href":"https:\/\/goias.gov.br\/emater\/wp-json\/wp\/v2\/users\/1"}],"replies":[{"embeddable":true,"href":"https:\/\/goias.gov.br\/emater\/wp-json\/wp\/v2\/comments?post=10713"}],"version-history":[{"count":0,"href":"https:\/\/goias.gov.br\/emater\/wp-json\/wp\/v2\/pages\/10713\/revisions"}],"wp:attachment":[{"href":"https:\/\/goias.gov.br\/emater\/wp-json\/wp\/v2\/media?parent=10713"}],"curies":[{"name":"wp","href":"https:\/\/api.w.org\/{rel}","templated":true}]}}