

{"id":10707,"date":"2021-09-01T08:53:47","date_gmt":"2021-09-01T11:53:47","guid":{"rendered":"https:\/\/goias.gov.br\/emater\/?page_id=10707"},"modified":"2022-05-06T13:56:32","modified_gmt":"2022-05-06T16:56:32","slug":"dispensa-de-licitacao-2020","status":"publish","type":"page","link":"https:\/\/goias.gov.br\/emater\/dispensa-de-licitacao-2020\/","title":{"rendered":"Dispensa de Licita\u00e7\u00e3o 2020"},"content":{"rendered":"<div class=\"page-content\"> <!-- Deixa o texto com a cor cinza --><\/p>\n<div class=\"container\">  <!-- Deixa o texto alinhado em um container mais a dentro --><\/p>\n<div id=\"historia\" class=\"container\">\n<p align=\"right\">Publicado: agosto 2021<\/br><br \/>\n\u00daltima Atualiza\u00e7\u00e3o: maio 2022<\/p>\n<\/div>\n<div id=\"historia\" class=\"container\"> <!-- Deixa o texto alinhado em um container mais a dentro --><\/p>\n<h2>Dispensa de Licita\u00e7\u00e3o 2020<\/h2>\n<div class=\"body\">\n<p style=\"text-align: center;\"><strong>ATO DE DISPENSA DE LICITA\u00c7\u00c3O N\u00ba 001\/2020-EMATER<\/strong><\/p>\n<p style=\"text-align: justify;\"><strong>Objeto: <\/strong>Contrata\u00e7\u00e3o da Empresa Brasileira de Correios e Tel\u00e9grafos &#8211; ECT, para presta\u00e7\u00e3o de servi\u00e7os postais: transporte de malotes da Supervis\u00e3o de Protocolo para Unidades da EMATER (remessas e retornos); postagens de correspond\u00eancias- via Supervis\u00e3o de Protocolo em Goi\u00e2nia-GO; fornecer, controlar n\u00ba de autoriza\u00e7\u00f5es emitidas no Sistema\/Correios e enviadas para Unidades da EMATER postarem sedex\u2019s reverso em Ag\u00eancias dos Correios, sendo as despesas faturadas mensalmente e quitadas pela EMATER.\n<\/p>\n<p style=\"text-align: justify;\"><strong>Contratada: <\/strong>ECT<\/p>\n<p style=\"text-align: justify;\"><strong>Valor: <\/strong>59.042,16 (Cinquenta e nove mil, quarenta e dois reais e dezesseis centavos).<\/p>\n<p style=\"text-align: justify;\"><strong>Processo: <\/strong>202012404000836<\/p>\n<p style=\"text-align: justify;\"><a href=\"https:\/\/goias.gov.br\/emater\/wp-content\/uploads\/sites\/62\/2021\/09\/Declara\u00e7\u00e3o-de-Dispensa-de-Licita\u00e7\u00e3o-1.pdf\">Declara\u00e7\u00e3o<\/a><\/p>\n<p style=\"text-align: justify;\"><a href=\"https:\/\/goias.gov.br\/emater\/wp-content\/uploads\/sites\/62\/2021\/09\/Portaria_2020_EMATER_410.pdf\">Portaria<\/a><\/p>\n<p style=\"text-align: justify;\"><a href=\"https:\/\/goias.gov.br\/emater\/wp-content\/uploads\/sites\/62\/2021\/09\/PUBLICACAO_DOE___EXTR.__2___ADITIVO_AO_CONTRATO_N__31_2018.pdf\">Extrato de Dispensa<\/a><\/p>\n<hr \/>\n<p style=\"text-align: center;\"><strong>ATO DE DISPENSA DE LICITA\u00c7\u00c3O N\u00ba 002\/2020-EMATER<\/strong><\/p>\n<p style=\"text-align: justify;\"><strong>Objeto: <\/strong>Contrata\u00e7\u00e3o de empresa especializada no transporte de equipamentos gr\u00e1ficos, sendo uma impressora OFF Set ROLAND PRATICA F 2 e uma GUILHOTINA GUARANY 120, com fornecimento de m\u00e3o de obra, embalagem, equipamento e ferramentas necess\u00e1ria para efetuar o servi\u00e7o.\n<\/p>\n<p style=\"text-align: justify;\"><strong>Contratada: <\/strong>MOTRIZ SOLU\u00c7\u00d5ES INDUSTRIAIS LTDA \u2013 26.908.839\/0001-16<\/p>\n<p style=\"text-align: justify;\"><strong>Valor: <\/strong>3.896,00 (Tr\u00eas mil, oitocentos e noventa e seis reais).<\/p>\n<p style=\"text-align: justify;\"><strong>Processo: <\/strong>202012404000334<\/p>\n<p style=\"text-align: justify;\"><a href=\"https:\/\/goias.gov.br\/emater\/wp-content\/uploads\/sites\/62\/2021\/09\/Termo-de-Refer\u00eancia-1.pdf\">Empenho<\/a><\/p>\n<p style=\"text-align: justify;\"><a href=\"https:\/\/goias.gov.br\/emater\/wp-content\/uploads\/sites\/62\/2021\/09\/EMPENHO___MOTRIZ.pdf\">Termo de Refer\u00eancia<\/a><\/p>\n<hr \/>\n<p style=\"text-align: center;\"><strong>ATO DE DISPENSA DE LICITA\u00c7\u00c3O N\u00ba 003\/2020-EMATER<\/strong><\/p>\n<p style=\"text-align: justify;\"><strong>Objeto: <\/strong>Aquisi\u00e7\u00e3o de equipamentos de prote\u00e7\u00e3o individual \u2013 EPI, com certificado de aprova\u00e7\u00e3o \u2013 CA, para serem fornecidos e utilizados pelos trabalhadores nas unidades experimentais desta Ag\u00eancia.\n<\/p>\n<p style=\"text-align: justify;\"><strong>Contratada: <\/strong>ECOSAFE COM ATAC E P I LTDA \u2013 12.450.604\/0001-19<\/p>\n<p style=\"text-align: justify;\"><strong>Valor: <\/strong>17.059,55 (Dezessete mil, cinquenta e nove reais e cinquenta e cinco centavos).<\/p>\n<p style=\"text-align: justify;\"><strong>Processo: <\/strong>201912404001092<\/p>\n<p style=\"text-align: justify;\"><a href=\"https:\/\/goias.gov.br\/emater\/wp-content\/uploads\/sites\/62\/2021\/09\/empenho___EPI.pdf\">Empenho<\/a><\/p>\n<p style=\"text-align: justify;\"><a href=\"https:\/\/goias.gov.br\/emater\/wp-content\/uploads\/sites\/62\/2021\/09\/TERMO_DE_REFERENCIA.pdf\">Termo de Refer\u00eancia<\/a><\/p>\n<hr \/>\n<p style=\"text-align: center;\"><strong>ATO DE DISPENSA DE LICITA\u00c7\u00c3O N\u00ba 004\/2020-EMATER<\/strong><\/p>\n<p style=\"text-align: justify;\"><strong>Objeto: <\/strong>aquisi\u00e7\u00e3o de EPI&#8217;s (Equipamentos de Prote\u00e7\u00e3o Individual), no intuito da prote\u00e7\u00e3o e preven\u00e7\u00e3o da Pandemia do novo Coronav\u00edrus, chamado de Sars-Cov-2, atendendo assim as necessidades das unidades administrativas da Emater, nas quantidades, condi\u00e7\u00f5es, especifica\u00e7\u00f5es e nos valores estimados a seguir estabelecidos.\n<\/p>\n<p style=\"text-align: justify;\"><strong>Contratada: <\/strong>COMERCIAL SUDOESTE EIRELI \u2013 36.613.427\/0001-02<\/p>\n<p style=\"text-align: justify;\"><strong>Valor: <\/strong>13.468,12 (Treze mil, quatrocentos e sessenta e oito reais e doze centavos).<\/p>\n<p style=\"text-align: justify;\"><strong>Processo: <\/strong>202012404000833<\/p>\n<p style=\"text-align: justify;\"><a href=\"https:\/\/goias.gov.br\/emater\/wp-content\/uploads\/sites\/62\/2021\/09\/Anexo-1.pdf\">Empenho<\/a><\/p>\n<p style=\"text-align: justify;\"><a href=\"https:\/\/goias.gov.br\/emater\/wp-content\/uploads\/sites\/62\/2021\/09\/Anexo-2.pdf\">Empenho<\/a><\/p>\n<p style=\"text-align: justify;\"><a href=\"https:\/\/goias.gov.br\/emater\/wp-content\/uploads\/sites\/62\/2021\/09\/Termo-de-Refer\u00eancia-2.pdf\">Termo de Refer\u00eancia<\/a><\/p>\n<hr \/>\n<p style=\"text-align: center;\"><strong>ATO DE DISPENSA DE LICITA\u00c7\u00c3O N\u00ba 005\/2020-EMATER<\/strong><\/p>\n<p style=\"text-align: justify;\"><strong>Objeto: <\/strong>Aquisi\u00e7\u00e3o de 03 (tr\u00ea) Licen\u00e7as de Solu\u00e7\u00e3o Integrada de Videoconfer\u00eancia em Nuvem (Cloud), contemplando atualiza\u00e7\u00e3o de software e suporte t\u00e9cnico, pelo per\u00edodo de 12 (doze) meses\n<\/p>\n<p style=\"text-align: justify;\"><strong>Contratada: <\/strong>XP ON CONSULTORIA LTDA EPP \u2013 23.518.065\/0001-29<\/p>\n<p style=\"text-align: justify;\"><strong>Valor: <\/strong>3.941,91 (Tr\u00eas mil, novecentos e quarenta e um reais e noventa e um centavos ).<\/p>\n<p style=\"text-align: justify;\"><strong>Processo: <\/strong>202012404000784<\/p>\n<p style=\"text-align: justify;\"><a href=\"https:\/\/goias.gov.br\/emater\/wp-content\/uploads\/sites\/62\/2021\/09\/EMPENHO___ox.pdf\">Empenho<\/a><\/p>\n<p style=\"text-align: justify;\"><a href=\"https:\/\/goias.gov.br\/emater\/wp-content\/uploads\/sites\/62\/2021\/09\/Termo-de-Refer\u00eancia-3.pdf\">Termo de Refer\u00eancia<\/a><\/p>\n<hr \/>\n<\/div>\n<\/div>\n<\/div>\n<\/div>\n","protected":false},"excerpt":{"rendered":"<p>Publicado: agosto 2021 \u00daltima Atualiza\u00e7\u00e3o: maio 2022 Dispensa de Licita\u00e7\u00e3o 2020 ATO DE DISPENSA DE LICITA\u00c7\u00c3O N\u00ba 001\/2020-EMATER Objeto: Contrata\u00e7\u00e3o da Empresa Brasileira de Correios e Tel\u00e9grafos &#8211; ECT, para presta\u00e7\u00e3o de servi\u00e7os postais: transporte de malotes da Supervis\u00e3o de Protocolo para Unidades da EMATER (remessas e retornos); postagens de correspond\u00eancias- via Supervis\u00e3o de Protocolo [&hellip;]<\/p>\n","protected":false},"author":1,"featured_media":0,"parent":0,"menu_order":0,"comment_status":"closed","ping_status":"closed","template":"template-meta-data-filter.php","meta":{"_acf_changed":false,"footnotes":""},"class_list":["post-10707","page","type-page","status-publish","hentry"],"acf":[],"rttpg_featured_image_url":null,"rttpg_author":{"display_name":"wagner.viana","author_link":"https:\/\/goias.gov.br\/emater\/author\/wagner-viana\/"},"rttpg_comment":0,"rttpg_category":null,"rttpg_excerpt":"Publicado: agosto 2021 \u00daltima Atualiza\u00e7\u00e3o: maio 2022 Dispensa de Licita\u00e7\u00e3o 2020 ATO DE DISPENSA DE LICITA\u00c7\u00c3O N\u00ba 001\/2020-EMATER Objeto: Contrata\u00e7\u00e3o da Empresa Brasileira de Correios e Tel\u00e9grafos &#8211; ECT, para presta\u00e7\u00e3o de servi\u00e7os postais: transporte de malotes da Supervis\u00e3o de Protocolo para Unidades da EMATER (remessas e retornos); postagens de correspond\u00eancias- via Supervis\u00e3o de Protocolo&hellip;","_links":{"self":[{"href":"https:\/\/goias.gov.br\/emater\/wp-json\/wp\/v2\/pages\/10707","targetHints":{"allow":["GET"]}}],"collection":[{"href":"https:\/\/goias.gov.br\/emater\/wp-json\/wp\/v2\/pages"}],"about":[{"href":"https:\/\/goias.gov.br\/emater\/wp-json\/wp\/v2\/types\/page"}],"author":[{"embeddable":true,"href":"https:\/\/goias.gov.br\/emater\/wp-json\/wp\/v2\/users\/1"}],"replies":[{"embeddable":true,"href":"https:\/\/goias.gov.br\/emater\/wp-json\/wp\/v2\/comments?post=10707"}],"version-history":[{"count":0,"href":"https:\/\/goias.gov.br\/emater\/wp-json\/wp\/v2\/pages\/10707\/revisions"}],"wp:attachment":[{"href":"https:\/\/goias.gov.br\/emater\/wp-json\/wp\/v2\/media?parent=10707"}],"curies":[{"name":"wp","href":"https:\/\/api.w.org\/{rel}","templated":true}]}}