

{"id":10698,"date":"2021-09-01T08:30:16","date_gmt":"2021-09-01T11:30:16","guid":{"rendered":"https:\/\/goias.gov.br\/emater\/?page_id=10698"},"modified":"2022-05-06T13:56:47","modified_gmt":"2022-05-06T16:56:47","slug":"dispensa-de-licitacao-2021","status":"publish","type":"page","link":"https:\/\/goias.gov.br\/emater\/dispensa-de-licitacao-2021\/","title":{"rendered":"Dispensa de Licita\u00e7\u00e3o 2021"},"content":{"rendered":"<div class=\"page-content\"> <!-- Deixa o texto com a cor cinza --><\/p>\n<div class=\"container\">  <!-- Deixa o texto alinhado em um container mais a dentro --><\/p>\n<div id=\"historia\" class=\"container\">\n<p align=\"right\">Publicado: agosto 2021<\/br><br \/>\nAtualizado: maio 2022<\/p>\n<\/div>\n<div id=\"historia\" class=\"container\"> <!-- Deixa o texto alinhado em um container mais a dentro --><\/p>\n<h2>Dispensa de Licita\u00e7\u00e3o 2021<\/h2>\n<div class=\"body\">\n<p style=\"text-align: center;\"><strong>ATO DE DISPENSA DE LICITA\u00c7\u00c3O &#8211; EMATER<\/strong><\/p>\n<p style=\"text-align: justify;\"><strong>Objeto: <\/strong>O presente instrumento tem por objeto a Aquisi\u00e7\u00e3o de Mastros e Bandeiras simb\u00f3licas da Uni\u00e3o, Estado de Goi\u00e1s e Munic\u00edpio de Goi\u00e2nia utilizadas no centro Tecnol\u00f3gico da EMATER, compreendendo, a Sede da EMATER, Complexo de Laborat\u00f3rios e Centro de Treinamento da EMATER\n<\/p>\n<p style=\"text-align: justify;\"><strong>Contratada: <\/strong>MJ RIBEIRO &#8211; COMERCIAL CENTRO SUL<\/p>\n<p style=\"text-align: justify;\"><strong>Valor: <\/strong>4.798,33 (Quatro mil, setecentos e noventa e oito reais e trinta e tr\u00eas centavos).<\/p>\n<p style=\"text-align: justify;\"><strong>Processo: <\/strong>202112404001343<\/p>\n<p style=\"text-align: justify;\"><a href=\"https:\/\/goias.gov.br\/emater\/wp-content\/uploads\/sites\/62\/2021\/11\/Nota-de-empenho-2.pdf\">Nota de empenho<\/a><\/p>\n<p style=\"text-align: justify;\"><a href=\"https:\/\/goias.gov.br\/emater\/wp-content\/uploads\/sites\/62\/2021\/11\/Termo-de-Referencia.pdf\">TERMO DE REFERENCIA<\/a><\/p>\n<hr \/>\n<p style=\"text-align: center;\"><strong>ATO DE DISPENSA DE LICITA\u00c7\u00c3O &#8211; EMATER<\/strong><\/p>\n<p style=\"text-align: justify;\"><strong>Objeto: <\/strong>O presente Termo de Refer\u00eancia tem por finalidade a Aquisi\u00e7\u00e3o de 63 kg (sessenta e tr\u00eas quilogramas) de sementes de hortali\u00e7as.\n<\/p>\n<p style=\"text-align: justify;\"><strong>Contratada: <\/strong>COSTA E SEABRA COPIADORA LTDA ME.<\/p>\n<p style=\"text-align: justify;\"><strong>Valor: <\/strong>8.525,00 (Oito mil, quinhentos e vinte e cinco reais).<\/p>\n<p style=\"text-align: justify;\"><strong>Processo: <\/strong>202112404001318<\/p>\n<p style=\"text-align: justify;\"><a href=\"https:\/\/goias.gov.br\/emater\/wp-content\/uploads\/sites\/62\/2021\/11\/Nota-de-empenho-1.pdf\">Nota de empenho<\/a><\/p>\n<p style=\"text-align: justify;\"><a href=\"https:\/\/goias.gov.br\/emater\/wp-content\/uploads\/sites\/62\/2021\/11\/Termo-de-Refer\u00eancia.pdf\">TERMO DE REFERENCIA<\/a><\/p>\n<hr \/>\n<p style=\"text-align: center;\"><strong>ATO DE DISPENSA DE LICITA\u00c7\u00c3O &#8211; EMATER<\/strong><\/p>\n<p style=\"text-align: justify;\"><strong>Objeto: <\/strong>O presente instrumento tem por objeto a contrata\u00e7\u00e3o de servi\u00e7os de reforma de cadeiras escolares utilizadas nas salas de aulas do Centro de Treinamento da EMATER, onde realiza capacita\u00e7\u00f5es de produtores Rurais dos diversos munic\u00edpios goianos, como tamb\u00e9m t\u00e9cnicos da EMATER e dos diversos setores que prestam servi\u00e7os aos produtores rurais.\n<\/p>\n<p style=\"text-align: justify;\"><strong>Contratada: <\/strong>COMERCIO E INDUSTRIA DE MOVEIS L R B LTDA.<\/p>\n<p style=\"text-align: justify;\"><strong>Valor: <\/strong>13.400,00 (Treze mil e quatrocentos reais).<\/p>\n<p style=\"text-align: justify;\"><strong>Processo: <\/strong>202112404001317<\/p>\n<p style=\"text-align: justify;\"><a href=\"https:\/\/goias.gov.br\/emater\/wp-content\/uploads\/sites\/62\/2021\/11\/Nota-de-empenho.pdf\">Nota de empenho<\/a><\/p>\n<p style=\"text-align: justify;\"><a href=\"https:\/\/goias.gov.br\/emater\/wp-content\/uploads\/sites\/62\/2021\/11\/TERMO-DE-REFERENCIA.pdf\">TERMO DE REFERENCIA<\/a><\/p>\n<hr \/>\n<p style=\"text-align: center;\"><strong>ATO DE DISPENSA DE LICITA\u00c7\u00c3O &#8211; EMATER<\/strong><\/p>\n<p style=\"text-align: justify;\"><strong>Objeto: <\/strong>Aquisi\u00e7\u00e3o de 1.200 (mil e duzentos) frascos de 500 ml de alcool em gel 70\u00ba \u00a0e 720 (setecentos e vinte) frascos de 1 litro de alcool et\u00edlico hidratado 70% para atender as necessidades\u00a0dos escrit\u00f3rios locais, esta\u00e7\u00f5es experimentais e unidade central da Emater, como medida fundamental e emergente para auxiliar no combate ao novo tipo do Coronav\u00edrus (2019-nCoV)\n<\/p>\n<p style=\"text-align: justify;\"><strong>Contratada: <\/strong>IND\u00daSTRIA QU\u00cdMICA DO ESTADO DE GOI\u00c1S \u2013 IQUEGO.<\/p>\n<p style=\"text-align: justify;\"><strong>Valor: <\/strong>5.640,00 (Cinco mil, seiscentos e quarenta reais).<\/p>\n<p style=\"text-align: justify;\"><strong>Processo: <\/strong>202012404001081<\/p>\n<p style=\"text-align: justify;\"><a href=\"https:\/\/goias.gov.br\/emater\/wp-content\/uploads\/sites\/62\/2021\/09\/Declara\u00e7\u00e3o-de-Dispensa-de-Licita\u00e7\u00e3o.pdf\">Declara\u00e7\u00e3o<\/a><\/p>\n<p style=\"text-align: justify;\"><a href=\"https:\/\/goias.gov.br\/emater\/wp-content\/uploads\/sites\/62\/2021\/09\/EXTRATO_DISPENSA___IQUEGO.pdf\">Extrato de Dispensa<\/a><\/p>\n<hr \/>\n<p style=\"text-align: center;\"><strong>ATO DE DISPENSA DE LICITA\u00c7\u00c3O &#8211; EMATER<\/strong><\/p>\n<p style=\"text-align: justify;\"><strong>Objeto: <\/strong>Impress\u00e3o da publica\u00e7\u00e3o Balan\u00e7o Social da Emater, revista que traz os resultados obtidos pela Ag\u00eancia entre os anos de 2017 e 2019. Os exemplares ser\u00e3o distribu\u00eddos para as autoridades presentes na inaugura\u00e7\u00e3o da nova sede administrativa do \u00f3rg\u00e3o, em Goi\u00e2nia, prevista para a segunda quinzena de junho, e tamb\u00e9m para as 12 unidades regionais no Estado.\n<\/p>\n<p style=\"text-align: justify;\"><strong>Contratada: <\/strong>A EFICAZ COM\u00c9RCIO E PRESTA\u00c7\u00c3O DE SERVI\u00c7OS GR\u00c1FICOS LTDA \u2013 07.579.663\/0001-51.<\/p>\n<p style=\"text-align: justify;\"><strong>Valor: <\/strong>12.475,00 (Doze mil, quatrocentos e setenta e cinco reais).<\/p>\n<p style=\"text-align: justify;\"><strong>Processo: <\/strong>202112404000601<\/p>\n<p style=\"text-align: justify;\"><a href=\"https:\/\/goias.gov.br\/emater\/wp-content\/uploads\/sites\/62\/2021\/09\/Termo-de-Refer\u00eancia-01.pdf\">Declara\u00e7\u00e3o<\/a><\/p>\n<hr \/>\n<p style=\"text-align: center;\"><strong>ATO DE DISPENSA DE LICITA\u00c7\u00c3O &#8211; EMATER<\/strong><\/p>\n<p style=\"text-align: justify;\"><strong>Objeto: <\/strong>Aquisi\u00e7\u00e3o de \u00c1lcool Et\u00edlico Hidratado 70% em estado l\u00edquido para atender as necessidades dos escrit\u00f3rios locais, esta\u00e7\u00f5es experimentais e unidade central da Emater, atendendo \u00e0 demanda das necessidades de combate ao COVID-19, pelo per\u00edodo de at\u00e9 12 (doze) meses.\n<\/p>\n<p style=\"text-align: justify;\"><strong>Contratada: <\/strong>GESY SARAIVA DE GOI\u00c1S &#8211; ME \u2013 34.533.426\/0001-22.<\/p>\n<p style=\"text-align: justify;\"><strong>Valor: <\/strong>4.125,60 (Quatro mil, cento e vinte e cinco reais e sessenta centavos).<\/p>\n<p style=\"text-align: justify;\"><strong>Processo: <\/strong>202112404000625<\/p>\n<p style=\"text-align: justify;\"><a href=\"https:\/\/goias.gov.br\/emater\/wp-content\/uploads\/sites\/62\/2021\/09\/Termo-de-Refer\u00eancia-02.pdf\">Declara\u00e7\u00e3o<\/a><\/p>\n<hr \/>\n<p style=\"text-align: center;\"><strong>ATO DE DISPENSA DE LICITA\u00c7\u00c3O &#8211; EMATER<\/strong><\/p>\n<p style=\"text-align: justify;\"><strong>Objeto: <\/strong>Contrata\u00e7\u00e3o de servi\u00e7o de fornecimento de publica\u00e7\u00f5es judiciais em forma de carta impressa relativa a processos origin\u00e1rios das Justi\u00e7as Estadual, Federal, Eleitoral, Militar e Trabalhista do Estado de Goi\u00e1s.\n<\/p>\n<p style=\"text-align: justify;\"><strong>Contratada: <\/strong>AVISO URGENTE \u2013 CLIPPING E SOFTWARES LTDA &#8211; EPP \u2013 00.190.951\/0001- 70.<\/p>\n<p style=\"text-align: justify;\"><strong>Valor: <\/strong>R$ 6.321,84 (Seis Mil, trezentos e vinte e um Reais e oitenta e quatro centavos).<\/p>\n<p style=\"text-align: justify;\"><strong>Processo: <\/strong>202112404000663<\/p>\n<p style=\"text-align: justify;\"><a href=\"https:\/\/goias.gov.br\/emater\/wp-content\/uploads\/sites\/62\/2021\/10\/decl_dispensa_202112404000663.pdf\" target=\"_blank\">Declara\u00e7\u00e3o<\/a><\/p>\n<p style=\"text-align: justify;\"><a href=\"https:\/\/goias.gov.br\/emater\/wp-content\/uploads\/sites\/62\/2021\/10\/contrato_202112404000663.pdf\" target=\"_blank\">Contrato<\/a><\/p>\n<p style=\"text-align: justify;\"><a href=\"https:\/\/goias.gov.br\/emater\/wp-content\/uploads\/sites\/62\/2021\/10\/publicacao_202112404000663.pdf\" target=\"_blank\">Publica\u00e7\u00e3o<\/a><\/p>\n<p style=\"text-align: justify;\"><a href=\"https:\/\/goias.gov.br\/emater\/wp-content\/uploads\/sites\/62\/2021\/11\/Portaria-do-gestor.pdf\" target=\"_blank\">Gestor do Conv\u00eanio<\/a><\/p>\n<hr \/>\n<\/div>\n<\/div>\n<\/div>\n<\/div>\n","protected":false},"excerpt":{"rendered":"<p>Publicado: agosto 2021 Atualizado: maio 2022 Dispensa de Licita\u00e7\u00e3o 2021 ATO DE DISPENSA DE LICITA\u00c7\u00c3O &#8211; EMATER Objeto: O presente instrumento tem por objeto a Aquisi\u00e7\u00e3o de Mastros e Bandeiras simb\u00f3licas da Uni\u00e3o, Estado de Goi\u00e1s e Munic\u00edpio de Goi\u00e2nia utilizadas no centro Tecnol\u00f3gico da EMATER, compreendendo, a Sede da EMATER, Complexo de Laborat\u00f3rios e [&hellip;]<\/p>\n","protected":false},"author":1,"featured_media":0,"parent":0,"menu_order":0,"comment_status":"closed","ping_status":"closed","template":"template-meta-data-filter.php","meta":{"_acf_changed":false,"footnotes":""},"class_list":["post-10698","page","type-page","status-publish","hentry"],"acf":[],"rttpg_featured_image_url":null,"rttpg_author":{"display_name":"wagner.viana","author_link":"https:\/\/goias.gov.br\/emater\/author\/wagner-viana\/"},"rttpg_comment":0,"rttpg_category":null,"rttpg_excerpt":"Publicado: agosto 2021 Atualizado: maio 2022 Dispensa de Licita\u00e7\u00e3o 2021 ATO DE DISPENSA DE LICITA\u00c7\u00c3O &#8211; EMATER Objeto: O presente instrumento tem por objeto a Aquisi\u00e7\u00e3o de Mastros e Bandeiras simb\u00f3licas da Uni\u00e3o, Estado de Goi\u00e1s e Munic\u00edpio de Goi\u00e2nia utilizadas no centro Tecnol\u00f3gico da EMATER, compreendendo, a Sede da EMATER, Complexo de Laborat\u00f3rios e&hellip;","_links":{"self":[{"href":"https:\/\/goias.gov.br\/emater\/wp-json\/wp\/v2\/pages\/10698","targetHints":{"allow":["GET"]}}],"collection":[{"href":"https:\/\/goias.gov.br\/emater\/wp-json\/wp\/v2\/pages"}],"about":[{"href":"https:\/\/goias.gov.br\/emater\/wp-json\/wp\/v2\/types\/page"}],"author":[{"embeddable":true,"href":"https:\/\/goias.gov.br\/emater\/wp-json\/wp\/v2\/users\/1"}],"replies":[{"embeddable":true,"href":"https:\/\/goias.gov.br\/emater\/wp-json\/wp\/v2\/comments?post=10698"}],"version-history":[{"count":0,"href":"https:\/\/goias.gov.br\/emater\/wp-json\/wp\/v2\/pages\/10698\/revisions"}],"wp:attachment":[{"href":"https:\/\/goias.gov.br\/emater\/wp-json\/wp\/v2\/media?parent=10698"}],"curies":[{"name":"wp","href":"https:\/\/api.w.org\/{rel}","templated":true}]}}