

{"id":10593,"date":"2021-08-30T20:35:12","date_gmt":"2021-08-30T23:35:12","guid":{"rendered":"https:\/\/goias.gov.br\/emater\/?page_id=10593"},"modified":"2026-02-25T10:56:06","modified_gmt":"2026-02-25T13:56:06","slug":"licitacoes-emater","status":"publish","type":"page","link":"https:\/\/goias.gov.br\/emater\/licitacoes-emater\/","title":{"rendered":"Licita\u00e7\u00f5es EMATER"},"content":{"rendered":"<p><span data-teams=\"true\">\n<section class=\"biblioteca-container\">\n    <div id=\"bibliotecaForm\" class=\"wp-core-ui\">\n\n        <div class=\"form-field\">\n            <label for=\"situacao_licitacao\">Situa\u00e7\u00e3o da Licita\u00e7\u00e3o:<\/label>\n            <select id=\"situacao_licitacao\" name=\"situacao_licitacao\" class=\"form-select\">\n                <option value=\"\">Selecione...<\/option>\n                            <\/select>\n        <\/div>\n\n        <div class=\"form-field\">\n            <label for=\"modalidade\">Modalidade:<\/label>\n            <select id=\"modalidade\" name=\"modalidade\" class=\"form-select\">\n                <option value=\"\">Selecione...<\/option>\n                <option value=\"pregao-eletronico\">Preg\u00e3o Eletr\u00f4nico<\/option>            <\/select>\n        <\/div>\n\n        <div class=\"form-field\">\n            <label for=\"dependencia\">Depend\u00eancia:<\/label>\n            <select id=\"dependencia\" name=\"dependencia\" class=\"form-select\">\n                <option value=\"\">Selecione...<\/option>\n                <option value=\"2016\">2016<\/option><option value=\"2020\">2020<\/option><option value=\"2021\">2021<\/option><option value=\"2022\">2022<\/option><option value=\"2023\">2023<\/option><option value=\"2026\">2026<\/option>            <\/select>\n        <\/div>\n\n        <div class=\"form-field\">\n            <label for=\"ordenacao\">Ordenar por data da licita\u00e7\u00e3o:<\/label>\n            <select id=\"ordenacao\" name=\"ordenacao\" class=\"form-select\">\n                <option value=\"\">Selecione...<\/option>\n                <option value=\"DESC\">Decrescente<\/option> \n                <option value=\"ASC\">Crescente<\/option>                               \n            <\/select>\n        <\/div>\n    <\/div>\n\n    <button class=\"button\" id=\"btn-buscar-ebv\"><span class=\"dashicons dashicons-search\"><\/span> Buscar<\/button>\n\n    <div id=\"licitacaoResultados\"><\/div>\n\n<\/section><\/span><\/p>\n","protected":false},"excerpt":{"rendered":"","protected":false},"author":1,"featured_media":0,"parent":0,"menu_order":0,"comment_status":"closed","ping_status":"closed","template":"","meta":{"_acf_changed":false,"footnotes":""},"class_list":["post-10593","page","type-page","status-publish","hentry"],"acf":[],"rttpg_featured_image_url":null,"rttpg_author":{"display_name":"wagner.viana","author_link":"https:\/\/goias.gov.br\/emater\/author\/wagner-viana\/"},"rttpg_comment":0,"rttpg_category":null,"rttpg_excerpt":null,"_links":{"self":[{"href":"https:\/\/goias.gov.br\/emater\/wp-json\/wp\/v2\/pages\/10593","targetHints":{"allow":["GET"]}}],"collection":[{"href":"https:\/\/goias.gov.br\/emater\/wp-json\/wp\/v2\/pages"}],"about":[{"href":"https:\/\/goias.gov.br\/emater\/wp-json\/wp\/v2\/types\/page"}],"author":[{"embeddable":true,"href":"https:\/\/goias.gov.br\/emater\/wp-json\/wp\/v2\/users\/1"}],"replies":[{"embeddable":true,"href":"https:\/\/goias.gov.br\/emater\/wp-json\/wp\/v2\/comments?post=10593"}],"version-history":[{"count":3,"href":"https:\/\/goias.gov.br\/emater\/wp-json\/wp\/v2\/pages\/10593\/revisions"}],"predecessor-version":[{"id":294832,"href":"https:\/\/goias.gov.br\/emater\/wp-json\/wp\/v2\/pages\/10593\/revisions\/294832"}],"wp:attachment":[{"href":"https:\/\/goias.gov.br\/emater\/wp-json\/wp\/v2\/media?parent=10593"}],"curies":[{"name":"wp","href":"https:\/\/api.w.org\/{rel}","templated":true}]}}