

{"id":99905,"date":"2024-05-23T08:34:09","date_gmt":"2024-05-23T11:34:09","guid":{"rendered":"https:\/\/goias.gov.br\/educacao\/?page_id=99905"},"modified":"2026-01-30T08:40:49","modified_gmt":"2026-01-30T11:40:49","slug":"educacao-profissional-e-tecnologica","status":"publish","type":"page","link":"https:\/\/goias.gov.br\/educacao\/educacao-profissional-e-tecnologica\/","title":{"rendered":"Educa\u00e7\u00e3o Profissional e Tecnol\u00f3gica"},"content":{"rendered":"\t\t<div data-elementor-type=\"wp-page\" data-elementor-id=\"99905\" class=\"elementor elementor-99905\">\n\t\t\t\t<div class=\"elementor-element elementor-element-c2443b4 e-flex e-con-boxed e-con e-parent\" data-id=\"c2443b4\" data-element_type=\"container\" data-e-type=\"container\">\n\t\t\t\t\t<div class=\"e-con-inner\">\n\t\t\t\t<div class=\"elementor-element elementor-element-47ddbf1 elementor-widget elementor-widget-image\" data-id=\"47ddbf1\" data-element_type=\"widget\" data-e-type=\"widget\" data-widget_type=\"image.default\">\n\t\t\t\t\t\t\t\t\t\t\t\t\t\t\t<img decoding=\"async\" src=\"https:\/\/goias.gov.br\/educacao\/wp-content\/uploads\/sites\/40\/2024\/05\/01-banner-topo-pag.-educac%E2%95%A0oa%E2%95%A0ao-profissional-e-tecn.png\" title=\"\" alt=\"\" loading=\"lazy\" \/>\t\t\t\t\t\t\t\t\t\t\t\t\t\t\t<\/div>\n\t\t\t\t<div class=\"elementor-element elementor-element-8d39b4d elementor-widget elementor-widget-text-editor\" data-id=\"8d39b4d\" data-element_type=\"widget\" data-e-type=\"widget\" data-widget_type=\"text-editor.default\">\n\t\t\t\t\t\t\t\t\t<p>A Educa\u00e7\u00e3o Profissional e Tecnol\u00f3gica (EPT) \u00e9 uma modalidade educacional prevista na Lei de Diretrizes e Bases da Educa\u00e7\u00e3o Nacional (LDB) cuja finalidade principal \u00e9 a de preparar \u201cpara o exerc\u00edcio de profiss\u00f5es\u201d, contribuindo para que o cidad\u00e3o possa se inserir e atuar no mundo do trabalho e na vida em sociedade. Essa modalidade abrange cursos de qualifica\u00e7\u00e3o e de habilita\u00e7\u00e3o t\u00e9cnica e tecnol\u00f3gica, organizados de forma a propiciar o aproveitamento cont\u00ednuo e articulado dos estudos.<\/p>\t\t\t\t\t\t\t\t<\/div>\n\t\t<div class=\"elementor-element elementor-element-4dd4eff e-grid e-con-full e-con e-child\" data-id=\"4dd4eff\" data-element_type=\"container\" data-e-type=\"container\">\n\t\t\t\t<div class=\"elementor-element elementor-element-f464735 elementor-widget elementor-widget-image\" data-id=\"f464735\" data-element_type=\"widget\" data-e-type=\"widget\" data-widget_type=\"image.default\">\n\t\t\t\t\t\t\t\t\t\t\t\t\t\t\t\t<a href=\"https:\/\/goias.gov.br\/educacao\/lista-de-escolas-que-ofertam-ept\/\" target=\"_blank\">\n\t\t\t\t\t\t\t<img decoding=\"async\" src=\"https:\/\/goias.gov.br\/educacao\/wp-content\/uploads\/sites\/40\/2024\/09\/Cabecalho.jpg\" title=\"\" alt=\"\" loading=\"lazy\" \/>\t\t\t\t\t\t\t\t<\/a>\n\t\t\t\t\t\t\t\t\t\t\t\t\t\t\t<\/div>\n\t\t\t\t<div class=\"elementor-element elementor-element-acf5938 elementor-widget elementor-widget-image\" data-id=\"acf5938\" data-element_type=\"widget\" data-e-type=\"widget\" data-widget_type=\"image.default\">\n\t\t\t\t\t\t\t\t\t\t\t\t\t\t\t\t<a href=\"https:\/\/goias.gov.br\/educacao\/ept-parceria-com-o-senai\/\" target=\"_blank\">\n\t\t\t\t\t\t\t<img decoding=\"async\" src=\"https:\/\/goias.gov.br\/educacao\/wp-content\/uploads\/sites\/40\/2024\/09\/Cabecalho-1.jpg\" title=\"\" alt=\"\" loading=\"lazy\" \/>\t\t\t\t\t\t\t\t<\/a>\n\t\t\t\t\t\t\t\t\t\t\t\t\t\t\t<\/div>\n\t\t\t\t<div class=\"elementor-element elementor-element-dd90dea elementor-widget elementor-widget-image\" data-id=\"dd90dea\" data-element_type=\"widget\" data-e-type=\"widget\" data-widget_type=\"image.default\">\n\t\t\t\t\t\t\t\t\t\t\t\t\t\t\t\t<a href=\"https:\/\/goias.gov.br\/educacao\/ept-parceria-com-o-senai\/\" target=\"_blank\">\n\t\t\t\t\t\t\t<img decoding=\"async\" src=\"https:\/\/goias.gov.br\/educacao\/wp-content\/uploads\/sites\/40\/2024\/09\/Cabecalho-2.jpg\" title=\"\" alt=\"\" loading=\"lazy\" \/>\t\t\t\t\t\t\t\t<\/a>\n\t\t\t\t\t\t\t\t\t\t\t\t\t\t\t<\/div>\n\t\t\t\t<div class=\"elementor-element elementor-element-8feaf3b elementor-widget elementor-widget-image\" data-id=\"8feaf3b\" data-element_type=\"widget\" data-e-type=\"widget\" data-widget_type=\"image.default\">\n\t\t\t\t\t\t\t\t\t\t\t\t\t\t\t\t<a href=\"https:\/\/goias.gov.br\/educacao\/ept-parceria-com-a-secti\/\" target=\"_blank\">\n\t\t\t\t\t\t\t<img decoding=\"async\" src=\"https:\/\/goias.gov.br\/educacao\/wp-content\/uploads\/sites\/40\/2024\/09\/Cabecalho-3.jpg\" title=\"\" alt=\"\" loading=\"lazy\" \/>\t\t\t\t\t\t\t\t<\/a>\n\t\t\t\t\t\t\t\t\t\t\t\t\t\t\t<\/div>\n\t\t\t\t<\/div>\n\t\t\t\t<div class=\"elementor-element elementor-element-1c90d4e elementor-widget elementor-widget-image\" data-id=\"1c90d4e\" data-element_type=\"widget\" data-e-type=\"widget\" data-widget_type=\"image.default\">\n\t\t\t\t\t\t\t\t\t\t\t\t\t\t\t<img decoding=\"async\" src=\"https:\/\/goias.gov.br\/educacao\/wp-content\/uploads\/sites\/40\/2024\/05\/03.1-cursos.png\" title=\"\" alt=\"\" loading=\"lazy\" \/>\t\t\t\t\t\t\t\t\t\t\t\t\t\t\t<\/div>\n\t\t\t\t<div class=\"elementor-element elementor-element-084052f elementor-widget elementor-widget-image\" data-id=\"084052f\" data-element_type=\"widget\" data-e-type=\"widget\" data-widget_type=\"image.default\">\n\t\t\t\t\t\t\t\t\t\t\t\t\t\t\t<img decoding=\"async\" src=\"https:\/\/goias.gov.br\/educacao\/wp-content\/uploads\/sites\/40\/2024\/05\/04-titulo-cursos-tec.png\" title=\"\" alt=\"\" loading=\"lazy\" \/>\t\t\t\t\t\t\t\t\t\t\t\t\t\t\t<\/div>\n\t\t\t\t<div class=\"elementor-element elementor-element-553773c elementor-widget elementor-widget-text-editor\" data-id=\"553773c\" data-element_type=\"widget\" data-e-type=\"widget\" data-widget_type=\"text-editor.default\">\n\t\t\t\t\t\t\t\t\t<p>Os <strong>Cursos T\u00e9cnicos Integrados ao Ensino M\u00e9dio<\/strong> s\u00e3o cursos que oferecem a forma\u00e7\u00e3o geral b\u00e1sica de forma integrada \u00e0 forma\u00e7\u00e3o profissional, com matr\u00edcula e certifica\u00e7\u00e3o \u00fanicas. A dura\u00e7\u00e3o \u00e9 de tr\u00eas anos.<\/p>\n<p>J\u00e1 os <strong>Cursos T\u00e9cnicos Concomitantes ao Ensino M\u00e9dio<\/strong> s\u00e3o ofertados a quem ingressa no Ensino M\u00e9dio ou j\u00e1 que o esteja cursando, efetuando-se matr\u00edculas distintas para cada curso, aproveitando oportunidades educacionais dispon\u00edveis, seja em unidades de ensino da mesma institui\u00e7\u00e3o ou em distintas institui\u00e7\u00f5es e redes de ensino.<\/p>\t\t\t\t\t\t\t\t<\/div>\n\t\t\t\t<div class=\"elementor-element elementor-element-7c73389 elementor-widget elementor-widget-image\" data-id=\"7c73389\" data-element_type=\"widget\" data-e-type=\"widget\" data-widget_type=\"image.default\">\n\t\t\t\t\t\t\t\t\t\t\t\t\t\t\t\t<a href=\"https:\/\/goias.gov.br\/educacao\/lista-dos-cursos-tecnicos-integrados-ao-ensino-medio\/\" target=\"_blank\">\n\t\t\t\t\t\t\t<img decoding=\"async\" src=\"https:\/\/goias.gov.br\/educacao\/wp-content\/uploads\/sites\/40\/2024\/09\/Prancheta-7-copia-6.png\" title=\"\" alt=\"\" loading=\"lazy\" \/>\t\t\t\t\t\t\t\t<\/a>\n\t\t\t\t\t\t\t\t\t\t\t\t\t\t\t<\/div>\n\t\t\t\t<div class=\"elementor-element elementor-element-0400763 elementor-widget elementor-widget-image\" data-id=\"0400763\" data-element_type=\"widget\" data-e-type=\"widget\" data-widget_type=\"image.default\">\n\t\t\t\t\t\t\t\t\t\t\t\t\t\t\t\t<a href=\"https:\/\/goias.gov.br\/educacao\/lista-dos-cursos-tecnicos-integrados-ao-ensino-medio\/\" target=\"_blank\">\n\t\t\t\t\t\t\t<img decoding=\"async\" src=\"https:\/\/goias.gov.br\/educacao\/wp-content\/uploads\/sites\/40\/2024\/09\/Prancheta-7-copia_1-5.png\" title=\"\" alt=\"\" loading=\"lazy\" \/>\t\t\t\t\t\t\t\t<\/a>\n\t\t\t\t\t\t\t\t\t\t\t\t\t\t\t<\/div>\n\t\t\t\t<div class=\"elementor-element elementor-element-8538bff elementor-widget elementor-widget-image\" data-id=\"8538bff\" data-element_type=\"widget\" data-e-type=\"widget\" data-widget_type=\"image.default\">\n\t\t\t\t\t\t\t\t\t\t\t\t\t\t\t\t<a href=\"https:\/\/goias.gov.br\/educacao\/perfil-dos-cursos-tecnicos-parceria-senac\/\" target=\"_blank\">\n\t\t\t\t\t\t\t<img decoding=\"async\" src=\"https:\/\/goias.gov.br\/educacao\/wp-content\/uploads\/sites\/40\/2024\/09\/Prancheta-7-copia_2.png\" title=\"\" alt=\"\" loading=\"lazy\" \/>\t\t\t\t\t\t\t\t<\/a>\n\t\t\t\t\t\t\t\t\t\t\t\t\t\t\t<\/div>\n\t\t\t\t<div class=\"elementor-element elementor-element-08321d0 elementor-widget elementor-widget-image\" data-id=\"08321d0\" data-element_type=\"widget\" data-e-type=\"widget\" data-widget_type=\"image.default\">\n\t\t\t\t\t\t\t\t\t\t\t\t\t\t\t<img decoding=\"async\" src=\"https:\/\/goias.gov.br\/educacao\/wp-content\/uploads\/sites\/40\/2024\/05\/06-titulo-cursos-de-formac%E2%95%A0oa%E2%95%A0ao-inicial.png\" title=\"\" alt=\"\" loading=\"lazy\" \/>\t\t\t\t\t\t\t\t\t\t\t\t\t\t\t<\/div>\n\t\t\t\t<div class=\"elementor-element elementor-element-028312f elementor-widget elementor-widget-text-editor\" data-id=\"028312f\" data-element_type=\"widget\" data-e-type=\"widget\" data-widget_type=\"text-editor.default\">\n\t\t\t\t\t\t\t\t\t<p>Os <strong>Cursos de Forma\u00e7\u00e3o Inicial e Continuada (FICs)<\/strong> s\u00e3o voltados para capacita\u00e7\u00e3o r\u00e1pida, com foco em uma \u00e1rea de atua\u00e7\u00e3o espec\u00edfica. Os cursos FICs ofertados pela Seduc\/GO abrangem as \u00e1reas de forma\u00e7\u00e3o profissional, artes, cursos livres e aprofundamentos da Forma\u00e7\u00e3o Geral B\u00e1sica.<\/p>\n<p>&#8211; S\u00e3o <strong>autoinstrucionais<\/strong>, o que significa que os estudantes t\u00eam liberdade para realizar as atividades e acompanhar seu desenvolvimento de forma independente.<\/p>\n<p>&#8211; <strong>Dura\u00e7\u00e3o<\/strong> &#8211; O componente ter\u00e1 carga hor\u00e1ria de 167 horas e ser\u00e1 desenvolvido em 4 (quatro) etapas\/m\u00f3dulos de estudos, correspondentes a cada bimestre do ano letivo.<\/p>\t\t\t\t\t\t\t\t<\/div>\n\t\t\t\t<div class=\"elementor-element elementor-element-1abc6dc elementor-widget elementor-widget-image\" data-id=\"1abc6dc\" data-element_type=\"widget\" data-e-type=\"widget\" data-widget_type=\"image.default\">\n\t\t\t\t\t\t\t\t\t\t\t\t\t\t\t\t<a href=\"https:\/\/goias.gov.br\/educacao\/formacao-inicial-e-continuada-fics\/\" target=\"_blank\">\n\t\t\t\t\t\t\t<img decoding=\"async\" src=\"https:\/\/goias.gov.br\/educacao\/wp-content\/uploads\/sites\/40\/2024\/05\/07-banner-lista-dos-cursos-de-formac%E2%95%A0oa%E2%95%A0ao-inicial.png\" title=\"\" alt=\"\" loading=\"lazy\" \/>\t\t\t\t\t\t\t\t<\/a>\n\t\t\t\t\t\t\t\t\t\t\t\t\t\t\t<\/div>\n\t\t\t\t\t<\/div>\n\t\t\t\t<\/div>\n\t\t\t\t<\/div>\n\t\t","protected":false},"excerpt":{"rendered":"<p>A Educa\u00e7\u00e3o Profissional e Tecnol\u00f3gica (EPT) \u00e9 uma modalidade educacional prevista na Lei de Diretrizes e Bases da Educa\u00e7\u00e3o Nacional (LDB) cuja finalidade principal \u00e9 a de preparar \u201cpara o exerc\u00edcio de profiss\u00f5es\u201d, contribuindo para que o cidad\u00e3o possa se inserir e atuar no mundo do trabalho e na vida em sociedade. Essa modalidade abrange [&hellip;]<\/p>\n","protected":false},"author":465,"featured_media":0,"parent":0,"menu_order":0,"comment_status":"closed","ping_status":"closed","template":"","meta":{"footnotes":""},"class_list":["post-99905","page","type-page","status-publish","hentry"],"rttpg_featured_image_url":null,"rttpg_author":{"display_name":"laysmendes","author_link":"https:\/\/goias.gov.br\/educacao\/author\/laysmendes\/"},"rttpg_comment":0,"rttpg_category":null,"rttpg_excerpt":"A Educa\u00e7\u00e3o Profissional e Tecnol\u00f3gica (EPT) \u00e9 uma modalidade educacional prevista na Lei de Diretrizes e Bases da Educa\u00e7\u00e3o Nacional (LDB) cuja finalidade principal \u00e9 a de preparar \u201cpara o exerc\u00edcio de profiss\u00f5es\u201d, contribuindo para que o cidad\u00e3o possa se inserir e atuar no mundo do trabalho e na vida em sociedade. Essa modalidade abrange&hellip;","_links":{"self":[{"href":"https:\/\/goias.gov.br\/educacao\/wp-json\/wp\/v2\/pages\/99905","targetHints":{"allow":["GET"]}}],"collection":[{"href":"https:\/\/goias.gov.br\/educacao\/wp-json\/wp\/v2\/pages"}],"about":[{"href":"https:\/\/goias.gov.br\/educacao\/wp-json\/wp\/v2\/types\/page"}],"author":[{"embeddable":true,"href":"https:\/\/goias.gov.br\/educacao\/wp-json\/wp\/v2\/users\/465"}],"replies":[{"embeddable":true,"href":"https:\/\/goias.gov.br\/educacao\/wp-json\/wp\/v2\/comments?post=99905"}],"version-history":[{"count":2,"href":"https:\/\/goias.gov.br\/educacao\/wp-json\/wp\/v2\/pages\/99905\/revisions"}],"predecessor-version":[{"id":675833,"href":"https:\/\/goias.gov.br\/educacao\/wp-json\/wp\/v2\/pages\/99905\/revisions\/675833"}],"wp:attachment":[{"href":"https:\/\/goias.gov.br\/educacao\/wp-json\/wp\/v2\/media?parent=99905"}],"curies":[{"name":"wp","href":"https:\/\/api.w.org\/{rel}","templated":true}]}}