

{"id":96678,"date":"2024-04-17T11:31:40","date_gmt":"2024-04-17T14:31:40","guid":{"rendered":"https:\/\/goias.gov.br\/educacao\/?page_id=96678"},"modified":"2024-04-17T11:31:41","modified_gmt":"2024-04-17T14:31:41","slug":"pagina-selecao-e-contratacao-temporaria-de-professores","status":"publish","type":"page","link":"https:\/\/goias.gov.br\/educacao\/pagina-selecao-e-contratacao-temporaria-de-professores\/","title":{"rendered":"Sele\u00e7\u00e3o e contrata\u00e7\u00e3o tempor\u00e1ria de professores"},"content":{"rendered":"","protected":false},"excerpt":{"rendered":"","protected":false},"author":5,"featured_media":0,"parent":0,"menu_order":0,"comment_status":"closed","ping_status":"closed","template":"","meta":{"footnotes":""},"class_list":["post-96678","page","type-page","status-publish","hentry"],"rttpg_featured_image_url":null,"rttpg_author":{"display_name":"jamyscosta","author_link":"https:\/\/goias.gov.br\/educacao\/author\/jamyscosta\/"},"rttpg_comment":0,"rttpg_category":null,"rttpg_excerpt":null,"_links":{"self":[{"href":"https:\/\/goias.gov.br\/educacao\/wp-json\/wp\/v2\/pages\/96678","targetHints":{"allow":["GET"]}}],"collection":[{"href":"https:\/\/goias.gov.br\/educacao\/wp-json\/wp\/v2\/pages"}],"about":[{"href":"https:\/\/goias.gov.br\/educacao\/wp-json\/wp\/v2\/types\/page"}],"author":[{"embeddable":true,"href":"https:\/\/goias.gov.br\/educacao\/wp-json\/wp\/v2\/users\/5"}],"replies":[{"embeddable":true,"href":"https:\/\/goias.gov.br\/educacao\/wp-json\/wp\/v2\/comments?post=96678"}],"version-history":[{"count":1,"href":"https:\/\/goias.gov.br\/educacao\/wp-json\/wp\/v2\/pages\/96678\/revisions"}],"predecessor-version":[{"id":96679,"href":"https:\/\/goias.gov.br\/educacao\/wp-json\/wp\/v2\/pages\/96678\/revisions\/96679"}],"wp:attachment":[{"href":"https:\/\/goias.gov.br\/educacao\/wp-json\/wp\/v2\/media?parent=96678"}],"curies":[{"name":"wp","href":"https:\/\/api.w.org\/{rel}","templated":true}]}}