

{"id":96655,"date":"2024-04-17T10:09:00","date_gmt":"2024-04-17T13:09:00","guid":{"rendered":"https:\/\/goias.gov.br\/educacao\/?page_id=96655"},"modified":"2026-01-30T10:38:48","modified_gmt":"2026-01-30T13:38:48","slug":"de-olho-no-futuro","status":"publish","type":"page","link":"https:\/\/goias.gov.br\/educacao\/de-olho-no-futuro\/","title":{"rendered":"De Olho no Futuro"},"content":{"rendered":"\t\t<div data-elementor-type=\"wp-page\" data-elementor-id=\"96655\" class=\"elementor elementor-96655\">\n\t\t\t\t<div class=\"elementor-element elementor-element-3c7bff1 e-flex e-con-boxed e-con e-parent\" data-id=\"3c7bff1\" data-element_type=\"container\" data-e-type=\"container\">\n\t\t\t\t\t<div class=\"e-con-inner\">\n\t\t\t\t<div class=\"elementor-element elementor-element-ec8bb2a elementor-widget elementor-widget-image\" data-id=\"ec8bb2a\" data-element_type=\"widget\" data-e-type=\"widget\" data-widget_type=\"image.default\">\n\t\t\t\t\t\t\t\t\t\t\t\t\t\t\t<img decoding=\"async\" src=\"https:\/\/goias.gov.br\/educacao\/wp-content\/uploads\/sites\/40\/2024\/04\/banner-de-olho-no-futuro-03-1.png\" title=\"\" alt=\"\" loading=\"lazy\" \/>\t\t\t\t\t\t\t\t\t\t\t\t\t\t\t<\/div>\n\t\t\t\t<div class=\"elementor-element elementor-element-9057804 elementor-widget elementor-widget-text-editor\" data-id=\"9057804\" data-element_type=\"widget\" data-e-type=\"widget\" data-widget_type=\"text-editor.default\">\n\t\t\t\t\t\t\t\t\t<div><p>O projeto De Olho no Futuro \u00e9 destinado para os estudantes da 1\u00b0, 2\u00b0 e 3\u00b0 s\u00e9rie do Ensino M\u00e9dio da rede p\u00fablica estadual de Educa\u00e7\u00e3o e tem como objetivo auxili\u00e1-los no processo de escolha profissional. A proposta \u00e9 apresentar o mercado de trabalho, \u00e1reas de atua\u00e7\u00e3o e profiss\u00f5es, de modo a orient\u00e1-los sob uma perspectiva de futuro.<\/p><\/div><div>Desenvolvido pelo Governo de Goi\u00e1s, por meio da Secretaria de Estado da Educa\u00e7\u00e3o de Goi\u00e1s (Seduc\/GO), o projeto engloba a produ\u00e7\u00e3o de s\u00e9ries mensais de v\u00eddeos, que ser\u00e3o divulgados no canal do De Olho No Futuro, no YouTube. Para discutir sobre suas experi\u00eancias profissionais, atua\u00e7\u00f5es e pr\u00e1ticas, cada epis\u00f3dio contar\u00e1 com a participa\u00e7\u00e3o de profissionais das seguintes forma\u00e7\u00f5es: bacharelado, licenciatura e t\u00e9cnico-profissionalizante.<\/div>\t\t\t\t\t\t\t\t<\/div>\n\t\t\t\t<div class=\"elementor-element elementor-element-d43e5d6 elementor-widget elementor-widget-image\" data-id=\"d43e5d6\" data-element_type=\"widget\" data-e-type=\"widget\" data-widget_type=\"image.default\">\n\t\t\t\t\t\t\t\t\t\t\t\t\t\t\t\t<a href=\"https:\/\/www.youtube.com\/@DeOlhonoFuturoSEDUCGO\" target=\"_blank\">\n\t\t\t\t\t\t\t<img decoding=\"async\" src=\"https:\/\/goias.gov.br\/educacao\/wp-content\/uploads\/sites\/40\/2024\/04\/vdeos-77-4.png\" title=\"\" alt=\"\" loading=\"lazy\" \/>\t\t\t\t\t\t\t\t<\/a>\n\t\t\t\t\t\t\t\t\t\t\t\t\t\t\t<\/div>\n\t\t\t\t\t<\/div>\n\t\t\t\t<\/div>\n\t\t\t\t<\/div>\n\t\t","protected":false},"excerpt":{"rendered":"<p>O projeto De Olho no Futuro \u00e9 destinado para os estudantes da 1\u00b0, 2\u00b0 e 3\u00b0 s\u00e9rie do Ensino M\u00e9dio da rede p\u00fablica estadual de Educa\u00e7\u00e3o e tem como objetivo auxili\u00e1-los no processo de escolha profissional. A proposta \u00e9 apresentar o mercado de trabalho, \u00e1reas de atua\u00e7\u00e3o e profiss\u00f5es, de modo a orient\u00e1-los sob uma [&hellip;]<\/p>\n","protected":false},"author":5,"featured_media":0,"parent":0,"menu_order":0,"comment_status":"closed","ping_status":"closed","template":"wppb_theme_template","meta":{"footnotes":""},"class_list":["post-96655","page","type-page","status-publish","hentry"],"rttpg_featured_image_url":null,"rttpg_author":{"display_name":"jamyscosta","author_link":"https:\/\/goias.gov.br\/educacao\/author\/jamyscosta\/"},"rttpg_comment":0,"rttpg_category":null,"rttpg_excerpt":"O projeto De Olho no Futuro \u00e9 destinado para os estudantes da 1\u00b0, 2\u00b0 e 3\u00b0 s\u00e9rie do Ensino M\u00e9dio da rede p\u00fablica estadual de Educa\u00e7\u00e3o e tem como objetivo auxili\u00e1-los no processo de escolha profissional. A proposta \u00e9 apresentar o mercado de trabalho, \u00e1reas de atua\u00e7\u00e3o e profiss\u00f5es, de modo a orient\u00e1-los sob uma&hellip;","_links":{"self":[{"href":"https:\/\/goias.gov.br\/educacao\/wp-json\/wp\/v2\/pages\/96655","targetHints":{"allow":["GET"]}}],"collection":[{"href":"https:\/\/goias.gov.br\/educacao\/wp-json\/wp\/v2\/pages"}],"about":[{"href":"https:\/\/goias.gov.br\/educacao\/wp-json\/wp\/v2\/types\/page"}],"author":[{"embeddable":true,"href":"https:\/\/goias.gov.br\/educacao\/wp-json\/wp\/v2\/users\/5"}],"replies":[{"embeddable":true,"href":"https:\/\/goias.gov.br\/educacao\/wp-json\/wp\/v2\/comments?post=96655"}],"version-history":[{"count":2,"href":"https:\/\/goias.gov.br\/educacao\/wp-json\/wp\/v2\/pages\/96655\/revisions"}],"predecessor-version":[{"id":677074,"href":"https:\/\/goias.gov.br\/educacao\/wp-json\/wp\/v2\/pages\/96655\/revisions\/677074"}],"wp:attachment":[{"href":"https:\/\/goias.gov.br\/educacao\/wp-json\/wp\/v2\/media?parent=96655"}],"curies":[{"name":"wp","href":"https:\/\/api.w.org\/{rel}","templated":true}]}}