

{"id":96580,"date":"2024-04-16T16:17:14","date_gmt":"2024-04-16T19:17:14","guid":{"rendered":"https:\/\/goias.gov.br\/educacao\/?page_id=96580"},"modified":"2026-01-29T10:06:12","modified_gmt":"2026-01-29T13:06:12","slug":"perguntas-e-respostas","status":"publish","type":"page","link":"https:\/\/goias.gov.br\/educacao\/perguntas-e-respostas\/","title":{"rendered":"Perguntas e Respostas"},"content":{"rendered":"\t\t<div data-elementor-type=\"wp-page\" data-elementor-id=\"96580\" class=\"elementor elementor-96580\">\n\t\t\t\t<div class=\"elementor-element elementor-element-13b7182 e-flex e-con-boxed e-con e-parent\" data-id=\"13b7182\" data-element_type=\"container\" data-e-type=\"container\">\n\t\t\t\t\t<div class=\"e-con-inner\">\n\t\t\t\t<div class=\"elementor-element elementor-element-2749c99 elementor-widget elementor-widget-image\" data-id=\"2749c99\" data-element_type=\"widget\" data-e-type=\"widget\" data-widget_type=\"image.default\">\n\t\t\t\t\t\t\t\t\t\t\t\t\t\t\t<img decoding=\"async\" src=\"https:\/\/goias.gov.br\/educacao\/wp-content\/uploads\/sites\/40\/2024\/04\/banner-topo-compliance-perg.-e-resp.png\" title=\"\" alt=\"\" loading=\"lazy\" \/>\t\t\t\t\t\t\t\t\t\t\t\t\t\t\t<\/div>\n\t\t\t\t\t<\/div>\n\t\t\t\t<\/div>\n\t\t<div class=\"elementor-element elementor-element-ff6b9d0 e-flex e-con-boxed e-con e-parent\" data-id=\"ff6b9d0\" data-element_type=\"container\" data-e-type=\"container\">\n\t\t\t\t\t<div class=\"e-con-inner\">\n\t\t\t\t<div class=\"elementor-element elementor-element-bbcc0a3 elementor-widget elementor-widget-image\" data-id=\"bbcc0a3\" data-element_type=\"widget\" data-e-type=\"widget\" data-widget_type=\"image.default\">\n\t\t\t\t\t\t\t\t\t\t\t\t\t\t\t<img decoding=\"async\" src=\"https:\/\/goias.gov.br\/educacao\/wp-content\/uploads\/sites\/40\/2024\/04\/titulos-31.png\" title=\"\" alt=\"\" loading=\"lazy\" \/>\t\t\t\t\t\t\t\t\t\t\t\t\t\t\t<\/div>\n\t\t\t\t<div class=\"elementor-element elementor-element-0c7cca9 elementor-widget elementor-widget-text-editor\" data-id=\"0c7cca9\" data-element_type=\"widget\" data-e-type=\"widget\" data-widget_type=\"text-editor.default\">\n\t\t\t\t\t\t\t\t\t<div><p>&#8211; A Gest\u00e3o de Riscos \u00e9 o conjunto de atividades coordenadas para dirigir e controlar a organiza\u00e7\u00e3o no que se refere a riscos, tendo como prop\u00f3sito a cria\u00e7\u00e3o e prote\u00e7\u00e3o de valor, melhorando o desempenho e apoiando o alcance de objetivos.<\/p><\/div><div><p>De acordo com as diversas fontes de consulta consagradas, que incluem as melhores pr\u00e1ticas internacionais \u00e9 poss\u00edvel chegar-se ao entendimento do que \u00e9 a gest\u00e3o de riscos em n\u00edvel institucional, trata-se de um processo sistem\u00e1tico de trabalho, de natureza permanente, estabelecido, direcionado e monitorado pela alta administra\u00e7\u00e3o, para identificar, analisar, avaliar e tratar riscos de qualquer natureza, com o objetivo de minimizar os riscos sobre uma organiza\u00e7\u00e3o.<\/p><\/div><div>Tal metodologia possibilita aos gestores diminuir as incertezas na tomada de decis\u00f5es, mitigando os riscos a elas associadas, a fim de controlar o impacto, obter qualidade no gasto p\u00fablico e melhorar a capacidade de gerar valor.<\/div>\t\t\t\t\t\t\t\t<\/div>\n\t\t\t\t\t<\/div>\n\t\t\t\t<\/div>\n\t\t<div class=\"elementor-element elementor-element-85bde46 e-flex e-con-boxed e-con e-parent\" data-id=\"85bde46\" data-element_type=\"container\" data-e-type=\"container\">\n\t\t\t\t\t<div class=\"e-con-inner\">\n\t\t\t\t<div class=\"elementor-element elementor-element-1571768 elementor-widget elementor-widget-image\" data-id=\"1571768\" data-element_type=\"widget\" data-e-type=\"widget\" data-widget_type=\"image.default\">\n\t\t\t\t\t\t\t\t\t\t\t\t\t\t\t<img decoding=\"async\" src=\"https:\/\/goias.gov.br\/educacao\/wp-content\/uploads\/sites\/40\/2024\/04\/titulos-32.png\" title=\"\" alt=\"\" loading=\"lazy\" \/>\t\t\t\t\t\t\t\t\t\t\t\t\t\t\t<\/div>\n\t\t\t\t<div class=\"elementor-element elementor-element-9005980 elementor-widget elementor-widget-text-editor\" data-id=\"9005980\" data-element_type=\"widget\" data-e-type=\"widget\" data-widget_type=\"text-editor.default\">\n\t\t\t\t\t\t\t\t\t<p>Sim. E a ISO 31000, criada pela International Organization for Standardization e atualizada em 2018, que trata exatamente da Gest\u00e3o de Riscos, englobando<br \/>princ\u00edpios, diretrizes e informa\u00e7\u00f5es b\u00e1sicas para a sua implementa\u00e7\u00e3o, \u00e9 a<br \/>norma utilizada para a implanta\u00e7\u00e3o da Gest\u00e3o de Riscos nos \u00f3rg\u00e3os do estado de<br \/>Goi\u00e1s.<br \/><br \/>A referida norma foi utilizada por ser aplic\u00e1vel a qualquer tipo de risco (estrat\u00e9gico, operacional, financeiro, externo, interno, etc), associa\u00e7\u00e3o, grupo ou indiv\u00edduo, bem como em qualquer segmento (sa\u00fade, seguran\u00e7a, transporte, log\u00edstica, etc).<\/p>\t\t\t\t\t\t\t\t<\/div>\n\t\t\t\t\t<\/div>\n\t\t\t\t<\/div>\n\t\t<div class=\"elementor-element elementor-element-627391d e-flex e-con-boxed e-con e-parent\" data-id=\"627391d\" data-element_type=\"container\" data-e-type=\"container\">\n\t\t\t\t\t<div class=\"e-con-inner\">\n\t\t\t\t<div class=\"elementor-element elementor-element-21af98b elementor-widget elementor-widget-image\" data-id=\"21af98b\" data-element_type=\"widget\" data-e-type=\"widget\" data-widget_type=\"image.default\">\n\t\t\t\t\t\t\t\t\t\t\t\t\t\t\t<img decoding=\"async\" src=\"https:\/\/goias.gov.br\/educacao\/wp-content\/uploads\/sites\/40\/2024\/04\/titulos-33.png\" title=\"\" alt=\"\" loading=\"lazy\" \/>\t\t\t\t\t\t\t\t\t\t\t\t\t\t\t<\/div>\n\t\t\t\t<div class=\"elementor-element elementor-element-e355434 elementor-widget elementor-widget-text-editor\" data-id=\"e355434\" data-element_type=\"widget\" data-e-type=\"widget\" data-widget_type=\"text-editor.default\">\n\t\t\t\t\t\t\t\t\t<p>O Programa de Compliance P\u00fablico (PCP), coordenado pela Controladoria-Geral do<br \/>Estado de Goi\u00e1s, trabalha com alguns conceitos. S\u00e3o eles:<br \/><br \/>Risco: efeito da incerteza nos objetivos organizacionais;<br \/><br \/>Gest\u00e3o de riscos: atividades coordenadas para dirigir e controlar uma organiza\u00e7\u00e3o no que se refere a riscos;<br \/><br \/>Auditoria: atividades de avalia\u00e7\u00e3o e consultoria, com vistas a agregar valor \u00e0 gest\u00e3o e otimizar a efic\u00e1cia dos processos administrativos;<br \/><br \/>Auditoria de monitoramento: atividade destinada a verificar o atendimento \u00e0s recomenda\u00e7\u00f5es expedidas pela CGE aos diversos \u00f3rg\u00e3os e entidades participantes<br \/>do PCP;<br \/><br \/>Auditoria baseada em riscos (ABR): atividade que utiliza de metodologia que associa a auditoria interna ao arcabou\u00e7o global de gest\u00e3o de riscos de uma organiza\u00e7\u00e3o,<br \/>possibilitando que a auditoria interna d\u00ea garantia \u00e0 alta gest\u00e3o dos \u00f3rg\u00e3os e<br \/>das entidades de que os riscos est\u00e3o sendo gerenciados de maneira eficaz em<br \/>rela\u00e7\u00e3o ao apetite por riscos.<\/p>\t\t\t\t\t\t\t\t<\/div>\n\t\t\t\t\t<\/div>\n\t\t\t\t<\/div>\n\t\t<div class=\"elementor-element elementor-element-b837e19 e-flex e-con-boxed e-con e-parent\" data-id=\"b837e19\" data-element_type=\"container\" data-e-type=\"container\">\n\t\t\t\t\t<div class=\"e-con-inner\">\n\t\t\t\t<div class=\"elementor-element elementor-element-26db4c1 elementor-widget elementor-widget-image\" data-id=\"26db4c1\" data-element_type=\"widget\" data-e-type=\"widget\" data-widget_type=\"image.default\">\n\t\t\t\t\t\t\t\t\t\t\t\t\t\t\t<img decoding=\"async\" src=\"https:\/\/goias.gov.br\/educacao\/wp-content\/uploads\/sites\/40\/2024\/04\/titulos-34.png\" title=\"\" alt=\"\" loading=\"lazy\" \/>\t\t\t\t\t\t\t\t\t\t\t\t\t\t\t<\/div>\n\t\t\t\t<div class=\"elementor-element elementor-element-c8aa14a elementor-widget elementor-widget-text-editor\" data-id=\"c8aa14a\" data-element_type=\"widget\" data-e-type=\"widget\" data-widget_type=\"text-editor.default\">\n\t\t\t\t\t\t\t\t\t<p>A Matriz de Risco \u00e9 uma ferramenta que permite aos gerentes mensurar, avaliar e ordenar os eventos de riscos que podem afetar o alcance dos objetivos do processo da<br \/>unidade e, consequentemente, os objetivos estrat\u00e9gicos.<\/p>\t\t\t\t\t\t\t\t<\/div>\n\t\t\t\t\t<\/div>\n\t\t\t\t<\/div>\n\t\t\t\t<\/div>\n\t\t","protected":false},"excerpt":{"rendered":"<p>&#8211; A Gest\u00e3o de Riscos \u00e9 o conjunto de atividades coordenadas para dirigir e controlar a organiza\u00e7\u00e3o no que se refere a riscos, tendo como prop\u00f3sito a cria\u00e7\u00e3o e prote\u00e7\u00e3o de valor, melhorando o desempenho e apoiando o alcance de objetivos. De acordo com as diversas fontes de consulta consagradas, que incluem as melhores pr\u00e1ticas [&hellip;]<\/p>\n","protected":false},"author":5,"featured_media":0,"parent":0,"menu_order":0,"comment_status":"closed","ping_status":"closed","template":"wppb_theme_template","meta":{"footnotes":""},"class_list":["post-96580","page","type-page","status-publish","hentry"],"rttpg_featured_image_url":null,"rttpg_author":{"display_name":"jamyscosta","author_link":"https:\/\/goias.gov.br\/educacao\/author\/jamyscosta\/"},"rttpg_comment":0,"rttpg_category":null,"rttpg_excerpt":"&#8211; A Gest\u00e3o de Riscos \u00e9 o conjunto de atividades coordenadas para dirigir e controlar a organiza\u00e7\u00e3o no que se refere a riscos, tendo como prop\u00f3sito a cria\u00e7\u00e3o e prote\u00e7\u00e3o de valor, melhorando o desempenho e apoiando o alcance de objetivos. De acordo com as diversas fontes de consulta consagradas, que incluem as melhores pr\u00e1ticas&hellip;","_links":{"self":[{"href":"https:\/\/goias.gov.br\/educacao\/wp-json\/wp\/v2\/pages\/96580","targetHints":{"allow":["GET"]}}],"collection":[{"href":"https:\/\/goias.gov.br\/educacao\/wp-json\/wp\/v2\/pages"}],"about":[{"href":"https:\/\/goias.gov.br\/educacao\/wp-json\/wp\/v2\/types\/page"}],"author":[{"embeddable":true,"href":"https:\/\/goias.gov.br\/educacao\/wp-json\/wp\/v2\/users\/5"}],"replies":[{"embeddable":true,"href":"https:\/\/goias.gov.br\/educacao\/wp-json\/wp\/v2\/comments?post=96580"}],"version-history":[{"count":2,"href":"https:\/\/goias.gov.br\/educacao\/wp-json\/wp\/v2\/pages\/96580\/revisions"}],"predecessor-version":[{"id":670690,"href":"https:\/\/goias.gov.br\/educacao\/wp-json\/wp\/v2\/pages\/96580\/revisions\/670690"}],"wp:attachment":[{"href":"https:\/\/goias.gov.br\/educacao\/wp-json\/wp\/v2\/media?parent=96580"}],"curies":[{"name":"wp","href":"https:\/\/api.w.org\/{rel}","templated":true}]}}